{"id":949,"date":"2020-06-25T14:34:56","date_gmt":"2020-06-25T14:34:56","guid":{"rendered":"https:\/\/www.stemco.com?post_type=product&#038;p=949"},"modified":"2025-07-14T20:19:27","modified_gmt":"2025-07-14T20:19:27","slug":"zip-torq","status":"publish","type":"product","link":"https:\/\/www.stemco.com\/fr\/product\/wheel-end\/axle-fasteners\/zip-torq\/","title":{"rendered":"Zip-Torq<sup>\u00ae<\/sup>"},"content":{"rendered":"<p>Gr\u00e2ce \u00e0 sa conception robuste en une seule pi\u00e8ce, le Zip-Torq simplifie le r\u00e9glage des roulements. Zip-Torq est une fixation d&#039;essieu unifi\u00e9e qui utilise un syst\u00e8me \u00e0 cliquet autobloquant brevet\u00e9 pour s\u00e9curiser l&#039;extr\u00e9mit\u00e9 de la roue et emp\u00eacher son recul. Le Zip-Torq offre syst\u00e9matiquement un jeu final pr\u00e9cis entre 0,001\u2033 et 0,005\u2033 en utilisant la m\u00e9thode STEMCO 2-1-1.<\/p>","protected":false},"excerpt":{"rendered":"<p>Gr\u00e2ce \u00e0 sa conception robuste en une seule pi\u00e8ce, le Zip-Torq simplifie le r\u00e9glage des roulements. Zip-Torq est une fixation d&#039;essieu unifi\u00e9e qui utilise un syst\u00e8me \u00e0 cliquet autobloquant brevet\u00e9 pour s\u00e9curiser l&#039;extr\u00e9mit\u00e9 de la roue et emp\u00eacher son recul. Le Zip-Torq offre syst\u00e9matiquement un jeu final pr\u00e9cis entre 0,001\u2033 et 0,005\u2033 en utilisant la m\u00e9thode STEMCO 2-1-1.<\/p>","protected":false},"featured_media":957,"parent":8,"menu_order":2,"template":"","format":"standard","meta":{"_acf_changed":false,"content-type":""},"categories":[],"tags":[],"product-category":[23],"product-page-type-category":[20],"class_list":["post-949","product","type-product","status-publish","format-standard","has-post-thumbnail","hentry","product-category-axle-fasteners","product-page-type-category-simple-product-page"],"acf":[],"yoast_head":"<!-- This site is optimized with the Yoast SEO plugin v26.8 - https:\/\/yoast.com\/product\/yoast-seo-wordpress\/ -->\n<title>Zip-Torq\u00ae Axle Spindle | Wheel End Products | STEMCO\u00ae<\/title>\n<meta name=\"description\" content=\"STEMCO\u00ae Zip-Torq\u00ae is a unitized spindle nut that uses a patented self-locking ratchet system to secure the wheel end and prevent back off.\" \/>\n<meta name=\"robots\" content=\"index, follow, max-snippet:-1, max-image-preview:large, max-video-preview:-1\" \/>\n<link rel=\"canonical\" href=\"https:\/\/www.stemco.com\/fr\/product\/wheel-end\/axle-fasteners\/zip-torq\/\" \/>\n<meta property=\"og:locale\" content=\"fr_CA\" \/>\n<meta property=\"og:type\" content=\"article\" \/>\n<meta property=\"og:title\" content=\"Zip-Torq\u00ae Axle Spindle | Wheel End Products | STEMCO\u00ae\" \/>\n<meta property=\"og:description\" content=\"STEMCO\u00ae Zip-Torq\u00ae is a unitized spindle nut that uses a patented self-locking ratchet system to secure the wheel end and prevent back off.\" \/>\n<meta property=\"og:url\" content=\"https:\/\/www.stemco.com\/fr\/product\/wheel-end\/axle-fasteners\/zip-torq\/\" \/>\n<meta property=\"og:site_name\" content=\"Stemco\" \/>\n<meta property=\"article:modified_time\" content=\"2025-07-14T20:19:27+00:00\" \/>\n<meta property=\"og:image\" content=\"https:\/\/www.stemco.com\/wp-content\/uploads\/2020\/06\/ziptorq-axle-spindle-nuts.jpg\" \/>\n\t<meta property=\"og:image:width\" content=\"675\" \/>\n\t<meta property=\"og:image:height\" content=\"250\" \/>\n\t<meta property=\"og:image:type\" content=\"image\/jpeg\" \/>\n<meta name=\"twitter:card\" content=\"summary_large_image\" \/>\n<meta name=\"twitter:label1\" content=\"Estimation du temps de lecture\" \/>\n\t<meta name=\"twitter:data1\" content=\"2 minutes\" \/>\n<script type=\"application\/ld+json\" class=\"yoast-schema-graph\">{\"@context\":\"https:\/\/schema.org\",\"@graph\":[{\"@type\":\"WebPage\",\"@id\":\"https:\/\/www.stemco.com\/product\/wheel-end\/axle-fasteners\/zip-torq\/\",\"url\":\"https:\/\/www.stemco.com\/product\/wheel-end\/axle-fasteners\/zip-torq\/\",\"name\":\"Zip-Torq\u00ae Axle Spindle | Wheel End Products | STEMCO\u00ae\",\"isPartOf\":{\"@id\":\"https:\/\/www.stemco.com\/#website\"},\"primaryImageOfPage\":{\"@id\":\"https:\/\/www.stemco.com\/product\/wheel-end\/axle-fasteners\/zip-torq\/#primaryimage\"},\"image\":{\"@id\":\"https:\/\/www.stemco.com\/product\/wheel-end\/axle-fasteners\/zip-torq\/#primaryimage\"},\"thumbnailUrl\":\"https:\/\/www.stemco.com\/wp-content\/uploads\/2020\/06\/ziptorq-axle-spindle-nuts.jpg\",\"datePublished\":\"2020-06-25T14:34:56+00:00\",\"dateModified\":\"2025-07-14T20:19:27+00:00\",\"description\":\"STEMCO\u00ae Zip-Torq\u00ae is a unitized spindle nut that uses a patented self-locking ratchet system to secure the wheel end and prevent back off.\",\"breadcrumb\":{\"@id\":\"https:\/\/www.stemco.com\/product\/wheel-end\/axle-fasteners\/zip-torq\/#breadcrumb\"},\"inLanguage\":\"fr-CA\",\"potentialAction\":[{\"@type\":\"ReadAction\",\"target\":[\"https:\/\/www.stemco.com\/product\/wheel-end\/axle-fasteners\/zip-torq\/\"]}]},{\"@type\":\"ImageObject\",\"inLanguage\":\"fr-CA\",\"@id\":\"https:\/\/www.stemco.com\/product\/wheel-end\/axle-fasteners\/zip-torq\/#primaryimage\",\"url\":\"https:\/\/www.stemco.com\/wp-content\/uploads\/2020\/06\/ziptorq-axle-spindle-nuts.jpg\",\"contentUrl\":\"https:\/\/www.stemco.com\/wp-content\/uploads\/2020\/06\/ziptorq-axle-spindle-nuts.jpg\",\"width\":675,\"height\":250,\"caption\":\"ZipTorq axel spindle nuts\"},{\"@type\":\"BreadcrumbList\",\"@id\":\"https:\/\/www.stemco.com\/product\/wheel-end\/axle-fasteners\/zip-torq\/#breadcrumb\",\"itemListElement\":[{\"@type\":\"ListItem\",\"position\":1,\"name\":\"Home\",\"item\":\"https:\/\/www.stemco.com\/\"},{\"@type\":\"ListItem\",\"position\":2,\"name\":\"Products\",\"item\":\"https:\/\/www.stemco.com\/product\/\"},{\"@type\":\"ListItem\",\"position\":3,\"name\":\"Wheel End\",\"item\":\"https:\/\/www.stemco.com\/product\/wheel-end\/\"},{\"@type\":\"ListItem\",\"position\":4,\"name\":\"Axle Fasteners\",\"item\":\"https:\/\/www.stemco.com\/product\/wheel-end\/axle-fasteners\/\"},{\"@type\":\"ListItem\",\"position\":5,\"name\":\"Zip-Torq\u00ae\"}]},{\"@type\":\"WebSite\",\"@id\":\"https:\/\/www.stemco.com\/#website\",\"url\":\"https:\/\/www.stemco.com\/\",\"name\":\"Stemco\",\"description\":\"Making The Roadways Safer\u00ae\",\"publisher\":{\"@id\":\"https:\/\/www.stemco.com\/#organization\"},\"potentialAction\":[{\"@type\":\"SearchAction\",\"target\":{\"@type\":\"EntryPoint\",\"urlTemplate\":\"https:\/\/www.stemco.com\/?s={search_term_string}\"},\"query-input\":{\"@type\":\"PropertyValueSpecification\",\"valueRequired\":true,\"valueName\":\"search_term_string\"}}],\"inLanguage\":\"fr-CA\"},{\"@type\":\"Organization\",\"@id\":\"https:\/\/www.stemco.com\/#organization\",\"name\":\"Stemco\",\"url\":\"https:\/\/www.stemco.com\/\",\"logo\":{\"@type\":\"ImageObject\",\"inLanguage\":\"fr-CA\",\"@id\":\"https:\/\/www.stemco.com\/#\/schema\/logo\/image\/\",\"url\":\"https:\/\/www.stemco.com\/wp-content\/uploads\/2025\/04\/stemco-logo-enpro.png\",\"contentUrl\":\"https:\/\/www.stemco.com\/wp-content\/uploads\/2025\/04\/stemco-logo-enpro.png\",\"width\":245,\"height\":40,\"caption\":\"Stemco\"},\"image\":{\"@id\":\"https:\/\/www.stemco.com\/#\/schema\/logo\/image\/\"}}]}<\/script>\n<!-- \/ Yoast SEO plugin. -->","yoast_head_json":{"title":"Axe de roue Zip-Torq\u00ae | Produits d&#039;extr\u00e9mit\u00e9 de roue | STEMCO\u00ae","description":"L&#039;\u00e9crou de broche monobloc STEMCO\u00ae Zip-Torq\u00ae utilise un syst\u00e8me \u00e0 cliquet autobloquant brevet\u00e9 pour fixer l&#039;extr\u00e9mit\u00e9 de la roue et emp\u00eacher le desserrage.","robots":{"index":"index","follow":"follow","max-snippet":"max-snippet:-1","max-image-preview":"max-image-preview:large","max-video-preview":"max-video-preview:-1"},"canonical":"https:\/\/www.stemco.com\/fr\/product\/wheel-end\/axle-fasteners\/zip-torq\/","og_locale":"fr_CA","og_type":"article","og_title":"Zip-Torq\u00ae Axle Spindle | Wheel End Products | STEMCO\u00ae","og_description":"STEMCO\u00ae Zip-Torq\u00ae is a unitized spindle nut that uses a patented self-locking ratchet system to secure the wheel end and prevent back off.","og_url":"https:\/\/www.stemco.com\/fr\/product\/wheel-end\/axle-fasteners\/zip-torq\/","og_site_name":"Stemco","article_modified_time":"2025-07-14T20:19:27+00:00","og_image":[{"width":675,"height":250,"url":"https:\/\/www.stemco.com\/wp-content\/uploads\/2020\/06\/ziptorq-axle-spindle-nuts.jpg","type":"image\/jpeg"}],"twitter_card":"summary_large_image","twitter_misc":{"Estimation du temps de lecture":"2 minutes"},"schema":{"@context":"https:\/\/schema.org","@graph":[{"@type":"WebPage","@id":"https:\/\/www.stemco.com\/product\/wheel-end\/axle-fasteners\/zip-torq\/","url":"https:\/\/www.stemco.com\/product\/wheel-end\/axle-fasteners\/zip-torq\/","name":"Axe de roue Zip-Torq\u00ae | Produits d&#039;extr\u00e9mit\u00e9 de roue | STEMCO\u00ae","isPartOf":{"@id":"https:\/\/www.stemco.com\/#website"},"primaryImageOfPage":{"@id":"https:\/\/www.stemco.com\/product\/wheel-end\/axle-fasteners\/zip-torq\/#primaryimage"},"image":{"@id":"https:\/\/www.stemco.com\/product\/wheel-end\/axle-fasteners\/zip-torq\/#primaryimage"},"thumbnailUrl":"https:\/\/www.stemco.com\/wp-content\/uploads\/2020\/06\/ziptorq-axle-spindle-nuts.jpg","datePublished":"2020-06-25T14:34:56+00:00","dateModified":"2025-07-14T20:19:27+00:00","description":"L&#039;\u00e9crou de broche monobloc STEMCO\u00ae Zip-Torq\u00ae utilise un syst\u00e8me \u00e0 cliquet autobloquant brevet\u00e9 pour fixer l&#039;extr\u00e9mit\u00e9 de la roue et emp\u00eacher le desserrage.","breadcrumb":{"@id":"https:\/\/www.stemco.com\/product\/wheel-end\/axle-fasteners\/zip-torq\/#breadcrumb"},"inLanguage":"fr-CA","potentialAction":[{"@type":"ReadAction","target":["https:\/\/www.stemco.com\/product\/wheel-end\/axle-fasteners\/zip-torq\/"]}]},{"@type":"ImageObject","inLanguage":"fr-CA","@id":"https:\/\/www.stemco.com\/product\/wheel-end\/axle-fasteners\/zip-torq\/#primaryimage","url":"https:\/\/www.stemco.com\/wp-content\/uploads\/2020\/06\/ziptorq-axle-spindle-nuts.jpg","contentUrl":"https:\/\/www.stemco.com\/wp-content\/uploads\/2020\/06\/ziptorq-axle-spindle-nuts.jpg","width":675,"height":250,"caption":"ZipTorq axel spindle nuts"},{"@type":"BreadcrumbList","@id":"https:\/\/www.stemco.com\/product\/wheel-end\/axle-fasteners\/zip-torq\/#breadcrumb","itemListElement":[{"@type":"ListItem","position":1,"name":"Home","item":"https:\/\/www.stemco.com\/"},{"@type":"ListItem","position":2,"name":"Products","item":"https:\/\/www.stemco.com\/product\/"},{"@type":"ListItem","position":3,"name":"Wheel End","item":"https:\/\/www.stemco.com\/product\/wheel-end\/"},{"@type":"ListItem","position":4,"name":"Axle Fasteners","item":"https:\/\/www.stemco.com\/product\/wheel-end\/axle-fasteners\/"},{"@type":"ListItem","position":5,"name":"Zip-Torq\u00ae"}]},{"@type":"WebSite","@id":"https:\/\/www.stemco.com\/#website","url":"https:\/\/www.stemco.com\/","name":"Stemco","description":"Rendre les routes plus s\u00fbres\u00ae","publisher":{"@id":"https:\/\/www.stemco.com\/#organization"},"potentialAction":[{"@type":"SearchAction","target":{"@type":"EntryPoint","urlTemplate":"https:\/\/www.stemco.com\/?s={search_term_string}"},"query-input":{"@type":"PropertyValueSpecification","valueRequired":true,"valueName":"search_term_string"}}],"inLanguage":"fr-CA"},{"@type":"Organization","@id":"https:\/\/www.stemco.com\/#organization","name":"Stemco","url":"https:\/\/www.stemco.com\/","logo":{"@type":"ImageObject","inLanguage":"fr-CA","@id":"https:\/\/www.stemco.com\/#\/schema\/logo\/image\/","url":"https:\/\/www.stemco.com\/wp-content\/uploads\/2025\/04\/stemco-logo-enpro.png","contentUrl":"https:\/\/www.stemco.com\/wp-content\/uploads\/2025\/04\/stemco-logo-enpro.png","width":245,"height":40,"caption":"Stemco"},"image":{"@id":"https:\/\/www.stemco.com\/#\/schema\/logo\/image\/"}}]}},"_links":{"self":[{"href":"https:\/\/www.stemco.com\/fr\/wp-json\/wp\/v2\/product\/949","targetHints":{"allow":["GET"]}}],"collection":[{"href":"https:\/\/www.stemco.com\/fr\/wp-json\/wp\/v2\/product"}],"about":[{"href":"https:\/\/www.stemco.com\/fr\/wp-json\/wp\/v2\/types\/product"}],"up":[{"embeddable":true,"href":"https:\/\/www.stemco.com\/fr\/wp-json\/wp\/v2\/product\/8"}],"wp:featuredmedia":[{"embeddable":true,"href":"https:\/\/www.stemco.com\/fr\/wp-json\/wp\/v2\/media\/957"}],"wp:attachment":[{"href":"https:\/\/www.stemco.com\/fr\/wp-json\/wp\/v2\/media?parent=949"}],"wp:term":[{"taxonomy":"category","embeddable":true,"href":"https:\/\/www.stemco.com\/fr\/wp-json\/wp\/v2\/categories?post=949"},{"taxonomy":"post_tag","embeddable":true,"href":"https:\/\/www.stemco.com\/fr\/wp-json\/wp\/v2\/tags?post=949"},{"taxonomy":"product-category","embeddable":true,"href":"https:\/\/www.stemco.com\/fr\/wp-json\/wp\/v2\/product-category?post=949"},{"taxonomy":"product-page-type-category","embeddable":true,"href":"https:\/\/www.stemco.com\/fr\/wp-json\/wp\/v2\/product-page-type-category?post=949"}],"curies":[{"name":"wp","href":"https:\/\/api.w.org\/{rel}","templated":true}]}}