{"id":9,"date":"2020-05-20T16:57:39","date_gmt":"2020-05-20T16:57:39","guid":{"rendered":"http:\/\/stemco.local\/?post_type=product&#038;p=9"},"modified":"2020-08-13T14:00:24","modified_gmt":"2020-08-13T14:00:24","slug":"seals","status":"publish","type":"product","link":"https:\/\/www.stemco.com\/fr\/product\/wheel-end\/seals\/","title":{"rendered":"Scell\u00e9s"},"content":{"rendered":"<p>STEMCO fournit \u00e0 l&#039;industrie du camionnage des joints de roue fiables depuis plus de 60 ans. Nous avons reconnu le besoin de joints plus r\u00e9sistants et \u00e0 plus longue dur\u00e9e de vie qui r\u00e9pondent aux exigences de performance, de conception et de prix pour n&#039;importe quelle flotte. STEMCO a con\u00e7u un menu d&#039;options d&#039;\u00e9tanch\u00e9it\u00e9 con\u00e7ues pour r\u00e9pondre aux diff\u00e9rentes attentes de performance de chaque flotte afin de maximiser les performances et la valeur.<\/p>","protected":false},"excerpt":{"rendered":"<p>STEMCO fournit \u00e0 l&#039;industrie du camionnage des joints de roue fiables depuis plus de 60 ans. Nous avons reconnu le besoin de joints plus r\u00e9sistants et \u00e0 plus longue dur\u00e9e de vie qui r\u00e9pondent aux exigences de performance, de conception et de prix pour n&#039;importe quelle flotte. STEMCO a con\u00e7u un menu d&#039;options d&#039;\u00e9tanch\u00e9it\u00e9 con\u00e7ues pour r\u00e9pondre aux diff\u00e9rentes attentes de performance de chaque flotte afin de maximiser [\u2026]<\/p>","protected":false},"featured_media":0,"parent":5,"menu_order":0,"template":"","format":"standard","meta":{"_acf_changed":false,"content-type":""},"categories":[],"tags":[],"product-category":[24],"product-page-type-category":[18],"class_list":["post-9","product","type-product","status-publish","format-standard","hentry","product-category-seals","product-page-type-category-product-sub"],"acf":[],"yoast_head":"<!-- This site is optimized with the Yoast SEO plugin v26.8 - https:\/\/yoast.com\/product\/yoast-seo-wordpress\/ -->\n<title>Seals | Wheel End Products | STEMCO\u00ae<\/title>\n<meta name=\"description\" content=\"STEMCO\u00ae has engineered a menu of sealing options designed to meet the varying performance expectations of each fleet to maximize performance and value.\" \/>\n<meta name=\"robots\" content=\"index, follow, max-snippet:-1, max-image-preview:large, max-video-preview:-1\" \/>\n<link rel=\"canonical\" href=\"https:\/\/www.stemco.com\/fr\/product\/wheel-end\/seals\/\" \/>\n<meta property=\"og:locale\" content=\"fr_CA\" \/>\n<meta property=\"og:type\" content=\"article\" \/>\n<meta property=\"og:title\" content=\"Seals | Wheel End Products | STEMCO\u00ae\" \/>\n<meta property=\"og:description\" content=\"STEMCO\u00ae has engineered a menu of sealing options designed to meet the varying performance expectations of each fleet to maximize performance and value.\" \/>\n<meta property=\"og:url\" content=\"https:\/\/www.stemco.com\/fr\/product\/wheel-end\/seals\/\" \/>\n<meta property=\"og:site_name\" content=\"Stemco\" \/>\n<meta property=\"article:modified_time\" content=\"2020-08-13T14:00:24+00:00\" \/>\n<meta name=\"twitter:card\" content=\"summary_large_image\" \/>\n<script type=\"application\/ld+json\" class=\"yoast-schema-graph\">{\"@context\":\"https:\/\/schema.org\",\"@graph\":[{\"@type\":\"WebPage\",\"@id\":\"https:\/\/www.stemco.com\/product\/wheel-end\/seals\/\",\"url\":\"https:\/\/www.stemco.com\/product\/wheel-end\/seals\/\",\"name\":\"Seals | Wheel End Products | STEMCO\u00ae\",\"isPartOf\":{\"@id\":\"https:\/\/www.stemco.com\/#website\"},\"datePublished\":\"2020-05-20T16:57:39+00:00\",\"dateModified\":\"2020-08-13T14:00:24+00:00\",\"description\":\"STEMCO\u00ae has engineered a menu of sealing options designed to meet the varying performance expectations of each fleet to maximize performance and value.\",\"breadcrumb\":{\"@id\":\"https:\/\/www.stemco.com\/product\/wheel-end\/seals\/#breadcrumb\"},\"inLanguage\":\"fr-CA\",\"potentialAction\":[{\"@type\":\"ReadAction\",\"target\":[\"https:\/\/www.stemco.com\/product\/wheel-end\/seals\/\"]}]},{\"@type\":\"BreadcrumbList\",\"@id\":\"https:\/\/www.stemco.com\/product\/wheel-end\/seals\/#breadcrumb\",\"itemListElement\":[{\"@type\":\"ListItem\",\"position\":1,\"name\":\"Home\",\"item\":\"https:\/\/www.stemco.com\/\"},{\"@type\":\"ListItem\",\"position\":2,\"name\":\"Products\",\"item\":\"https:\/\/www.stemco.com\/product\/\"},{\"@type\":\"ListItem\",\"position\":3,\"name\":\"Wheel End\",\"item\":\"https:\/\/www.stemco.com\/product\/wheel-end\/\"},{\"@type\":\"ListItem\",\"position\":4,\"name\":\"Seals\"}]},{\"@type\":\"WebSite\",\"@id\":\"https:\/\/www.stemco.com\/#website\",\"url\":\"https:\/\/www.stemco.com\/\",\"name\":\"Stemco\",\"description\":\"Making The Roadways Safer\u00ae\",\"publisher\":{\"@id\":\"https:\/\/www.stemco.com\/#organization\"},\"potentialAction\":[{\"@type\":\"SearchAction\",\"target\":{\"@type\":\"EntryPoint\",\"urlTemplate\":\"https:\/\/www.stemco.com\/?s={search_term_string}\"},\"query-input\":{\"@type\":\"PropertyValueSpecification\",\"valueRequired\":true,\"valueName\":\"search_term_string\"}}],\"inLanguage\":\"fr-CA\"},{\"@type\":\"Organization\",\"@id\":\"https:\/\/www.stemco.com\/#organization\",\"name\":\"Stemco\",\"url\":\"https:\/\/www.stemco.com\/\",\"logo\":{\"@type\":\"ImageObject\",\"inLanguage\":\"fr-CA\",\"@id\":\"https:\/\/www.stemco.com\/#\/schema\/logo\/image\/\",\"url\":\"https:\/\/www.stemco.com\/wp-content\/uploads\/2025\/04\/stemco-logo-enpro.png\",\"contentUrl\":\"https:\/\/www.stemco.com\/wp-content\/uploads\/2025\/04\/stemco-logo-enpro.png\",\"width\":245,\"height\":40,\"caption\":\"Stemco\"},\"image\":{\"@id\":\"https:\/\/www.stemco.com\/#\/schema\/logo\/image\/\"}}]}<\/script>\n<!-- \/ Yoast SEO plugin. -->","yoast_head_json":{"title":"Joints d&#039;\u00e9tanch\u00e9it\u00e9 | Produits pour extr\u00e9mit\u00e9s de roues | STEMCO\u00ae","description":"STEMCO\u00ae a con\u00e7u un menu d&#039;options d&#039;\u00e9tanch\u00e9it\u00e9 adapt\u00e9es aux diff\u00e9rentes exigences de performance de chaque flotte afin d&#039;optimiser les performances et la valeur.","robots":{"index":"index","follow":"follow","max-snippet":"max-snippet:-1","max-image-preview":"max-image-preview:large","max-video-preview":"max-video-preview:-1"},"canonical":"https:\/\/www.stemco.com\/fr\/product\/wheel-end\/seals\/","og_locale":"fr_CA","og_type":"article","og_title":"Seals | Wheel End Products | STEMCO\u00ae","og_description":"STEMCO\u00ae has engineered a menu of sealing options designed to meet the varying performance expectations of each fleet to maximize performance and value.","og_url":"https:\/\/www.stemco.com\/fr\/product\/wheel-end\/seals\/","og_site_name":"Stemco","article_modified_time":"2020-08-13T14:00:24+00:00","twitter_card":"summary_large_image","schema":{"@context":"https:\/\/schema.org","@graph":[{"@type":"WebPage","@id":"https:\/\/www.stemco.com\/product\/wheel-end\/seals\/","url":"https:\/\/www.stemco.com\/product\/wheel-end\/seals\/","name":"Joints d&#039;\u00e9tanch\u00e9it\u00e9 | Produits pour extr\u00e9mit\u00e9s de roues | STEMCO\u00ae","isPartOf":{"@id":"https:\/\/www.stemco.com\/#website"},"datePublished":"2020-05-20T16:57:39+00:00","dateModified":"2020-08-13T14:00:24+00:00","description":"STEMCO\u00ae a con\u00e7u un menu d&#039;options d&#039;\u00e9tanch\u00e9it\u00e9 adapt\u00e9es aux diff\u00e9rentes exigences de performance de chaque flotte afin d&#039;optimiser les performances et la valeur.","breadcrumb":{"@id":"https:\/\/www.stemco.com\/product\/wheel-end\/seals\/#breadcrumb"},"inLanguage":"fr-CA","potentialAction":[{"@type":"ReadAction","target":["https:\/\/www.stemco.com\/product\/wheel-end\/seals\/"]}]},{"@type":"BreadcrumbList","@id":"https:\/\/www.stemco.com\/product\/wheel-end\/seals\/#breadcrumb","itemListElement":[{"@type":"ListItem","position":1,"name":"Home","item":"https:\/\/www.stemco.com\/"},{"@type":"ListItem","position":2,"name":"Products","item":"https:\/\/www.stemco.com\/product\/"},{"@type":"ListItem","position":3,"name":"Wheel End","item":"https:\/\/www.stemco.com\/product\/wheel-end\/"},{"@type":"ListItem","position":4,"name":"Seals"}]},{"@type":"WebSite","@id":"https:\/\/www.stemco.com\/#website","url":"https:\/\/www.stemco.com\/","name":"Stemco","description":"Rendre les routes plus s\u00fbres\u00ae","publisher":{"@id":"https:\/\/www.stemco.com\/#organization"},"potentialAction":[{"@type":"SearchAction","target":{"@type":"EntryPoint","urlTemplate":"https:\/\/www.stemco.com\/?s={search_term_string}"},"query-input":{"@type":"PropertyValueSpecification","valueRequired":true,"valueName":"search_term_string"}}],"inLanguage":"fr-CA"},{"@type":"Organization","@id":"https:\/\/www.stemco.com\/#organization","name":"Stemco","url":"https:\/\/www.stemco.com\/","logo":{"@type":"ImageObject","inLanguage":"fr-CA","@id":"https:\/\/www.stemco.com\/#\/schema\/logo\/image\/","url":"https:\/\/www.stemco.com\/wp-content\/uploads\/2025\/04\/stemco-logo-enpro.png","contentUrl":"https:\/\/www.stemco.com\/wp-content\/uploads\/2025\/04\/stemco-logo-enpro.png","width":245,"height":40,"caption":"Stemco"},"image":{"@id":"https:\/\/www.stemco.com\/#\/schema\/logo\/image\/"}}]}},"_links":{"self":[{"href":"https:\/\/www.stemco.com\/fr\/wp-json\/wp\/v2\/product\/9","targetHints":{"allow":["GET"]}}],"collection":[{"href":"https:\/\/www.stemco.com\/fr\/wp-json\/wp\/v2\/product"}],"about":[{"href":"https:\/\/www.stemco.com\/fr\/wp-json\/wp\/v2\/types\/product"}],"up":[{"embeddable":true,"href":"https:\/\/www.stemco.com\/fr\/wp-json\/wp\/v2\/product\/5"}],"wp:attachment":[{"href":"https:\/\/www.stemco.com\/fr\/wp-json\/wp\/v2\/media?parent=9"}],"wp:term":[{"taxonomy":"category","embeddable":true,"href":"https:\/\/www.stemco.com\/fr\/wp-json\/wp\/v2\/categories?post=9"},{"taxonomy":"post_tag","embeddable":true,"href":"https:\/\/www.stemco.com\/fr\/wp-json\/wp\/v2\/tags?post=9"},{"taxonomy":"product-category","embeddable":true,"href":"https:\/\/www.stemco.com\/fr\/wp-json\/wp\/v2\/product-category?post=9"},{"taxonomy":"product-page-type-category","embeddable":true,"href":"https:\/\/www.stemco.com\/fr\/wp-json\/wp\/v2\/product-page-type-category?post=9"}],"curies":[{"name":"wp","href":"https:\/\/api.w.org\/{rel}","templated":true}]}}