{"id":880,"date":"2020-06-22T17:34:23","date_gmt":"2020-06-22T17:34:23","guid":{"rendered":"https:\/\/www.stemco.com?post_type=product&#038;p=880"},"modified":"2025-03-25T19:32:35","modified_gmt":"2025-03-25T19:32:35","slug":"grit-guard-hub-seal","status":"publish","type":"product","link":"https:\/\/www.stemco.com\/fr\/product\/wheel-end\/seals\/grit-guard-hub-seal\/","title":{"rendered":"Garde de grain<sup>\u00ae<\/sup>  Joint de moyeu"},"content":{"rendered":"<p>Con\u00e7u pour des performances, une durabilit\u00e9 et une exclusion des contaminants exceptionnelles dans les applications de service s\u00e9v\u00e8res, le joint de moyeu STEMCO\u00ae Grit Guard\u00ae pr\u00e9sente une conception en deux pi\u00e8ces qui r\u00e9duit la maintenance et l&#039;usure inutile sur les broches co\u00fbteuses<\/p>","protected":false},"excerpt":{"rendered":"<p>Con\u00e7u pour des performances, une durabilit\u00e9 et une exclusion des contaminants exceptionnelles dans les applications de service s\u00e9v\u00e8res, le joint de moyeu STEMCO\u00ae Grit Guard\u00ae pr\u00e9sente une conception en deux pi\u00e8ces qui r\u00e9duit la maintenance et l&#039;usure inutile sur les broches co\u00fbteuses<\/p>","protected":false},"featured_media":922,"parent":9,"menu_order":1,"template":"","format":"standard","meta":{"_acf_changed":false,"content-type":""},"categories":[],"tags":[],"product-category":[24],"product-page-type-category":[20],"class_list":["post-880","product","type-product","status-publish","format-standard","has-post-thumbnail","hentry","product-category-seals","product-page-type-category-simple-product-page"],"acf":[],"yoast_head":"<!-- This site is optimized with the Yoast SEO plugin v26.8 - https:\/\/yoast.com\/product\/yoast-seo-wordpress\/ -->\n<title>Grit Guard\u00ae Hub Seal | Wheel End Products | STEMCO\u00ae<\/title>\n<meta name=\"description\" content=\"STEMCO\u00ae Grit Guard\u00ae hub seal features a two-piece design that reduces maintenance and unnecessary wear on expensive spindles.\" \/>\n<meta name=\"robots\" content=\"index, follow, max-snippet:-1, max-image-preview:large, max-video-preview:-1\" \/>\n<link rel=\"canonical\" href=\"https:\/\/www.stemco.com\/fr\/product\/wheel-end\/seals\/grit-guard-hub-seal\/\" \/>\n<meta property=\"og:locale\" content=\"fr_CA\" \/>\n<meta property=\"og:type\" content=\"article\" \/>\n<meta property=\"og:title\" content=\"Grit Guard\u00ae Hub Seal | Wheel End Products | STEMCO\u00ae\" \/>\n<meta property=\"og:description\" content=\"STEMCO\u00ae Grit Guard\u00ae hub seal features a two-piece design that reduces maintenance and unnecessary wear on expensive spindles.\" \/>\n<meta property=\"og:url\" content=\"https:\/\/www.stemco.com\/fr\/product\/wheel-end\/seals\/grit-guard-hub-seal\/\" \/>\n<meta property=\"og:site_name\" content=\"Stemco\" \/>\n<meta property=\"article:modified_time\" content=\"2025-03-25T19:32:35+00:00\" \/>\n<meta property=\"og:image\" content=\"https:\/\/www.stemco.com\/wp-content\/uploads\/2020\/06\/grit-guard-hub-seal.jpg\" \/>\n\t<meta property=\"og:image:width\" content=\"675\" \/>\n\t<meta property=\"og:image:height\" content=\"250\" \/>\n\t<meta property=\"og:image:type\" content=\"image\/jpeg\" \/>\n<meta name=\"twitter:card\" content=\"summary_large_image\" \/>\n<meta name=\"twitter:label1\" content=\"Estimation du temps de lecture\" \/>\n\t<meta name=\"twitter:data1\" content=\"2 minutes\" \/>\n<script type=\"application\/ld+json\" class=\"yoast-schema-graph\">{\"@context\":\"https:\/\/schema.org\",\"@graph\":[{\"@type\":\"WebPage\",\"@id\":\"https:\/\/www.stemco.com\/product\/wheel-end\/seals\/grit-guard-hub-seal\/\",\"url\":\"https:\/\/www.stemco.com\/product\/wheel-end\/seals\/grit-guard-hub-seal\/\",\"name\":\"Grit Guard\u00ae Hub Seal | Wheel End Products | STEMCO\u00ae\",\"isPartOf\":{\"@id\":\"https:\/\/www.stemco.com\/#website\"},\"primaryImageOfPage\":{\"@id\":\"https:\/\/www.stemco.com\/product\/wheel-end\/seals\/grit-guard-hub-seal\/#primaryimage\"},\"image\":{\"@id\":\"https:\/\/www.stemco.com\/product\/wheel-end\/seals\/grit-guard-hub-seal\/#primaryimage\"},\"thumbnailUrl\":\"https:\/\/www.stemco.com\/wp-content\/uploads\/2020\/06\/grit-guard-hub-seal.jpg\",\"datePublished\":\"2020-06-22T17:34:23+00:00\",\"dateModified\":\"2025-03-25T19:32:35+00:00\",\"description\":\"STEMCO\u00ae Grit Guard\u00ae hub seal features a two-piece design that reduces maintenance and unnecessary wear on expensive spindles.\",\"breadcrumb\":{\"@id\":\"https:\/\/www.stemco.com\/product\/wheel-end\/seals\/grit-guard-hub-seal\/#breadcrumb\"},\"inLanguage\":\"fr-CA\",\"potentialAction\":[{\"@type\":\"ReadAction\",\"target\":[\"https:\/\/www.stemco.com\/product\/wheel-end\/seals\/grit-guard-hub-seal\/\"]}]},{\"@type\":\"ImageObject\",\"inLanguage\":\"fr-CA\",\"@id\":\"https:\/\/www.stemco.com\/product\/wheel-end\/seals\/grit-guard-hub-seal\/#primaryimage\",\"url\":\"https:\/\/www.stemco.com\/wp-content\/uploads\/2020\/06\/grit-guard-hub-seal.jpg\",\"contentUrl\":\"https:\/\/www.stemco.com\/wp-content\/uploads\/2020\/06\/grit-guard-hub-seal.jpg\",\"width\":675,\"height\":250,\"caption\":\"Grit Guard\"},{\"@type\":\"BreadcrumbList\",\"@id\":\"https:\/\/www.stemco.com\/product\/wheel-end\/seals\/grit-guard-hub-seal\/#breadcrumb\",\"itemListElement\":[{\"@type\":\"ListItem\",\"position\":1,\"name\":\"Home\",\"item\":\"https:\/\/www.stemco.com\/\"},{\"@type\":\"ListItem\",\"position\":2,\"name\":\"Products\",\"item\":\"https:\/\/www.stemco.com\/product\/\"},{\"@type\":\"ListItem\",\"position\":3,\"name\":\"Wheel End\",\"item\":\"https:\/\/www.stemco.com\/product\/wheel-end\/\"},{\"@type\":\"ListItem\",\"position\":4,\"name\":\"Seals\",\"item\":\"https:\/\/www.stemco.com\/product\/wheel-end\/seals\/\"},{\"@type\":\"ListItem\",\"position\":5,\"name\":\"Grit Guard&reg; Hub Seal\"}]},{\"@type\":\"WebSite\",\"@id\":\"https:\/\/www.stemco.com\/#website\",\"url\":\"https:\/\/www.stemco.com\/\",\"name\":\"Stemco\",\"description\":\"Making The Roadways Safer\u00ae\",\"publisher\":{\"@id\":\"https:\/\/www.stemco.com\/#organization\"},\"potentialAction\":[{\"@type\":\"SearchAction\",\"target\":{\"@type\":\"EntryPoint\",\"urlTemplate\":\"https:\/\/www.stemco.com\/?s={search_term_string}\"},\"query-input\":{\"@type\":\"PropertyValueSpecification\",\"valueRequired\":true,\"valueName\":\"search_term_string\"}}],\"inLanguage\":\"fr-CA\"},{\"@type\":\"Organization\",\"@id\":\"https:\/\/www.stemco.com\/#organization\",\"name\":\"Stemco\",\"url\":\"https:\/\/www.stemco.com\/\",\"logo\":{\"@type\":\"ImageObject\",\"inLanguage\":\"fr-CA\",\"@id\":\"https:\/\/www.stemco.com\/#\/schema\/logo\/image\/\",\"url\":\"https:\/\/www.stemco.com\/wp-content\/uploads\/2025\/04\/stemco-logo-enpro.png\",\"contentUrl\":\"https:\/\/www.stemco.com\/wp-content\/uploads\/2025\/04\/stemco-logo-enpro.png\",\"width\":245,\"height\":40,\"caption\":\"Stemco\"},\"image\":{\"@id\":\"https:\/\/www.stemco.com\/#\/schema\/logo\/image\/\"}}]}<\/script>\n<!-- \/ Yoast SEO plugin. -->","yoast_head_json":{"title":"Grit Guard\u00ae Hub Seal | Wheel End Products | STEMCO\u00ae","description":"STEMCO\u00ae Grit Guard\u00ae hub seal features a two-piece design that reduces maintenance and unnecessary wear on expensive spindles.","robots":{"index":"index","follow":"follow","max-snippet":"max-snippet:-1","max-image-preview":"max-image-preview:large","max-video-preview":"max-video-preview:-1"},"canonical":"https:\/\/www.stemco.com\/fr\/product\/wheel-end\/seals\/grit-guard-hub-seal\/","og_locale":"fr_CA","og_type":"article","og_title":"Grit Guard\u00ae Hub Seal | Wheel End Products | STEMCO\u00ae","og_description":"STEMCO\u00ae Grit Guard\u00ae hub seal features a two-piece design that reduces maintenance and unnecessary wear on expensive spindles.","og_url":"https:\/\/www.stemco.com\/fr\/product\/wheel-end\/seals\/grit-guard-hub-seal\/","og_site_name":"Stemco","article_modified_time":"2025-03-25T19:32:35+00:00","og_image":[{"width":675,"height":250,"url":"https:\/\/www.stemco.com\/wp-content\/uploads\/2020\/06\/grit-guard-hub-seal.jpg","type":"image\/jpeg"}],"twitter_card":"summary_large_image","twitter_misc":{"Estimation du temps de lecture":"2 minutes"},"schema":{"@context":"https:\/\/schema.org","@graph":[{"@type":"WebPage","@id":"https:\/\/www.stemco.com\/product\/wheel-end\/seals\/grit-guard-hub-seal\/","url":"https:\/\/www.stemco.com\/product\/wheel-end\/seals\/grit-guard-hub-seal\/","name":"Grit Guard\u00ae Hub Seal | Wheel End Products | STEMCO\u00ae","isPartOf":{"@id":"https:\/\/www.stemco.com\/#website"},"primaryImageOfPage":{"@id":"https:\/\/www.stemco.com\/product\/wheel-end\/seals\/grit-guard-hub-seal\/#primaryimage"},"image":{"@id":"https:\/\/www.stemco.com\/product\/wheel-end\/seals\/grit-guard-hub-seal\/#primaryimage"},"thumbnailUrl":"https:\/\/www.stemco.com\/wp-content\/uploads\/2020\/06\/grit-guard-hub-seal.jpg","datePublished":"2020-06-22T17:34:23+00:00","dateModified":"2025-03-25T19:32:35+00:00","description":"STEMCO\u00ae Grit Guard\u00ae hub seal features a two-piece design that reduces maintenance and unnecessary wear on expensive spindles.","breadcrumb":{"@id":"https:\/\/www.stemco.com\/product\/wheel-end\/seals\/grit-guard-hub-seal\/#breadcrumb"},"inLanguage":"fr-CA","potentialAction":[{"@type":"ReadAction","target":["https:\/\/www.stemco.com\/product\/wheel-end\/seals\/grit-guard-hub-seal\/"]}]},{"@type":"ImageObject","inLanguage":"fr-CA","@id":"https:\/\/www.stemco.com\/product\/wheel-end\/seals\/grit-guard-hub-seal\/#primaryimage","url":"https:\/\/www.stemco.com\/wp-content\/uploads\/2020\/06\/grit-guard-hub-seal.jpg","contentUrl":"https:\/\/www.stemco.com\/wp-content\/uploads\/2020\/06\/grit-guard-hub-seal.jpg","width":675,"height":250,"caption":"Grit Guard"},{"@type":"BreadcrumbList","@id":"https:\/\/www.stemco.com\/product\/wheel-end\/seals\/grit-guard-hub-seal\/#breadcrumb","itemListElement":[{"@type":"ListItem","position":1,"name":"Home","item":"https:\/\/www.stemco.com\/"},{"@type":"ListItem","position":2,"name":"Products","item":"https:\/\/www.stemco.com\/product\/"},{"@type":"ListItem","position":3,"name":"Wheel End","item":"https:\/\/www.stemco.com\/product\/wheel-end\/"},{"@type":"ListItem","position":4,"name":"Seals","item":"https:\/\/www.stemco.com\/product\/wheel-end\/seals\/"},{"@type":"ListItem","position":5,"name":"Grit Guard&reg; Hub Seal"}]},{"@type":"WebSite","@id":"https:\/\/www.stemco.com\/#website","url":"https:\/\/www.stemco.com\/","name":"Stemco","description":"Rendre les routes plus s\u00fbres\u00ae","publisher":{"@id":"https:\/\/www.stemco.com\/#organization"},"potentialAction":[{"@type":"SearchAction","target":{"@type":"EntryPoint","urlTemplate":"https:\/\/www.stemco.com\/?s={search_term_string}"},"query-input":{"@type":"PropertyValueSpecification","valueRequired":true,"valueName":"search_term_string"}}],"inLanguage":"fr-CA"},{"@type":"Organization","@id":"https:\/\/www.stemco.com\/#organization","name":"Stemco","url":"https:\/\/www.stemco.com\/","logo":{"@type":"ImageObject","inLanguage":"fr-CA","@id":"https:\/\/www.stemco.com\/#\/schema\/logo\/image\/","url":"https:\/\/www.stemco.com\/wp-content\/uploads\/2025\/04\/stemco-logo-enpro.png","contentUrl":"https:\/\/www.stemco.com\/wp-content\/uploads\/2025\/04\/stemco-logo-enpro.png","width":245,"height":40,"caption":"Stemco"},"image":{"@id":"https:\/\/www.stemco.com\/#\/schema\/logo\/image\/"}}]}},"_links":{"self":[{"href":"https:\/\/www.stemco.com\/fr\/wp-json\/wp\/v2\/product\/880","targetHints":{"allow":["GET"]}}],"collection":[{"href":"https:\/\/www.stemco.com\/fr\/wp-json\/wp\/v2\/product"}],"about":[{"href":"https:\/\/www.stemco.com\/fr\/wp-json\/wp\/v2\/types\/product"}],"up":[{"embeddable":true,"href":"https:\/\/www.stemco.com\/fr\/wp-json\/wp\/v2\/product\/9"}],"wp:featuredmedia":[{"embeddable":true,"href":"https:\/\/www.stemco.com\/fr\/wp-json\/wp\/v2\/media\/922"}],"wp:attachment":[{"href":"https:\/\/www.stemco.com\/fr\/wp-json\/wp\/v2\/media?parent=880"}],"wp:term":[{"taxonomy":"category","embeddable":true,"href":"https:\/\/www.stemco.com\/fr\/wp-json\/wp\/v2\/categories?post=880"},{"taxonomy":"post_tag","embeddable":true,"href":"https:\/\/www.stemco.com\/fr\/wp-json\/wp\/v2\/tags?post=880"},{"taxonomy":"product-category","embeddable":true,"href":"https:\/\/www.stemco.com\/fr\/wp-json\/wp\/v2\/product-category?post=880"},{"taxonomy":"product-page-type-category","embeddable":true,"href":"https:\/\/www.stemco.com\/fr\/wp-json\/wp\/v2\/product-page-type-category?post=880"}],"curies":[{"name":"wp","href":"https:\/\/api.w.org\/{rel}","templated":true}]}}