{"id":8622,"date":"2022-01-24T17:50:45","date_gmt":"2022-01-24T17:50:45","guid":{"rendered":"https:\/\/www.stemco.com\/?post_type=product&#038;p=8622"},"modified":"2025-03-25T17:46:28","modified_gmt":"2025-03-25T17:46:28","slug":"discover-xr","status":"publish","type":"product","link":"https:\/\/www.stemco.com\/fr\/product\/wheel-end\/seals\/discover-xr\/","title":{"rendered":"D\u00e9couvrir <sup>\u00ae<\/sup> RX"},"content":{"rendered":"<p>Fabriqu\u00e9s avec un mat\u00e9riau de haute qualit\u00e9 r\u00e9sistant \u00e0 la temp\u00e9rature et dot\u00e9s d&#039;un joint multi-labyrinthe pour des applications de longue dur\u00e9e, ces joints haute performance ont \u00e9t\u00e9 \u00e9quip\u00e9s de la technologie brevet\u00e9e GlideLock\u2122 pour offrir le joint de roue le plus avanc\u00e9 disponible.<\/p>\n<p>Regardez la vid\u00e9o d&#039;annonce <a href=\"https:\/\/www.stemco.com\/fr\/resource\/discover-xr-announcement-video\/\">ici<\/a>.<\/p>","protected":false},"excerpt":{"rendered":"<p>Fabriqu\u00e9s avec un mat\u00e9riau de haute qualit\u00e9 r\u00e9sistant \u00e0 la temp\u00e9rature et dot\u00e9s d&#039;un joint multi-labyrinthe pour des applications de longue dur\u00e9e, ces joints haute performance ont \u00e9t\u00e9 \u00e9quip\u00e9s de la technologie brevet\u00e9e GlideLock\u2122 pour offrir le joint de roue le plus avanc\u00e9 disponible. Regardez la vid\u00e9o d&#039;annonce ici.<\/p>","protected":false},"featured_media":8633,"parent":9,"menu_order":0,"template":"","format":"standard","meta":{"_acf_changed":false,"content-type":""},"categories":[121],"tags":[],"product-category":[24],"product-page-type-category":[119,20],"class_list":["post-8622","product","type-product","status-publish","format-standard","has-post-thumbnail","hentry","category-exploded-view-page","product-category-seals","product-page-type-category-exploded-view-simple-product","product-page-type-category-simple-product-page"],"acf":[],"yoast_head":"<!-- This site is optimized with the Yoast SEO plugin v26.8 - https:\/\/yoast.com\/product\/yoast-seo-wordpress\/ -->\n<title>Discover\u00ae XR | Wheel End Products | STEMCO\u00ae<\/title>\n<meta name=\"description\" content=\"STEMCO\u00ae Discover\u00ae XR Seal features a high-grade temperature-resistant material, multi-labyrinth sealing features for long-life applications and patented GlideLock\u2122 technology\" \/>\n<meta name=\"robots\" content=\"index, follow, max-snippet:-1, max-image-preview:large, max-video-preview:-1\" \/>\n<link rel=\"canonical\" href=\"https:\/\/www.stemco.com\/fr\/product\/wheel-end\/seals\/discover-xr\/\" \/>\n<meta property=\"og:locale\" content=\"fr_CA\" \/>\n<meta property=\"og:type\" content=\"article\" \/>\n<meta property=\"og:title\" content=\"Discover\u00ae XR | Wheel End Products | STEMCO\u00ae\" \/>\n<meta property=\"og:description\" content=\"STEMCO\u00ae Discover\u00ae XR Seal features a high-grade temperature-resistant material, multi-labyrinth sealing features for long-life applications and patented GlideLock\u2122 technology\" \/>\n<meta property=\"og:url\" content=\"https:\/\/www.stemco.com\/fr\/product\/wheel-end\/seals\/discover-xr\/\" \/>\n<meta property=\"og:site_name\" content=\"Stemco\" \/>\n<meta property=\"article:modified_time\" content=\"2025-03-25T17:46:28+00:00\" \/>\n<meta property=\"og:image\" content=\"https:\/\/www.stemco.com\/wp-content\/uploads\/2022\/01\/Discover_XR.png\" \/>\n\t<meta property=\"og:image:width\" content=\"675\" \/>\n\t<meta property=\"og:image:height\" content=\"250\" \/>\n\t<meta property=\"og:image:type\" content=\"image\/png\" \/>\n<meta name=\"twitter:card\" content=\"summary_large_image\" \/>\n<meta name=\"twitter:label1\" content=\"Estimation du temps de lecture\" \/>\n\t<meta name=\"twitter:data1\" content=\"2 minutes\" \/>\n<script type=\"application\/ld+json\" class=\"yoast-schema-graph\">{\"@context\":\"https:\/\/schema.org\",\"@graph\":[{\"@type\":\"WebPage\",\"@id\":\"https:\/\/www.stemco.com\/product\/wheel-end\/seals\/discover-xr\/\",\"url\":\"https:\/\/www.stemco.com\/product\/wheel-end\/seals\/discover-xr\/\",\"name\":\"Discover\u00ae XR | Wheel End Products | STEMCO\u00ae\",\"isPartOf\":{\"@id\":\"https:\/\/www.stemco.com\/#website\"},\"primaryImageOfPage\":{\"@id\":\"https:\/\/www.stemco.com\/product\/wheel-end\/seals\/discover-xr\/#primaryimage\"},\"image\":{\"@id\":\"https:\/\/www.stemco.com\/product\/wheel-end\/seals\/discover-xr\/#primaryimage\"},\"thumbnailUrl\":\"https:\/\/www.stemco.com\/wp-content\/uploads\/2022\/01\/Discover_XR.png\",\"datePublished\":\"2022-01-24T17:50:45+00:00\",\"dateModified\":\"2025-03-25T17:46:28+00:00\",\"description\":\"STEMCO\u00ae Discover\u00ae XR Seal features a high-grade temperature-resistant material, multi-labyrinth sealing features for long-life applications and patented GlideLock\u2122 technology\",\"breadcrumb\":{\"@id\":\"https:\/\/www.stemco.com\/product\/wheel-end\/seals\/discover-xr\/#breadcrumb\"},\"inLanguage\":\"fr-CA\",\"potentialAction\":[{\"@type\":\"ReadAction\",\"target\":[\"https:\/\/www.stemco.com\/product\/wheel-end\/seals\/discover-xr\/\"]}]},{\"@type\":\"ImageObject\",\"inLanguage\":\"fr-CA\",\"@id\":\"https:\/\/www.stemco.com\/product\/wheel-end\/seals\/discover-xr\/#primaryimage\",\"url\":\"https:\/\/www.stemco.com\/wp-content\/uploads\/2022\/01\/Discover_XR.png\",\"contentUrl\":\"https:\/\/www.stemco.com\/wp-content\/uploads\/2022\/01\/Discover_XR.png\",\"width\":675,\"height\":250,\"caption\":\"Voyager Wheel Seal\"},{\"@type\":\"BreadcrumbList\",\"@id\":\"https:\/\/www.stemco.com\/product\/wheel-end\/seals\/discover-xr\/#breadcrumb\",\"itemListElement\":[{\"@type\":\"ListItem\",\"position\":1,\"name\":\"Home\",\"item\":\"https:\/\/www.stemco.com\/\"},{\"@type\":\"ListItem\",\"position\":2,\"name\":\"Products\",\"item\":\"https:\/\/www.stemco.com\/product\/\"},{\"@type\":\"ListItem\",\"position\":3,\"name\":\"Wheel End\",\"item\":\"https:\/\/www.stemco.com\/product\/wheel-end\/\"},{\"@type\":\"ListItem\",\"position\":4,\"name\":\"Seals\",\"item\":\"https:\/\/www.stemco.com\/product\/wheel-end\/seals\/\"},{\"@type\":\"ListItem\",\"position\":5,\"name\":\"Discover &reg; XR\"}]},{\"@type\":\"WebSite\",\"@id\":\"https:\/\/www.stemco.com\/#website\",\"url\":\"https:\/\/www.stemco.com\/\",\"name\":\"Stemco\",\"description\":\"Making The Roadways Safer\u00ae\",\"publisher\":{\"@id\":\"https:\/\/www.stemco.com\/#organization\"},\"potentialAction\":[{\"@type\":\"SearchAction\",\"target\":{\"@type\":\"EntryPoint\",\"urlTemplate\":\"https:\/\/www.stemco.com\/?s={search_term_string}\"},\"query-input\":{\"@type\":\"PropertyValueSpecification\",\"valueRequired\":true,\"valueName\":\"search_term_string\"}}],\"inLanguage\":\"fr-CA\"},{\"@type\":\"Organization\",\"@id\":\"https:\/\/www.stemco.com\/#organization\",\"name\":\"Stemco\",\"url\":\"https:\/\/www.stemco.com\/\",\"logo\":{\"@type\":\"ImageObject\",\"inLanguage\":\"fr-CA\",\"@id\":\"https:\/\/www.stemco.com\/#\/schema\/logo\/image\/\",\"url\":\"https:\/\/www.stemco.com\/wp-content\/uploads\/2025\/04\/stemco-logo-enpro.png\",\"contentUrl\":\"https:\/\/www.stemco.com\/wp-content\/uploads\/2025\/04\/stemco-logo-enpro.png\",\"width\":245,\"height\":40,\"caption\":\"Stemco\"},\"image\":{\"@id\":\"https:\/\/www.stemco.com\/#\/schema\/logo\/image\/\"}}]}<\/script>\n<!-- \/ Yoast SEO plugin. -->","yoast_head_json":{"title":"Discover\u00ae XR | Wheel End Products | STEMCO\u00ae","description":"STEMCO\u00ae Discover\u00ae XR Seal features a high-grade temperature-resistant material, multi-labyrinth sealing features for long-life applications and patented GlideLock\u2122 technology","robots":{"index":"index","follow":"follow","max-snippet":"max-snippet:-1","max-image-preview":"max-image-preview:large","max-video-preview":"max-video-preview:-1"},"canonical":"https:\/\/www.stemco.com\/fr\/product\/wheel-end\/seals\/discover-xr\/","og_locale":"fr_CA","og_type":"article","og_title":"Discover\u00ae XR | Wheel End Products | STEMCO\u00ae","og_description":"STEMCO\u00ae Discover\u00ae XR Seal features a high-grade temperature-resistant material, multi-labyrinth sealing features for long-life applications and patented GlideLock\u2122 technology","og_url":"https:\/\/www.stemco.com\/fr\/product\/wheel-end\/seals\/discover-xr\/","og_site_name":"Stemco","article_modified_time":"2025-03-25T17:46:28+00:00","og_image":[{"width":675,"height":250,"url":"https:\/\/www.stemco.com\/wp-content\/uploads\/2022\/01\/Discover_XR.png","type":"image\/png"}],"twitter_card":"summary_large_image","twitter_misc":{"Estimation du temps de lecture":"2 minutes"},"schema":{"@context":"https:\/\/schema.org","@graph":[{"@type":"WebPage","@id":"https:\/\/www.stemco.com\/product\/wheel-end\/seals\/discover-xr\/","url":"https:\/\/www.stemco.com\/product\/wheel-end\/seals\/discover-xr\/","name":"Discover\u00ae XR | Wheel End Products | STEMCO\u00ae","isPartOf":{"@id":"https:\/\/www.stemco.com\/#website"},"primaryImageOfPage":{"@id":"https:\/\/www.stemco.com\/product\/wheel-end\/seals\/discover-xr\/#primaryimage"},"image":{"@id":"https:\/\/www.stemco.com\/product\/wheel-end\/seals\/discover-xr\/#primaryimage"},"thumbnailUrl":"https:\/\/www.stemco.com\/wp-content\/uploads\/2022\/01\/Discover_XR.png","datePublished":"2022-01-24T17:50:45+00:00","dateModified":"2025-03-25T17:46:28+00:00","description":"STEMCO\u00ae Discover\u00ae XR Seal features a high-grade temperature-resistant material, multi-labyrinth sealing features for long-life applications and patented GlideLock\u2122 technology","breadcrumb":{"@id":"https:\/\/www.stemco.com\/product\/wheel-end\/seals\/discover-xr\/#breadcrumb"},"inLanguage":"fr-CA","potentialAction":[{"@type":"ReadAction","target":["https:\/\/www.stemco.com\/product\/wheel-end\/seals\/discover-xr\/"]}]},{"@type":"ImageObject","inLanguage":"fr-CA","@id":"https:\/\/www.stemco.com\/product\/wheel-end\/seals\/discover-xr\/#primaryimage","url":"https:\/\/www.stemco.com\/wp-content\/uploads\/2022\/01\/Discover_XR.png","contentUrl":"https:\/\/www.stemco.com\/wp-content\/uploads\/2022\/01\/Discover_XR.png","width":675,"height":250,"caption":"Voyager Wheel Seal"},{"@type":"BreadcrumbList","@id":"https:\/\/www.stemco.com\/product\/wheel-end\/seals\/discover-xr\/#breadcrumb","itemListElement":[{"@type":"ListItem","position":1,"name":"Home","item":"https:\/\/www.stemco.com\/"},{"@type":"ListItem","position":2,"name":"Products","item":"https:\/\/www.stemco.com\/product\/"},{"@type":"ListItem","position":3,"name":"Wheel End","item":"https:\/\/www.stemco.com\/product\/wheel-end\/"},{"@type":"ListItem","position":4,"name":"Seals","item":"https:\/\/www.stemco.com\/product\/wheel-end\/seals\/"},{"@type":"ListItem","position":5,"name":"Discover &reg; XR"}]},{"@type":"WebSite","@id":"https:\/\/www.stemco.com\/#website","url":"https:\/\/www.stemco.com\/","name":"Stemco","description":"Rendre les routes plus s\u00fbres\u00ae","publisher":{"@id":"https:\/\/www.stemco.com\/#organization"},"potentialAction":[{"@type":"SearchAction","target":{"@type":"EntryPoint","urlTemplate":"https:\/\/www.stemco.com\/?s={search_term_string}"},"query-input":{"@type":"PropertyValueSpecification","valueRequired":true,"valueName":"search_term_string"}}],"inLanguage":"fr-CA"},{"@type":"Organization","@id":"https:\/\/www.stemco.com\/#organization","name":"Stemco","url":"https:\/\/www.stemco.com\/","logo":{"@type":"ImageObject","inLanguage":"fr-CA","@id":"https:\/\/www.stemco.com\/#\/schema\/logo\/image\/","url":"https:\/\/www.stemco.com\/wp-content\/uploads\/2025\/04\/stemco-logo-enpro.png","contentUrl":"https:\/\/www.stemco.com\/wp-content\/uploads\/2025\/04\/stemco-logo-enpro.png","width":245,"height":40,"caption":"Stemco"},"image":{"@id":"https:\/\/www.stemco.com\/#\/schema\/logo\/image\/"}}]}},"_links":{"self":[{"href":"https:\/\/www.stemco.com\/fr\/wp-json\/wp\/v2\/product\/8622","targetHints":{"allow":["GET"]}}],"collection":[{"href":"https:\/\/www.stemco.com\/fr\/wp-json\/wp\/v2\/product"}],"about":[{"href":"https:\/\/www.stemco.com\/fr\/wp-json\/wp\/v2\/types\/product"}],"up":[{"embeddable":true,"href":"https:\/\/www.stemco.com\/fr\/wp-json\/wp\/v2\/product\/9"}],"wp:featuredmedia":[{"embeddable":true,"href":"https:\/\/www.stemco.com\/fr\/wp-json\/wp\/v2\/media\/8633"}],"wp:attachment":[{"href":"https:\/\/www.stemco.com\/fr\/wp-json\/wp\/v2\/media?parent=8622"}],"wp:term":[{"taxonomy":"category","embeddable":true,"href":"https:\/\/www.stemco.com\/fr\/wp-json\/wp\/v2\/categories?post=8622"},{"taxonomy":"post_tag","embeddable":true,"href":"https:\/\/www.stemco.com\/fr\/wp-json\/wp\/v2\/tags?post=8622"},{"taxonomy":"product-category","embeddable":true,"href":"https:\/\/www.stemco.com\/fr\/wp-json\/wp\/v2\/product-category?post=8622"},{"taxonomy":"product-page-type-category","embeddable":true,"href":"https:\/\/www.stemco.com\/fr\/wp-json\/wp\/v2\/product-page-type-category?post=8622"}],"curies":[{"name":"wp","href":"https:\/\/api.w.org\/{rel}","templated":true}]}}