{"id":5730,"date":"2021-04-14T19:03:59","date_gmt":"2021-04-14T19:03:59","guid":{"rendered":"https:\/\/www.stemco.com\/?post_type=product&#038;p=5730"},"modified":"2025-07-09T22:46:11","modified_gmt":"2025-07-09T22:46:11","slug":"stemco-vehicle-technology","status":"publish","type":"product","link":"https:\/\/www.stemco.com\/fr\/product\/wheel-end\/stemco-vehicle-technology\/","title":{"rendered":"Technologie des v\u00e9hicules STEMCO<sup>\u2122<\/sup>"},"content":{"rendered":"<p>Les produits STEMCO Vehicle Technology (SVT\u2122) maximisent les informations disponibles, permettant aux gestionnaires de flotte de prendre des d\u00e9cisions intelligentes qui simplifient les proc\u00e9dures de maintenance et am\u00e9liorent la s\u00e9curit\u00e9 globale de la flotte.<\/p>\n<p>&nbsp;<\/p>\n<p>Synchronisez les donn\u00e9es de plusieurs utilisateurs, conservez des enregistrements historiques, enregistrez la consommation de carburant et de fluides et programmez votre lecteur de kilom\u00e9trage depuis votre smartphone. SVT est capable de fournir des donn\u00e9es kilom\u00e9triques de mani\u00e8re plus pr\u00e9cise et plus fiable que les solutions GPS concurrentes, vous aidant ainsi \u00e0 r\u00e9duire les co\u00fbts de maintenance des v\u00e9hicules et \u00e0 accro\u00eetre la s\u00e9curit\u00e9 de votre flotte.<\/p>\n<p>&nbsp;<\/p>\n<p>Gardez l&#039;esprit tranquille en sachant que vos informations critiques sont suivies avec la plus grande pr\u00e9cision et visibilit\u00e9.<\/p>\n<p>&nbsp;<\/p>","protected":false},"excerpt":{"rendered":"<p>Les produits STEMCO Vehicle Technology (SVT\u2122) maximisent les informations disponibles, permettant aux gestionnaires de flotte de prendre des d\u00e9cisions intelligentes qui simplifient les proc\u00e9dures de maintenance et am\u00e9liorent la s\u00e9curit\u00e9 globale de la flotte. Synchronisez les donn\u00e9es de plusieurs utilisateurs, conservez des enregistrements historiques, enregistrez la consommation de carburant et de liquides et programmez votre lecteur de kilom\u00e9trage depuis votre smartphone. SVT est capable de fournir davantage de donn\u00e9es kilom\u00e9triques [\u2026]<\/p>","protected":false},"featured_media":30358,"parent":5,"menu_order":0,"template":"","format":"standard","meta":{"_acf_changed":false,"content-type":""},"categories":[],"tags":[],"product-category":[21],"product-page-type-category":[20],"class_list":["post-5730","product","type-product","status-publish","format-standard","has-post-thumbnail","hentry","product-category-wheel-end","product-page-type-category-simple-product-page"],"acf":[],"yoast_head":"<!-- This site is optimized with the Yoast SEO plugin v26.8 - https:\/\/yoast.com\/product\/yoast-seo-wordpress\/ -->\n<title>STEMCO Vehicle Technology&trade; - Stemco<\/title>\n<meta name=\"robots\" content=\"index, follow, max-snippet:-1, max-image-preview:large, max-video-preview:-1\" \/>\n<link rel=\"canonical\" href=\"https:\/\/www.stemco.com\/fr\/product\/wheel-end\/stemco-vehicle-technology\/\" \/>\n<meta property=\"og:locale\" content=\"fr_CA\" \/>\n<meta property=\"og:type\" content=\"article\" \/>\n<meta property=\"og:title\" content=\"STEMCO Vehicle Technology&trade; - Stemco\" \/>\n<meta property=\"og:description\" content=\"STEMCO Vehicle Technology (SVT\u2122) products maximize available information allowing fleet managers to make smart decisions that simplify maintenance procedures and improve overall fleet safety. &nbsp; Synchronize data across multiple users, retain historical records, log fuel and fluid consumption, and program your mileage reader all from your smartphone. SVT is capable of providing mileage data more [&hellip;]\" \/>\n<meta property=\"og:url\" content=\"https:\/\/www.stemco.com\/fr\/product\/wheel-end\/stemco-vehicle-technology\/\" \/>\n<meta property=\"og:site_name\" content=\"Stemco\" \/>\n<meta property=\"article:modified_time\" content=\"2025-07-09T22:46:11+00:00\" \/>\n<meta property=\"og:image\" content=\"https:\/\/www.stemco.com\/wp-content\/uploads\/2021\/04\/SVT-Images.jpg\" \/>\n\t<meta property=\"og:image:width\" content=\"500\" \/>\n\t<meta property=\"og:image:height\" content=\"500\" \/>\n\t<meta property=\"og:image:type\" content=\"image\/jpeg\" \/>\n<meta name=\"twitter:card\" content=\"summary_large_image\" \/>\n<meta name=\"twitter:label1\" content=\"Estimation du temps de lecture\" \/>\n\t<meta name=\"twitter:data1\" content=\"1 minute\" \/>\n<script type=\"application\/ld+json\" class=\"yoast-schema-graph\">{\"@context\":\"https:\/\/schema.org\",\"@graph\":[{\"@type\":\"WebPage\",\"@id\":\"https:\/\/www.stemco.com\/product\/wheel-end\/stemco-vehicle-technology\/\",\"url\":\"https:\/\/www.stemco.com\/product\/wheel-end\/stemco-vehicle-technology\/\",\"name\":\"STEMCO Vehicle Technology&trade; - Stemco\",\"isPartOf\":{\"@id\":\"https:\/\/www.stemco.com\/#website\"},\"primaryImageOfPage\":{\"@id\":\"https:\/\/www.stemco.com\/product\/wheel-end\/stemco-vehicle-technology\/#primaryimage\"},\"image\":{\"@id\":\"https:\/\/www.stemco.com\/product\/wheel-end\/stemco-vehicle-technology\/#primaryimage\"},\"thumbnailUrl\":\"https:\/\/www.stemco.com\/wp-content\/uploads\/2021\/04\/SVT-Images.jpg\",\"datePublished\":\"2021-04-14T19:03:59+00:00\",\"dateModified\":\"2025-07-09T22:46:11+00:00\",\"breadcrumb\":{\"@id\":\"https:\/\/www.stemco.com\/product\/wheel-end\/stemco-vehicle-technology\/#breadcrumb\"},\"inLanguage\":\"fr-CA\",\"potentialAction\":[{\"@type\":\"ReadAction\",\"target\":[\"https:\/\/www.stemco.com\/product\/wheel-end\/stemco-vehicle-technology\/\"]}]},{\"@type\":\"ImageObject\",\"inLanguage\":\"fr-CA\",\"@id\":\"https:\/\/www.stemco.com\/product\/wheel-end\/stemco-vehicle-technology\/#primaryimage\",\"url\":\"https:\/\/www.stemco.com\/wp-content\/uploads\/2021\/04\/SVT-Images.jpg\",\"contentUrl\":\"https:\/\/www.stemco.com\/wp-content\/uploads\/2021\/04\/SVT-Images.jpg\",\"width\":500,\"height\":500,\"caption\":\"SVT fleet management technology.\"},{\"@type\":\"BreadcrumbList\",\"@id\":\"https:\/\/www.stemco.com\/product\/wheel-end\/stemco-vehicle-technology\/#breadcrumb\",\"itemListElement\":[{\"@type\":\"ListItem\",\"position\":1,\"name\":\"Home\",\"item\":\"https:\/\/www.stemco.com\/\"},{\"@type\":\"ListItem\",\"position\":2,\"name\":\"Products\",\"item\":\"https:\/\/www.stemco.com\/product\/\"},{\"@type\":\"ListItem\",\"position\":3,\"name\":\"Wheel End\",\"item\":\"https:\/\/www.stemco.com\/product\/wheel-end\/\"},{\"@type\":\"ListItem\",\"position\":4,\"name\":\"STEMCO Vehicle Technology&trade;\"}]},{\"@type\":\"WebSite\",\"@id\":\"https:\/\/www.stemco.com\/#website\",\"url\":\"https:\/\/www.stemco.com\/\",\"name\":\"Stemco\",\"description\":\"Making The Roadways Safer\u00ae\",\"publisher\":{\"@id\":\"https:\/\/www.stemco.com\/#organization\"},\"potentialAction\":[{\"@type\":\"SearchAction\",\"target\":{\"@type\":\"EntryPoint\",\"urlTemplate\":\"https:\/\/www.stemco.com\/?s={search_term_string}\"},\"query-input\":{\"@type\":\"PropertyValueSpecification\",\"valueRequired\":true,\"valueName\":\"search_term_string\"}}],\"inLanguage\":\"fr-CA\"},{\"@type\":\"Organization\",\"@id\":\"https:\/\/www.stemco.com\/#organization\",\"name\":\"Stemco\",\"url\":\"https:\/\/www.stemco.com\/\",\"logo\":{\"@type\":\"ImageObject\",\"inLanguage\":\"fr-CA\",\"@id\":\"https:\/\/www.stemco.com\/#\/schema\/logo\/image\/\",\"url\":\"https:\/\/www.stemco.com\/wp-content\/uploads\/2025\/04\/stemco-logo-enpro.png\",\"contentUrl\":\"https:\/\/www.stemco.com\/wp-content\/uploads\/2025\/04\/stemco-logo-enpro.png\",\"width\":245,\"height\":40,\"caption\":\"Stemco\"},\"image\":{\"@id\":\"https:\/\/www.stemco.com\/#\/schema\/logo\/image\/\"}}]}<\/script>\n<!-- \/ Yoast SEO plugin. -->","yoast_head_json":{"title":"Technologie des v\u00e9hicules STEMCO\u2122 - Stemco","robots":{"index":"index","follow":"follow","max-snippet":"max-snippet:-1","max-image-preview":"max-image-preview:large","max-video-preview":"max-video-preview:-1"},"canonical":"https:\/\/www.stemco.com\/fr\/product\/wheel-end\/stemco-vehicle-technology\/","og_locale":"fr_CA","og_type":"article","og_title":"STEMCO Vehicle Technology&trade; - Stemco","og_description":"STEMCO Vehicle Technology (SVT\u2122) products maximize available information allowing fleet managers to make smart decisions that simplify maintenance procedures and improve overall fleet safety. &nbsp; Synchronize data across multiple users, retain historical records, log fuel and fluid consumption, and program your mileage reader all from your smartphone. SVT is capable of providing mileage data more [&hellip;]","og_url":"https:\/\/www.stemco.com\/fr\/product\/wheel-end\/stemco-vehicle-technology\/","og_site_name":"Stemco","article_modified_time":"2025-07-09T22:46:11+00:00","og_image":[{"width":500,"height":500,"url":"https:\/\/www.stemco.com\/wp-content\/uploads\/2021\/04\/SVT-Images.jpg","type":"image\/jpeg"}],"twitter_card":"summary_large_image","twitter_misc":{"Estimation du temps de lecture":"1 minute"},"schema":{"@context":"https:\/\/schema.org","@graph":[{"@type":"WebPage","@id":"https:\/\/www.stemco.com\/product\/wheel-end\/stemco-vehicle-technology\/","url":"https:\/\/www.stemco.com\/product\/wheel-end\/stemco-vehicle-technology\/","name":"Technologie des v\u00e9hicules STEMCO\u2122 - Stemco","isPartOf":{"@id":"https:\/\/www.stemco.com\/#website"},"primaryImageOfPage":{"@id":"https:\/\/www.stemco.com\/product\/wheel-end\/stemco-vehicle-technology\/#primaryimage"},"image":{"@id":"https:\/\/www.stemco.com\/product\/wheel-end\/stemco-vehicle-technology\/#primaryimage"},"thumbnailUrl":"https:\/\/www.stemco.com\/wp-content\/uploads\/2021\/04\/SVT-Images.jpg","datePublished":"2021-04-14T19:03:59+00:00","dateModified":"2025-07-09T22:46:11+00:00","breadcrumb":{"@id":"https:\/\/www.stemco.com\/product\/wheel-end\/stemco-vehicle-technology\/#breadcrumb"},"inLanguage":"fr-CA","potentialAction":[{"@type":"ReadAction","target":["https:\/\/www.stemco.com\/product\/wheel-end\/stemco-vehicle-technology\/"]}]},{"@type":"ImageObject","inLanguage":"fr-CA","@id":"https:\/\/www.stemco.com\/product\/wheel-end\/stemco-vehicle-technology\/#primaryimage","url":"https:\/\/www.stemco.com\/wp-content\/uploads\/2021\/04\/SVT-Images.jpg","contentUrl":"https:\/\/www.stemco.com\/wp-content\/uploads\/2021\/04\/SVT-Images.jpg","width":500,"height":500,"caption":"SVT fleet management technology."},{"@type":"BreadcrumbList","@id":"https:\/\/www.stemco.com\/product\/wheel-end\/stemco-vehicle-technology\/#breadcrumb","itemListElement":[{"@type":"ListItem","position":1,"name":"Home","item":"https:\/\/www.stemco.com\/"},{"@type":"ListItem","position":2,"name":"Products","item":"https:\/\/www.stemco.com\/product\/"},{"@type":"ListItem","position":3,"name":"Wheel End","item":"https:\/\/www.stemco.com\/product\/wheel-end\/"},{"@type":"ListItem","position":4,"name":"STEMCO Vehicle Technology&trade;"}]},{"@type":"WebSite","@id":"https:\/\/www.stemco.com\/#website","url":"https:\/\/www.stemco.com\/","name":"Stemco","description":"Rendre les routes plus s\u00fbres\u00ae","publisher":{"@id":"https:\/\/www.stemco.com\/#organization"},"potentialAction":[{"@type":"SearchAction","target":{"@type":"EntryPoint","urlTemplate":"https:\/\/www.stemco.com\/?s={search_term_string}"},"query-input":{"@type":"PropertyValueSpecification","valueRequired":true,"valueName":"search_term_string"}}],"inLanguage":"fr-CA"},{"@type":"Organization","@id":"https:\/\/www.stemco.com\/#organization","name":"Stemco","url":"https:\/\/www.stemco.com\/","logo":{"@type":"ImageObject","inLanguage":"fr-CA","@id":"https:\/\/www.stemco.com\/#\/schema\/logo\/image\/","url":"https:\/\/www.stemco.com\/wp-content\/uploads\/2025\/04\/stemco-logo-enpro.png","contentUrl":"https:\/\/www.stemco.com\/wp-content\/uploads\/2025\/04\/stemco-logo-enpro.png","width":245,"height":40,"caption":"Stemco"},"image":{"@id":"https:\/\/www.stemco.com\/#\/schema\/logo\/image\/"}}]}},"_links":{"self":[{"href":"https:\/\/www.stemco.com\/fr\/wp-json\/wp\/v2\/product\/5730","targetHints":{"allow":["GET"]}}],"collection":[{"href":"https:\/\/www.stemco.com\/fr\/wp-json\/wp\/v2\/product"}],"about":[{"href":"https:\/\/www.stemco.com\/fr\/wp-json\/wp\/v2\/types\/product"}],"up":[{"embeddable":true,"href":"https:\/\/www.stemco.com\/fr\/wp-json\/wp\/v2\/product\/5"}],"wp:featuredmedia":[{"embeddable":true,"href":"https:\/\/www.stemco.com\/fr\/wp-json\/wp\/v2\/media\/30358"}],"wp:attachment":[{"href":"https:\/\/www.stemco.com\/fr\/wp-json\/wp\/v2\/media?parent=5730"}],"wp:term":[{"taxonomy":"category","embeddable":true,"href":"https:\/\/www.stemco.com\/fr\/wp-json\/wp\/v2\/categories?post=5730"},{"taxonomy":"post_tag","embeddable":true,"href":"https:\/\/www.stemco.com\/fr\/wp-json\/wp\/v2\/tags?post=5730"},{"taxonomy":"product-category","embeddable":true,"href":"https:\/\/www.stemco.com\/fr\/wp-json\/wp\/v2\/product-category?post=5730"},{"taxonomy":"product-page-type-category","embeddable":true,"href":"https:\/\/www.stemco.com\/fr\/wp-json\/wp\/v2\/product-page-type-category?post=5730"}],"curies":[{"name":"wp","href":"https:\/\/api.w.org\/{rel}","templated":true}]}}