{"id":5702,"date":"2021-04-14T18:58:39","date_gmt":"2021-04-14T18:58:39","guid":{"rendered":"https:\/\/www.stemco.com\/?post_type=product&#038;p=5702"},"modified":"2025-04-07T21:49:05","modified_gmt":"2025-04-07T21:49:05","slug":"datatrac-field-programmable","status":"publish","type":"product","link":"https:\/\/www.stemco.com\/fr\/product\/wheel-end\/hubodometers\/datatrac-field-programmable\/","title":{"rendered":"Trac de donn\u00e9es<sup>\u00ae<\/sup> SVT\u2122 \u2013 Application de gestion de flotte programmable"},"content":{"rendered":"<p>Le capteur de kilom\u00e9trage \u00e9lectronique DataTrac SVT est un capteur qui fournit sans fil des lectures du compteur kilom\u00e9trique du v\u00e9hicule avec une pr\u00e9cision de +\/- 2%. Il est programmable pour s&#039;adapter \u00e0 pratiquement toutes les tailles de pneus, ne contient aucune pi\u00e8ce mobile pour une grande fiabilit\u00e9, est plus petit et plus l\u00e9ger que les autres solutions hubo et est facile \u00e0 installer.<\/p>\n<p>Le DataTrac SVT est propos\u00e9 en deux versions :<br \/>\n<b>Version inviolable<\/b> est principalement utilis\u00e9 par les flottes de location de remorques pour capturer les relev\u00e9s d&#039;odom\u00e8tre \u00e0 des fins de facturation.<br \/>\n<b>Version reprogrammable<\/b> est principalement utilis\u00e9 par les flottes d&#039;autobus ou de remorques pour la gestion de la maintenance bas\u00e9e sur la distance.<\/p>","protected":false},"excerpt":{"rendered":"<p>Le capteur de kilom\u00e9trage \u00e9lectronique DataTrac SVT est un capteur qui fournit sans fil des lectures du compteur kilom\u00e9trique du v\u00e9hicule avec une pr\u00e9cision de +\/- 2%. Il est programmable pour s&#039;adapter \u00e0 pratiquement toutes les tailles de pneus, ne contient aucune pi\u00e8ce mobile pour une grande fiabilit\u00e9, est plus petit et plus l\u00e9ger que les autres solutions hubo et est facile \u00e0 installer. Le DataTrac SVT est propos\u00e9 en deux versions : [\u2026]<\/p>","protected":false},"featured_media":15231,"parent":13,"menu_order":3,"template":"","format":"standard","meta":{"_acf_changed":false,"content-type":""},"categories":[],"tags":[],"product-category":[28],"product-page-type-category":[20],"class_list":["post-5702","product","type-product","status-publish","format-standard","has-post-thumbnail","hentry","product-category-hubodometers","product-page-type-category-simple-product-page"],"acf":[],"yoast_head":"<!-- This site is optimized with the Yoast SEO plugin v26.8 - https:\/\/yoast.com\/product\/yoast-seo-wordpress\/ -->\n<title>DataTrac\u00ae SVT\u2122 \u2013 Fleet Manager App Programmable - Stemco<\/title>\n<meta name=\"robots\" content=\"index, follow, max-snippet:-1, max-image-preview:large, max-video-preview:-1\" \/>\n<link rel=\"canonical\" href=\"https:\/\/www.stemco.com\/fr\/product\/wheel-end\/hubodometers\/datatrac-field-programmable\/\" \/>\n<meta property=\"og:locale\" content=\"fr_CA\" \/>\n<meta property=\"og:type\" content=\"article\" \/>\n<meta property=\"og:title\" content=\"DataTrac\u00ae SVT\u2122 \u2013 Fleet Manager App Programmable - Stemco\" \/>\n<meta property=\"og:description\" content=\"The DataTrac SVT Electronic Mileage Sensor is a sensor that wirelessly provides vehicle odometer readings within +\/-2% accuracy. It is programmable to fit virtually all tire sizes, contains no moving parts for high reliability, is smaller and lighter than other hubo solutions and is easy to install. The DataTrac SVT is offered in two versions: [&hellip;]\" \/>\n<meta property=\"og:url\" content=\"https:\/\/www.stemco.com\/fr\/product\/wheel-end\/hubodometers\/datatrac-field-programmable\/\" \/>\n<meta property=\"og:site_name\" content=\"Stemco\" \/>\n<meta property=\"article:modified_time\" content=\"2025-04-07T21:49:05+00:00\" \/>\n<meta property=\"og:image\" content=\"https:\/\/www.stemco.com\/wp-content\/uploads\/2023\/11\/DataTracSVT_SideBySide_512x207.jpg\" \/>\n\t<meta property=\"og:image:width\" content=\"512\" \/>\n\t<meta property=\"og:image:height\" content=\"207\" \/>\n\t<meta property=\"og:image:type\" content=\"image\/jpeg\" \/>\n<meta name=\"twitter:card\" content=\"summary_large_image\" \/>\n<meta name=\"twitter:label1\" content=\"Estimation du temps de lecture\" \/>\n\t<meta name=\"twitter:data1\" content=\"1 minute\" \/>\n<script type=\"application\/ld+json\" class=\"yoast-schema-graph\">{\"@context\":\"https:\/\/schema.org\",\"@graph\":[{\"@type\":\"WebPage\",\"@id\":\"https:\/\/www.stemco.com\/product\/wheel-end\/hubodometers\/datatrac-field-programmable\/\",\"url\":\"https:\/\/www.stemco.com\/product\/wheel-end\/hubodometers\/datatrac-field-programmable\/\",\"name\":\"DataTrac\u00ae SVT\u2122 \u2013 Fleet Manager App Programmable - Stemco\",\"isPartOf\":{\"@id\":\"https:\/\/www.stemco.com\/#website\"},\"primaryImageOfPage\":{\"@id\":\"https:\/\/www.stemco.com\/product\/wheel-end\/hubodometers\/datatrac-field-programmable\/#primaryimage\"},\"image\":{\"@id\":\"https:\/\/www.stemco.com\/product\/wheel-end\/hubodometers\/datatrac-field-programmable\/#primaryimage\"},\"thumbnailUrl\":\"https:\/\/www.stemco.com\/wp-content\/uploads\/2023\/11\/DataTracSVT_SideBySide_512x207.jpg\",\"datePublished\":\"2021-04-14T18:58:39+00:00\",\"dateModified\":\"2025-04-07T21:49:05+00:00\",\"breadcrumb\":{\"@id\":\"https:\/\/www.stemco.com\/product\/wheel-end\/hubodometers\/datatrac-field-programmable\/#breadcrumb\"},\"inLanguage\":\"fr-CA\",\"potentialAction\":[{\"@type\":\"ReadAction\",\"target\":[\"https:\/\/www.stemco.com\/product\/wheel-end\/hubodometers\/datatrac-field-programmable\/\"]}]},{\"@type\":\"ImageObject\",\"inLanguage\":\"fr-CA\",\"@id\":\"https:\/\/www.stemco.com\/product\/wheel-end\/hubodometers\/datatrac-field-programmable\/#primaryimage\",\"url\":\"https:\/\/www.stemco.com\/wp-content\/uploads\/2023\/11\/DataTracSVT_SideBySide_512x207.jpg\",\"contentUrl\":\"https:\/\/www.stemco.com\/wp-content\/uploads\/2023\/11\/DataTracSVT_SideBySide_512x207.jpg\",\"width\":512,\"height\":207,\"caption\":\"DataTrac SVT\"},{\"@type\":\"BreadcrumbList\",\"@id\":\"https:\/\/www.stemco.com\/product\/wheel-end\/hubodometers\/datatrac-field-programmable\/#breadcrumb\",\"itemListElement\":[{\"@type\":\"ListItem\",\"position\":1,\"name\":\"Home\",\"item\":\"https:\/\/www.stemco.com\/\"},{\"@type\":\"ListItem\",\"position\":2,\"name\":\"Products\",\"item\":\"https:\/\/www.stemco.com\/product\/\"},{\"@type\":\"ListItem\",\"position\":3,\"name\":\"Wheel End\",\"item\":\"https:\/\/www.stemco.com\/product\/wheel-end\/\"},{\"@type\":\"ListItem\",\"position\":4,\"name\":\"Hubodometers\",\"item\":\"https:\/\/www.stemco.com\/product\/wheel-end\/hubodometers\/\"},{\"@type\":\"ListItem\",\"position\":5,\"name\":\"DataTrac\u00ae SVT\u2122 \u2013 Fleet Manager App Programmable\"}]},{\"@type\":\"WebSite\",\"@id\":\"https:\/\/www.stemco.com\/#website\",\"url\":\"https:\/\/www.stemco.com\/\",\"name\":\"Stemco\",\"description\":\"Making The Roadways Safer\u00ae\",\"publisher\":{\"@id\":\"https:\/\/www.stemco.com\/#organization\"},\"potentialAction\":[{\"@type\":\"SearchAction\",\"target\":{\"@type\":\"EntryPoint\",\"urlTemplate\":\"https:\/\/www.stemco.com\/?s={search_term_string}\"},\"query-input\":{\"@type\":\"PropertyValueSpecification\",\"valueRequired\":true,\"valueName\":\"search_term_string\"}}],\"inLanguage\":\"fr-CA\"},{\"@type\":\"Organization\",\"@id\":\"https:\/\/www.stemco.com\/#organization\",\"name\":\"Stemco\",\"url\":\"https:\/\/www.stemco.com\/\",\"logo\":{\"@type\":\"ImageObject\",\"inLanguage\":\"fr-CA\",\"@id\":\"https:\/\/www.stemco.com\/#\/schema\/logo\/image\/\",\"url\":\"https:\/\/www.stemco.com\/wp-content\/uploads\/2025\/04\/stemco-logo-enpro.png\",\"contentUrl\":\"https:\/\/www.stemco.com\/wp-content\/uploads\/2025\/04\/stemco-logo-enpro.png\",\"width\":245,\"height\":40,\"caption\":\"Stemco\"},\"image\":{\"@id\":\"https:\/\/www.stemco.com\/#\/schema\/logo\/image\/\"}}]}<\/script>\n<!-- \/ Yoast SEO plugin. -->","yoast_head_json":{"title":"DataTrac\u00ae SVT\u2122 \u2013 Application de gestion de flotte programmable - Stemco","robots":{"index":"index","follow":"follow","max-snippet":"max-snippet:-1","max-image-preview":"max-image-preview:large","max-video-preview":"max-video-preview:-1"},"canonical":"https:\/\/www.stemco.com\/fr\/product\/wheel-end\/hubodometers\/datatrac-field-programmable\/","og_locale":"fr_CA","og_type":"article","og_title":"DataTrac\u00ae SVT\u2122 \u2013 Fleet Manager App Programmable - Stemco","og_description":"The DataTrac SVT Electronic Mileage Sensor is a sensor that wirelessly provides vehicle odometer readings within +\/-2% accuracy. It is programmable to fit virtually all tire sizes, contains no moving parts for high reliability, is smaller and lighter than other hubo solutions and is easy to install. The DataTrac SVT is offered in two versions: [&hellip;]","og_url":"https:\/\/www.stemco.com\/fr\/product\/wheel-end\/hubodometers\/datatrac-field-programmable\/","og_site_name":"Stemco","article_modified_time":"2025-04-07T21:49:05+00:00","og_image":[{"width":512,"height":207,"url":"https:\/\/www.stemco.com\/wp-content\/uploads\/2023\/11\/DataTracSVT_SideBySide_512x207.jpg","type":"image\/jpeg"}],"twitter_card":"summary_large_image","twitter_misc":{"Estimation du temps de lecture":"1 minute"},"schema":{"@context":"https:\/\/schema.org","@graph":[{"@type":"WebPage","@id":"https:\/\/www.stemco.com\/product\/wheel-end\/hubodometers\/datatrac-field-programmable\/","url":"https:\/\/www.stemco.com\/product\/wheel-end\/hubodometers\/datatrac-field-programmable\/","name":"DataTrac\u00ae SVT\u2122 \u2013 Application de gestion de flotte programmable - Stemco","isPartOf":{"@id":"https:\/\/www.stemco.com\/#website"},"primaryImageOfPage":{"@id":"https:\/\/www.stemco.com\/product\/wheel-end\/hubodometers\/datatrac-field-programmable\/#primaryimage"},"image":{"@id":"https:\/\/www.stemco.com\/product\/wheel-end\/hubodometers\/datatrac-field-programmable\/#primaryimage"},"thumbnailUrl":"https:\/\/www.stemco.com\/wp-content\/uploads\/2023\/11\/DataTracSVT_SideBySide_512x207.jpg","datePublished":"2021-04-14T18:58:39+00:00","dateModified":"2025-04-07T21:49:05+00:00","breadcrumb":{"@id":"https:\/\/www.stemco.com\/product\/wheel-end\/hubodometers\/datatrac-field-programmable\/#breadcrumb"},"inLanguage":"fr-CA","potentialAction":[{"@type":"ReadAction","target":["https:\/\/www.stemco.com\/product\/wheel-end\/hubodometers\/datatrac-field-programmable\/"]}]},{"@type":"ImageObject","inLanguage":"fr-CA","@id":"https:\/\/www.stemco.com\/product\/wheel-end\/hubodometers\/datatrac-field-programmable\/#primaryimage","url":"https:\/\/www.stemco.com\/wp-content\/uploads\/2023\/11\/DataTracSVT_SideBySide_512x207.jpg","contentUrl":"https:\/\/www.stemco.com\/wp-content\/uploads\/2023\/11\/DataTracSVT_SideBySide_512x207.jpg","width":512,"height":207,"caption":"DataTrac SVT"},{"@type":"BreadcrumbList","@id":"https:\/\/www.stemco.com\/product\/wheel-end\/hubodometers\/datatrac-field-programmable\/#breadcrumb","itemListElement":[{"@type":"ListItem","position":1,"name":"Home","item":"https:\/\/www.stemco.com\/"},{"@type":"ListItem","position":2,"name":"Products","item":"https:\/\/www.stemco.com\/product\/"},{"@type":"ListItem","position":3,"name":"Wheel End","item":"https:\/\/www.stemco.com\/product\/wheel-end\/"},{"@type":"ListItem","position":4,"name":"Hubodometers","item":"https:\/\/www.stemco.com\/product\/wheel-end\/hubodometers\/"},{"@type":"ListItem","position":5,"name":"DataTrac\u00ae SVT\u2122 \u2013 Fleet Manager App Programmable"}]},{"@type":"WebSite","@id":"https:\/\/www.stemco.com\/#website","url":"https:\/\/www.stemco.com\/","name":"Stemco","description":"Rendre les routes plus s\u00fbres\u00ae","publisher":{"@id":"https:\/\/www.stemco.com\/#organization"},"potentialAction":[{"@type":"SearchAction","target":{"@type":"EntryPoint","urlTemplate":"https:\/\/www.stemco.com\/?s={search_term_string}"},"query-input":{"@type":"PropertyValueSpecification","valueRequired":true,"valueName":"search_term_string"}}],"inLanguage":"fr-CA"},{"@type":"Organization","@id":"https:\/\/www.stemco.com\/#organization","name":"Stemco","url":"https:\/\/www.stemco.com\/","logo":{"@type":"ImageObject","inLanguage":"fr-CA","@id":"https:\/\/www.stemco.com\/#\/schema\/logo\/image\/","url":"https:\/\/www.stemco.com\/wp-content\/uploads\/2025\/04\/stemco-logo-enpro.png","contentUrl":"https:\/\/www.stemco.com\/wp-content\/uploads\/2025\/04\/stemco-logo-enpro.png","width":245,"height":40,"caption":"Stemco"},"image":{"@id":"https:\/\/www.stemco.com\/#\/schema\/logo\/image\/"}}]}},"_links":{"self":[{"href":"https:\/\/www.stemco.com\/fr\/wp-json\/wp\/v2\/product\/5702","targetHints":{"allow":["GET"]}}],"collection":[{"href":"https:\/\/www.stemco.com\/fr\/wp-json\/wp\/v2\/product"}],"about":[{"href":"https:\/\/www.stemco.com\/fr\/wp-json\/wp\/v2\/types\/product"}],"up":[{"embeddable":true,"href":"https:\/\/www.stemco.com\/fr\/wp-json\/wp\/v2\/product\/13"}],"wp:featuredmedia":[{"embeddable":true,"href":"https:\/\/www.stemco.com\/fr\/wp-json\/wp\/v2\/media\/15231"}],"wp:attachment":[{"href":"https:\/\/www.stemco.com\/fr\/wp-json\/wp\/v2\/media?parent=5702"}],"wp:term":[{"taxonomy":"category","embeddable":true,"href":"https:\/\/www.stemco.com\/fr\/wp-json\/wp\/v2\/categories?post=5702"},{"taxonomy":"post_tag","embeddable":true,"href":"https:\/\/www.stemco.com\/fr\/wp-json\/wp\/v2\/tags?post=5702"},{"taxonomy":"product-category","embeddable":true,"href":"https:\/\/www.stemco.com\/fr\/wp-json\/wp\/v2\/product-category?post=5702"},{"taxonomy":"product-page-type-category","embeddable":true,"href":"https:\/\/www.stemco.com\/fr\/wp-json\/wp\/v2\/product-page-type-category?post=5702"}],"curies":[{"name":"wp","href":"https:\/\/api.w.org\/{rel}","templated":true}]}}