{"id":5681,"date":"2021-03-29T20:57:54","date_gmt":"2021-03-29T20:57:54","guid":{"rendered":"https:\/\/www.stemco.com\/?post_type=product&#038;p=5681"},"modified":"2023-10-24T22:43:36","modified_gmt":"2023-10-24T22:43:36","slug":"stemcos-vehicle-technology","status":"publish","type":"product","link":"https:\/\/www.stemco.com\/fr\/product\/wheel-end\/stemcos-vehicle-technology\/","title":{"rendered":"Technologie des v\u00e9hicules STEMCO\u2122"},"content":{"rendered":"<p>\u00c0 eux seuls, STEMCO<sup>\u00ae<\/sup>\u00a0Les composants d&#039;extr\u00e9mit\u00e9 de roue sont parmi les plus l\u00e9gers, les plus durables et les plus performants de l&#039;industrie. Regroup\u00e9s dans un Platinum Performance System\u2122, ils fonctionnent ensemble pour cr\u00e9er les syst\u00e8mes d&#039;extr\u00e9mit\u00e9 de roue les plus fiables et les plus efficaces possibles. Avec des garanties allant jusqu&#039;\u00e0 7 ans, les syst\u00e8mes Platinum Performance offrent une confiance et une tranquillit\u00e9 d&#039;esprit in\u00e9gal\u00e9es.<\/p>","protected":false},"excerpt":{"rendered":"<p>\u00c0 eux seuls, les composants d&#039;extr\u00e9mit\u00e9 de roue STEMCO\u00ae sont parmi les plus l\u00e9gers, les plus durables et les plus performants de l&#039;industrie. Regroup\u00e9s dans un Platinum Performance System\u2122, ils fonctionnent ensemble pour cr\u00e9er les syst\u00e8mes d&#039;extr\u00e9mit\u00e9 de roue les plus fiables et les plus efficaces possibles. Avec des garanties allant jusqu&#039;\u00e0 7 ans, les syst\u00e8mes Platinum Performance offrent une confiance et une tranquillit\u00e9 d&#039;esprit in\u00e9gal\u00e9es.<\/p>","protected":false},"featured_media":5679,"parent":5,"menu_order":0,"template":"","format":"standard","meta":{"_acf_changed":false,"content-type":""},"categories":[],"tags":[],"product-category":[26],"product-page-type-category":[19],"class_list":["post-5681","product","type-product","status-publish","format-standard","has-post-thumbnail","hentry","product-category-wheel-end-system-solutions","product-page-type-category-robust-product-page"],"acf":[],"yoast_head":"<!-- This site is optimized with the Yoast SEO plugin v26.8 - https:\/\/yoast.com\/product\/yoast-seo-wordpress\/ -->\n<title>STEMCO Vehicle Technology\u2122 - Stemco<\/title>\n<meta name=\"robots\" content=\"index, follow, max-snippet:-1, max-image-preview:large, max-video-preview:-1\" \/>\n<link rel=\"canonical\" href=\"https:\/\/www.stemco.com\/fr\/product\/wheel-end\/stemcos-vehicle-technology\/\" \/>\n<meta property=\"og:locale\" content=\"fr_CA\" \/>\n<meta property=\"og:type\" content=\"article\" \/>\n<meta property=\"og:title\" content=\"STEMCO Vehicle Technology\u2122 - Stemco\" \/>\n<meta property=\"og:description\" content=\"On their own, STEMCO\u00ae\u00a0wheel end components are among the lightest, most durable and highest performing in the industry. Bundled together in a Platinum Performance System\u2122, they work together to create the most reliable and efficient wheel end systems possible. With up to 7-year warranties, Platinum Performance Systems provide unrivaled confidence and peace of mind.\" \/>\n<meta property=\"og:url\" content=\"https:\/\/www.stemco.com\/fr\/product\/wheel-end\/stemcos-vehicle-technology\/\" \/>\n<meta property=\"og:site_name\" content=\"Stemco\" \/>\n<meta property=\"article:modified_time\" content=\"2023-10-24T22:43:36+00:00\" \/>\n<meta property=\"og:image\" content=\"https:\/\/www.stemco.com\/wp-content\/uploads\/2020\/07\/platinum-performance-system-header.jpg\" \/>\n\t<meta property=\"og:image:width\" content=\"675\" \/>\n\t<meta property=\"og:image:height\" content=\"250\" \/>\n\t<meta property=\"og:image:type\" content=\"image\/jpeg\" \/>\n<meta name=\"twitter:card\" content=\"summary_large_image\" \/>\n<meta name=\"twitter:label1\" content=\"Estimation du temps de lecture\" \/>\n\t<meta name=\"twitter:data1\" content=\"1 minute\" \/>\n<script type=\"application\/ld+json\" class=\"yoast-schema-graph\">{\"@context\":\"https:\/\/schema.org\",\"@graph\":[{\"@type\":\"WebPage\",\"@id\":\"https:\/\/www.stemco.com\/product\/wheel-end\/stemcos-vehicle-technology\/\",\"url\":\"https:\/\/www.stemco.com\/product\/wheel-end\/stemcos-vehicle-technology\/\",\"name\":\"STEMCO Vehicle Technology\u2122 - Stemco\",\"isPartOf\":{\"@id\":\"https:\/\/www.stemco.com\/#website\"},\"primaryImageOfPage\":{\"@id\":\"https:\/\/www.stemco.com\/product\/wheel-end\/stemcos-vehicle-technology\/#primaryimage\"},\"image\":{\"@id\":\"https:\/\/www.stemco.com\/product\/wheel-end\/stemcos-vehicle-technology\/#primaryimage\"},\"thumbnailUrl\":\"https:\/\/www.stemco.com\/wp-content\/uploads\/2020\/07\/platinum-performance-system-header.jpg\",\"datePublished\":\"2021-03-29T20:57:54+00:00\",\"dateModified\":\"2023-10-24T22:43:36+00:00\",\"breadcrumb\":{\"@id\":\"https:\/\/www.stemco.com\/product\/wheel-end\/stemcos-vehicle-technology\/#breadcrumb\"},\"inLanguage\":\"fr-CA\",\"potentialAction\":[{\"@type\":\"ReadAction\",\"target\":[\"https:\/\/www.stemco.com\/product\/wheel-end\/stemcos-vehicle-technology\/\"]}]},{\"@type\":\"ImageObject\",\"inLanguage\":\"fr-CA\",\"@id\":\"https:\/\/www.stemco.com\/product\/wheel-end\/stemcos-vehicle-technology\/#primaryimage\",\"url\":\"https:\/\/www.stemco.com\/wp-content\/uploads\/2020\/07\/platinum-performance-system-header.jpg\",\"contentUrl\":\"https:\/\/www.stemco.com\/wp-content\/uploads\/2020\/07\/platinum-performance-system-header.jpg\",\"width\":675,\"height\":250,\"caption\":\"Wheel End Parts\"},{\"@type\":\"BreadcrumbList\",\"@id\":\"https:\/\/www.stemco.com\/product\/wheel-end\/stemcos-vehicle-technology\/#breadcrumb\",\"itemListElement\":[{\"@type\":\"ListItem\",\"position\":1,\"name\":\"Home\",\"item\":\"https:\/\/www.stemco.com\/\"},{\"@type\":\"ListItem\",\"position\":2,\"name\":\"Products\",\"item\":\"https:\/\/www.stemco.com\/product\/\"},{\"@type\":\"ListItem\",\"position\":3,\"name\":\"Wheel End\",\"item\":\"https:\/\/www.stemco.com\/product\/wheel-end\/\"},{\"@type\":\"ListItem\",\"position\":4,\"name\":\"STEMCO Vehicle Technology\u2122\"}]},{\"@type\":\"WebSite\",\"@id\":\"https:\/\/www.stemco.com\/#website\",\"url\":\"https:\/\/www.stemco.com\/\",\"name\":\"Stemco\",\"description\":\"Making The Roadways Safer\u00ae\",\"publisher\":{\"@id\":\"https:\/\/www.stemco.com\/#organization\"},\"potentialAction\":[{\"@type\":\"SearchAction\",\"target\":{\"@type\":\"EntryPoint\",\"urlTemplate\":\"https:\/\/www.stemco.com\/?s={search_term_string}\"},\"query-input\":{\"@type\":\"PropertyValueSpecification\",\"valueRequired\":true,\"valueName\":\"search_term_string\"}}],\"inLanguage\":\"fr-CA\"},{\"@type\":\"Organization\",\"@id\":\"https:\/\/www.stemco.com\/#organization\",\"name\":\"Stemco\",\"url\":\"https:\/\/www.stemco.com\/\",\"logo\":{\"@type\":\"ImageObject\",\"inLanguage\":\"fr-CA\",\"@id\":\"https:\/\/www.stemco.com\/#\/schema\/logo\/image\/\",\"url\":\"https:\/\/www.stemco.com\/wp-content\/uploads\/2025\/04\/stemco-logo-enpro.png\",\"contentUrl\":\"https:\/\/www.stemco.com\/wp-content\/uploads\/2025\/04\/stemco-logo-enpro.png\",\"width\":245,\"height\":40,\"caption\":\"Stemco\"},\"image\":{\"@id\":\"https:\/\/www.stemco.com\/#\/schema\/logo\/image\/\"}}]}<\/script>\n<!-- \/ Yoast SEO plugin. -->","yoast_head_json":{"title":"STEMCO Vehicle Technology\u2122 - Stemco","robots":{"index":"index","follow":"follow","max-snippet":"max-snippet:-1","max-image-preview":"max-image-preview:large","max-video-preview":"max-video-preview:-1"},"canonical":"https:\/\/www.stemco.com\/fr\/product\/wheel-end\/stemcos-vehicle-technology\/","og_locale":"fr_CA","og_type":"article","og_title":"STEMCO Vehicle Technology\u2122 - Stemco","og_description":"On their own, STEMCO\u00ae\u00a0wheel end components are among the lightest, most durable and highest performing in the industry. Bundled together in a Platinum Performance System\u2122, they work together to create the most reliable and efficient wheel end systems possible. With up to 7-year warranties, Platinum Performance Systems provide unrivaled confidence and peace of mind.","og_url":"https:\/\/www.stemco.com\/fr\/product\/wheel-end\/stemcos-vehicle-technology\/","og_site_name":"Stemco","article_modified_time":"2023-10-24T22:43:36+00:00","og_image":[{"width":675,"height":250,"url":"https:\/\/www.stemco.com\/wp-content\/uploads\/2020\/07\/platinum-performance-system-header.jpg","type":"image\/jpeg"}],"twitter_card":"summary_large_image","twitter_misc":{"Estimation du temps de lecture":"1 minute"},"schema":{"@context":"https:\/\/schema.org","@graph":[{"@type":"WebPage","@id":"https:\/\/www.stemco.com\/product\/wheel-end\/stemcos-vehicle-technology\/","url":"https:\/\/www.stemco.com\/product\/wheel-end\/stemcos-vehicle-technology\/","name":"STEMCO Vehicle Technology\u2122 - Stemco","isPartOf":{"@id":"https:\/\/www.stemco.com\/#website"},"primaryImageOfPage":{"@id":"https:\/\/www.stemco.com\/product\/wheel-end\/stemcos-vehicle-technology\/#primaryimage"},"image":{"@id":"https:\/\/www.stemco.com\/product\/wheel-end\/stemcos-vehicle-technology\/#primaryimage"},"thumbnailUrl":"https:\/\/www.stemco.com\/wp-content\/uploads\/2020\/07\/platinum-performance-system-header.jpg","datePublished":"2021-03-29T20:57:54+00:00","dateModified":"2023-10-24T22:43:36+00:00","breadcrumb":{"@id":"https:\/\/www.stemco.com\/product\/wheel-end\/stemcos-vehicle-technology\/#breadcrumb"},"inLanguage":"fr-CA","potentialAction":[{"@type":"ReadAction","target":["https:\/\/www.stemco.com\/product\/wheel-end\/stemcos-vehicle-technology\/"]}]},{"@type":"ImageObject","inLanguage":"fr-CA","@id":"https:\/\/www.stemco.com\/product\/wheel-end\/stemcos-vehicle-technology\/#primaryimage","url":"https:\/\/www.stemco.com\/wp-content\/uploads\/2020\/07\/platinum-performance-system-header.jpg","contentUrl":"https:\/\/www.stemco.com\/wp-content\/uploads\/2020\/07\/platinum-performance-system-header.jpg","width":675,"height":250,"caption":"Wheel End Parts"},{"@type":"BreadcrumbList","@id":"https:\/\/www.stemco.com\/product\/wheel-end\/stemcos-vehicle-technology\/#breadcrumb","itemListElement":[{"@type":"ListItem","position":1,"name":"Home","item":"https:\/\/www.stemco.com\/"},{"@type":"ListItem","position":2,"name":"Products","item":"https:\/\/www.stemco.com\/product\/"},{"@type":"ListItem","position":3,"name":"Wheel End","item":"https:\/\/www.stemco.com\/product\/wheel-end\/"},{"@type":"ListItem","position":4,"name":"STEMCO Vehicle Technology\u2122"}]},{"@type":"WebSite","@id":"https:\/\/www.stemco.com\/#website","url":"https:\/\/www.stemco.com\/","name":"Stemco","description":"Rendre les routes plus s\u00fbres\u00ae","publisher":{"@id":"https:\/\/www.stemco.com\/#organization"},"potentialAction":[{"@type":"SearchAction","target":{"@type":"EntryPoint","urlTemplate":"https:\/\/www.stemco.com\/?s={search_term_string}"},"query-input":{"@type":"PropertyValueSpecification","valueRequired":true,"valueName":"search_term_string"}}],"inLanguage":"fr-CA"},{"@type":"Organization","@id":"https:\/\/www.stemco.com\/#organization","name":"Stemco","url":"https:\/\/www.stemco.com\/","logo":{"@type":"ImageObject","inLanguage":"fr-CA","@id":"https:\/\/www.stemco.com\/#\/schema\/logo\/image\/","url":"https:\/\/www.stemco.com\/wp-content\/uploads\/2025\/04\/stemco-logo-enpro.png","contentUrl":"https:\/\/www.stemco.com\/wp-content\/uploads\/2025\/04\/stemco-logo-enpro.png","width":245,"height":40,"caption":"Stemco"},"image":{"@id":"https:\/\/www.stemco.com\/#\/schema\/logo\/image\/"}}]}},"_links":{"self":[{"href":"https:\/\/www.stemco.com\/fr\/wp-json\/wp\/v2\/product\/5681","targetHints":{"allow":["GET"]}}],"collection":[{"href":"https:\/\/www.stemco.com\/fr\/wp-json\/wp\/v2\/product"}],"about":[{"href":"https:\/\/www.stemco.com\/fr\/wp-json\/wp\/v2\/types\/product"}],"up":[{"embeddable":true,"href":"https:\/\/www.stemco.com\/fr\/wp-json\/wp\/v2\/product\/5"}],"wp:featuredmedia":[{"embeddable":true,"href":"https:\/\/www.stemco.com\/fr\/wp-json\/wp\/v2\/media\/5679"}],"wp:attachment":[{"href":"https:\/\/www.stemco.com\/fr\/wp-json\/wp\/v2\/media?parent=5681"}],"wp:term":[{"taxonomy":"category","embeddable":true,"href":"https:\/\/www.stemco.com\/fr\/wp-json\/wp\/v2\/categories?post=5681"},{"taxonomy":"post_tag","embeddable":true,"href":"https:\/\/www.stemco.com\/fr\/wp-json\/wp\/v2\/tags?post=5681"},{"taxonomy":"product-category","embeddable":true,"href":"https:\/\/www.stemco.com\/fr\/wp-json\/wp\/v2\/product-category?post=5681"},{"taxonomy":"product-page-type-category","embeddable":true,"href":"https:\/\/www.stemco.com\/fr\/wp-json\/wp\/v2\/product-page-type-category?post=5681"}],"curies":[{"name":"wp","href":"https:\/\/api.w.org\/{rel}","templated":true}]}}