{"id":5,"date":"2020-05-20T16:30:45","date_gmt":"2020-05-20T16:30:45","guid":{"rendered":"http:\/\/stemco.local\/?post_type=product&#038;p=5"},"modified":"2024-07-12T18:56:16","modified_gmt":"2024-07-12T18:56:16","slug":"wheel-end","status":"publish","type":"product","link":"https:\/\/www.stemco.com\/fr\/product\/wheel-end\/","title":{"rendered":"Extr\u00e9mit\u00e9 de roue"},"content":{"rendered":"<p>Les capuchons de moyeu, les \u00e9crous de fixation d&#039;essieu, les roulements et les joints de STEMCO offrent une confiance in\u00e9gal\u00e9e et les produits d&#039;extr\u00e9mit\u00e9 de roue les plus fiables.<\/p>\n<p><a class=\"find-a-distributor-cta\" href=\"https:\/\/www.stemco.com\/fr\/locate-a-distributor\/\">Trouver un distributeur<\/a><\/p>","protected":false},"excerpt":{"rendered":"<p>Les capuchons de moyeu, les \u00e9crous de fixation d&#039;essieu, les roulements et les joints de STEMCO offrent une confiance in\u00e9gal\u00e9e et les produits d&#039;extr\u00e9mit\u00e9 de roue les plus fiables. Trouver un distributeur<\/p>","protected":false},"featured_media":0,"parent":0,"menu_order":0,"template":"","format":"standard","meta":{"_acf_changed":false,"content-type":""},"categories":[],"tags":[],"product-category":[21],"product-page-type-category":[17],"class_list":["post-5","product","type-product","status-publish","format-standard","hentry","product-category-wheel-end","product-page-type-category-product-parent"],"acf":[],"yoast_head":"<!-- This site is optimized with the Yoast SEO plugin v26.8 - https:\/\/yoast.com\/product\/yoast-seo-wordpress\/ -->\n<title>Wheel End Products | STEMCO\u00ae<\/title>\n<meta name=\"description\" content=\"Pre-adjusted hub assemblies, hub caps, axle fastening nuts, bearings, seals by STEMCO\u00ae provide unrivaled confidence and the most reliable wheel end products.\" \/>\n<meta name=\"robots\" content=\"index, follow, max-snippet:-1, max-image-preview:large, max-video-preview:-1\" \/>\n<link rel=\"canonical\" href=\"https:\/\/www.stemco.com\/fr\/product\/wheel-end\/\" \/>\n<meta property=\"og:locale\" content=\"fr_CA\" \/>\n<meta property=\"og:type\" content=\"article\" \/>\n<meta property=\"og:title\" content=\"Wheel End Products | STEMCO\u00ae\" \/>\n<meta property=\"og:description\" content=\"Pre-adjusted hub assemblies, hub caps, axle fastening nuts, bearings, seals by STEMCO\u00ae provide unrivaled confidence and the most reliable wheel end products.\" \/>\n<meta property=\"og:url\" content=\"https:\/\/www.stemco.com\/fr\/product\/wheel-end\/\" \/>\n<meta property=\"og:site_name\" content=\"Stemco\" \/>\n<meta property=\"article:modified_time\" content=\"2024-07-12T18:56:16+00:00\" \/>\n<meta name=\"twitter:card\" content=\"summary_large_image\" \/>\n<meta name=\"twitter:label1\" content=\"Estimation du temps de lecture\" \/>\n\t<meta name=\"twitter:data1\" content=\"1 minute\" \/>\n<script type=\"application\/ld+json\" class=\"yoast-schema-graph\">{\"@context\":\"https:\/\/schema.org\",\"@graph\":[{\"@type\":\"WebPage\",\"@id\":\"https:\/\/www.stemco.com\/product\/wheel-end\/\",\"url\":\"https:\/\/www.stemco.com\/product\/wheel-end\/\",\"name\":\"Wheel End Products | STEMCO\u00ae\",\"isPartOf\":{\"@id\":\"https:\/\/www.stemco.com\/#website\"},\"datePublished\":\"2020-05-20T16:30:45+00:00\",\"dateModified\":\"2024-07-12T18:56:16+00:00\",\"description\":\"Pre-adjusted hub assemblies, hub caps, axle fastening nuts, bearings, seals by STEMCO\u00ae provide unrivaled confidence and the most reliable wheel end products.\",\"breadcrumb\":{\"@id\":\"https:\/\/www.stemco.com\/product\/wheel-end\/#breadcrumb\"},\"inLanguage\":\"fr-CA\",\"potentialAction\":[{\"@type\":\"ReadAction\",\"target\":[\"https:\/\/www.stemco.com\/product\/wheel-end\/\"]}]},{\"@type\":\"BreadcrumbList\",\"@id\":\"https:\/\/www.stemco.com\/product\/wheel-end\/#breadcrumb\",\"itemListElement\":[{\"@type\":\"ListItem\",\"position\":1,\"name\":\"Home\",\"item\":\"https:\/\/www.stemco.com\/\"},{\"@type\":\"ListItem\",\"position\":2,\"name\":\"Products\",\"item\":\"https:\/\/www.stemco.com\/product\/\"},{\"@type\":\"ListItem\",\"position\":3,\"name\":\"Wheel End\"}]},{\"@type\":\"WebSite\",\"@id\":\"https:\/\/www.stemco.com\/#website\",\"url\":\"https:\/\/www.stemco.com\/\",\"name\":\"Stemco\",\"description\":\"Making The Roadways Safer\u00ae\",\"publisher\":{\"@id\":\"https:\/\/www.stemco.com\/#organization\"},\"potentialAction\":[{\"@type\":\"SearchAction\",\"target\":{\"@type\":\"EntryPoint\",\"urlTemplate\":\"https:\/\/www.stemco.com\/?s={search_term_string}\"},\"query-input\":{\"@type\":\"PropertyValueSpecification\",\"valueRequired\":true,\"valueName\":\"search_term_string\"}}],\"inLanguage\":\"fr-CA\"},{\"@type\":\"Organization\",\"@id\":\"https:\/\/www.stemco.com\/#organization\",\"name\":\"Stemco\",\"url\":\"https:\/\/www.stemco.com\/\",\"logo\":{\"@type\":\"ImageObject\",\"inLanguage\":\"fr-CA\",\"@id\":\"https:\/\/www.stemco.com\/#\/schema\/logo\/image\/\",\"url\":\"https:\/\/www.stemco.com\/wp-content\/uploads\/2025\/04\/stemco-logo-enpro.png\",\"contentUrl\":\"https:\/\/www.stemco.com\/wp-content\/uploads\/2025\/04\/stemco-logo-enpro.png\",\"width\":245,\"height\":40,\"caption\":\"Stemco\"},\"image\":{\"@id\":\"https:\/\/www.stemco.com\/#\/schema\/logo\/image\/\"}}]}<\/script>\n<!-- \/ Yoast SEO plugin. -->","yoast_head_json":{"title":"Produits pour extr\u00e9mit\u00e9s de roues | STEMCO\u00ae","description":"Les ensembles de moyeux pr\u00e9r\u00e9gl\u00e9s, les enjoliveurs, les \u00e9crous de fixation d&#039;essieu, les roulements et les joints d&#039;\u00e9tanch\u00e9it\u00e9 STEMCO\u00ae offrent une confiance in\u00e9gal\u00e9e et les produits d&#039;extr\u00e9mit\u00e9 de roue les plus fiables.","robots":{"index":"index","follow":"follow","max-snippet":"max-snippet:-1","max-image-preview":"max-image-preview:large","max-video-preview":"max-video-preview:-1"},"canonical":"https:\/\/www.stemco.com\/fr\/product\/wheel-end\/","og_locale":"fr_CA","og_type":"article","og_title":"Wheel End Products | STEMCO\u00ae","og_description":"Pre-adjusted hub assemblies, hub caps, axle fastening nuts, bearings, seals by STEMCO\u00ae provide unrivaled confidence and the most reliable wheel end products.","og_url":"https:\/\/www.stemco.com\/fr\/product\/wheel-end\/","og_site_name":"Stemco","article_modified_time":"2024-07-12T18:56:16+00:00","twitter_card":"summary_large_image","twitter_misc":{"Estimation du temps de lecture":"1 minute"},"schema":{"@context":"https:\/\/schema.org","@graph":[{"@type":"WebPage","@id":"https:\/\/www.stemco.com\/product\/wheel-end\/","url":"https:\/\/www.stemco.com\/product\/wheel-end\/","name":"Produits pour extr\u00e9mit\u00e9s de roues | STEMCO\u00ae","isPartOf":{"@id":"https:\/\/www.stemco.com\/#website"},"datePublished":"2020-05-20T16:30:45+00:00","dateModified":"2024-07-12T18:56:16+00:00","description":"Les ensembles de moyeux pr\u00e9r\u00e9gl\u00e9s, les enjoliveurs, les \u00e9crous de fixation d&#039;essieu, les roulements et les joints d&#039;\u00e9tanch\u00e9it\u00e9 STEMCO\u00ae offrent une confiance in\u00e9gal\u00e9e et les produits d&#039;extr\u00e9mit\u00e9 de roue les plus fiables.","breadcrumb":{"@id":"https:\/\/www.stemco.com\/product\/wheel-end\/#breadcrumb"},"inLanguage":"fr-CA","potentialAction":[{"@type":"ReadAction","target":["https:\/\/www.stemco.com\/product\/wheel-end\/"]}]},{"@type":"BreadcrumbList","@id":"https:\/\/www.stemco.com\/product\/wheel-end\/#breadcrumb","itemListElement":[{"@type":"ListItem","position":1,"name":"Home","item":"https:\/\/www.stemco.com\/"},{"@type":"ListItem","position":2,"name":"Products","item":"https:\/\/www.stemco.com\/product\/"},{"@type":"ListItem","position":3,"name":"Wheel End"}]},{"@type":"WebSite","@id":"https:\/\/www.stemco.com\/#website","url":"https:\/\/www.stemco.com\/","name":"Stemco","description":"Rendre les routes plus s\u00fbres\u00ae","publisher":{"@id":"https:\/\/www.stemco.com\/#organization"},"potentialAction":[{"@type":"SearchAction","target":{"@type":"EntryPoint","urlTemplate":"https:\/\/www.stemco.com\/?s={search_term_string}"},"query-input":{"@type":"PropertyValueSpecification","valueRequired":true,"valueName":"search_term_string"}}],"inLanguage":"fr-CA"},{"@type":"Organization","@id":"https:\/\/www.stemco.com\/#organization","name":"Stemco","url":"https:\/\/www.stemco.com\/","logo":{"@type":"ImageObject","inLanguage":"fr-CA","@id":"https:\/\/www.stemco.com\/#\/schema\/logo\/image\/","url":"https:\/\/www.stemco.com\/wp-content\/uploads\/2025\/04\/stemco-logo-enpro.png","contentUrl":"https:\/\/www.stemco.com\/wp-content\/uploads\/2025\/04\/stemco-logo-enpro.png","width":245,"height":40,"caption":"Stemco"},"image":{"@id":"https:\/\/www.stemco.com\/#\/schema\/logo\/image\/"}}]}},"_links":{"self":[{"href":"https:\/\/www.stemco.com\/fr\/wp-json\/wp\/v2\/product\/5","targetHints":{"allow":["GET"]}}],"collection":[{"href":"https:\/\/www.stemco.com\/fr\/wp-json\/wp\/v2\/product"}],"about":[{"href":"https:\/\/www.stemco.com\/fr\/wp-json\/wp\/v2\/types\/product"}],"wp:attachment":[{"href":"https:\/\/www.stemco.com\/fr\/wp-json\/wp\/v2\/media?parent=5"}],"wp:term":[{"taxonomy":"category","embeddable":true,"href":"https:\/\/www.stemco.com\/fr\/wp-json\/wp\/v2\/categories?post=5"},{"taxonomy":"post_tag","embeddable":true,"href":"https:\/\/www.stemco.com\/fr\/wp-json\/wp\/v2\/tags?post=5"},{"taxonomy":"product-category","embeddable":true,"href":"https:\/\/www.stemco.com\/fr\/wp-json\/wp\/v2\/product-category?post=5"},{"taxonomy":"product-page-type-category","embeddable":true,"href":"https:\/\/www.stemco.com\/fr\/wp-json\/wp\/v2\/product-page-type-category?post=5"}],"curies":[{"name":"wp","href":"https:\/\/api.w.org\/{rel}","templated":true}]}}