{"id":4916,"date":"2020-08-31T18:08:29","date_gmt":"2020-08-31T18:08:29","guid":{"rendered":"https:\/\/www.stemco.com\/?post_type=product&#038;p=4916"},"modified":"2024-07-30T15:49:59","modified_gmt":"2024-07-30T15:49:59","slug":"esp-and-esp-plus-hub-cap-plugs","status":"publish","type":"product","link":"https:\/\/www.stemco.com\/fr\/product\/wheel-end\/hub-caps\/esp-and-esp-plus-hub-cap-plugs\/","title":{"rendered":"ESP and ESP Plus Hub Cap Plugs"},"content":{"rendered":"<p>ESP et ESP Plus sont les solutions haut de gamme de capuchons de moyeu de STEMCO, prot\u00e9geant l&#039;int\u00e9grit\u00e9 du lubrifiant en emp\u00eachant l&#039;humidit\u00e9 et d&#039;autres contaminants de p\u00e9n\u00e9trer dans le moyeu. Dot\u00e9s d&#039;une conception avanc\u00e9e et d&#039;un blindage innovant, l&#039;ESP et l&#039;ESP Plus sont des moyens simples, mais vitaux, de maintenir la s\u00e9curit\u00e9 des roues.<\/p>","protected":false},"excerpt":{"rendered":"<p>ESP et ESP Plus sont les solutions haut de gamme de capuchons de moyeu de STEMCO, prot\u00e9geant l&#039;int\u00e9grit\u00e9 du lubrifiant en emp\u00eachant l&#039;humidit\u00e9 et d&#039;autres contaminants de p\u00e9n\u00e9trer dans le moyeu. Dot\u00e9s d&#039;une conception avanc\u00e9e et d&#039;un blindage innovant, l&#039;ESP et l&#039;ESP Plus sont des moyens simples, mais vitaux, de maintenir la s\u00e9curit\u00e9 des roues.<\/p>","protected":false},"featured_media":4917,"parent":10,"menu_order":0,"template":"","format":"standard","meta":{"_acf_changed":false,"content-type":""},"categories":[],"tags":[],"product-category":[25],"product-page-type-category":[20],"class_list":["post-4916","product","type-product","status-publish","format-standard","has-post-thumbnail","hentry","product-category-hub-caps","product-page-type-category-simple-product-page"],"acf":[],"yoast_head":"<!-- This site is optimized with the Yoast SEO plugin v26.8 - https:\/\/yoast.com\/product\/yoast-seo-wordpress\/ -->\n<title>ESP and ESP Plus Hub Cap Plugs - Stemco<\/title>\n<meta name=\"robots\" content=\"index, follow, max-snippet:-1, max-image-preview:large, max-video-preview:-1\" \/>\n<link rel=\"canonical\" href=\"https:\/\/www.stemco.com\/fr\/product\/wheel-end\/hub-caps\/esp-and-esp-plus-hub-cap-plugs\/\" \/>\n<meta property=\"og:locale\" content=\"fr_CA\" \/>\n<meta property=\"og:type\" content=\"article\" \/>\n<meta property=\"og:title\" content=\"ESP and ESP Plus Hub Cap Plugs - Stemco\" \/>\n<meta property=\"og:description\" content=\"ESP and ESP Plus are STEMCO&#8217;s top-of-the-line hub cap plug solutions\u2014protecting lubricant integrity by preventing moisture and other contaminants from entering the hub assembly. Featuring an advanced design and innovative shielding, ESP and ESP Plus are simple, yet vital, ways to maintain wheel end safety.\" \/>\n<meta property=\"og:url\" content=\"https:\/\/www.stemco.com\/fr\/product\/wheel-end\/hub-caps\/esp-and-esp-plus-hub-cap-plugs\/\" \/>\n<meta property=\"og:site_name\" content=\"Stemco\" \/>\n<meta property=\"article:modified_time\" content=\"2024-07-30T15:49:59+00:00\" \/>\n<meta property=\"og:image\" content=\"https:\/\/www.stemco.com\/wp-content\/uploads\/2020\/08\/ESP-ESP-Plus-1.jpg\" \/>\n\t<meta property=\"og:image:width\" content=\"800\" \/>\n\t<meta property=\"og:image:height\" content=\"451\" \/>\n\t<meta property=\"og:image:type\" content=\"image\/jpeg\" \/>\n<meta name=\"twitter:card\" content=\"summary_large_image\" \/>\n<meta name=\"twitter:label1\" content=\"Estimation du temps de lecture\" \/>\n\t<meta name=\"twitter:data1\" content=\"1 minute\" \/>\n<script type=\"application\/ld+json\" class=\"yoast-schema-graph\">{\"@context\":\"https:\/\/schema.org\",\"@graph\":[{\"@type\":\"WebPage\",\"@id\":\"https:\/\/www.stemco.com\/product\/wheel-end\/hub-caps\/esp-and-esp-plus-hub-cap-plugs\/\",\"url\":\"https:\/\/www.stemco.com\/product\/wheel-end\/hub-caps\/esp-and-esp-plus-hub-cap-plugs\/\",\"name\":\"ESP and ESP Plus Hub Cap Plugs - Stemco\",\"isPartOf\":{\"@id\":\"https:\/\/www.stemco.com\/#website\"},\"primaryImageOfPage\":{\"@id\":\"https:\/\/www.stemco.com\/product\/wheel-end\/hub-caps\/esp-and-esp-plus-hub-cap-plugs\/#primaryimage\"},\"image\":{\"@id\":\"https:\/\/www.stemco.com\/product\/wheel-end\/hub-caps\/esp-and-esp-plus-hub-cap-plugs\/#primaryimage\"},\"thumbnailUrl\":\"https:\/\/www.stemco.com\/wp-content\/uploads\/2020\/08\/ESP-ESP-Plus-1.jpg\",\"datePublished\":\"2020-08-31T18:08:29+00:00\",\"dateModified\":\"2024-07-30T15:49:59+00:00\",\"breadcrumb\":{\"@id\":\"https:\/\/www.stemco.com\/product\/wheel-end\/hub-caps\/esp-and-esp-plus-hub-cap-plugs\/#breadcrumb\"},\"inLanguage\":\"fr-CA\",\"potentialAction\":[{\"@type\":\"ReadAction\",\"target\":[\"https:\/\/www.stemco.com\/product\/wheel-end\/hub-caps\/esp-and-esp-plus-hub-cap-plugs\/\"]}]},{\"@type\":\"ImageObject\",\"inLanguage\":\"fr-CA\",\"@id\":\"https:\/\/www.stemco.com\/product\/wheel-end\/hub-caps\/esp-and-esp-plus-hub-cap-plugs\/#primaryimage\",\"url\":\"https:\/\/www.stemco.com\/wp-content\/uploads\/2020\/08\/ESP-ESP-Plus-1.jpg\",\"contentUrl\":\"https:\/\/www.stemco.com\/wp-content\/uploads\/2020\/08\/ESP-ESP-Plus-1.jpg\",\"width\":800,\"height\":451,\"caption\":\"ESP and ESP Plus Hub Cap Plugs\"},{\"@type\":\"BreadcrumbList\",\"@id\":\"https:\/\/www.stemco.com\/product\/wheel-end\/hub-caps\/esp-and-esp-plus-hub-cap-plugs\/#breadcrumb\",\"itemListElement\":[{\"@type\":\"ListItem\",\"position\":1,\"name\":\"Home\",\"item\":\"https:\/\/www.stemco.com\/\"},{\"@type\":\"ListItem\",\"position\":2,\"name\":\"Products\",\"item\":\"https:\/\/www.stemco.com\/product\/\"},{\"@type\":\"ListItem\",\"position\":3,\"name\":\"Wheel End\",\"item\":\"https:\/\/www.stemco.com\/product\/wheel-end\/\"},{\"@type\":\"ListItem\",\"position\":4,\"name\":\"Hub Caps\",\"item\":\"https:\/\/www.stemco.com\/product\/wheel-end\/hub-caps\/\"},{\"@type\":\"ListItem\",\"position\":5,\"name\":\"ESP and ESP Plus Hub Cap Plugs\"}]},{\"@type\":\"WebSite\",\"@id\":\"https:\/\/www.stemco.com\/#website\",\"url\":\"https:\/\/www.stemco.com\/\",\"name\":\"Stemco\",\"description\":\"Making The Roadways Safer\u00ae\",\"publisher\":{\"@id\":\"https:\/\/www.stemco.com\/#organization\"},\"potentialAction\":[{\"@type\":\"SearchAction\",\"target\":{\"@type\":\"EntryPoint\",\"urlTemplate\":\"https:\/\/www.stemco.com\/?s={search_term_string}\"},\"query-input\":{\"@type\":\"PropertyValueSpecification\",\"valueRequired\":true,\"valueName\":\"search_term_string\"}}],\"inLanguage\":\"fr-CA\"},{\"@type\":\"Organization\",\"@id\":\"https:\/\/www.stemco.com\/#organization\",\"name\":\"Stemco\",\"url\":\"https:\/\/www.stemco.com\/\",\"logo\":{\"@type\":\"ImageObject\",\"inLanguage\":\"fr-CA\",\"@id\":\"https:\/\/www.stemco.com\/#\/schema\/logo\/image\/\",\"url\":\"https:\/\/www.stemco.com\/wp-content\/uploads\/2025\/04\/stemco-logo-enpro.png\",\"contentUrl\":\"https:\/\/www.stemco.com\/wp-content\/uploads\/2025\/04\/stemco-logo-enpro.png\",\"width\":245,\"height\":40,\"caption\":\"Stemco\"},\"image\":{\"@id\":\"https:\/\/www.stemco.com\/#\/schema\/logo\/image\/\"}}]}<\/script>\n<!-- \/ Yoast SEO plugin. -->","yoast_head_json":{"title":"ESP and ESP Plus Hub Cap Plugs - Stemco","robots":{"index":"index","follow":"follow","max-snippet":"max-snippet:-1","max-image-preview":"max-image-preview:large","max-video-preview":"max-video-preview:-1"},"canonical":"https:\/\/www.stemco.com\/fr\/product\/wheel-end\/hub-caps\/esp-and-esp-plus-hub-cap-plugs\/","og_locale":"fr_CA","og_type":"article","og_title":"ESP and ESP Plus Hub Cap Plugs - Stemco","og_description":"ESP and ESP Plus are STEMCO&#8217;s top-of-the-line hub cap plug solutions\u2014protecting lubricant integrity by preventing moisture and other contaminants from entering the hub assembly. Featuring an advanced design and innovative shielding, ESP and ESP Plus are simple, yet vital, ways to maintain wheel end safety.","og_url":"https:\/\/www.stemco.com\/fr\/product\/wheel-end\/hub-caps\/esp-and-esp-plus-hub-cap-plugs\/","og_site_name":"Stemco","article_modified_time":"2024-07-30T15:49:59+00:00","og_image":[{"width":800,"height":451,"url":"https:\/\/www.stemco.com\/wp-content\/uploads\/2020\/08\/ESP-ESP-Plus-1.jpg","type":"image\/jpeg"}],"twitter_card":"summary_large_image","twitter_misc":{"Estimation du temps de lecture":"1 minute"},"schema":{"@context":"https:\/\/schema.org","@graph":[{"@type":"WebPage","@id":"https:\/\/www.stemco.com\/product\/wheel-end\/hub-caps\/esp-and-esp-plus-hub-cap-plugs\/","url":"https:\/\/www.stemco.com\/product\/wheel-end\/hub-caps\/esp-and-esp-plus-hub-cap-plugs\/","name":"ESP and ESP Plus Hub Cap Plugs - Stemco","isPartOf":{"@id":"https:\/\/www.stemco.com\/#website"},"primaryImageOfPage":{"@id":"https:\/\/www.stemco.com\/product\/wheel-end\/hub-caps\/esp-and-esp-plus-hub-cap-plugs\/#primaryimage"},"image":{"@id":"https:\/\/www.stemco.com\/product\/wheel-end\/hub-caps\/esp-and-esp-plus-hub-cap-plugs\/#primaryimage"},"thumbnailUrl":"https:\/\/www.stemco.com\/wp-content\/uploads\/2020\/08\/ESP-ESP-Plus-1.jpg","datePublished":"2020-08-31T18:08:29+00:00","dateModified":"2024-07-30T15:49:59+00:00","breadcrumb":{"@id":"https:\/\/www.stemco.com\/product\/wheel-end\/hub-caps\/esp-and-esp-plus-hub-cap-plugs\/#breadcrumb"},"inLanguage":"fr-CA","potentialAction":[{"@type":"ReadAction","target":["https:\/\/www.stemco.com\/product\/wheel-end\/hub-caps\/esp-and-esp-plus-hub-cap-plugs\/"]}]},{"@type":"ImageObject","inLanguage":"fr-CA","@id":"https:\/\/www.stemco.com\/product\/wheel-end\/hub-caps\/esp-and-esp-plus-hub-cap-plugs\/#primaryimage","url":"https:\/\/www.stemco.com\/wp-content\/uploads\/2020\/08\/ESP-ESP-Plus-1.jpg","contentUrl":"https:\/\/www.stemco.com\/wp-content\/uploads\/2020\/08\/ESP-ESP-Plus-1.jpg","width":800,"height":451,"caption":"ESP and ESP Plus Hub Cap Plugs"},{"@type":"BreadcrumbList","@id":"https:\/\/www.stemco.com\/product\/wheel-end\/hub-caps\/esp-and-esp-plus-hub-cap-plugs\/#breadcrumb","itemListElement":[{"@type":"ListItem","position":1,"name":"Home","item":"https:\/\/www.stemco.com\/"},{"@type":"ListItem","position":2,"name":"Products","item":"https:\/\/www.stemco.com\/product\/"},{"@type":"ListItem","position":3,"name":"Wheel End","item":"https:\/\/www.stemco.com\/product\/wheel-end\/"},{"@type":"ListItem","position":4,"name":"Hub Caps","item":"https:\/\/www.stemco.com\/product\/wheel-end\/hub-caps\/"},{"@type":"ListItem","position":5,"name":"ESP and ESP Plus Hub Cap Plugs"}]},{"@type":"WebSite","@id":"https:\/\/www.stemco.com\/#website","url":"https:\/\/www.stemco.com\/","name":"Stemco","description":"Rendre les routes plus s\u00fbres\u00ae","publisher":{"@id":"https:\/\/www.stemco.com\/#organization"},"potentialAction":[{"@type":"SearchAction","target":{"@type":"EntryPoint","urlTemplate":"https:\/\/www.stemco.com\/?s={search_term_string}"},"query-input":{"@type":"PropertyValueSpecification","valueRequired":true,"valueName":"search_term_string"}}],"inLanguage":"fr-CA"},{"@type":"Organization","@id":"https:\/\/www.stemco.com\/#organization","name":"Stemco","url":"https:\/\/www.stemco.com\/","logo":{"@type":"ImageObject","inLanguage":"fr-CA","@id":"https:\/\/www.stemco.com\/#\/schema\/logo\/image\/","url":"https:\/\/www.stemco.com\/wp-content\/uploads\/2025\/04\/stemco-logo-enpro.png","contentUrl":"https:\/\/www.stemco.com\/wp-content\/uploads\/2025\/04\/stemco-logo-enpro.png","width":245,"height":40,"caption":"Stemco"},"image":{"@id":"https:\/\/www.stemco.com\/#\/schema\/logo\/image\/"}}]}},"_links":{"self":[{"href":"https:\/\/www.stemco.com\/fr\/wp-json\/wp\/v2\/product\/4916","targetHints":{"allow":["GET"]}}],"collection":[{"href":"https:\/\/www.stemco.com\/fr\/wp-json\/wp\/v2\/product"}],"about":[{"href":"https:\/\/www.stemco.com\/fr\/wp-json\/wp\/v2\/types\/product"}],"up":[{"embeddable":true,"href":"https:\/\/www.stemco.com\/fr\/wp-json\/wp\/v2\/product\/10"}],"wp:featuredmedia":[{"embeddable":true,"href":"https:\/\/www.stemco.com\/fr\/wp-json\/wp\/v2\/media\/4917"}],"wp:attachment":[{"href":"https:\/\/www.stemco.com\/fr\/wp-json\/wp\/v2\/media?parent=4916"}],"wp:term":[{"taxonomy":"category","embeddable":true,"href":"https:\/\/www.stemco.com\/fr\/wp-json\/wp\/v2\/categories?post=4916"},{"taxonomy":"post_tag","embeddable":true,"href":"https:\/\/www.stemco.com\/fr\/wp-json\/wp\/v2\/tags?post=4916"},{"taxonomy":"product-category","embeddable":true,"href":"https:\/\/www.stemco.com\/fr\/wp-json\/wp\/v2\/product-category?post=4916"},{"taxonomy":"product-page-type-category","embeddable":true,"href":"https:\/\/www.stemco.com\/fr\/wp-json\/wp\/v2\/product-page-type-category?post=4916"}],"curies":[{"name":"wp","href":"https:\/\/api.w.org\/{rel}","templated":true}]}}