{"id":1208,"date":"2020-06-26T21:09:50","date_gmt":"2020-06-26T21:09:50","guid":{"rendered":"https:\/\/www.stemco.com?post_type=product&#038;p=1208"},"modified":"2024-07-30T15:31:28","modified_gmt":"2024-07-30T15:31:28","slug":"axle-pro-equipment","status":"publish","type":"product","link":"https:\/\/www.stemco.com\/fr\/product\/steering-products-parts\/equipment\/axle-pro-equipment\/","title":{"rendered":"Axle Pro Equipment\u2122"},"content":{"rendered":"<p>Seul le STEMCO<sup>\u00ae<\/sup> Le pack Axle Pro Equipment\u2122 (APE) offre tout le n\u00e9cessaire pour am\u00e9liorer les \u0153illets d&#039;essieu us\u00e9s. Cet \u00e9quipement r\u00e9volutionnaire est livr\u00e9 avec des supports de montage, une perceuse magn\u00e9tique, un liquide de refroidissement et un \u00e9quipement de s\u00e9curit\u00e9. Lorsque vous recherchez un moyen abordable, simple et rapide d&#039;am\u00e9liorer les \u0153illets d&#039;essieu us\u00e9s, choisissez le STEMCO APE.<\/p>","protected":false},"excerpt":{"rendered":"<p>Seul le package STEMCO\u00ae Axle Pro Equipment\u2122 (APE) offre tout le n\u00e9cessaire pour am\u00e9liorer les \u0153illets d&#039;essieu us\u00e9s. Cet \u00e9quipement r\u00e9volutionnaire est livr\u00e9 avec des supports de montage, une perceuse magn\u00e9tique, un liquide de refroidissement et un \u00e9quipement de s\u00e9curit\u00e9. Lorsque vous recherchez un moyen abordable, simple et rapide d&#039;am\u00e9liorer les \u0153illets d&#039;essieu us\u00e9s, choisissez le STEMCO APE.<\/p>","protected":false},"featured_media":1215,"parent":27,"menu_order":0,"template":"","format":"standard","meta":{"_acf_changed":false,"content-type":""},"categories":[],"tags":[],"product-category":[40],"product-page-type-category":[20],"class_list":["post-1208","product","type-product","status-publish","format-standard","has-post-thumbnail","hentry","product-category-equipment","product-page-type-category-simple-product-page"],"acf":[],"yoast_head":"<!-- This site is optimized with the Yoast SEO plugin v26.8 - https:\/\/yoast.com\/product\/yoast-seo-wordpress\/ -->\n<title>Axle Pro Equipment | Steering Products | STEMCO\u00ae<\/title>\n<meta name=\"description\" content=\"STEMCO\u00ae Axle Pro Equipment\u2122 (APE) package offers everything needed to enhance worn axle eyes. Learn more.\" \/>\n<meta name=\"robots\" content=\"index, follow, max-snippet:-1, max-image-preview:large, max-video-preview:-1\" \/>\n<link rel=\"canonical\" href=\"https:\/\/www.stemco.com\/fr\/product\/steering-products-parts\/equipment\/axle-pro-equipment\/\" \/>\n<meta property=\"og:locale\" content=\"fr_CA\" \/>\n<meta property=\"og:type\" content=\"article\" \/>\n<meta property=\"og:title\" content=\"Axle Pro Equipment | Steering Products | STEMCO\u00ae\" \/>\n<meta property=\"og:description\" content=\"STEMCO\u00ae Axle Pro Equipment\u2122 (APE) package offers everything needed to enhance worn axle eyes. Learn more.\" \/>\n<meta property=\"og:url\" content=\"https:\/\/www.stemco.com\/fr\/product\/steering-products-parts\/equipment\/axle-pro-equipment\/\" \/>\n<meta property=\"og:site_name\" content=\"Stemco\" \/>\n<meta property=\"article:modified_time\" content=\"2024-07-30T15:31:28+00:00\" \/>\n<meta property=\"og:image\" content=\"https:\/\/www.stemco.com\/wp-content\/uploads\/2020\/06\/axle-pro-equipment.png\" \/>\n\t<meta property=\"og:image:width\" content=\"675\" \/>\n\t<meta property=\"og:image:height\" content=\"250\" \/>\n\t<meta property=\"og:image:type\" content=\"image\/png\" \/>\n<meta name=\"twitter:card\" content=\"summary_large_image\" \/>\n<meta name=\"twitter:label1\" content=\"Estimation du temps de lecture\" \/>\n\t<meta name=\"twitter:data1\" content=\"2 minutes\" \/>\n<script type=\"application\/ld+json\" class=\"yoast-schema-graph\">{\"@context\":\"https:\/\/schema.org\",\"@graph\":[{\"@type\":\"WebPage\",\"@id\":\"https:\/\/www.stemco.com\/product\/steering-products-parts\/equipment\/axle-pro-equipment\/\",\"url\":\"https:\/\/www.stemco.com\/product\/steering-products-parts\/equipment\/axle-pro-equipment\/\",\"name\":\"Axle Pro Equipment | Steering Products | STEMCO\u00ae\",\"isPartOf\":{\"@id\":\"https:\/\/www.stemco.com\/#website\"},\"primaryImageOfPage\":{\"@id\":\"https:\/\/www.stemco.com\/product\/steering-products-parts\/equipment\/axle-pro-equipment\/#primaryimage\"},\"image\":{\"@id\":\"https:\/\/www.stemco.com\/product\/steering-products-parts\/equipment\/axle-pro-equipment\/#primaryimage\"},\"thumbnailUrl\":\"https:\/\/www.stemco.com\/wp-content\/uploads\/2020\/06\/axle-pro-equipment.png\",\"datePublished\":\"2020-06-26T21:09:50+00:00\",\"dateModified\":\"2024-07-30T15:31:28+00:00\",\"description\":\"STEMCO\u00ae Axle Pro Equipment\u2122 (APE) package offers everything needed to enhance worn axle eyes. Learn more.\",\"breadcrumb\":{\"@id\":\"https:\/\/www.stemco.com\/product\/steering-products-parts\/equipment\/axle-pro-equipment\/#breadcrumb\"},\"inLanguage\":\"fr-CA\",\"potentialAction\":[{\"@type\":\"ReadAction\",\"target\":[\"https:\/\/www.stemco.com\/product\/steering-products-parts\/equipment\/axle-pro-equipment\/\"]}]},{\"@type\":\"ImageObject\",\"inLanguage\":\"fr-CA\",\"@id\":\"https:\/\/www.stemco.com\/product\/steering-products-parts\/equipment\/axle-pro-equipment\/#primaryimage\",\"url\":\"https:\/\/www.stemco.com\/wp-content\/uploads\/2020\/06\/axle-pro-equipment.png\",\"contentUrl\":\"https:\/\/www.stemco.com\/wp-content\/uploads\/2020\/06\/axle-pro-equipment.png\",\"width\":675,\"height\":250,\"caption\":\"Axel Pro Equipment\"},{\"@type\":\"BreadcrumbList\",\"@id\":\"https:\/\/www.stemco.com\/product\/steering-products-parts\/equipment\/axle-pro-equipment\/#breadcrumb\",\"itemListElement\":[{\"@type\":\"ListItem\",\"position\":1,\"name\":\"Home\",\"item\":\"https:\/\/www.stemco.com\/\"},{\"@type\":\"ListItem\",\"position\":2,\"name\":\"Products\",\"item\":\"https:\/\/www.stemco.com\/product\/\"},{\"@type\":\"ListItem\",\"position\":3,\"name\":\"Steering\",\"item\":\"https:\/\/www.stemco.com\/product\/steering-products-parts\/\"},{\"@type\":\"ListItem\",\"position\":4,\"name\":\"Equipment\",\"item\":\"https:\/\/www.stemco.com\/product\/steering-products-parts\/equipment\/\"},{\"@type\":\"ListItem\",\"position\":5,\"name\":\"Axle Pro Equipment\u2122\"}]},{\"@type\":\"WebSite\",\"@id\":\"https:\/\/www.stemco.com\/#website\",\"url\":\"https:\/\/www.stemco.com\/\",\"name\":\"Stemco\",\"description\":\"Making The Roadways Safer\u00ae\",\"publisher\":{\"@id\":\"https:\/\/www.stemco.com\/#organization\"},\"potentialAction\":[{\"@type\":\"SearchAction\",\"target\":{\"@type\":\"EntryPoint\",\"urlTemplate\":\"https:\/\/www.stemco.com\/?s={search_term_string}\"},\"query-input\":{\"@type\":\"PropertyValueSpecification\",\"valueRequired\":true,\"valueName\":\"search_term_string\"}}],\"inLanguage\":\"fr-CA\"},{\"@type\":\"Organization\",\"@id\":\"https:\/\/www.stemco.com\/#organization\",\"name\":\"Stemco\",\"url\":\"https:\/\/www.stemco.com\/\",\"logo\":{\"@type\":\"ImageObject\",\"inLanguage\":\"fr-CA\",\"@id\":\"https:\/\/www.stemco.com\/#\/schema\/logo\/image\/\",\"url\":\"https:\/\/www.stemco.com\/wp-content\/uploads\/2025\/04\/stemco-logo-enpro.png\",\"contentUrl\":\"https:\/\/www.stemco.com\/wp-content\/uploads\/2025\/04\/stemco-logo-enpro.png\",\"width\":245,\"height\":40,\"caption\":\"Stemco\"},\"image\":{\"@id\":\"https:\/\/www.stemco.com\/#\/schema\/logo\/image\/\"}}]}<\/script>\n<!-- \/ Yoast SEO plugin. -->","yoast_head_json":{"title":"Axle Pro Equipment | Produits de direction | STEMCO\u00ae","description":"Le kit STEMCO\u00ae Axle Pro Equipment\u2122 (APE) contient tout le n\u00e9cessaire pour r\u00e9parer les \u0153illets d&#039;essieu us\u00e9s. En savoir plus.","robots":{"index":"index","follow":"follow","max-snippet":"max-snippet:-1","max-image-preview":"max-image-preview:large","max-video-preview":"max-video-preview:-1"},"canonical":"https:\/\/www.stemco.com\/fr\/product\/steering-products-parts\/equipment\/axle-pro-equipment\/","og_locale":"fr_CA","og_type":"article","og_title":"Axle Pro Equipment | Steering Products | STEMCO\u00ae","og_description":"STEMCO\u00ae Axle Pro Equipment\u2122 (APE) package offers everything needed to enhance worn axle eyes. Learn more.","og_url":"https:\/\/www.stemco.com\/fr\/product\/steering-products-parts\/equipment\/axle-pro-equipment\/","og_site_name":"Stemco","article_modified_time":"2024-07-30T15:31:28+00:00","og_image":[{"width":675,"height":250,"url":"https:\/\/www.stemco.com\/wp-content\/uploads\/2020\/06\/axle-pro-equipment.png","type":"image\/png"}],"twitter_card":"summary_large_image","twitter_misc":{"Estimation du temps de lecture":"2 minutes"},"schema":{"@context":"https:\/\/schema.org","@graph":[{"@type":"WebPage","@id":"https:\/\/www.stemco.com\/product\/steering-products-parts\/equipment\/axle-pro-equipment\/","url":"https:\/\/www.stemco.com\/product\/steering-products-parts\/equipment\/axle-pro-equipment\/","name":"Axle Pro Equipment | Produits de direction | STEMCO\u00ae","isPartOf":{"@id":"https:\/\/www.stemco.com\/#website"},"primaryImageOfPage":{"@id":"https:\/\/www.stemco.com\/product\/steering-products-parts\/equipment\/axle-pro-equipment\/#primaryimage"},"image":{"@id":"https:\/\/www.stemco.com\/product\/steering-products-parts\/equipment\/axle-pro-equipment\/#primaryimage"},"thumbnailUrl":"https:\/\/www.stemco.com\/wp-content\/uploads\/2020\/06\/axle-pro-equipment.png","datePublished":"2020-06-26T21:09:50+00:00","dateModified":"2024-07-30T15:31:28+00:00","description":"Le kit STEMCO\u00ae Axle Pro Equipment\u2122 (APE) contient tout le n\u00e9cessaire pour r\u00e9parer les \u0153illets d&#039;essieu us\u00e9s. En savoir plus.","breadcrumb":{"@id":"https:\/\/www.stemco.com\/product\/steering-products-parts\/equipment\/axle-pro-equipment\/#breadcrumb"},"inLanguage":"fr-CA","potentialAction":[{"@type":"ReadAction","target":["https:\/\/www.stemco.com\/product\/steering-products-parts\/equipment\/axle-pro-equipment\/"]}]},{"@type":"ImageObject","inLanguage":"fr-CA","@id":"https:\/\/www.stemco.com\/product\/steering-products-parts\/equipment\/axle-pro-equipment\/#primaryimage","url":"https:\/\/www.stemco.com\/wp-content\/uploads\/2020\/06\/axle-pro-equipment.png","contentUrl":"https:\/\/www.stemco.com\/wp-content\/uploads\/2020\/06\/axle-pro-equipment.png","width":675,"height":250,"caption":"Axel Pro Equipment"},{"@type":"BreadcrumbList","@id":"https:\/\/www.stemco.com\/product\/steering-products-parts\/equipment\/axle-pro-equipment\/#breadcrumb","itemListElement":[{"@type":"ListItem","position":1,"name":"Home","item":"https:\/\/www.stemco.com\/"},{"@type":"ListItem","position":2,"name":"Products","item":"https:\/\/www.stemco.com\/product\/"},{"@type":"ListItem","position":3,"name":"Steering","item":"https:\/\/www.stemco.com\/product\/steering-products-parts\/"},{"@type":"ListItem","position":4,"name":"Equipment","item":"https:\/\/www.stemco.com\/product\/steering-products-parts\/equipment\/"},{"@type":"ListItem","position":5,"name":"Axle Pro Equipment\u2122"}]},{"@type":"WebSite","@id":"https:\/\/www.stemco.com\/#website","url":"https:\/\/www.stemco.com\/","name":"Stemco","description":"Rendre les routes plus s\u00fbres\u00ae","publisher":{"@id":"https:\/\/www.stemco.com\/#organization"},"potentialAction":[{"@type":"SearchAction","target":{"@type":"EntryPoint","urlTemplate":"https:\/\/www.stemco.com\/?s={search_term_string}"},"query-input":{"@type":"PropertyValueSpecification","valueRequired":true,"valueName":"search_term_string"}}],"inLanguage":"fr-CA"},{"@type":"Organization","@id":"https:\/\/www.stemco.com\/#organization","name":"Stemco","url":"https:\/\/www.stemco.com\/","logo":{"@type":"ImageObject","inLanguage":"fr-CA","@id":"https:\/\/www.stemco.com\/#\/schema\/logo\/image\/","url":"https:\/\/www.stemco.com\/wp-content\/uploads\/2025\/04\/stemco-logo-enpro.png","contentUrl":"https:\/\/www.stemco.com\/wp-content\/uploads\/2025\/04\/stemco-logo-enpro.png","width":245,"height":40,"caption":"Stemco"},"image":{"@id":"https:\/\/www.stemco.com\/#\/schema\/logo\/image\/"}}]}},"_links":{"self":[{"href":"https:\/\/www.stemco.com\/fr\/wp-json\/wp\/v2\/product\/1208","targetHints":{"allow":["GET"]}}],"collection":[{"href":"https:\/\/www.stemco.com\/fr\/wp-json\/wp\/v2\/product"}],"about":[{"href":"https:\/\/www.stemco.com\/fr\/wp-json\/wp\/v2\/types\/product"}],"up":[{"embeddable":true,"href":"https:\/\/www.stemco.com\/fr\/wp-json\/wp\/v2\/product\/27"}],"wp:featuredmedia":[{"embeddable":true,"href":"https:\/\/www.stemco.com\/fr\/wp-json\/wp\/v2\/media\/1215"}],"wp:attachment":[{"href":"https:\/\/www.stemco.com\/fr\/wp-json\/wp\/v2\/media?parent=1208"}],"wp:term":[{"taxonomy":"category","embeddable":true,"href":"https:\/\/www.stemco.com\/fr\/wp-json\/wp\/v2\/categories?post=1208"},{"taxonomy":"post_tag","embeddable":true,"href":"https:\/\/www.stemco.com\/fr\/wp-json\/wp\/v2\/tags?post=1208"},{"taxonomy":"product-category","embeddable":true,"href":"https:\/\/www.stemco.com\/fr\/wp-json\/wp\/v2\/product-category?post=1208"},{"taxonomy":"product-page-type-category","embeddable":true,"href":"https:\/\/www.stemco.com\/fr\/wp-json\/wp\/v2\/product-page-type-category?post=1208"}],"curies":[{"name":"wp","href":"https:\/\/api.w.org\/{rel}","templated":true}]}}