{"id":1160,"date":"2020-06-26T19:59:00","date_gmt":"2020-06-26T19:59:00","guid":{"rendered":"https:\/\/www.stemco.com?post_type=product&#038;p=1160"},"modified":"2025-09-11T19:44:23","modified_gmt":"2025-09-11T19:44:23","slug":"econo-kit-king-pin-kit","status":"publish","type":"product","link":"https:\/\/www.stemco.com\/fr\/product\/steering-products-parts\/king-pins\/econo-kit-king-pin-kit\/","title":{"rendered":"ECONO KIT\u2122 King Pin Kit"},"content":{"rendered":"<p>STEMCO propose depuis des ann\u00e9es un kit de pivot d&#039;attelage standard, mais de nombreux clients appr\u00e9cient l&#039;option d&#039;ajustement de l&#039;al\u00e9sage. Ce kit continue de fournir une option de valeur conservatrice pour notre client.<\/p>","protected":false},"excerpt":{"rendered":"<p>STEMCO propose depuis des ann\u00e9es un kit de pivot d&#039;attelage standard, mais de nombreux clients appr\u00e9cient l&#039;option d&#039;ajustement de l&#039;al\u00e9sage. Ce kit continue de fournir une option de valeur conservatrice pour notre client.<\/p>","protected":false},"featured_media":30564,"parent":24,"menu_order":3,"template":"","format":"standard","meta":{"_acf_changed":false,"content-type":""},"categories":[],"tags":[],"product-category":[37],"product-page-type-category":[20],"class_list":["post-1160","product","type-product","status-publish","format-standard","has-post-thumbnail","hentry","product-category-king-pins","product-page-type-category-simple-product-page"],"acf":[],"yoast_head":"<!-- This site is optimized with the Yoast SEO plugin v26.8 - https:\/\/yoast.com\/product\/yoast-seo-wordpress\/ -->\n<title>ECONO KIT\u2122 King Pin Kit | Steering Products | STEMCO\u00ae<\/title>\n<meta name=\"description\" content=\"STEMCO\u00ae ECONO KIT\u2122 King Pin Kit continues to provide a conservative value option for our customer. Learn more.\" \/>\n<meta name=\"robots\" content=\"index, follow, max-snippet:-1, max-image-preview:large, max-video-preview:-1\" \/>\n<link rel=\"canonical\" href=\"https:\/\/www.stemco.com\/fr\/product\/steering-products-parts\/king-pins\/econo-kit-king-pin-kit\/\" \/>\n<meta property=\"og:locale\" content=\"fr_CA\" \/>\n<meta property=\"og:type\" content=\"article\" \/>\n<meta property=\"og:title\" content=\"ECONO KIT\u2122 King Pin Kit | Steering Products | STEMCO\u00ae\" \/>\n<meta property=\"og:description\" content=\"STEMCO\u00ae ECONO KIT\u2122 King Pin Kit continues to provide a conservative value option for our customer. Learn more.\" \/>\n<meta property=\"og:url\" content=\"https:\/\/www.stemco.com\/fr\/product\/steering-products-parts\/king-pins\/econo-kit-king-pin-kit\/\" \/>\n<meta property=\"og:site_name\" content=\"Stemco\" \/>\n<meta property=\"article:modified_time\" content=\"2025-09-11T19:44:23+00:00\" \/>\n<meta property=\"og:image\" content=\"https:\/\/www.stemco.com\/wp-content\/uploads\/2020\/06\/Econo-kit-king-pin-kit-updated.png\" \/>\n\t<meta property=\"og:image:width\" content=\"541\" \/>\n\t<meta property=\"og:image:height\" content=\"200\" \/>\n\t<meta property=\"og:image:type\" content=\"image\/png\" \/>\n<meta name=\"twitter:card\" content=\"summary_large_image\" \/>\n<meta name=\"twitter:label1\" content=\"Estimation du temps de lecture\" \/>\n\t<meta name=\"twitter:data1\" content=\"1 minute\" \/>\n<script type=\"application\/ld+json\" class=\"yoast-schema-graph\">{\"@context\":\"https:\/\/schema.org\",\"@graph\":[{\"@type\":\"WebPage\",\"@id\":\"https:\/\/www.stemco.com\/product\/steering-products-parts\/king-pins\/econo-kit-king-pin-kit\/\",\"url\":\"https:\/\/www.stemco.com\/product\/steering-products-parts\/king-pins\/econo-kit-king-pin-kit\/\",\"name\":\"ECONO KIT\u2122 King Pin Kit | Steering Products | STEMCO\u00ae\",\"isPartOf\":{\"@id\":\"https:\/\/www.stemco.com\/#website\"},\"primaryImageOfPage\":{\"@id\":\"https:\/\/www.stemco.com\/product\/steering-products-parts\/king-pins\/econo-kit-king-pin-kit\/#primaryimage\"},\"image\":{\"@id\":\"https:\/\/www.stemco.com\/product\/steering-products-parts\/king-pins\/econo-kit-king-pin-kit\/#primaryimage\"},\"thumbnailUrl\":\"https:\/\/www.stemco.com\/wp-content\/uploads\/2020\/06\/Econo-kit-king-pin-kit-updated.png\",\"datePublished\":\"2020-06-26T19:59:00+00:00\",\"dateModified\":\"2025-09-11T19:44:23+00:00\",\"description\":\"STEMCO\u00ae ECONO KIT\u2122 King Pin Kit continues to provide a conservative value option for our customer. Learn more.\",\"breadcrumb\":{\"@id\":\"https:\/\/www.stemco.com\/product\/steering-products-parts\/king-pins\/econo-kit-king-pin-kit\/#breadcrumb\"},\"inLanguage\":\"fr-CA\",\"potentialAction\":[{\"@type\":\"ReadAction\",\"target\":[\"https:\/\/www.stemco.com\/product\/steering-products-parts\/king-pins\/econo-kit-king-pin-kit\/\"]}]},{\"@type\":\"ImageObject\",\"inLanguage\":\"fr-CA\",\"@id\":\"https:\/\/www.stemco.com\/product\/steering-products-parts\/king-pins\/econo-kit-king-pin-kit\/#primaryimage\",\"url\":\"https:\/\/www.stemco.com\/wp-content\/uploads\/2020\/06\/Econo-kit-king-pin-kit-updated.png\",\"contentUrl\":\"https:\/\/www.stemco.com\/wp-content\/uploads\/2020\/06\/Econo-kit-king-pin-kit-updated.png\",\"width\":541,\"height\":200},{\"@type\":\"BreadcrumbList\",\"@id\":\"https:\/\/www.stemco.com\/product\/steering-products-parts\/king-pins\/econo-kit-king-pin-kit\/#breadcrumb\",\"itemListElement\":[{\"@type\":\"ListItem\",\"position\":1,\"name\":\"Home\",\"item\":\"https:\/\/www.stemco.com\/\"},{\"@type\":\"ListItem\",\"position\":2,\"name\":\"Products\",\"item\":\"https:\/\/www.stemco.com\/product\/\"},{\"@type\":\"ListItem\",\"position\":3,\"name\":\"Steering\",\"item\":\"https:\/\/www.stemco.com\/product\/steering-products-parts\/\"},{\"@type\":\"ListItem\",\"position\":4,\"name\":\"Kaiser King Pins\",\"item\":\"https:\/\/www.stemco.com\/product\/steering-products-parts\/king-pins\/\"},{\"@type\":\"ListItem\",\"position\":5,\"name\":\"ECONO KIT\u2122 King Pin Kit\"}]},{\"@type\":\"WebSite\",\"@id\":\"https:\/\/www.stemco.com\/#website\",\"url\":\"https:\/\/www.stemco.com\/\",\"name\":\"Stemco\",\"description\":\"Making The Roadways Safer\u00ae\",\"publisher\":{\"@id\":\"https:\/\/www.stemco.com\/#organization\"},\"potentialAction\":[{\"@type\":\"SearchAction\",\"target\":{\"@type\":\"EntryPoint\",\"urlTemplate\":\"https:\/\/www.stemco.com\/?s={search_term_string}\"},\"query-input\":{\"@type\":\"PropertyValueSpecification\",\"valueRequired\":true,\"valueName\":\"search_term_string\"}}],\"inLanguage\":\"fr-CA\"},{\"@type\":\"Organization\",\"@id\":\"https:\/\/www.stemco.com\/#organization\",\"name\":\"Stemco\",\"url\":\"https:\/\/www.stemco.com\/\",\"logo\":{\"@type\":\"ImageObject\",\"inLanguage\":\"fr-CA\",\"@id\":\"https:\/\/www.stemco.com\/#\/schema\/logo\/image\/\",\"url\":\"https:\/\/www.stemco.com\/wp-content\/uploads\/2025\/04\/stemco-logo-enpro.png\",\"contentUrl\":\"https:\/\/www.stemco.com\/wp-content\/uploads\/2025\/04\/stemco-logo-enpro.png\",\"width\":245,\"height\":40,\"caption\":\"Stemco\"},\"image\":{\"@id\":\"https:\/\/www.stemco.com\/#\/schema\/logo\/image\/\"}}]}<\/script>\n<!-- \/ Yoast SEO plugin. -->","yoast_head_json":{"title":"ECONO KIT\u2122 King Pin Kit | Steering Products | STEMCO\u00ae","description":"STEMCO\u00ae ECONO KIT\u2122 King Pin Kit continues to provide a conservative value option for our customer. Learn more.","robots":{"index":"index","follow":"follow","max-snippet":"max-snippet:-1","max-image-preview":"max-image-preview:large","max-video-preview":"max-video-preview:-1"},"canonical":"https:\/\/www.stemco.com\/fr\/product\/steering-products-parts\/king-pins\/econo-kit-king-pin-kit\/","og_locale":"fr_CA","og_type":"article","og_title":"ECONO KIT\u2122 King Pin Kit | Steering Products | STEMCO\u00ae","og_description":"STEMCO\u00ae ECONO KIT\u2122 King Pin Kit continues to provide a conservative value option for our customer. Learn more.","og_url":"https:\/\/www.stemco.com\/fr\/product\/steering-products-parts\/king-pins\/econo-kit-king-pin-kit\/","og_site_name":"Stemco","article_modified_time":"2025-09-11T19:44:23+00:00","og_image":[{"width":541,"height":200,"url":"https:\/\/www.stemco.com\/wp-content\/uploads\/2020\/06\/Econo-kit-king-pin-kit-updated.png","type":"image\/png"}],"twitter_card":"summary_large_image","twitter_misc":{"Estimation du temps de lecture":"1 minute"},"schema":{"@context":"https:\/\/schema.org","@graph":[{"@type":"WebPage","@id":"https:\/\/www.stemco.com\/product\/steering-products-parts\/king-pins\/econo-kit-king-pin-kit\/","url":"https:\/\/www.stemco.com\/product\/steering-products-parts\/king-pins\/econo-kit-king-pin-kit\/","name":"ECONO KIT\u2122 King Pin Kit | Steering Products | STEMCO\u00ae","isPartOf":{"@id":"https:\/\/www.stemco.com\/#website"},"primaryImageOfPage":{"@id":"https:\/\/www.stemco.com\/product\/steering-products-parts\/king-pins\/econo-kit-king-pin-kit\/#primaryimage"},"image":{"@id":"https:\/\/www.stemco.com\/product\/steering-products-parts\/king-pins\/econo-kit-king-pin-kit\/#primaryimage"},"thumbnailUrl":"https:\/\/www.stemco.com\/wp-content\/uploads\/2020\/06\/Econo-kit-king-pin-kit-updated.png","datePublished":"2020-06-26T19:59:00+00:00","dateModified":"2025-09-11T19:44:23+00:00","description":"STEMCO\u00ae ECONO KIT\u2122 King Pin Kit continues to provide a conservative value option for our customer. Learn more.","breadcrumb":{"@id":"https:\/\/www.stemco.com\/product\/steering-products-parts\/king-pins\/econo-kit-king-pin-kit\/#breadcrumb"},"inLanguage":"fr-CA","potentialAction":[{"@type":"ReadAction","target":["https:\/\/www.stemco.com\/product\/steering-products-parts\/king-pins\/econo-kit-king-pin-kit\/"]}]},{"@type":"ImageObject","inLanguage":"fr-CA","@id":"https:\/\/www.stemco.com\/product\/steering-products-parts\/king-pins\/econo-kit-king-pin-kit\/#primaryimage","url":"https:\/\/www.stemco.com\/wp-content\/uploads\/2020\/06\/Econo-kit-king-pin-kit-updated.png","contentUrl":"https:\/\/www.stemco.com\/wp-content\/uploads\/2020\/06\/Econo-kit-king-pin-kit-updated.png","width":541,"height":200},{"@type":"BreadcrumbList","@id":"https:\/\/www.stemco.com\/product\/steering-products-parts\/king-pins\/econo-kit-king-pin-kit\/#breadcrumb","itemListElement":[{"@type":"ListItem","position":1,"name":"Home","item":"https:\/\/www.stemco.com\/"},{"@type":"ListItem","position":2,"name":"Products","item":"https:\/\/www.stemco.com\/product\/"},{"@type":"ListItem","position":3,"name":"Steering","item":"https:\/\/www.stemco.com\/product\/steering-products-parts\/"},{"@type":"ListItem","position":4,"name":"Kaiser King Pins","item":"https:\/\/www.stemco.com\/product\/steering-products-parts\/king-pins\/"},{"@type":"ListItem","position":5,"name":"ECONO KIT\u2122 King Pin Kit"}]},{"@type":"WebSite","@id":"https:\/\/www.stemco.com\/#website","url":"https:\/\/www.stemco.com\/","name":"Stemco","description":"Rendre les routes plus s\u00fbres\u00ae","publisher":{"@id":"https:\/\/www.stemco.com\/#organization"},"potentialAction":[{"@type":"SearchAction","target":{"@type":"EntryPoint","urlTemplate":"https:\/\/www.stemco.com\/?s={search_term_string}"},"query-input":{"@type":"PropertyValueSpecification","valueRequired":true,"valueName":"search_term_string"}}],"inLanguage":"fr-CA"},{"@type":"Organization","@id":"https:\/\/www.stemco.com\/#organization","name":"Stemco","url":"https:\/\/www.stemco.com\/","logo":{"@type":"ImageObject","inLanguage":"fr-CA","@id":"https:\/\/www.stemco.com\/#\/schema\/logo\/image\/","url":"https:\/\/www.stemco.com\/wp-content\/uploads\/2025\/04\/stemco-logo-enpro.png","contentUrl":"https:\/\/www.stemco.com\/wp-content\/uploads\/2025\/04\/stemco-logo-enpro.png","width":245,"height":40,"caption":"Stemco"},"image":{"@id":"https:\/\/www.stemco.com\/#\/schema\/logo\/image\/"}}]}},"_links":{"self":[{"href":"https:\/\/www.stemco.com\/fr\/wp-json\/wp\/v2\/product\/1160","targetHints":{"allow":["GET"]}}],"collection":[{"href":"https:\/\/www.stemco.com\/fr\/wp-json\/wp\/v2\/product"}],"about":[{"href":"https:\/\/www.stemco.com\/fr\/wp-json\/wp\/v2\/types\/product"}],"up":[{"embeddable":true,"href":"https:\/\/www.stemco.com\/fr\/wp-json\/wp\/v2\/product\/24"}],"wp:featuredmedia":[{"embeddable":true,"href":"https:\/\/www.stemco.com\/fr\/wp-json\/wp\/v2\/media\/30564"}],"wp:attachment":[{"href":"https:\/\/www.stemco.com\/fr\/wp-json\/wp\/v2\/media?parent=1160"}],"wp:term":[{"taxonomy":"category","embeddable":true,"href":"https:\/\/www.stemco.com\/fr\/wp-json\/wp\/v2\/categories?post=1160"},{"taxonomy":"post_tag","embeddable":true,"href":"https:\/\/www.stemco.com\/fr\/wp-json\/wp\/v2\/tags?post=1160"},{"taxonomy":"product-category","embeddable":true,"href":"https:\/\/www.stemco.com\/fr\/wp-json\/wp\/v2\/product-category?post=1160"},{"taxonomy":"product-page-type-category","embeddable":true,"href":"https:\/\/www.stemco.com\/fr\/wp-json\/wp\/v2\/product-page-type-category?post=1160"}],"curies":[{"name":"wp","href":"https:\/\/api.w.org\/{rel}","templated":true}]}}