{"id":1146,"date":"2020-06-26T19:22:58","date_gmt":"2020-06-26T19:22:58","guid":{"rendered":"https:\/\/www.stemco.com?post_type=product&#038;p=1146"},"modified":"2025-09-11T19:22:09","modified_gmt":"2025-09-11T19:22:09","slug":"qwikkit-king-pin-kit","status":"publish","type":"product","link":"https:\/\/www.stemco.com\/fr\/product\/steering-products-parts\/king-pins\/qwikkit-king-pin-kit\/","title":{"rendered":"QwikKit<sup>\u00ae<\/sup> Trousse de pivot d&#039;attelage"},"content":{"rendered":"<p>Prot\u00e9gez votre flotte et les autres v\u00e9hicules sur la route avec STEMCO QwikKit<sup>\u00ae<\/sup> Kits de pivot d&#039;attelage. Avec une r\u00e9sistance aux chocs plus \u00e9lev\u00e9e, une durabilit\u00e9 am\u00e9lior\u00e9e et une lubrification plus constante, les QwikKit King Pin Kit durent jusqu&#039;\u00e0 quatre fois plus longtemps que les pivots d&#039;origine ou de rechange. Ils s&#039;installent \u00e9galement en une fraction du temps des pivots d&#039;attelage al\u00e9s\u00e9s.<\/p>","protected":false},"excerpt":{"rendered":"<p>Prot\u00e9gez votre flotte et les autres v\u00e9hicules sur la route avec les STEMCO QwikKit\u00ae King Pin Kit. Avec une r\u00e9sistance aux chocs plus \u00e9lev\u00e9e, une durabilit\u00e9 am\u00e9lior\u00e9e et une lubrification plus constante, les QwikKit King Pin Kit durent jusqu&#039;\u00e0 quatre fois plus longtemps que les pivots d&#039;origine ou de rechange. Ils s&#039;installent \u00e9galement en une fraction du temps des pivots d&#039;attelage al\u00e9s\u00e9s.<\/p>","protected":false},"featured_media":30562,"parent":24,"menu_order":1,"template":"","format":"standard","meta":{"_acf_changed":false,"content-type":""},"categories":[121],"tags":[],"product-category":[37],"product-page-type-category":[20],"class_list":["post-1146","product","type-product","status-publish","format-standard","has-post-thumbnail","hentry","category-exploded-view-page","product-category-king-pins","product-page-type-category-simple-product-page"],"acf":[],"yoast_head":"<!-- This site is optimized with the Yoast SEO plugin v26.8 - https:\/\/yoast.com\/product\/yoast-seo-wordpress\/ -->\n<title>QwikKit\u00ae King Pin Kit | Steering Products | STEMCO\u00ae<\/title>\n<meta name=\"description\" content=\"With higher impact strength, improved durability&amp;consistent lubrication, QwikKit\u00ae King Pin Kits last up to 4 times longer than OE or aftermarket king pins.\" \/>\n<meta name=\"robots\" content=\"index, follow, max-snippet:-1, max-image-preview:large, max-video-preview:-1\" \/>\n<link rel=\"canonical\" href=\"https:\/\/www.stemco.com\/fr\/product\/steering-products-parts\/king-pins\/qwikkit-king-pin-kit\/\" \/>\n<meta property=\"og:locale\" content=\"fr_CA\" \/>\n<meta property=\"og:type\" content=\"article\" \/>\n<meta property=\"og:title\" content=\"QwikKit\u00ae King Pin Kit | Steering Products | STEMCO\u00ae\" \/>\n<meta property=\"og:description\" content=\"With higher impact strength, improved durability&amp;consistent lubrication, QwikKit\u00ae King Pin Kits last up to 4 times longer than OE or aftermarket king pins.\" \/>\n<meta property=\"og:url\" content=\"https:\/\/www.stemco.com\/fr\/product\/steering-products-parts\/king-pins\/qwikkit-king-pin-kit\/\" \/>\n<meta property=\"og:site_name\" content=\"Stemco\" \/>\n<meta property=\"article:modified_time\" content=\"2025-09-11T19:22:09+00:00\" \/>\n<meta property=\"og:image\" content=\"https:\/\/www.stemco.com\/wp-content\/uploads\/2020\/06\/QwikKit-king-pin-kit-updated.png\" \/>\n\t<meta property=\"og:image:width\" content=\"541\" \/>\n\t<meta property=\"og:image:height\" content=\"200\" \/>\n\t<meta property=\"og:image:type\" content=\"image\/png\" \/>\n<meta name=\"twitter:card\" content=\"summary_large_image\" \/>\n<meta name=\"twitter:label1\" content=\"Estimation du temps de lecture\" \/>\n\t<meta name=\"twitter:data1\" content=\"2 minutes\" \/>\n<script type=\"application\/ld+json\" class=\"yoast-schema-graph\">{\"@context\":\"https:\/\/schema.org\",\"@graph\":[{\"@type\":\"WebPage\",\"@id\":\"https:\/\/www.stemco.com\/product\/steering-products-parts\/king-pins\/qwikkit-king-pin-kit\/\",\"url\":\"https:\/\/www.stemco.com\/product\/steering-products-parts\/king-pins\/qwikkit-king-pin-kit\/\",\"name\":\"QwikKit\u00ae King Pin Kit | Steering Products | STEMCO\u00ae\",\"isPartOf\":{\"@id\":\"https:\/\/www.stemco.com\/#website\"},\"primaryImageOfPage\":{\"@id\":\"https:\/\/www.stemco.com\/product\/steering-products-parts\/king-pins\/qwikkit-king-pin-kit\/#primaryimage\"},\"image\":{\"@id\":\"https:\/\/www.stemco.com\/product\/steering-products-parts\/king-pins\/qwikkit-king-pin-kit\/#primaryimage\"},\"thumbnailUrl\":\"https:\/\/www.stemco.com\/wp-content\/uploads\/2020\/06\/QwikKit-king-pin-kit-updated.png\",\"datePublished\":\"2020-06-26T19:22:58+00:00\",\"dateModified\":\"2025-09-11T19:22:09+00:00\",\"description\":\"With higher impact strength, improved durability&consistent lubrication, QwikKit\u00ae King Pin Kits last up to 4 times longer than OE or aftermarket king pins.\",\"breadcrumb\":{\"@id\":\"https:\/\/www.stemco.com\/product\/steering-products-parts\/king-pins\/qwikkit-king-pin-kit\/#breadcrumb\"},\"inLanguage\":\"fr-CA\",\"potentialAction\":[{\"@type\":\"ReadAction\",\"target\":[\"https:\/\/www.stemco.com\/product\/steering-products-parts\/king-pins\/qwikkit-king-pin-kit\/\"]}]},{\"@type\":\"ImageObject\",\"inLanguage\":\"fr-CA\",\"@id\":\"https:\/\/www.stemco.com\/product\/steering-products-parts\/king-pins\/qwikkit-king-pin-kit\/#primaryimage\",\"url\":\"https:\/\/www.stemco.com\/wp-content\/uploads\/2020\/06\/QwikKit-king-pin-kit-updated.png\",\"contentUrl\":\"https:\/\/www.stemco.com\/wp-content\/uploads\/2020\/06\/QwikKit-king-pin-kit-updated.png\",\"width\":541,\"height\":200},{\"@type\":\"BreadcrumbList\",\"@id\":\"https:\/\/www.stemco.com\/product\/steering-products-parts\/king-pins\/qwikkit-king-pin-kit\/#breadcrumb\",\"itemListElement\":[{\"@type\":\"ListItem\",\"position\":1,\"name\":\"Home\",\"item\":\"https:\/\/www.stemco.com\/\"},{\"@type\":\"ListItem\",\"position\":2,\"name\":\"Products\",\"item\":\"https:\/\/www.stemco.com\/product\/\"},{\"@type\":\"ListItem\",\"position\":3,\"name\":\"Steering\",\"item\":\"https:\/\/www.stemco.com\/product\/steering-products-parts\/\"},{\"@type\":\"ListItem\",\"position\":4,\"name\":\"Kaiser King Pins\",\"item\":\"https:\/\/www.stemco.com\/product\/steering-products-parts\/king-pins\/\"},{\"@type\":\"ListItem\",\"position\":5,\"name\":\"QwikKit\u00ae King Pin Kit\"}]},{\"@type\":\"WebSite\",\"@id\":\"https:\/\/www.stemco.com\/#website\",\"url\":\"https:\/\/www.stemco.com\/\",\"name\":\"Stemco\",\"description\":\"Making The Roadways Safer\u00ae\",\"publisher\":{\"@id\":\"https:\/\/www.stemco.com\/#organization\"},\"potentialAction\":[{\"@type\":\"SearchAction\",\"target\":{\"@type\":\"EntryPoint\",\"urlTemplate\":\"https:\/\/www.stemco.com\/?s={search_term_string}\"},\"query-input\":{\"@type\":\"PropertyValueSpecification\",\"valueRequired\":true,\"valueName\":\"search_term_string\"}}],\"inLanguage\":\"fr-CA\"},{\"@type\":\"Organization\",\"@id\":\"https:\/\/www.stemco.com\/#organization\",\"name\":\"Stemco\",\"url\":\"https:\/\/www.stemco.com\/\",\"logo\":{\"@type\":\"ImageObject\",\"inLanguage\":\"fr-CA\",\"@id\":\"https:\/\/www.stemco.com\/#\/schema\/logo\/image\/\",\"url\":\"https:\/\/www.stemco.com\/wp-content\/uploads\/2025\/04\/stemco-logo-enpro.png\",\"contentUrl\":\"https:\/\/www.stemco.com\/wp-content\/uploads\/2025\/04\/stemco-logo-enpro.png\",\"width\":245,\"height\":40,\"caption\":\"Stemco\"},\"image\":{\"@id\":\"https:\/\/www.stemco.com\/#\/schema\/logo\/image\/\"}}]}<\/script>\n<!-- \/ Yoast SEO plugin. -->","yoast_head_json":{"title":"QwikKit\u00ae King Pin Kit | Produits de direction | STEMCO\u00ae","description":"Avec une r\u00e9sistance aux chocs plus \u00e9lev\u00e9e, une durabilit\u00e9 am\u00e9lior\u00e9e et une lubrification constante, les pivots QwikKit\u00ae King Pin Kit durent jusqu&#039;\u00e0 4 fois plus longtemps que les pivots d&#039;origine ou de rechange.","robots":{"index":"index","follow":"follow","max-snippet":"max-snippet:-1","max-image-preview":"max-image-preview:large","max-video-preview":"max-video-preview:-1"},"canonical":"https:\/\/www.stemco.com\/fr\/product\/steering-products-parts\/king-pins\/qwikkit-king-pin-kit\/","og_locale":"fr_CA","og_type":"article","og_title":"QwikKit\u00ae King Pin Kit | Steering Products | STEMCO\u00ae","og_description":"With higher impact strength, improved durability&consistent lubrication, QwikKit\u00ae King Pin Kits last up to 4 times longer than OE or aftermarket king pins.","og_url":"https:\/\/www.stemco.com\/fr\/product\/steering-products-parts\/king-pins\/qwikkit-king-pin-kit\/","og_site_name":"Stemco","article_modified_time":"2025-09-11T19:22:09+00:00","og_image":[{"width":541,"height":200,"url":"https:\/\/www.stemco.com\/wp-content\/uploads\/2020\/06\/QwikKit-king-pin-kit-updated.png","type":"image\/png"}],"twitter_card":"summary_large_image","twitter_misc":{"Estimation du temps de lecture":"2 minutes"},"schema":{"@context":"https:\/\/schema.org","@graph":[{"@type":"WebPage","@id":"https:\/\/www.stemco.com\/product\/steering-products-parts\/king-pins\/qwikkit-king-pin-kit\/","url":"https:\/\/www.stemco.com\/product\/steering-products-parts\/king-pins\/qwikkit-king-pin-kit\/","name":"QwikKit\u00ae King Pin Kit | Produits de direction | STEMCO\u00ae","isPartOf":{"@id":"https:\/\/www.stemco.com\/#website"},"primaryImageOfPage":{"@id":"https:\/\/www.stemco.com\/product\/steering-products-parts\/king-pins\/qwikkit-king-pin-kit\/#primaryimage"},"image":{"@id":"https:\/\/www.stemco.com\/product\/steering-products-parts\/king-pins\/qwikkit-king-pin-kit\/#primaryimage"},"thumbnailUrl":"https:\/\/www.stemco.com\/wp-content\/uploads\/2020\/06\/QwikKit-king-pin-kit-updated.png","datePublished":"2020-06-26T19:22:58+00:00","dateModified":"2025-09-11T19:22:09+00:00","description":"Avec une r\u00e9sistance aux chocs plus \u00e9lev\u00e9e, une durabilit\u00e9 am\u00e9lior\u00e9e et une lubrification constante, les pivots QwikKit\u00ae King Pin Kit durent jusqu&#039;\u00e0 4 fois plus longtemps que les pivots d&#039;origine ou de rechange.","breadcrumb":{"@id":"https:\/\/www.stemco.com\/product\/steering-products-parts\/king-pins\/qwikkit-king-pin-kit\/#breadcrumb"},"inLanguage":"fr-CA","potentialAction":[{"@type":"ReadAction","target":["https:\/\/www.stemco.com\/product\/steering-products-parts\/king-pins\/qwikkit-king-pin-kit\/"]}]},{"@type":"ImageObject","inLanguage":"fr-CA","@id":"https:\/\/www.stemco.com\/product\/steering-products-parts\/king-pins\/qwikkit-king-pin-kit\/#primaryimage","url":"https:\/\/www.stemco.com\/wp-content\/uploads\/2020\/06\/QwikKit-king-pin-kit-updated.png","contentUrl":"https:\/\/www.stemco.com\/wp-content\/uploads\/2020\/06\/QwikKit-king-pin-kit-updated.png","width":541,"height":200},{"@type":"BreadcrumbList","@id":"https:\/\/www.stemco.com\/product\/steering-products-parts\/king-pins\/qwikkit-king-pin-kit\/#breadcrumb","itemListElement":[{"@type":"ListItem","position":1,"name":"Home","item":"https:\/\/www.stemco.com\/"},{"@type":"ListItem","position":2,"name":"Products","item":"https:\/\/www.stemco.com\/product\/"},{"@type":"ListItem","position":3,"name":"Steering","item":"https:\/\/www.stemco.com\/product\/steering-products-parts\/"},{"@type":"ListItem","position":4,"name":"Kaiser King Pins","item":"https:\/\/www.stemco.com\/product\/steering-products-parts\/king-pins\/"},{"@type":"ListItem","position":5,"name":"QwikKit\u00ae King Pin Kit"}]},{"@type":"WebSite","@id":"https:\/\/www.stemco.com\/#website","url":"https:\/\/www.stemco.com\/","name":"Stemco","description":"Rendre les routes plus s\u00fbres\u00ae","publisher":{"@id":"https:\/\/www.stemco.com\/#organization"},"potentialAction":[{"@type":"SearchAction","target":{"@type":"EntryPoint","urlTemplate":"https:\/\/www.stemco.com\/?s={search_term_string}"},"query-input":{"@type":"PropertyValueSpecification","valueRequired":true,"valueName":"search_term_string"}}],"inLanguage":"fr-CA"},{"@type":"Organization","@id":"https:\/\/www.stemco.com\/#organization","name":"Stemco","url":"https:\/\/www.stemco.com\/","logo":{"@type":"ImageObject","inLanguage":"fr-CA","@id":"https:\/\/www.stemco.com\/#\/schema\/logo\/image\/","url":"https:\/\/www.stemco.com\/wp-content\/uploads\/2025\/04\/stemco-logo-enpro.png","contentUrl":"https:\/\/www.stemco.com\/wp-content\/uploads\/2025\/04\/stemco-logo-enpro.png","width":245,"height":40,"caption":"Stemco"},"image":{"@id":"https:\/\/www.stemco.com\/#\/schema\/logo\/image\/"}}]}},"_links":{"self":[{"href":"https:\/\/www.stemco.com\/fr\/wp-json\/wp\/v2\/product\/1146","targetHints":{"allow":["GET"]}}],"collection":[{"href":"https:\/\/www.stemco.com\/fr\/wp-json\/wp\/v2\/product"}],"about":[{"href":"https:\/\/www.stemco.com\/fr\/wp-json\/wp\/v2\/types\/product"}],"up":[{"embeddable":true,"href":"https:\/\/www.stemco.com\/fr\/wp-json\/wp\/v2\/product\/24"}],"wp:featuredmedia":[{"embeddable":true,"href":"https:\/\/www.stemco.com\/fr\/wp-json\/wp\/v2\/media\/30562"}],"wp:attachment":[{"href":"https:\/\/www.stemco.com\/fr\/wp-json\/wp\/v2\/media?parent=1146"}],"wp:term":[{"taxonomy":"category","embeddable":true,"href":"https:\/\/www.stemco.com\/fr\/wp-json\/wp\/v2\/categories?post=1146"},{"taxonomy":"post_tag","embeddable":true,"href":"https:\/\/www.stemco.com\/fr\/wp-json\/wp\/v2\/tags?post=1146"},{"taxonomy":"product-category","embeddable":true,"href":"https:\/\/www.stemco.com\/fr\/wp-json\/wp\/v2\/product-category?post=1146"},{"taxonomy":"product-page-type-category","embeddable":true,"href":"https:\/\/www.stemco.com\/fr\/wp-json\/wp\/v2\/product-page-type-category?post=1146"}],"curies":[{"name":"wp","href":"https:\/\/api.w.org\/{rel}","templated":true}]}}