{"id":1137,"date":"2020-06-26T19:12:21","date_gmt":"2020-06-26T19:12:21","guid":{"rendered":"https:\/\/www.stemco.com?post_type=product&#038;p=1137"},"modified":"2024-01-10T17:22:08","modified_gmt":"2024-01-10T17:22:08","slug":"sleeve-air-springs","status":"publish","type":"product","link":"https:\/\/www.stemco.com\/fr\/product\/steering-products-parts\/sleeve-air-springs\/","title":{"rendered":"Ressorts pneumatiques \u00e0 manchon"},"content":{"rendered":"<p>Les ressorts pneumatiques de style manchon de STEMCO assurent le confort de l&#039;op\u00e9rateur et des passagers gr\u00e2ce aux ressorts de si\u00e8ge du conducteur de camion et d&#039;autobus, aux syst\u00e8mes d&#039;isolation des vibrations de la cabine de camion et aux ressorts de suspension pour les v\u00e9hicules de tourisme et les camions l\u00e9gers. Les ressorts pneumatiques \u00e0 manchon sont \u00e9galement id\u00e9aux pour une utilisation en tant qu&#039;actionneurs et isolateurs dans les applications industrielles.<\/p>","protected":false},"excerpt":{"rendered":"<p>Les ressorts pneumatiques de style manchon de STEMCO assurent le confort de l&#039;op\u00e9rateur et des passagers gr\u00e2ce aux ressorts de si\u00e8ge du conducteur de camion et d&#039;autobus, aux syst\u00e8mes d&#039;isolation des vibrations de la cabine de camion et aux ressorts de suspension pour les v\u00e9hicules de tourisme et les camions l\u00e9gers. Les ressorts pneumatiques \u00e0 manchon sont \u00e9galement id\u00e9aux pour une utilisation en tant qu&#039;actionneurs et isolateurs dans les applications industrielles.<\/p>","protected":false},"featured_media":1138,"parent":22,"menu_order":0,"template":"","format":"standard","meta":{"_acf_changed":false,"content-type":""},"categories":[],"tags":[],"product-category":[36],"product-page-type-category":[20],"class_list":["post-1137","product","type-product","status-publish","format-standard","has-post-thumbnail","hentry","product-category-goodyear-air-springs-air-bags","product-page-type-category-simple-product-page"],"acf":[],"yoast_head":"<!-- This site is optimized with the Yoast SEO plugin v26.8 - https:\/\/yoast.com\/product\/yoast-seo-wordpress\/ -->\n<title>Sleeve Air Springs | Steering Products | STEMCO\u00ae<\/title>\n<meta name=\"description\" content=\"STEMCO\u00ae sleeve-style air springs provide comfort through truck &amp; bus driver seat springs, truck cab vibration isolation systems &amp; more. Learn more.\" \/>\n<meta name=\"robots\" content=\"index, follow, max-snippet:-1, max-image-preview:large, max-video-preview:-1\" \/>\n<link rel=\"canonical\" href=\"https:\/\/www.stemco.com\/fr\/product\/steering-products-parts\/sleeve-air-springs\/\" \/>\n<meta property=\"og:locale\" content=\"fr_CA\" \/>\n<meta property=\"og:type\" content=\"article\" \/>\n<meta property=\"og:title\" content=\"Sleeve Air Springs | Steering Products | STEMCO\u00ae\" \/>\n<meta property=\"og:description\" content=\"STEMCO\u00ae sleeve-style air springs provide comfort through truck &amp; bus driver seat springs, truck cab vibration isolation systems &amp; more. Learn more.\" \/>\n<meta property=\"og:url\" content=\"https:\/\/www.stemco.com\/fr\/product\/steering-products-parts\/sleeve-air-springs\/\" \/>\n<meta property=\"og:site_name\" content=\"Stemco\" \/>\n<meta property=\"article:modified_time\" content=\"2024-01-10T17:22:08+00:00\" \/>\n<meta property=\"og:image\" content=\"https:\/\/www.stemco.com\/wp-content\/uploads\/2020\/06\/sleeve-air-springs.jpg\" \/>\n\t<meta property=\"og:image:width\" content=\"675\" \/>\n\t<meta property=\"og:image:height\" content=\"250\" \/>\n\t<meta property=\"og:image:type\" content=\"image\/jpeg\" \/>\n<meta name=\"twitter:card\" content=\"summary_large_image\" \/>\n<meta name=\"twitter:label1\" content=\"Estimation du temps de lecture\" \/>\n\t<meta name=\"twitter:data1\" content=\"1 minute\" \/>\n<script type=\"application\/ld+json\" class=\"yoast-schema-graph\">{\"@context\":\"https:\/\/schema.org\",\"@graph\":[{\"@type\":\"WebPage\",\"@id\":\"https:\/\/www.stemco.com\/product\/steering-products-parts\/sleeve-air-springs\/\",\"url\":\"https:\/\/www.stemco.com\/product\/steering-products-parts\/sleeve-air-springs\/\",\"name\":\"Sleeve Air Springs | Steering Products | STEMCO\u00ae\",\"isPartOf\":{\"@id\":\"https:\/\/www.stemco.com\/#website\"},\"primaryImageOfPage\":{\"@id\":\"https:\/\/www.stemco.com\/product\/steering-products-parts\/sleeve-air-springs\/#primaryimage\"},\"image\":{\"@id\":\"https:\/\/www.stemco.com\/product\/steering-products-parts\/sleeve-air-springs\/#primaryimage\"},\"thumbnailUrl\":\"https:\/\/www.stemco.com\/wp-content\/uploads\/2020\/06\/sleeve-air-springs.jpg\",\"datePublished\":\"2020-06-26T19:12:21+00:00\",\"dateModified\":\"2024-01-10T17:22:08+00:00\",\"description\":\"STEMCO\u00ae sleeve-style air springs provide comfort through truck & bus driver seat springs, truck cab vibration isolation systems & more. Learn more.\",\"breadcrumb\":{\"@id\":\"https:\/\/www.stemco.com\/product\/steering-products-parts\/sleeve-air-springs\/#breadcrumb\"},\"inLanguage\":\"fr-CA\",\"potentialAction\":[{\"@type\":\"ReadAction\",\"target\":[\"https:\/\/www.stemco.com\/product\/steering-products-parts\/sleeve-air-springs\/\"]}]},{\"@type\":\"ImageObject\",\"inLanguage\":\"fr-CA\",\"@id\":\"https:\/\/www.stemco.com\/product\/steering-products-parts\/sleeve-air-springs\/#primaryimage\",\"url\":\"https:\/\/www.stemco.com\/wp-content\/uploads\/2020\/06\/sleeve-air-springs.jpg\",\"contentUrl\":\"https:\/\/www.stemco.com\/wp-content\/uploads\/2020\/06\/sleeve-air-springs.jpg\",\"width\":675,\"height\":250,\"caption\":\"Sleeve Air Spring\"},{\"@type\":\"BreadcrumbList\",\"@id\":\"https:\/\/www.stemco.com\/product\/steering-products-parts\/sleeve-air-springs\/#breadcrumb\",\"itemListElement\":[{\"@type\":\"ListItem\",\"position\":1,\"name\":\"Home\",\"item\":\"https:\/\/www.stemco.com\/\"},{\"@type\":\"ListItem\",\"position\":2,\"name\":\"Products\",\"item\":\"https:\/\/www.stemco.com\/product\/\"},{\"@type\":\"ListItem\",\"position\":3,\"name\":\"Steering\",\"item\":\"https:\/\/www.stemco.com\/product\/steering-products-parts\/\"},{\"@type\":\"ListItem\",\"position\":4,\"name\":\"Sleeve Air Springs\"}]},{\"@type\":\"WebSite\",\"@id\":\"https:\/\/www.stemco.com\/#website\",\"url\":\"https:\/\/www.stemco.com\/\",\"name\":\"Stemco\",\"description\":\"Making The Roadways Safer\u00ae\",\"publisher\":{\"@id\":\"https:\/\/www.stemco.com\/#organization\"},\"potentialAction\":[{\"@type\":\"SearchAction\",\"target\":{\"@type\":\"EntryPoint\",\"urlTemplate\":\"https:\/\/www.stemco.com\/?s={search_term_string}\"},\"query-input\":{\"@type\":\"PropertyValueSpecification\",\"valueRequired\":true,\"valueName\":\"search_term_string\"}}],\"inLanguage\":\"fr-CA\"},{\"@type\":\"Organization\",\"@id\":\"https:\/\/www.stemco.com\/#organization\",\"name\":\"Stemco\",\"url\":\"https:\/\/www.stemco.com\/\",\"logo\":{\"@type\":\"ImageObject\",\"inLanguage\":\"fr-CA\",\"@id\":\"https:\/\/www.stemco.com\/#\/schema\/logo\/image\/\",\"url\":\"https:\/\/www.stemco.com\/wp-content\/uploads\/2025\/04\/stemco-logo-enpro.png\",\"contentUrl\":\"https:\/\/www.stemco.com\/wp-content\/uploads\/2025\/04\/stemco-logo-enpro.png\",\"width\":245,\"height\":40,\"caption\":\"Stemco\"},\"image\":{\"@id\":\"https:\/\/www.stemco.com\/#\/schema\/logo\/image\/\"}}]}<\/script>\n<!-- \/ Yoast SEO plugin. -->","yoast_head_json":{"title":"Sleeve Air Springs | Steering Products | STEMCO\u00ae","description":"Les ressorts pneumatiques \u00e0 manchon STEMCO\u00ae offrent un confort accru gr\u00e2ce \u00e0 des ressorts pour si\u00e8ges de conducteurs de camions et d&#039;autobus, des syst\u00e8mes d&#039;isolation des vibrations pour cabines de camions, et plus encore. En savoir plus.","robots":{"index":"index","follow":"follow","max-snippet":"max-snippet:-1","max-image-preview":"max-image-preview:large","max-video-preview":"max-video-preview:-1"},"canonical":"https:\/\/www.stemco.com\/fr\/product\/steering-products-parts\/sleeve-air-springs\/","og_locale":"fr_CA","og_type":"article","og_title":"Sleeve Air Springs | Steering Products | STEMCO\u00ae","og_description":"STEMCO\u00ae sleeve-style air springs provide comfort through truck & bus driver seat springs, truck cab vibration isolation systems & more. Learn more.","og_url":"https:\/\/www.stemco.com\/fr\/product\/steering-products-parts\/sleeve-air-springs\/","og_site_name":"Stemco","article_modified_time":"2024-01-10T17:22:08+00:00","og_image":[{"width":675,"height":250,"url":"https:\/\/www.stemco.com\/wp-content\/uploads\/2020\/06\/sleeve-air-springs.jpg","type":"image\/jpeg"}],"twitter_card":"summary_large_image","twitter_misc":{"Estimation du temps de lecture":"1 minute"},"schema":{"@context":"https:\/\/schema.org","@graph":[{"@type":"WebPage","@id":"https:\/\/www.stemco.com\/product\/steering-products-parts\/sleeve-air-springs\/","url":"https:\/\/www.stemco.com\/product\/steering-products-parts\/sleeve-air-springs\/","name":"Sleeve Air Springs | Steering Products | STEMCO\u00ae","isPartOf":{"@id":"https:\/\/www.stemco.com\/#website"},"primaryImageOfPage":{"@id":"https:\/\/www.stemco.com\/product\/steering-products-parts\/sleeve-air-springs\/#primaryimage"},"image":{"@id":"https:\/\/www.stemco.com\/product\/steering-products-parts\/sleeve-air-springs\/#primaryimage"},"thumbnailUrl":"https:\/\/www.stemco.com\/wp-content\/uploads\/2020\/06\/sleeve-air-springs.jpg","datePublished":"2020-06-26T19:12:21+00:00","dateModified":"2024-01-10T17:22:08+00:00","description":"Les ressorts pneumatiques \u00e0 manchon STEMCO\u00ae offrent un confort accru gr\u00e2ce \u00e0 des ressorts pour si\u00e8ges de conducteurs de camions et d&#039;autobus, des syst\u00e8mes d&#039;isolation des vibrations pour cabines de camions, et plus encore. En savoir plus.","breadcrumb":{"@id":"https:\/\/www.stemco.com\/product\/steering-products-parts\/sleeve-air-springs\/#breadcrumb"},"inLanguage":"fr-CA","potentialAction":[{"@type":"ReadAction","target":["https:\/\/www.stemco.com\/product\/steering-products-parts\/sleeve-air-springs\/"]}]},{"@type":"ImageObject","inLanguage":"fr-CA","@id":"https:\/\/www.stemco.com\/product\/steering-products-parts\/sleeve-air-springs\/#primaryimage","url":"https:\/\/www.stemco.com\/wp-content\/uploads\/2020\/06\/sleeve-air-springs.jpg","contentUrl":"https:\/\/www.stemco.com\/wp-content\/uploads\/2020\/06\/sleeve-air-springs.jpg","width":675,"height":250,"caption":"Sleeve Air Spring"},{"@type":"BreadcrumbList","@id":"https:\/\/www.stemco.com\/product\/steering-products-parts\/sleeve-air-springs\/#breadcrumb","itemListElement":[{"@type":"ListItem","position":1,"name":"Home","item":"https:\/\/www.stemco.com\/"},{"@type":"ListItem","position":2,"name":"Products","item":"https:\/\/www.stemco.com\/product\/"},{"@type":"ListItem","position":3,"name":"Steering","item":"https:\/\/www.stemco.com\/product\/steering-products-parts\/"},{"@type":"ListItem","position":4,"name":"Sleeve Air Springs"}]},{"@type":"WebSite","@id":"https:\/\/www.stemco.com\/#website","url":"https:\/\/www.stemco.com\/","name":"Stemco","description":"Rendre les routes plus s\u00fbres\u00ae","publisher":{"@id":"https:\/\/www.stemco.com\/#organization"},"potentialAction":[{"@type":"SearchAction","target":{"@type":"EntryPoint","urlTemplate":"https:\/\/www.stemco.com\/?s={search_term_string}"},"query-input":{"@type":"PropertyValueSpecification","valueRequired":true,"valueName":"search_term_string"}}],"inLanguage":"fr-CA"},{"@type":"Organization","@id":"https:\/\/www.stemco.com\/#organization","name":"Stemco","url":"https:\/\/www.stemco.com\/","logo":{"@type":"ImageObject","inLanguage":"fr-CA","@id":"https:\/\/www.stemco.com\/#\/schema\/logo\/image\/","url":"https:\/\/www.stemco.com\/wp-content\/uploads\/2025\/04\/stemco-logo-enpro.png","contentUrl":"https:\/\/www.stemco.com\/wp-content\/uploads\/2025\/04\/stemco-logo-enpro.png","width":245,"height":40,"caption":"Stemco"},"image":{"@id":"https:\/\/www.stemco.com\/#\/schema\/logo\/image\/"}}]}},"_links":{"self":[{"href":"https:\/\/www.stemco.com\/fr\/wp-json\/wp\/v2\/product\/1137","targetHints":{"allow":["GET"]}}],"collection":[{"href":"https:\/\/www.stemco.com\/fr\/wp-json\/wp\/v2\/product"}],"about":[{"href":"https:\/\/www.stemco.com\/fr\/wp-json\/wp\/v2\/types\/product"}],"up":[{"embeddable":true,"href":"https:\/\/www.stemco.com\/fr\/wp-json\/wp\/v2\/product\/22"}],"wp:featuredmedia":[{"embeddable":true,"href":"https:\/\/www.stemco.com\/fr\/wp-json\/wp\/v2\/media\/1138"}],"wp:attachment":[{"href":"https:\/\/www.stemco.com\/fr\/wp-json\/wp\/v2\/media?parent=1137"}],"wp:term":[{"taxonomy":"category","embeddable":true,"href":"https:\/\/www.stemco.com\/fr\/wp-json\/wp\/v2\/categories?post=1137"},{"taxonomy":"post_tag","embeddable":true,"href":"https:\/\/www.stemco.com\/fr\/wp-json\/wp\/v2\/tags?post=1137"},{"taxonomy":"product-category","embeddable":true,"href":"https:\/\/www.stemco.com\/fr\/wp-json\/wp\/v2\/product-category?post=1137"},{"taxonomy":"product-page-type-category","embeddable":true,"href":"https:\/\/www.stemco.com\/fr\/wp-json\/wp\/v2\/product-page-type-category?post=1137"}],"curies":[{"name":"wp","href":"https:\/\/api.w.org\/{rel}","templated":true}]}}