{"id":1126,"date":"2020-06-26T18:42:40","date_gmt":"2020-06-26T18:42:40","guid":{"rendered":"https:\/\/www.stemco.com?post_type=product&#038;p=1126"},"modified":"2024-01-10T17:23:56","modified_gmt":"2024-01-10T17:23:56","slug":"super-cushion-rolling-lobe-air-springs","status":"publish","type":"product","link":"https:\/\/www.stemco.com\/fr\/product\/steering-products-parts\/super-cushion-rolling-lobe-air-springs\/","title":{"rendered":"Super Coussin<sup>\u00ae<\/sup> Ressorts pneumatiques \u00e0 lobes roulants"},"content":{"rendered":"<p>Super coussin STEMCO<sup>\u00ae<\/sup> Les ressorts pneumatiques offrent \u00e0 vos camions, remorques et autobus le meilleur en mati\u00e8re de s\u00e9curit\u00e9, de productivit\u00e9 et de longue dur\u00e9e de vie. Nos ressorts pneumatiques \u00e0 robe roulante assurent un transport \u00e0 niveau constant et offrent un service sans probl\u00e8me.<\/p>","protected":false},"excerpt":{"rendered":"<p>Les ressorts pneumatiques STEMCO Super Cushion\u00ae offrent \u00e0 vos camions, remorques et autobus le meilleur en mati\u00e8re de s\u00e9curit\u00e9, de productivit\u00e9 et de longue dur\u00e9e de vie. Nos ressorts pneumatiques \u00e0 robe roulante assurent un transport \u00e0 niveau constant et offrent un service sans probl\u00e8me.<\/p>","protected":false},"featured_media":1127,"parent":22,"menu_order":0,"template":"","format":"standard","meta":{"_acf_changed":false,"content-type":""},"categories":[],"tags":[],"product-category":[36],"product-page-type-category":[20],"class_list":["post-1126","product","type-product","status-publish","format-standard","has-post-thumbnail","hentry","product-category-goodyear-air-springs-air-bags","product-page-type-category-simple-product-page"],"acf":[],"yoast_head":"<!-- This site is optimized with the Yoast SEO plugin v26.8 - https:\/\/yoast.com\/product\/yoast-seo-wordpress\/ -->\n<title>Super Cushion\u00ae Rolling Lobe Air Springs | Steering | STEMCO\u00ae<\/title>\n<meta name=\"description\" content=\"STEMCO\u00ae Super Cushion\u00ae air springs give your trucks, trailers and buses the best in safety, productivity and long life.\" \/>\n<meta name=\"robots\" content=\"index, follow, max-snippet:-1, max-image-preview:large, max-video-preview:-1\" \/>\n<link rel=\"canonical\" href=\"https:\/\/www.stemco.com\/fr\/product\/steering-products-parts\/super-cushion-rolling-lobe-air-springs\/\" \/>\n<meta property=\"og:locale\" content=\"fr_CA\" \/>\n<meta property=\"og:type\" content=\"article\" \/>\n<meta property=\"og:title\" content=\"Super Cushion\u00ae Rolling Lobe Air Springs | Steering | STEMCO\u00ae\" \/>\n<meta property=\"og:description\" content=\"STEMCO\u00ae Super Cushion\u00ae air springs give your trucks, trailers and buses the best in safety, productivity and long life.\" \/>\n<meta property=\"og:url\" content=\"https:\/\/www.stemco.com\/fr\/product\/steering-products-parts\/super-cushion-rolling-lobe-air-springs\/\" \/>\n<meta property=\"og:site_name\" content=\"Stemco\" \/>\n<meta property=\"article:modified_time\" content=\"2024-01-10T17:23:56+00:00\" \/>\n<meta property=\"og:image\" content=\"https:\/\/www.stemco.com\/wp-content\/uploads\/2020\/06\/super-cushion-rolling-lobe-air-springs.jpg\" \/>\n\t<meta property=\"og:image:width\" content=\"675\" \/>\n\t<meta property=\"og:image:height\" content=\"250\" \/>\n\t<meta property=\"og:image:type\" content=\"image\/jpeg\" \/>\n<meta name=\"twitter:card\" content=\"summary_large_image\" \/>\n<meta name=\"twitter:label1\" content=\"Estimation du temps de lecture\" \/>\n\t<meta name=\"twitter:data1\" content=\"1 minute\" \/>\n<script type=\"application\/ld+json\" class=\"yoast-schema-graph\">{\"@context\":\"https:\/\/schema.org\",\"@graph\":[{\"@type\":\"WebPage\",\"@id\":\"https:\/\/www.stemco.com\/product\/steering-products-parts\/super-cushion-rolling-lobe-air-springs\/\",\"url\":\"https:\/\/www.stemco.com\/product\/steering-products-parts\/super-cushion-rolling-lobe-air-springs\/\",\"name\":\"Super Cushion\u00ae Rolling Lobe Air Springs | Steering | STEMCO\u00ae\",\"isPartOf\":{\"@id\":\"https:\/\/www.stemco.com\/#website\"},\"primaryImageOfPage\":{\"@id\":\"https:\/\/www.stemco.com\/product\/steering-products-parts\/super-cushion-rolling-lobe-air-springs\/#primaryimage\"},\"image\":{\"@id\":\"https:\/\/www.stemco.com\/product\/steering-products-parts\/super-cushion-rolling-lobe-air-springs\/#primaryimage\"},\"thumbnailUrl\":\"https:\/\/www.stemco.com\/wp-content\/uploads\/2020\/06\/super-cushion-rolling-lobe-air-springs.jpg\",\"datePublished\":\"2020-06-26T18:42:40+00:00\",\"dateModified\":\"2024-01-10T17:23:56+00:00\",\"description\":\"STEMCO\u00ae Super Cushion\u00ae air springs give your trucks, trailers and buses the best in safety, productivity and long life.\",\"breadcrumb\":{\"@id\":\"https:\/\/www.stemco.com\/product\/steering-products-parts\/super-cushion-rolling-lobe-air-springs\/#breadcrumb\"},\"inLanguage\":\"fr-CA\",\"potentialAction\":[{\"@type\":\"ReadAction\",\"target\":[\"https:\/\/www.stemco.com\/product\/steering-products-parts\/super-cushion-rolling-lobe-air-springs\/\"]}]},{\"@type\":\"ImageObject\",\"inLanguage\":\"fr-CA\",\"@id\":\"https:\/\/www.stemco.com\/product\/steering-products-parts\/super-cushion-rolling-lobe-air-springs\/#primaryimage\",\"url\":\"https:\/\/www.stemco.com\/wp-content\/uploads\/2020\/06\/super-cushion-rolling-lobe-air-springs.jpg\",\"contentUrl\":\"https:\/\/www.stemco.com\/wp-content\/uploads\/2020\/06\/super-cushion-rolling-lobe-air-springs.jpg\",\"width\":675,\"height\":250,\"caption\":\"Rolling Lobe Air Spring\"},{\"@type\":\"BreadcrumbList\",\"@id\":\"https:\/\/www.stemco.com\/product\/steering-products-parts\/super-cushion-rolling-lobe-air-springs\/#breadcrumb\",\"itemListElement\":[{\"@type\":\"ListItem\",\"position\":1,\"name\":\"Home\",\"item\":\"https:\/\/www.stemco.com\/\"},{\"@type\":\"ListItem\",\"position\":2,\"name\":\"Products\",\"item\":\"https:\/\/www.stemco.com\/product\/\"},{\"@type\":\"ListItem\",\"position\":3,\"name\":\"Steering\",\"item\":\"https:\/\/www.stemco.com\/product\/steering-products-parts\/\"},{\"@type\":\"ListItem\",\"position\":4,\"name\":\"Super Cushion\u00ae Rolling Lobe Air Springs\"}]},{\"@type\":\"WebSite\",\"@id\":\"https:\/\/www.stemco.com\/#website\",\"url\":\"https:\/\/www.stemco.com\/\",\"name\":\"Stemco\",\"description\":\"Making The Roadways Safer\u00ae\",\"publisher\":{\"@id\":\"https:\/\/www.stemco.com\/#organization\"},\"potentialAction\":[{\"@type\":\"SearchAction\",\"target\":{\"@type\":\"EntryPoint\",\"urlTemplate\":\"https:\/\/www.stemco.com\/?s={search_term_string}\"},\"query-input\":{\"@type\":\"PropertyValueSpecification\",\"valueRequired\":true,\"valueName\":\"search_term_string\"}}],\"inLanguage\":\"fr-CA\"},{\"@type\":\"Organization\",\"@id\":\"https:\/\/www.stemco.com\/#organization\",\"name\":\"Stemco\",\"url\":\"https:\/\/www.stemco.com\/\",\"logo\":{\"@type\":\"ImageObject\",\"inLanguage\":\"fr-CA\",\"@id\":\"https:\/\/www.stemco.com\/#\/schema\/logo\/image\/\",\"url\":\"https:\/\/www.stemco.com\/wp-content\/uploads\/2025\/04\/stemco-logo-enpro.png\",\"contentUrl\":\"https:\/\/www.stemco.com\/wp-content\/uploads\/2025\/04\/stemco-logo-enpro.png\",\"width\":245,\"height\":40,\"caption\":\"Stemco\"},\"image\":{\"@id\":\"https:\/\/www.stemco.com\/#\/schema\/logo\/image\/\"}}]}<\/script>\n<!-- \/ Yoast SEO plugin. -->","yoast_head_json":{"title":"Ressorts pneumatiques \u00e0 lobes roulants Super Cushion\u00ae | Direction | STEMCO\u00ae","description":"Les ressorts pneumatiques STEMCO\u00ae Super Cushion\u00ae offrent \u00e0 vos camions, remorques et autobus une s\u00e9curit\u00e9, une productivit\u00e9 et une dur\u00e9e de vie optimales.","robots":{"index":"index","follow":"follow","max-snippet":"max-snippet:-1","max-image-preview":"max-image-preview:large","max-video-preview":"max-video-preview:-1"},"canonical":"https:\/\/www.stemco.com\/fr\/product\/steering-products-parts\/super-cushion-rolling-lobe-air-springs\/","og_locale":"fr_CA","og_type":"article","og_title":"Super Cushion\u00ae Rolling Lobe Air Springs | Steering | STEMCO\u00ae","og_description":"STEMCO\u00ae Super Cushion\u00ae air springs give your trucks, trailers and buses the best in safety, productivity and long life.","og_url":"https:\/\/www.stemco.com\/fr\/product\/steering-products-parts\/super-cushion-rolling-lobe-air-springs\/","og_site_name":"Stemco","article_modified_time":"2024-01-10T17:23:56+00:00","og_image":[{"width":675,"height":250,"url":"https:\/\/www.stemco.com\/wp-content\/uploads\/2020\/06\/super-cushion-rolling-lobe-air-springs.jpg","type":"image\/jpeg"}],"twitter_card":"summary_large_image","twitter_misc":{"Estimation du temps de lecture":"1 minute"},"schema":{"@context":"https:\/\/schema.org","@graph":[{"@type":"WebPage","@id":"https:\/\/www.stemco.com\/product\/steering-products-parts\/super-cushion-rolling-lobe-air-springs\/","url":"https:\/\/www.stemco.com\/product\/steering-products-parts\/super-cushion-rolling-lobe-air-springs\/","name":"Ressorts pneumatiques \u00e0 lobes roulants Super Cushion\u00ae | Direction | STEMCO\u00ae","isPartOf":{"@id":"https:\/\/www.stemco.com\/#website"},"primaryImageOfPage":{"@id":"https:\/\/www.stemco.com\/product\/steering-products-parts\/super-cushion-rolling-lobe-air-springs\/#primaryimage"},"image":{"@id":"https:\/\/www.stemco.com\/product\/steering-products-parts\/super-cushion-rolling-lobe-air-springs\/#primaryimage"},"thumbnailUrl":"https:\/\/www.stemco.com\/wp-content\/uploads\/2020\/06\/super-cushion-rolling-lobe-air-springs.jpg","datePublished":"2020-06-26T18:42:40+00:00","dateModified":"2024-01-10T17:23:56+00:00","description":"Les ressorts pneumatiques STEMCO\u00ae Super Cushion\u00ae offrent \u00e0 vos camions, remorques et autobus une s\u00e9curit\u00e9, une productivit\u00e9 et une dur\u00e9e de vie optimales.","breadcrumb":{"@id":"https:\/\/www.stemco.com\/product\/steering-products-parts\/super-cushion-rolling-lobe-air-springs\/#breadcrumb"},"inLanguage":"fr-CA","potentialAction":[{"@type":"ReadAction","target":["https:\/\/www.stemco.com\/product\/steering-products-parts\/super-cushion-rolling-lobe-air-springs\/"]}]},{"@type":"ImageObject","inLanguage":"fr-CA","@id":"https:\/\/www.stemco.com\/product\/steering-products-parts\/super-cushion-rolling-lobe-air-springs\/#primaryimage","url":"https:\/\/www.stemco.com\/wp-content\/uploads\/2020\/06\/super-cushion-rolling-lobe-air-springs.jpg","contentUrl":"https:\/\/www.stemco.com\/wp-content\/uploads\/2020\/06\/super-cushion-rolling-lobe-air-springs.jpg","width":675,"height":250,"caption":"Rolling Lobe Air Spring"},{"@type":"BreadcrumbList","@id":"https:\/\/www.stemco.com\/product\/steering-products-parts\/super-cushion-rolling-lobe-air-springs\/#breadcrumb","itemListElement":[{"@type":"ListItem","position":1,"name":"Home","item":"https:\/\/www.stemco.com\/"},{"@type":"ListItem","position":2,"name":"Products","item":"https:\/\/www.stemco.com\/product\/"},{"@type":"ListItem","position":3,"name":"Steering","item":"https:\/\/www.stemco.com\/product\/steering-products-parts\/"},{"@type":"ListItem","position":4,"name":"Super Cushion\u00ae Rolling Lobe Air Springs"}]},{"@type":"WebSite","@id":"https:\/\/www.stemco.com\/#website","url":"https:\/\/www.stemco.com\/","name":"Stemco","description":"Rendre les routes plus s\u00fbres\u00ae","publisher":{"@id":"https:\/\/www.stemco.com\/#organization"},"potentialAction":[{"@type":"SearchAction","target":{"@type":"EntryPoint","urlTemplate":"https:\/\/www.stemco.com\/?s={search_term_string}"},"query-input":{"@type":"PropertyValueSpecification","valueRequired":true,"valueName":"search_term_string"}}],"inLanguage":"fr-CA"},{"@type":"Organization","@id":"https:\/\/www.stemco.com\/#organization","name":"Stemco","url":"https:\/\/www.stemco.com\/","logo":{"@type":"ImageObject","inLanguage":"fr-CA","@id":"https:\/\/www.stemco.com\/#\/schema\/logo\/image\/","url":"https:\/\/www.stemco.com\/wp-content\/uploads\/2025\/04\/stemco-logo-enpro.png","contentUrl":"https:\/\/www.stemco.com\/wp-content\/uploads\/2025\/04\/stemco-logo-enpro.png","width":245,"height":40,"caption":"Stemco"},"image":{"@id":"https:\/\/www.stemco.com\/#\/schema\/logo\/image\/"}}]}},"_links":{"self":[{"href":"https:\/\/www.stemco.com\/fr\/wp-json\/wp\/v2\/product\/1126","targetHints":{"allow":["GET"]}}],"collection":[{"href":"https:\/\/www.stemco.com\/fr\/wp-json\/wp\/v2\/product"}],"about":[{"href":"https:\/\/www.stemco.com\/fr\/wp-json\/wp\/v2\/types\/product"}],"up":[{"embeddable":true,"href":"https:\/\/www.stemco.com\/fr\/wp-json\/wp\/v2\/product\/22"}],"wp:featuredmedia":[{"embeddable":true,"href":"https:\/\/www.stemco.com\/fr\/wp-json\/wp\/v2\/media\/1127"}],"wp:attachment":[{"href":"https:\/\/www.stemco.com\/fr\/wp-json\/wp\/v2\/media?parent=1126"}],"wp:term":[{"taxonomy":"category","embeddable":true,"href":"https:\/\/www.stemco.com\/fr\/wp-json\/wp\/v2\/categories?post=1126"},{"taxonomy":"post_tag","embeddable":true,"href":"https:\/\/www.stemco.com\/fr\/wp-json\/wp\/v2\/tags?post=1126"},{"taxonomy":"product-category","embeddable":true,"href":"https:\/\/www.stemco.com\/fr\/wp-json\/wp\/v2\/product-category?post=1126"},{"taxonomy":"product-page-type-category","embeddable":true,"href":"https:\/\/www.stemco.com\/fr\/wp-json\/wp\/v2\/product-page-type-category?post=1126"}],"curies":[{"name":"wp","href":"https:\/\/api.w.org\/{rel}","templated":true}]}}