{"id":1045,"date":"2020-06-26T16:02:12","date_gmt":"2020-06-26T16:02:12","guid":{"rendered":"https:\/\/www.stemco.com?post_type=product&#038;p=1045"},"modified":"2024-07-30T15:27:49","modified_gmt":"2024-07-30T15:27:49","slug":"datatrac-pro-field-programmable","status":"publish","type":"product","link":"https:\/\/www.stemco.com\/fr\/product\/wheel-end\/hubodometers\/datatrac-pro-field-programmable\/","title":{"rendered":"Trac de donn\u00e9es<sup>\u00ae<\/sup> Pro \u2013 Programmable sur le terrain"},"content":{"rendered":"<p>Les hubodom\u00e8tres \u00e9lectroniques de STEMCO sont parfaits pour planifier la maintenance, d\u00e9terminer les frais de location, valider les garanties et calculer les co\u00fbts par mile.<\/p>\n<p>Qu&#039;est-ce qui rend le DataTrac<sup>\u00ae<\/sup> Pro Hubodometer unique est sa capacit\u00e9 \u00e0 \u00eatre programm\u00e9 par le programmeur STEMCO pour r\u00e9pondre aux exigences sp\u00e9cifiques du client en mati\u00e8re de r\u00e9volutions de pneus.<\/p>","protected":false},"excerpt":{"rendered":"<p>Les hubodom\u00e8tres \u00e9lectroniques de STEMCO sont parfaits pour planifier la maintenance, d\u00e9terminer les frais de location, valider les garanties et calculer les co\u00fbts par mile. Ce qui rend le hubodom\u00e8tre DataTrac\u00ae Pro unique, c&#039;est sa capacit\u00e9 \u00e0 \u00eatre programm\u00e9 par le programmeur STEMCO pour r\u00e9pondre aux exigences sp\u00e9cifiques de rotation des pneus du client.<\/p>","protected":false},"featured_media":1051,"parent":13,"menu_order":2,"template":"","format":"standard","meta":{"_acf_changed":false,"content-type":""},"categories":[],"tags":[],"product-category":[28],"product-page-type-category":[20],"class_list":["post-1045","product","type-product","status-publish","format-standard","has-post-thumbnail","hentry","product-category-hubodometers","product-page-type-category-simple-product-page"],"acf":[],"yoast_head":"<!-- This site is optimized with the Yoast SEO plugin v26.8 - https:\/\/yoast.com\/product\/yoast-seo-wordpress\/ -->\n<title>DataTrac\u00ae Pro - Field Programmable | Wheel End Products | STEMCO\u00ae<\/title>\n<meta name=\"description\" content=\"STEMCO\u00ae\u2019s electronic hubodometers are perfect for scheduling maintenance, determining lease charges, validating guarantees and calculating costs per mile.\" \/>\n<meta name=\"robots\" content=\"index, follow, max-snippet:-1, max-image-preview:large, max-video-preview:-1\" \/>\n<link rel=\"canonical\" href=\"https:\/\/www.stemco.com\/fr\/product\/wheel-end\/hubodometers\/datatrac-pro-field-programmable\/\" \/>\n<meta property=\"og:locale\" content=\"fr_CA\" \/>\n<meta property=\"og:type\" content=\"article\" \/>\n<meta property=\"og:title\" content=\"DataTrac\u00ae Pro - Field Programmable | Wheel End Products | STEMCO\u00ae\" \/>\n<meta property=\"og:description\" content=\"STEMCO\u00ae\u2019s electronic hubodometers are perfect for scheduling maintenance, determining lease charges, validating guarantees and calculating costs per mile.\" \/>\n<meta property=\"og:url\" content=\"https:\/\/www.stemco.com\/fr\/product\/wheel-end\/hubodometers\/datatrac-pro-field-programmable\/\" \/>\n<meta property=\"og:site_name\" content=\"Stemco\" \/>\n<meta property=\"article:modified_time\" content=\"2024-07-30T15:27:49+00:00\" \/>\n<meta property=\"og:image\" content=\"https:\/\/www.stemco.com\/wp-content\/uploads\/2020\/06\/datatrac-pro-field-hubodometer.jpg\" \/>\n\t<meta property=\"og:image:width\" content=\"675\" \/>\n\t<meta property=\"og:image:height\" content=\"250\" \/>\n\t<meta property=\"og:image:type\" content=\"image\/jpeg\" \/>\n<meta name=\"twitter:card\" content=\"summary_large_image\" \/>\n<meta name=\"twitter:label1\" content=\"Estimation du temps de lecture\" \/>\n\t<meta name=\"twitter:data1\" content=\"2 minutes\" \/>\n<script type=\"application\/ld+json\" class=\"yoast-schema-graph\">{\"@context\":\"https:\/\/schema.org\",\"@graph\":[{\"@type\":\"WebPage\",\"@id\":\"https:\/\/www.stemco.com\/product\/wheel-end\/hubodometers\/datatrac-pro-field-programmable\/\",\"url\":\"https:\/\/www.stemco.com\/product\/wheel-end\/hubodometers\/datatrac-pro-field-programmable\/\",\"name\":\"DataTrac\u00ae Pro - Field Programmable | Wheel End Products | STEMCO\u00ae\",\"isPartOf\":{\"@id\":\"https:\/\/www.stemco.com\/#website\"},\"primaryImageOfPage\":{\"@id\":\"https:\/\/www.stemco.com\/product\/wheel-end\/hubodometers\/datatrac-pro-field-programmable\/#primaryimage\"},\"image\":{\"@id\":\"https:\/\/www.stemco.com\/product\/wheel-end\/hubodometers\/datatrac-pro-field-programmable\/#primaryimage\"},\"thumbnailUrl\":\"https:\/\/www.stemco.com\/wp-content\/uploads\/2020\/06\/datatrac-pro-field-hubodometer.jpg\",\"datePublished\":\"2020-06-26T16:02:12+00:00\",\"dateModified\":\"2024-07-30T15:27:49+00:00\",\"description\":\"STEMCO\u00ae\u2019s electronic hubodometers are perfect for scheduling maintenance, determining lease charges, validating guarantees and calculating costs per mile.\",\"breadcrumb\":{\"@id\":\"https:\/\/www.stemco.com\/product\/wheel-end\/hubodometers\/datatrac-pro-field-programmable\/#breadcrumb\"},\"inLanguage\":\"fr-CA\",\"potentialAction\":[{\"@type\":\"ReadAction\",\"target\":[\"https:\/\/www.stemco.com\/product\/wheel-end\/hubodometers\/datatrac-pro-field-programmable\/\"]}]},{\"@type\":\"ImageObject\",\"inLanguage\":\"fr-CA\",\"@id\":\"https:\/\/www.stemco.com\/product\/wheel-end\/hubodometers\/datatrac-pro-field-programmable\/#primaryimage\",\"url\":\"https:\/\/www.stemco.com\/wp-content\/uploads\/2020\/06\/datatrac-pro-field-hubodometer.jpg\",\"contentUrl\":\"https:\/\/www.stemco.com\/wp-content\/uploads\/2020\/06\/datatrac-pro-field-hubodometer.jpg\",\"width\":675,\"height\":250,\"caption\":\"DataTrac Pro\"},{\"@type\":\"BreadcrumbList\",\"@id\":\"https:\/\/www.stemco.com\/product\/wheel-end\/hubodometers\/datatrac-pro-field-programmable\/#breadcrumb\",\"itemListElement\":[{\"@type\":\"ListItem\",\"position\":1,\"name\":\"Home\",\"item\":\"https:\/\/www.stemco.com\/\"},{\"@type\":\"ListItem\",\"position\":2,\"name\":\"Products\",\"item\":\"https:\/\/www.stemco.com\/product\/\"},{\"@type\":\"ListItem\",\"position\":3,\"name\":\"Wheel End\",\"item\":\"https:\/\/www.stemco.com\/product\/wheel-end\/\"},{\"@type\":\"ListItem\",\"position\":4,\"name\":\"Hubodometers\",\"item\":\"https:\/\/www.stemco.com\/product\/wheel-end\/hubodometers\/\"},{\"@type\":\"ListItem\",\"position\":5,\"name\":\"DataTrac\u00ae Pro &#8211; Field Programmable\"}]},{\"@type\":\"WebSite\",\"@id\":\"https:\/\/www.stemco.com\/#website\",\"url\":\"https:\/\/www.stemco.com\/\",\"name\":\"Stemco\",\"description\":\"Making The Roadways Safer\u00ae\",\"publisher\":{\"@id\":\"https:\/\/www.stemco.com\/#organization\"},\"potentialAction\":[{\"@type\":\"SearchAction\",\"target\":{\"@type\":\"EntryPoint\",\"urlTemplate\":\"https:\/\/www.stemco.com\/?s={search_term_string}\"},\"query-input\":{\"@type\":\"PropertyValueSpecification\",\"valueRequired\":true,\"valueName\":\"search_term_string\"}}],\"inLanguage\":\"fr-CA\"},{\"@type\":\"Organization\",\"@id\":\"https:\/\/www.stemco.com\/#organization\",\"name\":\"Stemco\",\"url\":\"https:\/\/www.stemco.com\/\",\"logo\":{\"@type\":\"ImageObject\",\"inLanguage\":\"fr-CA\",\"@id\":\"https:\/\/www.stemco.com\/#\/schema\/logo\/image\/\",\"url\":\"https:\/\/www.stemco.com\/wp-content\/uploads\/2025\/04\/stemco-logo-enpro.png\",\"contentUrl\":\"https:\/\/www.stemco.com\/wp-content\/uploads\/2025\/04\/stemco-logo-enpro.png\",\"width\":245,\"height\":40,\"caption\":\"Stemco\"},\"image\":{\"@id\":\"https:\/\/www.stemco.com\/#\/schema\/logo\/image\/\"}}]}<\/script>\n<!-- \/ Yoast SEO plugin. -->","yoast_head_json":{"title":"DataTrac\u00ae Pro - Programmable sur site | Produits pour extr\u00e9mit\u00e9s de roues | STEMCO\u00ae","description":"Les compteurs kilom\u00e9triques \u00e9lectroniques STEMCO\u00ae sont parfaits pour planifier l&#039;entretien, d\u00e9terminer les frais de location, valider les garanties et calculer les co\u00fbts par kilom\u00e8tre.","robots":{"index":"index","follow":"follow","max-snippet":"max-snippet:-1","max-image-preview":"max-image-preview:large","max-video-preview":"max-video-preview:-1"},"canonical":"https:\/\/www.stemco.com\/fr\/product\/wheel-end\/hubodometers\/datatrac-pro-field-programmable\/","og_locale":"fr_CA","og_type":"article","og_title":"DataTrac\u00ae Pro - Field Programmable | Wheel End Products | STEMCO\u00ae","og_description":"STEMCO\u00ae\u2019s electronic hubodometers are perfect for scheduling maintenance, determining lease charges, validating guarantees and calculating costs per mile.","og_url":"https:\/\/www.stemco.com\/fr\/product\/wheel-end\/hubodometers\/datatrac-pro-field-programmable\/","og_site_name":"Stemco","article_modified_time":"2024-07-30T15:27:49+00:00","og_image":[{"width":675,"height":250,"url":"https:\/\/www.stemco.com\/wp-content\/uploads\/2020\/06\/datatrac-pro-field-hubodometer.jpg","type":"image\/jpeg"}],"twitter_card":"summary_large_image","twitter_misc":{"Estimation du temps de lecture":"2 minutes"},"schema":{"@context":"https:\/\/schema.org","@graph":[{"@type":"WebPage","@id":"https:\/\/www.stemco.com\/product\/wheel-end\/hubodometers\/datatrac-pro-field-programmable\/","url":"https:\/\/www.stemco.com\/product\/wheel-end\/hubodometers\/datatrac-pro-field-programmable\/","name":"DataTrac\u00ae Pro - Programmable sur site | Produits pour extr\u00e9mit\u00e9s de roues | STEMCO\u00ae","isPartOf":{"@id":"https:\/\/www.stemco.com\/#website"},"primaryImageOfPage":{"@id":"https:\/\/www.stemco.com\/product\/wheel-end\/hubodometers\/datatrac-pro-field-programmable\/#primaryimage"},"image":{"@id":"https:\/\/www.stemco.com\/product\/wheel-end\/hubodometers\/datatrac-pro-field-programmable\/#primaryimage"},"thumbnailUrl":"https:\/\/www.stemco.com\/wp-content\/uploads\/2020\/06\/datatrac-pro-field-hubodometer.jpg","datePublished":"2020-06-26T16:02:12+00:00","dateModified":"2024-07-30T15:27:49+00:00","description":"Les compteurs kilom\u00e9triques \u00e9lectroniques STEMCO\u00ae sont parfaits pour planifier l&#039;entretien, d\u00e9terminer les frais de location, valider les garanties et calculer les co\u00fbts par kilom\u00e8tre.","breadcrumb":{"@id":"https:\/\/www.stemco.com\/product\/wheel-end\/hubodometers\/datatrac-pro-field-programmable\/#breadcrumb"},"inLanguage":"fr-CA","potentialAction":[{"@type":"ReadAction","target":["https:\/\/www.stemco.com\/product\/wheel-end\/hubodometers\/datatrac-pro-field-programmable\/"]}]},{"@type":"ImageObject","inLanguage":"fr-CA","@id":"https:\/\/www.stemco.com\/product\/wheel-end\/hubodometers\/datatrac-pro-field-programmable\/#primaryimage","url":"https:\/\/www.stemco.com\/wp-content\/uploads\/2020\/06\/datatrac-pro-field-hubodometer.jpg","contentUrl":"https:\/\/www.stemco.com\/wp-content\/uploads\/2020\/06\/datatrac-pro-field-hubodometer.jpg","width":675,"height":250,"caption":"DataTrac Pro"},{"@type":"BreadcrumbList","@id":"https:\/\/www.stemco.com\/product\/wheel-end\/hubodometers\/datatrac-pro-field-programmable\/#breadcrumb","itemListElement":[{"@type":"ListItem","position":1,"name":"Home","item":"https:\/\/www.stemco.com\/"},{"@type":"ListItem","position":2,"name":"Products","item":"https:\/\/www.stemco.com\/product\/"},{"@type":"ListItem","position":3,"name":"Wheel End","item":"https:\/\/www.stemco.com\/product\/wheel-end\/"},{"@type":"ListItem","position":4,"name":"Hubodometers","item":"https:\/\/www.stemco.com\/product\/wheel-end\/hubodometers\/"},{"@type":"ListItem","position":5,"name":"DataTrac\u00ae Pro &#8211; Field Programmable"}]},{"@type":"WebSite","@id":"https:\/\/www.stemco.com\/#website","url":"https:\/\/www.stemco.com\/","name":"Stemco","description":"Rendre les routes plus s\u00fbres\u00ae","publisher":{"@id":"https:\/\/www.stemco.com\/#organization"},"potentialAction":[{"@type":"SearchAction","target":{"@type":"EntryPoint","urlTemplate":"https:\/\/www.stemco.com\/?s={search_term_string}"},"query-input":{"@type":"PropertyValueSpecification","valueRequired":true,"valueName":"search_term_string"}}],"inLanguage":"fr-CA"},{"@type":"Organization","@id":"https:\/\/www.stemco.com\/#organization","name":"Stemco","url":"https:\/\/www.stemco.com\/","logo":{"@type":"ImageObject","inLanguage":"fr-CA","@id":"https:\/\/www.stemco.com\/#\/schema\/logo\/image\/","url":"https:\/\/www.stemco.com\/wp-content\/uploads\/2025\/04\/stemco-logo-enpro.png","contentUrl":"https:\/\/www.stemco.com\/wp-content\/uploads\/2025\/04\/stemco-logo-enpro.png","width":245,"height":40,"caption":"Stemco"},"image":{"@id":"https:\/\/www.stemco.com\/#\/schema\/logo\/image\/"}}]}},"_links":{"self":[{"href":"https:\/\/www.stemco.com\/fr\/wp-json\/wp\/v2\/product\/1045","targetHints":{"allow":["GET"]}}],"collection":[{"href":"https:\/\/www.stemco.com\/fr\/wp-json\/wp\/v2\/product"}],"about":[{"href":"https:\/\/www.stemco.com\/fr\/wp-json\/wp\/v2\/types\/product"}],"up":[{"embeddable":true,"href":"https:\/\/www.stemco.com\/fr\/wp-json\/wp\/v2\/product\/13"}],"wp:featuredmedia":[{"embeddable":true,"href":"https:\/\/www.stemco.com\/fr\/wp-json\/wp\/v2\/media\/1051"}],"wp:attachment":[{"href":"https:\/\/www.stemco.com\/fr\/wp-json\/wp\/v2\/media?parent=1045"}],"wp:term":[{"taxonomy":"category","embeddable":true,"href":"https:\/\/www.stemco.com\/fr\/wp-json\/wp\/v2\/categories?post=1045"},{"taxonomy":"post_tag","embeddable":true,"href":"https:\/\/www.stemco.com\/fr\/wp-json\/wp\/v2\/tags?post=1045"},{"taxonomy":"product-category","embeddable":true,"href":"https:\/\/www.stemco.com\/fr\/wp-json\/wp\/v2\/product-category?post=1045"},{"taxonomy":"product-page-type-category","embeddable":true,"href":"https:\/\/www.stemco.com\/fr\/wp-json\/wp\/v2\/product-page-type-category?post=1045"}],"curies":[{"name":"wp","href":"https:\/\/api.w.org\/{rel}","templated":true}]}}