{"id":1038,"date":"2020-06-26T15:55:11","date_gmt":"2020-06-26T15:55:11","guid":{"rendered":"https:\/\/www.stemco.com?post_type=product&#038;p=1038"},"modified":"2024-07-30T15:28:20","modified_gmt":"2024-07-30T15:28:20","slug":"datatrac-programmer","status":"publish","type":"product","link":"https:\/\/www.stemco.com\/fr\/product\/wheel-end\/hubodometers\/datatrac-programmer\/","title":{"rendered":"DataTrac Programmer"},"content":{"rendered":"<p>Programmateur rapide pour hubodom\u00e8tres DataTrac Pro et DataTrac SVT. Programmez hubo sur les r\u00e9volutions\/miles pour la taille des pneus, les unit\u00e9s de mesure de distance (ex : miles, km, etc.) et le kilom\u00e9trage pr\u00e9d\u00e9fini pour correspondre au kilom\u00e9trage actuel du v\u00e9hicule.<\/p>","protected":false},"excerpt":{"rendered":"<p>Programmateur rapide pour hubodom\u00e8tres DataTrac Pro et DataTrac SVT. Programmez hubo sur les r\u00e9volutions\/miles pour la taille des pneus, les unit\u00e9s de mesure de distance (ex : miles, km, etc.) et le kilom\u00e9trage pr\u00e9d\u00e9fini pour correspondre au kilom\u00e9trage actuel du v\u00e9hicule.<\/p>","protected":false},"featured_media":1040,"parent":13,"menu_order":5,"template":"","format":"standard","meta":{"_acf_changed":false,"content-type":""},"categories":[],"tags":[],"product-category":[28],"product-page-type-category":[20],"class_list":["post-1038","product","type-product","status-publish","format-standard","has-post-thumbnail","hentry","product-category-hubodometers","product-page-type-category-simple-product-page"],"acf":[],"yoast_head":"<!-- This site is optimized with the Yoast SEO plugin v26.8 - https:\/\/yoast.com\/product\/yoast-seo-wordpress\/ -->\n<title>DataTrac Programmer | Wheel End Products | STEMCO\u00ae<\/title>\n<meta name=\"description\" content=\"STEMCO\u00ae program hubo to the revolutions\/mile for the tire size, distance units of measure &amp; mileage preset to match the vehicle&#039;s current mileage.\" \/>\n<meta name=\"robots\" content=\"index, follow, max-snippet:-1, max-image-preview:large, max-video-preview:-1\" \/>\n<link rel=\"canonical\" href=\"https:\/\/www.stemco.com\/fr\/product\/wheel-end\/hubodometers\/datatrac-programmer\/\" \/>\n<meta property=\"og:locale\" content=\"fr_CA\" \/>\n<meta property=\"og:type\" content=\"article\" \/>\n<meta property=\"og:title\" content=\"DataTrac Programmer | Wheel End Products | STEMCO\u00ae\" \/>\n<meta property=\"og:description\" content=\"STEMCO\u00ae program hubo to the revolutions\/mile for the tire size, distance units of measure &amp; mileage preset to match the vehicle&#039;s current mileage.\" \/>\n<meta property=\"og:url\" content=\"https:\/\/www.stemco.com\/fr\/product\/wheel-end\/hubodometers\/datatrac-programmer\/\" \/>\n<meta property=\"og:site_name\" content=\"Stemco\" \/>\n<meta property=\"article:modified_time\" content=\"2024-07-30T15:28:20+00:00\" \/>\n<meta property=\"og:image\" content=\"https:\/\/www.stemco.com\/wp-content\/uploads\/2020\/06\/datatrac-programmer.jpg\" \/>\n\t<meta property=\"og:image:width\" content=\"675\" \/>\n\t<meta property=\"og:image:height\" content=\"263\" \/>\n\t<meta property=\"og:image:type\" content=\"image\/jpeg\" \/>\n<meta name=\"twitter:card\" content=\"summary_large_image\" \/>\n<meta name=\"twitter:label1\" content=\"Estimation du temps de lecture\" \/>\n\t<meta name=\"twitter:data1\" content=\"1 minute\" \/>\n<script type=\"application\/ld+json\" class=\"yoast-schema-graph\">{\"@context\":\"https:\/\/schema.org\",\"@graph\":[{\"@type\":\"WebPage\",\"@id\":\"https:\/\/www.stemco.com\/product\/wheel-end\/hubodometers\/datatrac-programmer\/\",\"url\":\"https:\/\/www.stemco.com\/product\/wheel-end\/hubodometers\/datatrac-programmer\/\",\"name\":\"DataTrac Programmer | Wheel End Products | STEMCO\u00ae\",\"isPartOf\":{\"@id\":\"https:\/\/www.stemco.com\/#website\"},\"primaryImageOfPage\":{\"@id\":\"https:\/\/www.stemco.com\/product\/wheel-end\/hubodometers\/datatrac-programmer\/#primaryimage\"},\"image\":{\"@id\":\"https:\/\/www.stemco.com\/product\/wheel-end\/hubodometers\/datatrac-programmer\/#primaryimage\"},\"thumbnailUrl\":\"https:\/\/www.stemco.com\/wp-content\/uploads\/2020\/06\/datatrac-programmer.jpg\",\"datePublished\":\"2020-06-26T15:55:11+00:00\",\"dateModified\":\"2024-07-30T15:28:20+00:00\",\"description\":\"STEMCO\u00ae program hubo to the revolutions\/mile for the tire size, distance units of measure & mileage preset to match the vehicle's current mileage.\",\"breadcrumb\":{\"@id\":\"https:\/\/www.stemco.com\/product\/wheel-end\/hubodometers\/datatrac-programmer\/#breadcrumb\"},\"inLanguage\":\"fr-CA\",\"potentialAction\":[{\"@type\":\"ReadAction\",\"target\":[\"https:\/\/www.stemco.com\/product\/wheel-end\/hubodometers\/datatrac-programmer\/\"]}]},{\"@type\":\"ImageObject\",\"inLanguage\":\"fr-CA\",\"@id\":\"https:\/\/www.stemco.com\/product\/wheel-end\/hubodometers\/datatrac-programmer\/#primaryimage\",\"url\":\"https:\/\/www.stemco.com\/wp-content\/uploads\/2020\/06\/datatrac-programmer.jpg\",\"contentUrl\":\"https:\/\/www.stemco.com\/wp-content\/uploads\/2020\/06\/datatrac-programmer.jpg\",\"width\":675,\"height\":263,\"caption\":\"DataTrac Programmer\"},{\"@type\":\"BreadcrumbList\",\"@id\":\"https:\/\/www.stemco.com\/product\/wheel-end\/hubodometers\/datatrac-programmer\/#breadcrumb\",\"itemListElement\":[{\"@type\":\"ListItem\",\"position\":1,\"name\":\"Home\",\"item\":\"https:\/\/www.stemco.com\/\"},{\"@type\":\"ListItem\",\"position\":2,\"name\":\"Products\",\"item\":\"https:\/\/www.stemco.com\/product\/\"},{\"@type\":\"ListItem\",\"position\":3,\"name\":\"Wheel End\",\"item\":\"https:\/\/www.stemco.com\/product\/wheel-end\/\"},{\"@type\":\"ListItem\",\"position\":4,\"name\":\"Hubodometers\",\"item\":\"https:\/\/www.stemco.com\/product\/wheel-end\/hubodometers\/\"},{\"@type\":\"ListItem\",\"position\":5,\"name\":\"DataTrac Programmer\"}]},{\"@type\":\"WebSite\",\"@id\":\"https:\/\/www.stemco.com\/#website\",\"url\":\"https:\/\/www.stemco.com\/\",\"name\":\"Stemco\",\"description\":\"Making The Roadways Safer\u00ae\",\"publisher\":{\"@id\":\"https:\/\/www.stemco.com\/#organization\"},\"potentialAction\":[{\"@type\":\"SearchAction\",\"target\":{\"@type\":\"EntryPoint\",\"urlTemplate\":\"https:\/\/www.stemco.com\/?s={search_term_string}\"},\"query-input\":{\"@type\":\"PropertyValueSpecification\",\"valueRequired\":true,\"valueName\":\"search_term_string\"}}],\"inLanguage\":\"fr-CA\"},{\"@type\":\"Organization\",\"@id\":\"https:\/\/www.stemco.com\/#organization\",\"name\":\"Stemco\",\"url\":\"https:\/\/www.stemco.com\/\",\"logo\":{\"@type\":\"ImageObject\",\"inLanguage\":\"fr-CA\",\"@id\":\"https:\/\/www.stemco.com\/#\/schema\/logo\/image\/\",\"url\":\"https:\/\/www.stemco.com\/wp-content\/uploads\/2025\/04\/stemco-logo-enpro.png\",\"contentUrl\":\"https:\/\/www.stemco.com\/wp-content\/uploads\/2025\/04\/stemco-logo-enpro.png\",\"width\":245,\"height\":40,\"caption\":\"Stemco\"},\"image\":{\"@id\":\"https:\/\/www.stemco.com\/#\/schema\/logo\/image\/\"}}]}<\/script>\n<!-- \/ Yoast SEO plugin. -->","yoast_head_json":{"title":"DataTrac Programmer | Accessoires de roue | STEMCO\u00ae","description":"Le programme STEMCO\u00ae ajuste les tours\/mile en fonction de la taille du pneu, des unit\u00e9s de mesure de distance et du kilom\u00e9trage pr\u00e9d\u00e9finis pour correspondre au kilom\u00e9trage actuel du v\u00e9hicule.","robots":{"index":"index","follow":"follow","max-snippet":"max-snippet:-1","max-image-preview":"max-image-preview:large","max-video-preview":"max-video-preview:-1"},"canonical":"https:\/\/www.stemco.com\/fr\/product\/wheel-end\/hubodometers\/datatrac-programmer\/","og_locale":"fr_CA","og_type":"article","og_title":"DataTrac Programmer | Wheel End Products | STEMCO\u00ae","og_description":"STEMCO\u00ae program hubo to the revolutions\/mile for the tire size, distance units of measure & mileage preset to match the vehicle's current mileage.","og_url":"https:\/\/www.stemco.com\/fr\/product\/wheel-end\/hubodometers\/datatrac-programmer\/","og_site_name":"Stemco","article_modified_time":"2024-07-30T15:28:20+00:00","og_image":[{"width":675,"height":263,"url":"https:\/\/www.stemco.com\/wp-content\/uploads\/2020\/06\/datatrac-programmer.jpg","type":"image\/jpeg"}],"twitter_card":"summary_large_image","twitter_misc":{"Estimation du temps de lecture":"1 minute"},"schema":{"@context":"https:\/\/schema.org","@graph":[{"@type":"WebPage","@id":"https:\/\/www.stemco.com\/product\/wheel-end\/hubodometers\/datatrac-programmer\/","url":"https:\/\/www.stemco.com\/product\/wheel-end\/hubodometers\/datatrac-programmer\/","name":"DataTrac Programmer | Accessoires de roue | STEMCO\u00ae","isPartOf":{"@id":"https:\/\/www.stemco.com\/#website"},"primaryImageOfPage":{"@id":"https:\/\/www.stemco.com\/product\/wheel-end\/hubodometers\/datatrac-programmer\/#primaryimage"},"image":{"@id":"https:\/\/www.stemco.com\/product\/wheel-end\/hubodometers\/datatrac-programmer\/#primaryimage"},"thumbnailUrl":"https:\/\/www.stemco.com\/wp-content\/uploads\/2020\/06\/datatrac-programmer.jpg","datePublished":"2020-06-26T15:55:11+00:00","dateModified":"2024-07-30T15:28:20+00:00","description":"Le programme STEMCO\u00ae ajuste les tours\/mile en fonction de la taille du pneu, des unit\u00e9s de mesure de distance et du kilom\u00e9trage pr\u00e9d\u00e9finis pour correspondre au kilom\u00e9trage actuel du v\u00e9hicule.","breadcrumb":{"@id":"https:\/\/www.stemco.com\/product\/wheel-end\/hubodometers\/datatrac-programmer\/#breadcrumb"},"inLanguage":"fr-CA","potentialAction":[{"@type":"ReadAction","target":["https:\/\/www.stemco.com\/product\/wheel-end\/hubodometers\/datatrac-programmer\/"]}]},{"@type":"ImageObject","inLanguage":"fr-CA","@id":"https:\/\/www.stemco.com\/product\/wheel-end\/hubodometers\/datatrac-programmer\/#primaryimage","url":"https:\/\/www.stemco.com\/wp-content\/uploads\/2020\/06\/datatrac-programmer.jpg","contentUrl":"https:\/\/www.stemco.com\/wp-content\/uploads\/2020\/06\/datatrac-programmer.jpg","width":675,"height":263,"caption":"DataTrac Programmer"},{"@type":"BreadcrumbList","@id":"https:\/\/www.stemco.com\/product\/wheel-end\/hubodometers\/datatrac-programmer\/#breadcrumb","itemListElement":[{"@type":"ListItem","position":1,"name":"Home","item":"https:\/\/www.stemco.com\/"},{"@type":"ListItem","position":2,"name":"Products","item":"https:\/\/www.stemco.com\/product\/"},{"@type":"ListItem","position":3,"name":"Wheel End","item":"https:\/\/www.stemco.com\/product\/wheel-end\/"},{"@type":"ListItem","position":4,"name":"Hubodometers","item":"https:\/\/www.stemco.com\/product\/wheel-end\/hubodometers\/"},{"@type":"ListItem","position":5,"name":"DataTrac Programmer"}]},{"@type":"WebSite","@id":"https:\/\/www.stemco.com\/#website","url":"https:\/\/www.stemco.com\/","name":"Stemco","description":"Rendre les routes plus s\u00fbres\u00ae","publisher":{"@id":"https:\/\/www.stemco.com\/#organization"},"potentialAction":[{"@type":"SearchAction","target":{"@type":"EntryPoint","urlTemplate":"https:\/\/www.stemco.com\/?s={search_term_string}"},"query-input":{"@type":"PropertyValueSpecification","valueRequired":true,"valueName":"search_term_string"}}],"inLanguage":"fr-CA"},{"@type":"Organization","@id":"https:\/\/www.stemco.com\/#organization","name":"Stemco","url":"https:\/\/www.stemco.com\/","logo":{"@type":"ImageObject","inLanguage":"fr-CA","@id":"https:\/\/www.stemco.com\/#\/schema\/logo\/image\/","url":"https:\/\/www.stemco.com\/wp-content\/uploads\/2025\/04\/stemco-logo-enpro.png","contentUrl":"https:\/\/www.stemco.com\/wp-content\/uploads\/2025\/04\/stemco-logo-enpro.png","width":245,"height":40,"caption":"Stemco"},"image":{"@id":"https:\/\/www.stemco.com\/#\/schema\/logo\/image\/"}}]}},"_links":{"self":[{"href":"https:\/\/www.stemco.com\/fr\/wp-json\/wp\/v2\/product\/1038","targetHints":{"allow":["GET"]}}],"collection":[{"href":"https:\/\/www.stemco.com\/fr\/wp-json\/wp\/v2\/product"}],"about":[{"href":"https:\/\/www.stemco.com\/fr\/wp-json\/wp\/v2\/types\/product"}],"up":[{"embeddable":true,"href":"https:\/\/www.stemco.com\/fr\/wp-json\/wp\/v2\/product\/13"}],"wp:featuredmedia":[{"embeddable":true,"href":"https:\/\/www.stemco.com\/fr\/wp-json\/wp\/v2\/media\/1040"}],"wp:attachment":[{"href":"https:\/\/www.stemco.com\/fr\/wp-json\/wp\/v2\/media?parent=1038"}],"wp:term":[{"taxonomy":"category","embeddable":true,"href":"https:\/\/www.stemco.com\/fr\/wp-json\/wp\/v2\/categories?post=1038"},{"taxonomy":"post_tag","embeddable":true,"href":"https:\/\/www.stemco.com\/fr\/wp-json\/wp\/v2\/tags?post=1038"},{"taxonomy":"product-category","embeddable":true,"href":"https:\/\/www.stemco.com\/fr\/wp-json\/wp\/v2\/product-category?post=1038"},{"taxonomy":"product-page-type-category","embeddable":true,"href":"https:\/\/www.stemco.com\/fr\/wp-json\/wp\/v2\/product-page-type-category?post=1038"}],"curies":[{"name":"wp","href":"https:\/\/api.w.org\/{rel}","templated":true}]}}