{"id":87,"date":"2020-05-21T16:35:47","date_gmt":"2020-05-21T16:35:47","guid":{"rendered":"http:\/\/stemco.local\/?page_id=87"},"modified":"2023-01-05T13:20:25","modified_gmt":"2023-01-05T13:20:25","slug":"disclaimer","status":"publish","type":"page","link":"https:\/\/www.stemco.com\/fr\/legal\/disclaimer\/","title":{"rendered":"Clause de non-responsabilit\u00e9"},"content":{"rendered":"<div data-elementor-type=\"wp-page\" data-elementor-id=\"87\" class=\"elementor elementor-87\" data-elementor-post-type=\"page\">\n\t\t\t\t\t\t<section class=\"elementor-section elementor-top-section elementor-element elementor-element-cc94baa blue-gradient-header elementor-section-boxed elementor-section-height-default elementor-section-height-default\" data-id=\"cc94baa\" data-element_type=\"section\" data-e-type=\"section\">\n\t\t\t\t\t\t<div class=\"elementor-container elementor-column-gap-default\">\n\t\t\t\t\t<div class=\"elementor-column elementor-col-100 elementor-top-column elementor-element elementor-element-745e3b1\" data-id=\"745e3b1\" data-element_type=\"column\" data-e-type=\"column\">\n\t\t\t<div class=\"elementor-widget-wrap elementor-element-populated\">\n\t\t\t\t\t\t<div class=\"elementor-element elementor-element-60d9a9b white elementor-widget elementor-widget-heading\" data-id=\"60d9a9b\" data-element_type=\"widget\" data-e-type=\"widget\" data-widget_type=\"heading.default\">\n\t\t\t\t<div class=\"elementor-widget-container\">\n\t\t\t\t\t<h1 class=\"elementor-heading-title elementor-size-default\">L\u00e9gal<\/h1>\t\t\t\t<\/div>\n\t\t\t\t<\/div>\n\t\t\t\t\t<\/div>\n\t\t<\/div>\n\t\t\t\t\t<\/div>\n\t\t<\/section>\n\t\t\t\t<section class=\"elementor-section elementor-top-section elementor-element elementor-element-69342dfc elementor-section-boxed elementor-section-height-default elementor-section-height-default\" data-id=\"69342dfc\" data-element_type=\"section\" data-e-type=\"section\">\n\t\t\t\t\t\t<div class=\"elementor-container elementor-column-gap-default\">\n\t\t\t\t\t<div class=\"elementor-column elementor-col-100 elementor-top-column elementor-element elementor-element-2494d949\" data-id=\"2494d949\" data-element_type=\"column\" data-e-type=\"column\">\n\t\t\t<div class=\"elementor-widget-wrap elementor-element-populated\">\n\t\t\t\t\t\t<div class=\"elementor-element elementor-element-5e731376 elementor-widget elementor-widget-text-editor\" data-id=\"5e731376\" data-element_type=\"widget\" data-e-type=\"widget\" data-widget_type=\"text-editor.default\">\n\t\t\t\t<div class=\"elementor-widget-container\">\n\t\t\t\t\t\t\t\t\t<p><strong>Mention l\u00e9gale<\/strong><br \/>Produits STEMCO Inc. (\u00ab\u00a0STEMCO\u00a0\u00bb) offre ce site Web, y compris toutes les informations et tous les services disponibles sur ce site Web ou offerts dans le cadre de ou en conjonction avec ce site Web (le \u00ab\u00a0site Web\u00a0\u00bb), \u00e0 vous, l&#039;utilisateur, sous r\u00e9serve de votre acceptation. de tous les termes, conditions, politiques et avis \u00e9nonc\u00e9s ci-dessous (&quot;Termes et Conditions&quot;). Votre utilisation continue du site Web constitue votre accord d&#039;\u00eatre li\u00e9 par les Termes et Conditions.<\/p><p><strong>Termes et conditions Aucune garantie<\/strong><br \/>Les informations contenues sur ce site Web sont fournies sans aucune garantie ou repr\u00e9sentation quant \u00e0 l&#039;exactitude, l&#039;exhaustivit\u00e9 ou l&#039;actualit\u00e9. STEMCO ne garantit pas que le site Web ou son fonctionnement seront exacts, fiables, ininterrompus ou sans erreur. STEMCO n&#039;assume aucune responsabilit\u00e9 pour toute erreur ou omission dans le contenu ou le fonctionnement du site Web. STEMCO se r\u00e9serve le droit de modifier les informations contenues dans ce site Web sans pr\u00e9avis et ne s&#039;engage pas \u00e0 mettre \u00e0 jour les informations contenues dans ce site Web. UTILISEZ LE SITE WEB \u00c0 VOS PROPRES RISQUES. CE SITE WEB VOUS EST FOURNI &quot;TEL QUEL&quot;, SANS GARANTIE D&#039;AUCUNE SORTE, EXPRESSE OU IMPLICITE, Y COMPRIS, MAIS SANS S&#039;Y LIMITER, LES GARANTIES IMPLICITES DE QUALIT\u00c9 MARCHANDE, D&#039;AD\u00c9QUATION \u00c0 UN USAGE PARTICULIER OU D&#039;ABSENCE DE CONTREFA\u00c7ON. Veuillez noter que certaines juridictions peuvent ne pas autoriser l&#039;exclusion des garanties implicites, de sorte que certaines des exclusions ci-dessus peuvent ne pas s&#039;appliquer. STEMCO n&#039;assume \u00e9galement aucune responsabilit\u00e9 et ne sera pas tenue responsable de tout dommage ou virus pouvant infecter votre \u00e9quipement informatique ou autre propri\u00e9t\u00e9 \u00e0 la suite de votre acc\u00e8s, utilisation ou navigation sur le site Web ou de votre t\u00e9l\u00e9chargement de tout fichier, image, texte ou autre mat\u00e9riel du site Web.<\/p><p><strong>Exclusion de responsabilit\u00e9<\/strong><br \/>EN AUCUN CAS STEMCO OU L&#039;UNE DE SES SOCI\u00c9T\u00c9S AFFILI\u00c9ES NE SERA RESPONSABLE DE TOUT DOMMAGE DIRECT, INDIRECT, SP\u00c9CIAL, CONS\u00c9CUTIF, PUNITIF, EXEMPLAIRE OU AUTRE D\u00c9COULANT DE L&#039;UTILISATION DE CE SITE WEB, Y COMPRIS, SANS LIMITATION, LA PERTE DE PROFITS, L&#039;INTERRUPTION D&#039;ACTIVIT\u00c9 ET LA PERTE DE PROGRAMMES OU AUTRES DONN\u00c9ES.<\/p><p><strong>Droits d&#039;auteur<\/strong><br \/>Tout le mat\u00e9riel contenu sur le site Web (y compris tous les logiciels, le code HTML, les applets Java, les contr\u00f4les Active X et tout autre code) est prot\u00e9g\u00e9 par les lois am\u00e9ricaines et \u00e9trang\u00e8res sur le droit d&#039;auteur. Sauf disposition expresse contraire dans les pr\u00e9sentes conditions g\u00e9n\u00e9rales, vous ne pouvez pas copier, distribuer, transmettre, afficher, ex\u00e9cuter, reproduire, publier, conc\u00e9der sous licence, modifier, r\u00e9\u00e9crire, cr\u00e9er des \u0153uvres d\u00e9riv\u00e9es, transf\u00e9rer ou vendre tout mat\u00e9riel contenu sur le site Web sans l&#039;accord pr\u00e9alable de STEMCO. Vous pouvez faire des copies uniques des documents affich\u00e9s sur le site Web pour votre propre usage uniquement, \u00e0 condition que toutes les copies incluent le droit d&#039;auteur et d&#039;autres avis affich\u00e9s avec les documents sur le site Web. Vous ne pouvez pas distribuer ces copies \u00e0 d&#039;autres, que ce soit \u00e0 titre on\u00e9reux ou non, sans l&#039;autorisation \u00e9crite pr\u00e9alable de STEMCO. Toute utilisation non autoris\u00e9e de tout mat\u00e9riel sur le site Web peut enfreindre les lois sur le droit d&#039;auteur, les lois sur les marques, les lois sur la confidentialit\u00e9 et la publicit\u00e9, ainsi que les r\u00e9glementations et statuts en mati\u00e8re de communication. La violation de cette disposition peut entra\u00eener des sanctions civiles et p\u00e9nales substantielles.<\/p><p><strong>Marques de commerce<\/strong><br \/>Les marques de commerce, logos et marques de service (collectivement les \u00ab\u00a0marques de commerce\u00a0\u00bb) affich\u00e9s sur le site Web sont des marques de commerce de STEMCO et de ses soci\u00e9t\u00e9s affili\u00e9es. D&#039;autres marques de commerce apparaissent sur le site Web avec l&#039;autorisation de leurs propri\u00e9taires respectifs. Aucune information contenue sur le site Web ne doit \u00eatre interpr\u00e9t\u00e9e comme accordant une licence ou un droit d&#039;utilisation de toute marque de commerce affich\u00e9e sur le site Web. L&#039;utilisation non autoris\u00e9e des marques de commerce est strictement interdite et peut constituer une contrefa\u00e7on de marque, ce qui pourrait vous exposer \u00e0 des sanctions civiles et p\u00e9nales substantielles. STEMCO appliquera de mani\u00e8re agressive ses droits de marque dans toute la mesure de la loi, y compris en recherchant des poursuites p\u00e9nales.<\/p><p><strong>Soumissions d&#039;utilisateurs<\/strong><br \/>Toute communication ou mat\u00e9riel que vous transmettez \u00e0 STEMCO en utilisant le site Web ou par courrier \u00e9lectronique \u00e0 toute adresse indiqu\u00e9e sur le site Web, y compris les donn\u00e9es, questions, commentaires, suggestions ou autres, est et sera trait\u00e9 comme non confidentiel et non exclusif, deviendront la propri\u00e9t\u00e9 de STEMCO ou de ses soci\u00e9t\u00e9s affili\u00e9es et pourront \u00eatre utilis\u00e9es par STEMCO \u00e0 toutes fins.<\/p><p><strong>Liens et mise en relation<\/strong><br \/>Ce site Web peut contenir des hyperliens vers d&#039;autres sites Web. Ces liens sont destin\u00e9s uniquement \u00e0 la commodit\u00e9 de l&#039;utilisateur. STEMCO n&#039;a aucun contr\u00f4le et n&#039;est pas responsable du contenu trouv\u00e9 sur les sites Web externes. Les liens vers ces sites Web tiers ne constituent pas un parrainage, une approbation ou une approbation de ces sites Web ou de leur contenu. Vous pouvez \u00e9tablir un lien vers ce site Web, \u00e0 condition que (i) vous ne supprimiez pas ou ne masquiez pas l&#039;avis de droit d&#039;auteur ou d&#039;autres avis sur ce site Web, (ii) vous avisiez STEMCO d&#039;un tel lien en envoyant un e-mail \u00e0 info@stemco .com, en fournissant l&#039;URL de la ou des pages o\u00f9 le lien appara\u00eetra et des informations sur le propri\u00e9taire de l&#039;URL, et (iii) vous cessez de fournir un lien vers ce site Web si STEMCO ou ses soci\u00e9t\u00e9s affili\u00e9es le demandent. STEMCO se r\u00e9serve le droit de r\u00e9voquer cette licence en g\u00e9n\u00e9ral, ou votre droit d&#039;utiliser des liens sp\u00e9cifiques, \u00e0 tout moment. Vous ne pouvez en aucun cas \u00ab encadrer \u00bb le site Web ou l&#039;un de ses contenus ou copier des parties du site Web sur un serveur, sauf dans le cadre de la mise en cache accidentelle de pages par un fournisseur de services Internet. Chaque page du site Web doit \u00eatre affich\u00e9e dans son int\u00e9gralit\u00e9 (y compris toutes les marques de commerce, l&#039;image de marque, le mat\u00e9riel publicitaire et promotionnel), sans aucun cadre, bordure, marge, conception, image de marque, marque de commerce, mat\u00e9riel publicitaire ou promotionnel non affich\u00e9 \u00e0 l&#039;origine sur la page dans le Site Internet.<\/p><p><strong>Confidentialit\u00e9<\/strong><br \/>S&#039;il te pla\u00eet <a href=\"https:\/\/www.enproindustries.com\/privacy-policy\/default.aspx\">Cliquez ici<\/a> pour consulter la politique de confidentialit\u00e9 d&#039;Enpro\u00a0<\/p><p><strong>Biscuits<\/strong><br \/>S&#039;il te pla\u00eet <a href=\"https:\/\/www.enproindustries.com\/Cookie-Policy\/default.aspx\">Cliquez ici<\/a> pour consulter la politique en mati\u00e8re de cookies d&#039;Enpro\u00a0<\/p><p><strong>Fin des privil\u00e8ges<\/strong><br \/>STEMCO se r\u00e9serve le droit de mettre fin \u00e0 votre privil\u00e8ge d&#039;utiliser tout ou partie du site Web si vous enfreignez l&#039;une de ces conditions g\u00e9n\u00e9rales.<\/p><p><strong>Droit applicable et juridiction<\/strong><br \/>Le site Web est contr\u00f4l\u00e9 et exploit\u00e9 par STEMCO \u00e0 partir de son bureau principal dans l&#039;\u00c9tat du Texas. STEMCO ne fait aucune d\u00e9claration selon laquelle le mat\u00e9riel sur le site Web est appropri\u00e9 ou disponible pour une utilisation dans d&#039;autres endroits. Ceux qui choisissent d&#039;acc\u00e9der au site Web \u00e0 partir d&#039;autres endroits le font de leur propre initiative et sont responsables du respect de toutes les lois, r\u00e8gles et r\u00e9glementations locales applicables, y compris, sans s&#039;y limiter, les lois et r\u00e9glementations sur l&#039;exportation. Le site Web n&#039;est pas destin\u00e9 \u00e0 soumettre STEMCO aux lois ou \u00e0 la juridiction d&#039;un \u00c9tat, pays ou territoire autre que l&#039;\u00c9tat du Texas. Les lois de l&#039;\u00c9tat du Texas r\u00e9giront l&#039;application de ces conditions g\u00e9n\u00e9rales et de tout litige pouvant survenir en vertu des pr\u00e9sentes ou r\u00e9sulter de votre utilisation de ce site Web, et vous acceptez de vous soumettre \u00e0 la juridiction personnelle exclusive et au lieu de tout tribunal d&#039;\u00c9tat ou f\u00e9d\u00e9ral. qui s&#039;y trouve.<\/p><p><strong>Accord complet<\/strong><br \/>Ces conditions g\u00e9n\u00e9rales constituent l&#039;int\u00e9gralit\u00e9 de l&#039;accord et de l&#039;entente entre vous et STEMCO en ce qui concerne l&#039;utilisation du site Web, rempla\u00e7ant toutes les communications et\/ou propositions ant\u00e9rieures ou contemporaines. STEMCO se r\u00e9serve le droit d&#039;apporter des modifications \u00e0 ces Termes et Conditions imm\u00e9diatement en publiant les Termes et Conditions modifi\u00e9s \u00e0 cet endroit. En continuant \u00e0 utiliser le site Web, vous acceptez toutes les modifications apport\u00e9es par STEMCO. Une version imprim\u00e9e des pr\u00e9sentes conditions g\u00e9n\u00e9rales sera recevable dans les proc\u00e9dures judiciaires ou administratives fond\u00e9es sur ou li\u00e9es \u00e0 l&#039;utilisation du site Web dans la m\u00eame mesure et sous r\u00e9serve des m\u00eames conditions que les autres documents et enregistrements commerciaux initialement g\u00e9n\u00e9r\u00e9s et conserv\u00e9s sous forme imprim\u00e9e. .<\/p>\t\t\t\t\t\t\t\t<\/div>\n\t\t\t\t<\/div>\n\t\t\t\t\t<\/div>\n\t\t<\/div>\n\t\t\t\t\t<\/div>\n\t\t<\/section>\n\t\t\t\t<\/div>","protected":false},"excerpt":{"rendered":"<p>Mentions l\u00e9gales Produits STEMCO Inc. (\u00ab STEMCO \u00bb) offre ce site Web, y compris toutes les informations et tous les services disponibles sur ce site Web ou offerts dans le cadre de ou en conjonction avec ce site Web (le \u00ab site Web \u00bb), \u00e0 vous, l&#039;utilisateur, sous r\u00e9serve de votre acceptation de tous les termes, conditions, politiques et avis \u00e9nonc\u00e9s ci-dessous (&quot;Termes et Conditions&quot;). Ton [\u2026]<\/p>","protected":false},"author":1,"featured_media":0,"parent":89,"menu_order":0,"comment_status":"closed","ping_status":"closed","template":"elementor_header_footer","meta":{"_acf_changed":false,"content-type":"","footnotes":""},"page-category":[],"class_list":["post-87","page","type-page","status-publish","hentry"],"acf":[],"yoast_head":"<!-- This site is optimized with the Yoast SEO plugin v26.8 - https:\/\/yoast.com\/product\/yoast-seo-wordpress\/ -->\n<title>Disclaimer - Stemco<\/title>\n<meta name=\"robots\" content=\"index, follow, max-snippet:-1, max-image-preview:large, max-video-preview:-1\" \/>\n<link rel=\"canonical\" href=\"https:\/\/www.stemco.com\/fr\/legal\/disclaimer\/\" \/>\n<meta property=\"og:locale\" content=\"fr_CA\" \/>\n<meta property=\"og:type\" content=\"article\" \/>\n<meta property=\"og:title\" content=\"Disclaimer - Stemco\" \/>\n<meta property=\"og:description\" content=\"Legal Legal NoticeSTEMCO Products Inc. (\u201cSTEMCO\u201d) offers this website, including all information and services available from this website or offered as part of or in conjunction with this website (the \u201cWebsite\u201d), to you, the user, conditioned upon your acceptance of all of the terms, conditions, policies and notices set forth below (\u201cTerms and Conditions\u201d). Your [&hellip;]\" \/>\n<meta property=\"og:url\" content=\"https:\/\/www.stemco.com\/fr\/legal\/disclaimer\/\" \/>\n<meta property=\"og:site_name\" content=\"Stemco\" \/>\n<meta property=\"article:modified_time\" content=\"2023-01-05T13:20:25+00:00\" \/>\n<meta name=\"twitter:card\" content=\"summary_large_image\" \/>\n<meta name=\"twitter:label1\" content=\"Estimation du temps de lecture\" \/>\n\t<meta name=\"twitter:data1\" content=\"6 minutes\" \/>\n<script type=\"application\/ld+json\" class=\"yoast-schema-graph\">{\"@context\":\"https:\/\/schema.org\",\"@graph\":[{\"@type\":\"WebPage\",\"@id\":\"https:\/\/www.stemco.com\/legal\/disclaimer\/\",\"url\":\"https:\/\/www.stemco.com\/legal\/disclaimer\/\",\"name\":\"Disclaimer - Stemco\",\"isPartOf\":{\"@id\":\"https:\/\/www.stemco.com\/#website\"},\"datePublished\":\"2020-05-21T16:35:47+00:00\",\"dateModified\":\"2023-01-05T13:20:25+00:00\",\"breadcrumb\":{\"@id\":\"https:\/\/www.stemco.com\/legal\/disclaimer\/#breadcrumb\"},\"inLanguage\":\"fr-CA\",\"potentialAction\":[{\"@type\":\"ReadAction\",\"target\":[\"https:\/\/www.stemco.com\/legal\/disclaimer\/\"]}]},{\"@type\":\"BreadcrumbList\",\"@id\":\"https:\/\/www.stemco.com\/legal\/disclaimer\/#breadcrumb\",\"itemListElement\":[{\"@type\":\"ListItem\",\"position\":1,\"name\":\"Home\",\"item\":\"https:\/\/www.stemco.com\/\"},{\"@type\":\"ListItem\",\"position\":2,\"name\":\"Legal\",\"item\":\"https:\/\/www.stemco.com\/legal\/\"},{\"@type\":\"ListItem\",\"position\":3,\"name\":\"Disclaimer\"}]},{\"@type\":\"WebSite\",\"@id\":\"https:\/\/www.stemco.com\/#website\",\"url\":\"https:\/\/www.stemco.com\/\",\"name\":\"Stemco\",\"description\":\"Making The Roadways Safer\u00ae\",\"publisher\":{\"@id\":\"https:\/\/www.stemco.com\/#organization\"},\"potentialAction\":[{\"@type\":\"SearchAction\",\"target\":{\"@type\":\"EntryPoint\",\"urlTemplate\":\"https:\/\/www.stemco.com\/?s={search_term_string}\"},\"query-input\":{\"@type\":\"PropertyValueSpecification\",\"valueRequired\":true,\"valueName\":\"search_term_string\"}}],\"inLanguage\":\"fr-CA\"},{\"@type\":\"Organization\",\"@id\":\"https:\/\/www.stemco.com\/#organization\",\"name\":\"Stemco\",\"url\":\"https:\/\/www.stemco.com\/\",\"logo\":{\"@type\":\"ImageObject\",\"inLanguage\":\"fr-CA\",\"@id\":\"https:\/\/www.stemco.com\/#\/schema\/logo\/image\/\",\"url\":\"https:\/\/www.stemco.com\/wp-content\/uploads\/2025\/04\/stemco-logo-enpro.png\",\"contentUrl\":\"https:\/\/www.stemco.com\/wp-content\/uploads\/2025\/04\/stemco-logo-enpro.png\",\"width\":245,\"height\":40,\"caption\":\"Stemco\"},\"image\":{\"@id\":\"https:\/\/www.stemco.com\/#\/schema\/logo\/image\/\"}}]}<\/script>\n<!-- \/ Yoast SEO plugin. -->","yoast_head_json":{"title":"Avertissement - Stemco","robots":{"index":"index","follow":"follow","max-snippet":"max-snippet:-1","max-image-preview":"max-image-preview:large","max-video-preview":"max-video-preview:-1"},"canonical":"https:\/\/www.stemco.com\/fr\/legal\/disclaimer\/","og_locale":"fr_CA","og_type":"article","og_title":"Disclaimer - Stemco","og_description":"Legal Legal NoticeSTEMCO Products Inc. (\u201cSTEMCO\u201d) offers this website, including all information and services available from this website or offered as part of or in conjunction with this website (the \u201cWebsite\u201d), to you, the user, conditioned upon your acceptance of all of the terms, conditions, policies and notices set forth below (\u201cTerms and Conditions\u201d). Your [&hellip;]","og_url":"https:\/\/www.stemco.com\/fr\/legal\/disclaimer\/","og_site_name":"Stemco","article_modified_time":"2023-01-05T13:20:25+00:00","twitter_card":"summary_large_image","twitter_misc":{"Estimation du temps de lecture":"6 minutes"},"schema":{"@context":"https:\/\/schema.org","@graph":[{"@type":"WebPage","@id":"https:\/\/www.stemco.com\/legal\/disclaimer\/","url":"https:\/\/www.stemco.com\/legal\/disclaimer\/","name":"Avertissement - Stemco","isPartOf":{"@id":"https:\/\/www.stemco.com\/#website"},"datePublished":"2020-05-21T16:35:47+00:00","dateModified":"2023-01-05T13:20:25+00:00","breadcrumb":{"@id":"https:\/\/www.stemco.com\/legal\/disclaimer\/#breadcrumb"},"inLanguage":"fr-CA","potentialAction":[{"@type":"ReadAction","target":["https:\/\/www.stemco.com\/legal\/disclaimer\/"]}]},{"@type":"BreadcrumbList","@id":"https:\/\/www.stemco.com\/legal\/disclaimer\/#breadcrumb","itemListElement":[{"@type":"ListItem","position":1,"name":"Home","item":"https:\/\/www.stemco.com\/"},{"@type":"ListItem","position":2,"name":"Legal","item":"https:\/\/www.stemco.com\/legal\/"},{"@type":"ListItem","position":3,"name":"Disclaimer"}]},{"@type":"WebSite","@id":"https:\/\/www.stemco.com\/#website","url":"https:\/\/www.stemco.com\/","name":"Stemco","description":"Rendre les routes plus s\u00fbres\u00ae","publisher":{"@id":"https:\/\/www.stemco.com\/#organization"},"potentialAction":[{"@type":"SearchAction","target":{"@type":"EntryPoint","urlTemplate":"https:\/\/www.stemco.com\/?s={search_term_string}"},"query-input":{"@type":"PropertyValueSpecification","valueRequired":true,"valueName":"search_term_string"}}],"inLanguage":"fr-CA"},{"@type":"Organization","@id":"https:\/\/www.stemco.com\/#organization","name":"Stemco","url":"https:\/\/www.stemco.com\/","logo":{"@type":"ImageObject","inLanguage":"fr-CA","@id":"https:\/\/www.stemco.com\/#\/schema\/logo\/image\/","url":"https:\/\/www.stemco.com\/wp-content\/uploads\/2025\/04\/stemco-logo-enpro.png","contentUrl":"https:\/\/www.stemco.com\/wp-content\/uploads\/2025\/04\/stemco-logo-enpro.png","width":245,"height":40,"caption":"Stemco"},"image":{"@id":"https:\/\/www.stemco.com\/#\/schema\/logo\/image\/"}}]}},"_links":{"self":[{"href":"https:\/\/www.stemco.com\/fr\/wp-json\/wp\/v2\/pages\/87","targetHints":{"allow":["GET"]}}],"collection":[{"href":"https:\/\/www.stemco.com\/fr\/wp-json\/wp\/v2\/pages"}],"about":[{"href":"https:\/\/www.stemco.com\/fr\/wp-json\/wp\/v2\/types\/page"}],"author":[{"embeddable":true,"href":"https:\/\/www.stemco.com\/fr\/wp-json\/wp\/v2\/users\/1"}],"replies":[{"embeddable":true,"href":"https:\/\/www.stemco.com\/fr\/wp-json\/wp\/v2\/comments?post=87"}],"version-history":[{"count":11,"href":"https:\/\/www.stemco.com\/fr\/wp-json\/wp\/v2\/pages\/87\/revisions"}],"predecessor-version":[{"id":9616,"href":"https:\/\/www.stemco.com\/fr\/wp-json\/wp\/v2\/pages\/87\/revisions\/9616"}],"up":[{"embeddable":true,"href":"https:\/\/www.stemco.com\/fr\/wp-json\/wp\/v2\/pages\/89"}],"wp:attachment":[{"href":"https:\/\/www.stemco.com\/fr\/wp-json\/wp\/v2\/media?parent=87"}],"wp:term":[{"taxonomy":"page-category","embeddable":true,"href":"https:\/\/www.stemco.com\/fr\/wp-json\/wp\/v2\/page-category?post=87"}],"curies":[{"name":"wp","href":"https:\/\/api.w.org\/{rel}","templated":true}]}}