{"id":3854,"date":"2020-07-14T21:10:15","date_gmt":"2020-07-14T21:10:15","guid":{"rendered":"https:\/\/www.stemco.com?page_id=3854"},"modified":"2026-02-19T15:23:33","modified_gmt":"2026-02-19T15:23:33","slug":"policies-warranties","status":"publish","type":"page","link":"https:\/\/www.stemco.com\/fr\/legal\/policies-warranties\/","title":{"rendered":"Politiques et garanties"},"content":{"rendered":"<div data-elementor-type=\"wp-page\" data-elementor-id=\"3854\" class=\"elementor elementor-3854\" data-elementor-post-type=\"page\">\n\t\t\t\t\t\t<section class=\"elementor-section elementor-top-section elementor-element elementor-element-12a286b elementor-section-boxed elementor-section-height-default elementor-section-height-default\" data-id=\"12a286b\" data-element_type=\"section\" data-e-type=\"section\">\n\t\t\t\t\t\t<div class=\"elementor-container elementor-column-gap-default\">\n\t\t\t\t\t<div class=\"elementor-column elementor-col-100 elementor-top-column elementor-element elementor-element-19ac2253\" data-id=\"19ac2253\" data-element_type=\"column\" data-e-type=\"column\">\n\t\t\t<div class=\"elementor-widget-wrap elementor-element-populated\">\n\t\t\t\t\t\t<div class=\"elementor-element elementor-element-54078fe0 elementor-widget elementor-widget-text-editor\" data-id=\"54078fe0\" data-element_type=\"widget\" data-e-type=\"widget\" data-widget_type=\"text-editor.default\">\n\t\t\t\t<div class=\"elementor-widget-container\">\n\t\t\t\t\t\t\t\t\t<h2>Strat\u00e9gies<\/h2>\n<p><a href=\"\/wp-content\/uploads\/2022\/08\/terms-and-conditions-french_2022.pdf\" target=\"_blank\" rel=\"noopener\">Conditions g\u00e9n\u00e9rales \u2013 Fran\u00e7ais<\/a><br \/>\n<a href=\"\/wp-content\/uploads\/2022\/07\/Standard-Terms-Conditions-of-Sales_STEMCO_07.2022.pdf\" target=\"_blank\" rel=\"noopener\">Conditions g\u00e9n\u00e9rales de vente<\/a><br \/>\n<a href=\"\/wp-content\/uploads\/2022\/01\/Purchasing_Terms_STEMCO_07.2022.pdf\" target=\"_blank\" rel=\"noopener\">Conditions g\u00e9n\u00e9rales d&#039;achat<\/a><br \/>\n<a href=\"https:\/\/www.stemco.com\/fr\/resource\/stemco-exceptions-to-customer-specific-requirements-qa-356-revc\/\" target=\"_blank\" rel=\"noopener\">STEMCO \u2013 Exceptions RSE Longview<\/a><br \/>\n<a href=\"\/wp-content\/uploads\/2020\/09\/US-Credit-Application.pdf\" target=\"_blank\" rel=\"noopener\">Demande de cr\u00e9dit aux \u00c9tats-Unis<\/a><br \/>\n<a href=\"\/wp-content\/uploads\/2020\/09\/STEMCO-Longview-EHS-Management-Policy-Statement.pdf\" target=\"_blank\" rel=\"noopener\">D\u00e9claration de politique de gestion EHS de STEMCO Longview<\/a><br \/>\n<a href=\"\/fr\/resource\/stemco-mobile-application-agreement\/\">Contrat d&#039;utilisateur final de l&#039;application mobile STEMCO\u00a0<\/a><br \/>\n<a href=\"\/fr\/resource\/stemco-mobile-application-privacy-policy\/\">Politique de confidentialit\u00e9 de l&#039;application mobile STEMCO\u00a0<\/a><br \/>\n<a href=\"https:\/\/www.stemco.com\/wp-content\/uploads\/2025\/09\/STEMCO-ISO-Cert-Exp-2027.pdf\">Certificat STEMCO ISO 9001:2015<\/a><br \/>\n<a href=\"\/fr\/legal\/mobile-application-privacy-policy\/\">Politique de confidentialit\u00e9 des applications mobiles<\/a><\/p>\n<p>&nbsp;<\/p>\n<p><a href=\"\/wp-content\/uploads\/2020\/09\/Contaminated-Stock.pdf\" target=\"_blank\" rel=\"noopener noreferrer\">Stock contamin\u00e9<\/a><br \/>\nBulletin 575-0018<br \/>\nPour: <strong>Tous les distributeurs de produits Stemco<\/strong><\/p>\n<p>&nbsp;<\/p>\n<p><a href=\"https:\/\/www.stemco.com\/wp-content\/uploads\/2020\/09\/STEMCO_Stock-Adjustment-Policy-2024.pdf\" target=\"_blank\" rel=\"noopener\">Politique d&#039;ajustement des stocks<\/a><br \/>\nBulletin 571-2962<br \/>\nPour: <strong>Tous les distributeurs de produits Stemco<\/strong><\/p>\n<p>&nbsp;<\/p>\n<p><a href=\"\/wp-content\/uploads\/2020\/09\/Pre-Set-Hubodometers.pdf\" target=\"_blank\" rel=\"noopener\">Hubodom\u00e8tres pr\u00e9r\u00e9gl\u00e9s<\/a><br \/>\nBulletin 571-2991<br \/>\nPour: <strong>Tous les distributeurs de produits Stemco<\/strong><\/p>\n<p>&nbsp;<\/p>\n<p><a href=\"\/wp-content\/uploads\/2020\/09\/Tool-Policy.pdf\" target=\"_blank\" rel=\"noopener noreferrer\">Politique relative aux outils<\/a><br \/>\nBulletin 571-2996<br \/>\nPour: <strong>Tous les distributeurs et concessionnaires de service OE de Stemco Wheel-End <\/strong><strong>Des produits<\/strong><\/p>\n<p>&nbsp;<\/p>\n<p><a href=\"https:\/\/www.stemco.com\/fr\/resource\/us-freight-policy\/\" target=\"_blank\" rel=\"noopener\">Politique de transport des centres de distribution aux \u00c9tats-Unis<\/a><br \/>\nBulletin 571-2961<\/p>\n<p>&nbsp;<\/p>\n<h2>Garanties<\/h2>\n<p><a href=\"https:\/\/www.stemco.com\/wp-content\/uploads\/2026\/02\/571-3165_Comprehensive_Warranty_02.18.2026.pdf\" target=\"_blank\" rel=\"noopener\">Informations compl\u00e8tes sur la garantie<\/a><\/p>\n<p><a href=\"https:\/\/www.stemco.com\/wp-content\/uploads\/2025\/09\/STEM0472_PPS_Sellsheet_v5r0_FNL_LR.pdf\" target=\"_blank\" rel=\"noopener\">Fiche de vente Platinum Performance<\/a><\/p>\n<p><a href=\"https:\/\/www.stemco.com\/wp-content\/uploads\/2025\/06\/Warranty-Claim-Form.pdf\">Formulaire de r\u00e9clamation de garantie<\/a><\/p>\n<p>&nbsp;<\/p>\n<p><a href=\"https:\/\/www.stemco.com\/fr\/resource\/hubodometer-warranty-procedures\/\" target=\"_blank\" rel=\"noopener\">Proc\u00e9dures de garantie de l&#039;odom\u00e8tre<\/a><br \/>\nBulletin 575-2909<\/p>\n<p>&nbsp;<\/p>\n<p><a href=\"https:\/\/www.stemco.com\/fr\/resource\/electronic-hubodometer-warranty-policy\/\" target=\"_blank\" rel=\"noopener\">Politique de garantie des hubodom\u00e8tres \u00e9lectroniques<\/a><br \/>\nBulletin 575-0084<\/p>\n<p>&nbsp;<\/p>\n<p><a href=\"https:\/\/www.stemco.com\/fr\/resource\/bulletin-575-3020-stemco-warranty-information-limited-warranty\/\" target=\"_blank\" rel=\"noopener\">Garantie limit\u00e9e Kaiser<\/a><br \/>\nBulletin 575-3020<\/p>\n<p>&nbsp;<\/p>\n<p><a href=\"https:\/\/www.stemco.com\/fr\/resource\/tis-warranty-addendum\/\" target=\"_blank\" rel=\"noopener\">Addendum sur le gonflage des pneus<\/a><\/p>\n<p>&nbsp;<\/p>\n<p>&nbsp;<\/p>\n<p>&nbsp;<\/p>\n<p>&nbsp;<\/p>\n\t\t\t\t\t\t\t\t<\/div>\n\t\t\t\t<\/div>\n\t\t\t\t\t<\/div>\n\t\t<\/div>\n\t\t\t\t\t<\/div>\n\t\t<\/section>\n\t\t\t\t<\/div>","protected":false},"excerpt":{"rendered":"<p>&nbsp; &nbsp;<\/p>","protected":false},"author":1,"featured_media":0,"parent":89,"menu_order":0,"comment_status":"closed","ping_status":"closed","template":"","meta":{"_acf_changed":false,"content-type":"","footnotes":""},"page-category":[73],"class_list":["post-3854","page","type-page","status-publish","hentry","page-category-legal"],"acf":[],"yoast_head":"<!-- This site is optimized with the Yoast SEO plugin v26.8 - https:\/\/yoast.com\/product\/yoast-seo-wordpress\/ -->\n<title>Policies &amp; Warranties - Stemco<\/title>\n<meta name=\"robots\" content=\"index, follow, max-snippet:-1, max-image-preview:large, max-video-preview:-1\" \/>\n<link rel=\"canonical\" href=\"https:\/\/www.stemco.com\/fr\/legal\/policies-warranties\/\" \/>\n<meta property=\"og:locale\" content=\"fr_CA\" \/>\n<meta property=\"og:type\" content=\"article\" \/>\n<meta property=\"og:title\" content=\"Policies &amp; Warranties - Stemco\" \/>\n<meta property=\"og:description\" content=\"&nbsp; &nbsp;\" \/>\n<meta property=\"og:url\" content=\"https:\/\/www.stemco.com\/fr\/legal\/policies-warranties\/\" \/>\n<meta property=\"og:site_name\" content=\"Stemco\" \/>\n<meta property=\"article:modified_time\" content=\"2026-02-19T15:23:33+00:00\" \/>\n<meta name=\"twitter:card\" content=\"summary_large_image\" \/>\n<meta name=\"twitter:label1\" content=\"Estimation du temps de lecture\" \/>\n\t<meta name=\"twitter:data1\" content=\"1 minute\" \/>\n<script type=\"application\/ld+json\" class=\"yoast-schema-graph\">{\"@context\":\"https:\/\/schema.org\",\"@graph\":[{\"@type\":\"WebPage\",\"@id\":\"https:\/\/www.stemco.com\/legal\/policies-warranties\/\",\"url\":\"https:\/\/www.stemco.com\/legal\/policies-warranties\/\",\"name\":\"Policies & Warranties - Stemco\",\"isPartOf\":{\"@id\":\"https:\/\/www.stemco.com\/#website\"},\"datePublished\":\"2020-07-14T21:10:15+00:00\",\"dateModified\":\"2026-02-19T15:23:33+00:00\",\"breadcrumb\":{\"@id\":\"https:\/\/www.stemco.com\/legal\/policies-warranties\/#breadcrumb\"},\"inLanguage\":\"fr-CA\",\"potentialAction\":[{\"@type\":\"ReadAction\",\"target\":[\"https:\/\/www.stemco.com\/legal\/policies-warranties\/\"]}]},{\"@type\":\"BreadcrumbList\",\"@id\":\"https:\/\/www.stemco.com\/legal\/policies-warranties\/#breadcrumb\",\"itemListElement\":[{\"@type\":\"ListItem\",\"position\":1,\"name\":\"Home\",\"item\":\"https:\/\/www.stemco.com\/\"},{\"@type\":\"ListItem\",\"position\":2,\"name\":\"Legal\",\"item\":\"https:\/\/www.stemco.com\/legal\/\"},{\"@type\":\"ListItem\",\"position\":3,\"name\":\"Policies &#038; Warranties\"}]},{\"@type\":\"WebSite\",\"@id\":\"https:\/\/www.stemco.com\/#website\",\"url\":\"https:\/\/www.stemco.com\/\",\"name\":\"Stemco\",\"description\":\"Making The Roadways Safer\u00ae\",\"publisher\":{\"@id\":\"https:\/\/www.stemco.com\/#organization\"},\"potentialAction\":[{\"@type\":\"SearchAction\",\"target\":{\"@type\":\"EntryPoint\",\"urlTemplate\":\"https:\/\/www.stemco.com\/?s={search_term_string}\"},\"query-input\":{\"@type\":\"PropertyValueSpecification\",\"valueRequired\":true,\"valueName\":\"search_term_string\"}}],\"inLanguage\":\"fr-CA\"},{\"@type\":\"Organization\",\"@id\":\"https:\/\/www.stemco.com\/#organization\",\"name\":\"Stemco\",\"url\":\"https:\/\/www.stemco.com\/\",\"logo\":{\"@type\":\"ImageObject\",\"inLanguage\":\"fr-CA\",\"@id\":\"https:\/\/www.stemco.com\/#\/schema\/logo\/image\/\",\"url\":\"https:\/\/www.stemco.com\/wp-content\/uploads\/2025\/04\/stemco-logo-enpro.png\",\"contentUrl\":\"https:\/\/www.stemco.com\/wp-content\/uploads\/2025\/04\/stemco-logo-enpro.png\",\"width\":245,\"height\":40,\"caption\":\"Stemco\"},\"image\":{\"@id\":\"https:\/\/www.stemco.com\/#\/schema\/logo\/image\/\"}}]}<\/script>\n<!-- \/ Yoast SEO plugin. -->","yoast_head_json":{"title":"Politiques et garanties - Stemco","robots":{"index":"index","follow":"follow","max-snippet":"max-snippet:-1","max-image-preview":"max-image-preview:large","max-video-preview":"max-video-preview:-1"},"canonical":"https:\/\/www.stemco.com\/fr\/legal\/policies-warranties\/","og_locale":"fr_CA","og_type":"article","og_title":"Policies & Warranties - Stemco","og_description":"&nbsp; &nbsp;","og_url":"https:\/\/www.stemco.com\/fr\/legal\/policies-warranties\/","og_site_name":"Stemco","article_modified_time":"2026-02-19T15:23:33+00:00","twitter_card":"summary_large_image","twitter_misc":{"Estimation du temps de lecture":"1 minute"},"schema":{"@context":"https:\/\/schema.org","@graph":[{"@type":"WebPage","@id":"https:\/\/www.stemco.com\/legal\/policies-warranties\/","url":"https:\/\/www.stemco.com\/legal\/policies-warranties\/","name":"Politiques et garanties - Stemco","isPartOf":{"@id":"https:\/\/www.stemco.com\/#website"},"datePublished":"2020-07-14T21:10:15+00:00","dateModified":"2026-02-19T15:23:33+00:00","breadcrumb":{"@id":"https:\/\/www.stemco.com\/legal\/policies-warranties\/#breadcrumb"},"inLanguage":"fr-CA","potentialAction":[{"@type":"ReadAction","target":["https:\/\/www.stemco.com\/legal\/policies-warranties\/"]}]},{"@type":"BreadcrumbList","@id":"https:\/\/www.stemco.com\/legal\/policies-warranties\/#breadcrumb","itemListElement":[{"@type":"ListItem","position":1,"name":"Home","item":"https:\/\/www.stemco.com\/"},{"@type":"ListItem","position":2,"name":"Legal","item":"https:\/\/www.stemco.com\/legal\/"},{"@type":"ListItem","position":3,"name":"Policies &#038; Warranties"}]},{"@type":"WebSite","@id":"https:\/\/www.stemco.com\/#website","url":"https:\/\/www.stemco.com\/","name":"Stemco","description":"Rendre les routes plus s\u00fbres\u00ae","publisher":{"@id":"https:\/\/www.stemco.com\/#organization"},"potentialAction":[{"@type":"SearchAction","target":{"@type":"EntryPoint","urlTemplate":"https:\/\/www.stemco.com\/?s={search_term_string}"},"query-input":{"@type":"PropertyValueSpecification","valueRequired":true,"valueName":"search_term_string"}}],"inLanguage":"fr-CA"},{"@type":"Organization","@id":"https:\/\/www.stemco.com\/#organization","name":"Stemco","url":"https:\/\/www.stemco.com\/","logo":{"@type":"ImageObject","inLanguage":"fr-CA","@id":"https:\/\/www.stemco.com\/#\/schema\/logo\/image\/","url":"https:\/\/www.stemco.com\/wp-content\/uploads\/2025\/04\/stemco-logo-enpro.png","contentUrl":"https:\/\/www.stemco.com\/wp-content\/uploads\/2025\/04\/stemco-logo-enpro.png","width":245,"height":40,"caption":"Stemco"},"image":{"@id":"https:\/\/www.stemco.com\/#\/schema\/logo\/image\/"}}]}},"_links":{"self":[{"href":"https:\/\/www.stemco.com\/fr\/wp-json\/wp\/v2\/pages\/3854","targetHints":{"allow":["GET"]}}],"collection":[{"href":"https:\/\/www.stemco.com\/fr\/wp-json\/wp\/v2\/pages"}],"about":[{"href":"https:\/\/www.stemco.com\/fr\/wp-json\/wp\/v2\/types\/page"}],"author":[{"embeddable":true,"href":"https:\/\/www.stemco.com\/fr\/wp-json\/wp\/v2\/users\/1"}],"replies":[{"embeddable":true,"href":"https:\/\/www.stemco.com\/fr\/wp-json\/wp\/v2\/comments?post=3854"}],"version-history":[{"count":49,"href":"https:\/\/www.stemco.com\/fr\/wp-json\/wp\/v2\/pages\/3854\/revisions"}],"predecessor-version":[{"id":30526,"href":"https:\/\/www.stemco.com\/fr\/wp-json\/wp\/v2\/pages\/3854\/revisions\/30526"}],"up":[{"embeddable":true,"href":"https:\/\/www.stemco.com\/fr\/wp-json\/wp\/v2\/pages\/89"}],"wp:attachment":[{"href":"https:\/\/www.stemco.com\/fr\/wp-json\/wp\/v2\/media?parent=3854"}],"wp:term":[{"taxonomy":"page-category","embeddable":true,"href":"https:\/\/www.stemco.com\/fr\/wp-json\/wp\/v2\/page-category?post=3854"}],"curies":[{"name":"wp","href":"https:\/\/api.w.org\/{rel}","templated":true}]}}