{"id":3485,"date":"2020-07-09T02:50:49","date_gmt":"2020-07-09T02:50:49","guid":{"rendered":"https:\/\/www.stemco.com?page_id=3485"},"modified":"2024-02-16T21:38:07","modified_gmt":"2024-02-16T21:38:07","slug":"home","status":"publish","type":"page","link":"https:\/\/www.stemco.com\/fr\/","title":{"rendered":"Domicile"},"content":{"rendered":"","protected":false},"excerpt":{"rendered":"","protected":false},"author":1,"featured_media":0,"parent":0,"menu_order":0,"comment_status":"closed","ping_status":"closed","template":"","meta":{"_acf_changed":false,"content-type":"","footnotes":""},"page-category":[69],"class_list":["post-3485","page","type-page","status-publish","hentry","page-category-home"],"acf":[],"yoast_head":"<!-- This site is optimized with the Yoast SEO plugin v26.8 - https:\/\/yoast.com\/product\/yoast-seo-wordpress\/ -->\n<title>Seals, Bearings &amp; Hub Caps for Trucking Industry | STEMCO<\/title>\n<meta name=\"description\" content=\"Put safety first with STEMCO Seals, Bearings &amp; Hub Caps for your fleet. Our products are engineered to save you money and last longer.\" \/>\n<meta name=\"robots\" content=\"index, follow, max-snippet:-1, max-image-preview:large, max-video-preview:-1\" \/>\n<link rel=\"canonical\" href=\"https:\/\/www.stemco.com\/fr\/\" \/>\n<meta property=\"og:locale\" content=\"fr_CA\" \/>\n<meta property=\"og:type\" content=\"article\" \/>\n<meta property=\"og:title\" content=\"STEMCO | Driven By Safety\" \/>\n<meta property=\"og:description\" content=\"Making the roadways safer by manufacturing the best seals, hub caps, bearings, axle fasteners, king pins, and air springs in the industry.\" \/>\n<meta property=\"og:url\" content=\"https:\/\/www.stemco.com\/fr\/\" \/>\n<meta property=\"og:site_name\" content=\"Stemco\" \/>\n<meta property=\"article:modified_time\" content=\"2024-02-16T21:38:07+00:00\" \/>\n<meta name=\"twitter:card\" content=\"summary_large_image\" \/>\n<script type=\"application\/ld+json\" class=\"yoast-schema-graph\">{\"@context\":\"https:\/\/schema.org\",\"@graph\":[{\"@type\":\"WebPage\",\"@id\":\"https:\/\/www.stemco.com\/\",\"url\":\"https:\/\/www.stemco.com\/\",\"name\":\"Seals, Bearings & Hub Caps for Trucking Industry | STEMCO\",\"isPartOf\":{\"@id\":\"https:\/\/www.stemco.com\/#website\"},\"datePublished\":\"2020-07-09T02:50:49+00:00\",\"dateModified\":\"2024-02-16T21:38:07+00:00\",\"description\":\"Put safety first with STEMCO Seals, Bearings & Hub Caps for your fleet. Our products are engineered to save you money and last longer.\",\"breadcrumb\":{\"@id\":\"https:\/\/www.stemco.com\/#breadcrumb\"},\"inLanguage\":\"fr-CA\",\"potentialAction\":[{\"@type\":\"ReadAction\",\"target\":[\"https:\/\/www.stemco.com\/\"]}]},{\"@type\":\"BreadcrumbList\",\"@id\":\"https:\/\/www.stemco.com\/#breadcrumb\",\"itemListElement\":[{\"@type\":\"ListItem\",\"position\":1,\"name\":\"Home\",\"item\":\"https:\/\/www.stemco.com\/\"},{\"@type\":\"ListItem\",\"position\":2,\"name\":\"Home\"}]},{\"@type\":\"WebSite\",\"@id\":\"https:\/\/www.stemco.com\/#website\",\"url\":\"https:\/\/www.stemco.com\/\",\"name\":\"Stemco\",\"description\":\"Making The Roadways Safer\u00ae\",\"publisher\":{\"@id\":\"https:\/\/www.stemco.com\/#organization\"},\"potentialAction\":[{\"@type\":\"SearchAction\",\"target\":{\"@type\":\"EntryPoint\",\"urlTemplate\":\"https:\/\/www.stemco.com\/?s={search_term_string}\"},\"query-input\":{\"@type\":\"PropertyValueSpecification\",\"valueRequired\":true,\"valueName\":\"search_term_string\"}}],\"inLanguage\":\"fr-CA\"},{\"@type\":\"Organization\",\"@id\":\"https:\/\/www.stemco.com\/#organization\",\"name\":\"Stemco\",\"url\":\"https:\/\/www.stemco.com\/\",\"logo\":{\"@type\":\"ImageObject\",\"inLanguage\":\"fr-CA\",\"@id\":\"https:\/\/www.stemco.com\/#\/schema\/logo\/image\/\",\"url\":\"https:\/\/www.stemco.com\/wp-content\/uploads\/2025\/04\/stemco-logo-enpro.png\",\"contentUrl\":\"https:\/\/www.stemco.com\/wp-content\/uploads\/2025\/04\/stemco-logo-enpro.png\",\"width\":245,\"height\":40,\"caption\":\"Stemco\"},\"image\":{\"@id\":\"https:\/\/www.stemco.com\/#\/schema\/logo\/image\/\"}}]}<\/script>\n<!-- \/ Yoast SEO plugin. -->","yoast_head_json":{"title":"Joints d&#039;\u00e9tanch\u00e9it\u00e9, roulements et enjoliveurs pour l&#039;industrie du camionnage | STEMCO","description":"Privil\u00e9giez la s\u00e9curit\u00e9 avec les joints, roulements et enjoliveurs STEMCO pour votre flotte. Nos produits sont con\u00e7us pour vous faire \u00e9conomiser de l&#039;argent et durer plus longtemps.","robots":{"index":"index","follow":"follow","max-snippet":"max-snippet:-1","max-image-preview":"max-image-preview:large","max-video-preview":"max-video-preview:-1"},"canonical":"https:\/\/www.stemco.com\/fr\/","og_locale":"fr_CA","og_type":"article","og_title":"STEMCO | Driven By Safety","og_description":"Making the roadways safer by manufacturing the best seals, hub caps, bearings, axle fasteners, king pins, and air springs in the industry.","og_url":"https:\/\/www.stemco.com\/fr\/","og_site_name":"Stemco","article_modified_time":"2024-02-16T21:38:07+00:00","twitter_card":"summary_large_image","schema":{"@context":"https:\/\/schema.org","@graph":[{"@type":"WebPage","@id":"https:\/\/www.stemco.com\/","url":"https:\/\/www.stemco.com\/","name":"Joints d&#039;\u00e9tanch\u00e9it\u00e9, roulements et enjoliveurs pour l&#039;industrie du camionnage | STEMCO","isPartOf":{"@id":"https:\/\/www.stemco.com\/#website"},"datePublished":"2020-07-09T02:50:49+00:00","dateModified":"2024-02-16T21:38:07+00:00","description":"Privil\u00e9giez la s\u00e9curit\u00e9 avec les joints, roulements et enjoliveurs STEMCO pour votre flotte. Nos produits sont con\u00e7us pour vous faire \u00e9conomiser de l&#039;argent et durer plus longtemps.","breadcrumb":{"@id":"https:\/\/www.stemco.com\/#breadcrumb"},"inLanguage":"fr-CA","potentialAction":[{"@type":"ReadAction","target":["https:\/\/www.stemco.com\/"]}]},{"@type":"BreadcrumbList","@id":"https:\/\/www.stemco.com\/#breadcrumb","itemListElement":[{"@type":"ListItem","position":1,"name":"Home","item":"https:\/\/www.stemco.com\/"},{"@type":"ListItem","position":2,"name":"Home"}]},{"@type":"WebSite","@id":"https:\/\/www.stemco.com\/#website","url":"https:\/\/www.stemco.com\/","name":"Stemco","description":"Rendre les routes plus s\u00fbres\u00ae","publisher":{"@id":"https:\/\/www.stemco.com\/#organization"},"potentialAction":[{"@type":"SearchAction","target":{"@type":"EntryPoint","urlTemplate":"https:\/\/www.stemco.com\/?s={search_term_string}"},"query-input":{"@type":"PropertyValueSpecification","valueRequired":true,"valueName":"search_term_string"}}],"inLanguage":"fr-CA"},{"@type":"Organization","@id":"https:\/\/www.stemco.com\/#organization","name":"Stemco","url":"https:\/\/www.stemco.com\/","logo":{"@type":"ImageObject","inLanguage":"fr-CA","@id":"https:\/\/www.stemco.com\/#\/schema\/logo\/image\/","url":"https:\/\/www.stemco.com\/wp-content\/uploads\/2025\/04\/stemco-logo-enpro.png","contentUrl":"https:\/\/www.stemco.com\/wp-content\/uploads\/2025\/04\/stemco-logo-enpro.png","width":245,"height":40,"caption":"Stemco"},"image":{"@id":"https:\/\/www.stemco.com\/#\/schema\/logo\/image\/"}}]}},"_links":{"self":[{"href":"https:\/\/www.stemco.com\/fr\/wp-json\/wp\/v2\/pages\/3485","targetHints":{"allow":["GET"]}}],"collection":[{"href":"https:\/\/www.stemco.com\/fr\/wp-json\/wp\/v2\/pages"}],"about":[{"href":"https:\/\/www.stemco.com\/fr\/wp-json\/wp\/v2\/types\/page"}],"author":[{"embeddable":true,"href":"https:\/\/www.stemco.com\/fr\/wp-json\/wp\/v2\/users\/1"}],"replies":[{"embeddable":true,"href":"https:\/\/www.stemco.com\/fr\/wp-json\/wp\/v2\/comments?post=3485"}],"version-history":[{"count":1,"href":"https:\/\/www.stemco.com\/fr\/wp-json\/wp\/v2\/pages\/3485\/revisions"}],"predecessor-version":[{"id":3486,"href":"https:\/\/www.stemco.com\/fr\/wp-json\/wp\/v2\/pages\/3485\/revisions\/3486"}],"wp:attachment":[{"href":"https:\/\/www.stemco.com\/fr\/wp-json\/wp\/v2\/media?parent=3485"}],"wp:term":[{"taxonomy":"page-category","embeddable":true,"href":"https:\/\/www.stemco.com\/fr\/wp-json\/wp\/v2\/page-category?post=3485"}],"curies":[{"name":"wp","href":"https:\/\/api.w.org\/{rel}","templated":true}]}}