{"id":978,"date":"2020-06-25T21:16:00","date_gmt":"2020-06-25T21:16:00","guid":{"rendered":"https:\/\/www.stemco.com?post_type=product&#038;p=978"},"modified":"2025-03-25T19:47:12","modified_gmt":"2025-03-25T19:47:12","slug":"voyager-wheel-seal","status":"publish","type":"product","link":"https:\/\/www.stemco.com\/es\/product\/wheel-end\/seals\/voyager-wheel-seal\/","title":{"rendered":"Viajero<sup>\u00ae<\/sup> Sello de rueda"},"content":{"rendered":"<p>el viajero<sup>\u00ae<\/sup> El sello de la rueda est\u00e1 dise\u00f1ado para camiones de ruta regional, tr\u00e1fico urbano y aplicaciones de autocares. El dise\u00f1o resistente, la instalaci\u00f3n simple y el rendimiento comprobado hacen que Voyager sea la opci\u00f3n correcta para las flotas que buscan un sello superior para los entornos de tr\u00e1nsito diario con paradas y arranques.<\/p>","protected":false},"excerpt":{"rendered":"<p>El sello de rueda Voyager\u00ae est\u00e1 dise\u00f1ado para camiones de ruta regional, tr\u00e1fico urbano y aplicaciones de autocares. El dise\u00f1o resistente, la instalaci\u00f3n simple y el rendimiento comprobado hacen que Voyager sea la opci\u00f3n correcta para las flotas que buscan un sello superior para los entornos de tr\u00e1nsito diario con paradas y arranques.<\/p>","protected":false},"featured_media":985,"parent":9,"menu_order":2,"template":"","format":"standard","meta":{"_acf_changed":false,"content-type":""},"categories":[],"tags":[],"product-category":[24],"product-page-type-category":[20],"class_list":["post-978","product","type-product","status-publish","format-standard","has-post-thumbnail","hentry","product-category-seals","product-page-type-category-simple-product-page"],"acf":[],"yoast_head":"<!-- This site is optimized with the Yoast SEO plugin v26.8 - https:\/\/yoast.com\/product\/yoast-seo-wordpress\/ -->\n<title>Voyager\u00ae Wheel Seal | Wheel End Products | STEMCO\u00ae<\/title>\n<meta name=\"description\" content=\"STEMCO\u00ae Voyager\u00ae wheel seal is designed for regional route trucks, city traffic and coach applications. Learn more about the wheel end seals.\" \/>\n<meta name=\"robots\" content=\"index, follow, max-snippet:-1, max-image-preview:large, max-video-preview:-1\" \/>\n<link rel=\"canonical\" href=\"https:\/\/www.stemco.com\/es\/product\/wheel-end\/seals\/voyager-wheel-seal\/\" \/>\n<meta property=\"og:locale\" content=\"es_MX\" \/>\n<meta property=\"og:type\" content=\"article\" \/>\n<meta property=\"og:title\" content=\"Voyager\u00ae Wheel Seal | Wheel End Products | STEMCO\u00ae\" \/>\n<meta property=\"og:description\" content=\"STEMCO\u00ae Voyager\u00ae wheel seal is designed for regional route trucks, city traffic and coach applications. Learn more about the wheel end seals.\" \/>\n<meta property=\"og:url\" content=\"https:\/\/www.stemco.com\/es\/product\/wheel-end\/seals\/voyager-wheel-seal\/\" \/>\n<meta property=\"og:site_name\" content=\"Stemco\" \/>\n<meta property=\"article:modified_time\" content=\"2025-03-25T19:47:12+00:00\" \/>\n<meta property=\"og:image\" content=\"https:\/\/www.stemco.com\/wp-content\/uploads\/2020\/06\/voyager-wheel-seal.jpg\" \/>\n\t<meta property=\"og:image:width\" content=\"675\" \/>\n\t<meta property=\"og:image:height\" content=\"250\" \/>\n\t<meta property=\"og:image:type\" content=\"image\/jpeg\" \/>\n<meta name=\"twitter:card\" content=\"summary_large_image\" \/>\n<meta name=\"twitter:label1\" content=\"Tiempo de lectura\" \/>\n\t<meta name=\"twitter:data1\" content=\"1 minuto\" \/>\n<script type=\"application\/ld+json\" class=\"yoast-schema-graph\">{\"@context\":\"https:\/\/schema.org\",\"@graph\":[{\"@type\":\"WebPage\",\"@id\":\"https:\/\/www.stemco.com\/product\/wheel-end\/seals\/voyager-wheel-seal\/\",\"url\":\"https:\/\/www.stemco.com\/product\/wheel-end\/seals\/voyager-wheel-seal\/\",\"name\":\"Voyager\u00ae Wheel Seal | Wheel End Products | STEMCO\u00ae\",\"isPartOf\":{\"@id\":\"https:\/\/www.stemco.com\/#website\"},\"primaryImageOfPage\":{\"@id\":\"https:\/\/www.stemco.com\/product\/wheel-end\/seals\/voyager-wheel-seal\/#primaryimage\"},\"image\":{\"@id\":\"https:\/\/www.stemco.com\/product\/wheel-end\/seals\/voyager-wheel-seal\/#primaryimage\"},\"thumbnailUrl\":\"https:\/\/www.stemco.com\/wp-content\/uploads\/2020\/06\/voyager-wheel-seal.jpg\",\"datePublished\":\"2020-06-25T21:16:00+00:00\",\"dateModified\":\"2025-03-25T19:47:12+00:00\",\"description\":\"STEMCO\u00ae Voyager\u00ae wheel seal is designed for regional route trucks, city traffic and coach applications. Learn more about the wheel end seals.\",\"breadcrumb\":{\"@id\":\"https:\/\/www.stemco.com\/product\/wheel-end\/seals\/voyager-wheel-seal\/#breadcrumb\"},\"inLanguage\":\"es\",\"potentialAction\":[{\"@type\":\"ReadAction\",\"target\":[\"https:\/\/www.stemco.com\/product\/wheel-end\/seals\/voyager-wheel-seal\/\"]}]},{\"@type\":\"ImageObject\",\"inLanguage\":\"es\",\"@id\":\"https:\/\/www.stemco.com\/product\/wheel-end\/seals\/voyager-wheel-seal\/#primaryimage\",\"url\":\"https:\/\/www.stemco.com\/wp-content\/uploads\/2020\/06\/voyager-wheel-seal.jpg\",\"contentUrl\":\"https:\/\/www.stemco.com\/wp-content\/uploads\/2020\/06\/voyager-wheel-seal.jpg\",\"width\":675,\"height\":250,\"caption\":\"Voyager Wheel Seal\"},{\"@type\":\"BreadcrumbList\",\"@id\":\"https:\/\/www.stemco.com\/product\/wheel-end\/seals\/voyager-wheel-seal\/#breadcrumb\",\"itemListElement\":[{\"@type\":\"ListItem\",\"position\":1,\"name\":\"Home\",\"item\":\"https:\/\/www.stemco.com\/\"},{\"@type\":\"ListItem\",\"position\":2,\"name\":\"Products\",\"item\":\"https:\/\/www.stemco.com\/product\/\"},{\"@type\":\"ListItem\",\"position\":3,\"name\":\"Wheel End\",\"item\":\"https:\/\/www.stemco.com\/product\/wheel-end\/\"},{\"@type\":\"ListItem\",\"position\":4,\"name\":\"Seals\",\"item\":\"https:\/\/www.stemco.com\/product\/wheel-end\/seals\/\"},{\"@type\":\"ListItem\",\"position\":5,\"name\":\"Voyager\u00ae Wheel Seal\"}]},{\"@type\":\"WebSite\",\"@id\":\"https:\/\/www.stemco.com\/#website\",\"url\":\"https:\/\/www.stemco.com\/\",\"name\":\"Stemco\",\"description\":\"Making The Roadways Safer\u00ae\",\"publisher\":{\"@id\":\"https:\/\/www.stemco.com\/#organization\"},\"potentialAction\":[{\"@type\":\"SearchAction\",\"target\":{\"@type\":\"EntryPoint\",\"urlTemplate\":\"https:\/\/www.stemco.com\/?s={search_term_string}\"},\"query-input\":{\"@type\":\"PropertyValueSpecification\",\"valueRequired\":true,\"valueName\":\"search_term_string\"}}],\"inLanguage\":\"es\"},{\"@type\":\"Organization\",\"@id\":\"https:\/\/www.stemco.com\/#organization\",\"name\":\"Stemco\",\"url\":\"https:\/\/www.stemco.com\/\",\"logo\":{\"@type\":\"ImageObject\",\"inLanguage\":\"es\",\"@id\":\"https:\/\/www.stemco.com\/#\/schema\/logo\/image\/\",\"url\":\"https:\/\/www.stemco.com\/wp-content\/uploads\/2025\/04\/stemco-logo-enpro.png\",\"contentUrl\":\"https:\/\/www.stemco.com\/wp-content\/uploads\/2025\/04\/stemco-logo-enpro.png\",\"width\":245,\"height\":40,\"caption\":\"Stemco\"},\"image\":{\"@id\":\"https:\/\/www.stemco.com\/#\/schema\/logo\/image\/\"}}]}<\/script>\n<!-- \/ Yoast SEO plugin. -->","yoast_head_json":{"title":"Voyager\u00ae Wheel Seal | Productos para extremos de rueda | STEMCO\u00ae","description":"El sello de rueda STEMCO\u00ae Voyager\u00ae est\u00e1 dise\u00f1ado para camiones de rutas regionales, transporte urbano y autobuses. Obtenga m\u00e1s informaci\u00f3n sobre los sellos de extremo de rueda.","robots":{"index":"index","follow":"follow","max-snippet":"max-snippet:-1","max-image-preview":"max-image-preview:large","max-video-preview":"max-video-preview:-1"},"canonical":"https:\/\/www.stemco.com\/es\/product\/wheel-end\/seals\/voyager-wheel-seal\/","og_locale":"es_MX","og_type":"article","og_title":"Voyager\u00ae Wheel Seal | Wheel End Products | STEMCO\u00ae","og_description":"STEMCO\u00ae Voyager\u00ae wheel seal is designed for regional route trucks, city traffic and coach applications. Learn more about the wheel end seals.","og_url":"https:\/\/www.stemco.com\/es\/product\/wheel-end\/seals\/voyager-wheel-seal\/","og_site_name":"Stemco","article_modified_time":"2025-03-25T19:47:12+00:00","og_image":[{"width":675,"height":250,"url":"https:\/\/www.stemco.com\/wp-content\/uploads\/2020\/06\/voyager-wheel-seal.jpg","type":"image\/jpeg"}],"twitter_card":"summary_large_image","twitter_misc":{"Tiempo de lectura":"1 minuto"},"schema":{"@context":"https:\/\/schema.org","@graph":[{"@type":"WebPage","@id":"https:\/\/www.stemco.com\/product\/wheel-end\/seals\/voyager-wheel-seal\/","url":"https:\/\/www.stemco.com\/product\/wheel-end\/seals\/voyager-wheel-seal\/","name":"Voyager\u00ae Wheel Seal | Productos para extremos de rueda | STEMCO\u00ae","isPartOf":{"@id":"https:\/\/www.stemco.com\/#website"},"primaryImageOfPage":{"@id":"https:\/\/www.stemco.com\/product\/wheel-end\/seals\/voyager-wheel-seal\/#primaryimage"},"image":{"@id":"https:\/\/www.stemco.com\/product\/wheel-end\/seals\/voyager-wheel-seal\/#primaryimage"},"thumbnailUrl":"https:\/\/www.stemco.com\/wp-content\/uploads\/2020\/06\/voyager-wheel-seal.jpg","datePublished":"2020-06-25T21:16:00+00:00","dateModified":"2025-03-25T19:47:12+00:00","description":"El sello de rueda STEMCO\u00ae Voyager\u00ae est\u00e1 dise\u00f1ado para camiones de rutas regionales, transporte urbano y autobuses. Obtenga m\u00e1s informaci\u00f3n sobre los sellos de extremo de rueda.","breadcrumb":{"@id":"https:\/\/www.stemco.com\/product\/wheel-end\/seals\/voyager-wheel-seal\/#breadcrumb"},"inLanguage":"es","potentialAction":[{"@type":"ReadAction","target":["https:\/\/www.stemco.com\/product\/wheel-end\/seals\/voyager-wheel-seal\/"]}]},{"@type":"ImageObject","inLanguage":"es","@id":"https:\/\/www.stemco.com\/product\/wheel-end\/seals\/voyager-wheel-seal\/#primaryimage","url":"https:\/\/www.stemco.com\/wp-content\/uploads\/2020\/06\/voyager-wheel-seal.jpg","contentUrl":"https:\/\/www.stemco.com\/wp-content\/uploads\/2020\/06\/voyager-wheel-seal.jpg","width":675,"height":250,"caption":"Voyager Wheel Seal"},{"@type":"BreadcrumbList","@id":"https:\/\/www.stemco.com\/product\/wheel-end\/seals\/voyager-wheel-seal\/#breadcrumb","itemListElement":[{"@type":"ListItem","position":1,"name":"Home","item":"https:\/\/www.stemco.com\/"},{"@type":"ListItem","position":2,"name":"Products","item":"https:\/\/www.stemco.com\/product\/"},{"@type":"ListItem","position":3,"name":"Wheel End","item":"https:\/\/www.stemco.com\/product\/wheel-end\/"},{"@type":"ListItem","position":4,"name":"Seals","item":"https:\/\/www.stemco.com\/product\/wheel-end\/seals\/"},{"@type":"ListItem","position":5,"name":"Voyager\u00ae Wheel Seal"}]},{"@type":"WebSite","@id":"https:\/\/www.stemco.com\/#website","url":"https:\/\/www.stemco.com\/","name":"Stemco","description":"Haciendo Las Carreteras M\u00e1s Seguras\u00ae","publisher":{"@id":"https:\/\/www.stemco.com\/#organization"},"potentialAction":[{"@type":"SearchAction","target":{"@type":"EntryPoint","urlTemplate":"https:\/\/www.stemco.com\/?s={search_term_string}"},"query-input":{"@type":"PropertyValueSpecification","valueRequired":true,"valueName":"search_term_string"}}],"inLanguage":"es"},{"@type":"Organization","@id":"https:\/\/www.stemco.com\/#organization","name":"Stemco","url":"https:\/\/www.stemco.com\/","logo":{"@type":"ImageObject","inLanguage":"es","@id":"https:\/\/www.stemco.com\/#\/schema\/logo\/image\/","url":"https:\/\/www.stemco.com\/wp-content\/uploads\/2025\/04\/stemco-logo-enpro.png","contentUrl":"https:\/\/www.stemco.com\/wp-content\/uploads\/2025\/04\/stemco-logo-enpro.png","width":245,"height":40,"caption":"Stemco"},"image":{"@id":"https:\/\/www.stemco.com\/#\/schema\/logo\/image\/"}}]}},"_links":{"self":[{"href":"https:\/\/www.stemco.com\/es\/wp-json\/wp\/v2\/product\/978","targetHints":{"allow":["GET"]}}],"collection":[{"href":"https:\/\/www.stemco.com\/es\/wp-json\/wp\/v2\/product"}],"about":[{"href":"https:\/\/www.stemco.com\/es\/wp-json\/wp\/v2\/types\/product"}],"up":[{"embeddable":true,"href":"https:\/\/www.stemco.com\/es\/wp-json\/wp\/v2\/product\/9"}],"wp:featuredmedia":[{"embeddable":true,"href":"https:\/\/www.stemco.com\/es\/wp-json\/wp\/v2\/media\/985"}],"wp:attachment":[{"href":"https:\/\/www.stemco.com\/es\/wp-json\/wp\/v2\/media?parent=978"}],"wp:term":[{"taxonomy":"category","embeddable":true,"href":"https:\/\/www.stemco.com\/es\/wp-json\/wp\/v2\/categories?post=978"},{"taxonomy":"post_tag","embeddable":true,"href":"https:\/\/www.stemco.com\/es\/wp-json\/wp\/v2\/tags?post=978"},{"taxonomy":"product-category","embeddable":true,"href":"https:\/\/www.stemco.com\/es\/wp-json\/wp\/v2\/product-category?post=978"},{"taxonomy":"product-page-type-category","embeddable":true,"href":"https:\/\/www.stemco.com\/es\/wp-json\/wp\/v2\/product-page-type-category?post=978"}],"curies":[{"name":"wp","href":"https:\/\/api.w.org\/{rel}","templated":true}]}}