{"id":9,"date":"2020-05-20T16:57:39","date_gmt":"2020-05-20T16:57:39","guid":{"rendered":"http:\/\/stemco.local\/?post_type=product&#038;p=9"},"modified":"2020-08-13T14:00:24","modified_gmt":"2020-08-13T14:00:24","slug":"seals","status":"publish","type":"product","link":"https:\/\/www.stemco.com\/es\/product\/wheel-end\/seals\/","title":{"rendered":"focas"},"content":{"rendered":"<p>STEMCO ha proporcionado a la industria camionera sellos de ruedas confiables durante m\u00e1s de 60 a\u00f1os. Hemos reconocido la necesidad de sellos m\u00e1s resistentes y de mayor duraci\u00f3n que cumplan con los requisitos de rendimiento, dise\u00f1o y precio de cualquier flota. STEMCO ha dise\u00f1ado un men\u00fa de opciones de sellado dise\u00f1ado para cumplir con las diferentes expectativas de rendimiento de cada flota para maximizar el rendimiento y el valor.<\/p>","protected":false},"excerpt":{"rendered":"<p>STEMCO ha proporcionado a la industria camionera sellos de ruedas confiables durante m\u00e1s de 60 a\u00f1os. Hemos reconocido la necesidad de sellos m\u00e1s resistentes y de mayor duraci\u00f3n que cumplan con los requisitos de rendimiento, dise\u00f1o y precio de cualquier flota. STEMCO ha dise\u00f1ado un men\u00fa de opciones de sellado dise\u00f1ado para cumplir con las diferentes expectativas de rendimiento de cada flota para maximizar [\u2026]<\/p>","protected":false},"featured_media":0,"parent":5,"menu_order":0,"template":"","format":"standard","meta":{"_acf_changed":false,"content-type":""},"categories":[],"tags":[],"product-category":[24],"product-page-type-category":[18],"class_list":["post-9","product","type-product","status-publish","format-standard","hentry","product-category-seals","product-page-type-category-product-sub"],"acf":[],"yoast_head":"<!-- This site is optimized with the Yoast SEO plugin v26.8 - https:\/\/yoast.com\/product\/yoast-seo-wordpress\/ -->\n<title>Seals | Wheel End Products | STEMCO\u00ae<\/title>\n<meta name=\"description\" content=\"STEMCO\u00ae has engineered a menu of sealing options designed to meet the varying performance expectations of each fleet to maximize performance and value.\" \/>\n<meta name=\"robots\" content=\"index, follow, max-snippet:-1, max-image-preview:large, max-video-preview:-1\" \/>\n<link rel=\"canonical\" href=\"https:\/\/www.stemco.com\/es\/product\/wheel-end\/seals\/\" \/>\n<meta property=\"og:locale\" content=\"es_MX\" \/>\n<meta property=\"og:type\" content=\"article\" \/>\n<meta property=\"og:title\" content=\"Seals | Wheel End Products | STEMCO\u00ae\" \/>\n<meta property=\"og:description\" content=\"STEMCO\u00ae has engineered a menu of sealing options designed to meet the varying performance expectations of each fleet to maximize performance and value.\" \/>\n<meta property=\"og:url\" content=\"https:\/\/www.stemco.com\/es\/product\/wheel-end\/seals\/\" \/>\n<meta property=\"og:site_name\" content=\"Stemco\" \/>\n<meta property=\"article:modified_time\" content=\"2020-08-13T14:00:24+00:00\" \/>\n<meta name=\"twitter:card\" content=\"summary_large_image\" \/>\n<script type=\"application\/ld+json\" class=\"yoast-schema-graph\">{\"@context\":\"https:\/\/schema.org\",\"@graph\":[{\"@type\":\"WebPage\",\"@id\":\"https:\/\/www.stemco.com\/product\/wheel-end\/seals\/\",\"url\":\"https:\/\/www.stemco.com\/product\/wheel-end\/seals\/\",\"name\":\"Seals | Wheel End Products | STEMCO\u00ae\",\"isPartOf\":{\"@id\":\"https:\/\/www.stemco.com\/#website\"},\"datePublished\":\"2020-05-20T16:57:39+00:00\",\"dateModified\":\"2020-08-13T14:00:24+00:00\",\"description\":\"STEMCO\u00ae has engineered a menu of sealing options designed to meet the varying performance expectations of each fleet to maximize performance and value.\",\"breadcrumb\":{\"@id\":\"https:\/\/www.stemco.com\/product\/wheel-end\/seals\/#breadcrumb\"},\"inLanguage\":\"es\",\"potentialAction\":[{\"@type\":\"ReadAction\",\"target\":[\"https:\/\/www.stemco.com\/product\/wheel-end\/seals\/\"]}]},{\"@type\":\"BreadcrumbList\",\"@id\":\"https:\/\/www.stemco.com\/product\/wheel-end\/seals\/#breadcrumb\",\"itemListElement\":[{\"@type\":\"ListItem\",\"position\":1,\"name\":\"Home\",\"item\":\"https:\/\/www.stemco.com\/\"},{\"@type\":\"ListItem\",\"position\":2,\"name\":\"Products\",\"item\":\"https:\/\/www.stemco.com\/product\/\"},{\"@type\":\"ListItem\",\"position\":3,\"name\":\"Wheel End\",\"item\":\"https:\/\/www.stemco.com\/product\/wheel-end\/\"},{\"@type\":\"ListItem\",\"position\":4,\"name\":\"Seals\"}]},{\"@type\":\"WebSite\",\"@id\":\"https:\/\/www.stemco.com\/#website\",\"url\":\"https:\/\/www.stemco.com\/\",\"name\":\"Stemco\",\"description\":\"Making The Roadways Safer\u00ae\",\"publisher\":{\"@id\":\"https:\/\/www.stemco.com\/#organization\"},\"potentialAction\":[{\"@type\":\"SearchAction\",\"target\":{\"@type\":\"EntryPoint\",\"urlTemplate\":\"https:\/\/www.stemco.com\/?s={search_term_string}\"},\"query-input\":{\"@type\":\"PropertyValueSpecification\",\"valueRequired\":true,\"valueName\":\"search_term_string\"}}],\"inLanguage\":\"es\"},{\"@type\":\"Organization\",\"@id\":\"https:\/\/www.stemco.com\/#organization\",\"name\":\"Stemco\",\"url\":\"https:\/\/www.stemco.com\/\",\"logo\":{\"@type\":\"ImageObject\",\"inLanguage\":\"es\",\"@id\":\"https:\/\/www.stemco.com\/#\/schema\/logo\/image\/\",\"url\":\"https:\/\/www.stemco.com\/wp-content\/uploads\/2025\/04\/stemco-logo-enpro.png\",\"contentUrl\":\"https:\/\/www.stemco.com\/wp-content\/uploads\/2025\/04\/stemco-logo-enpro.png\",\"width\":245,\"height\":40,\"caption\":\"Stemco\"},\"image\":{\"@id\":\"https:\/\/www.stemco.com\/#\/schema\/logo\/image\/\"}}]}<\/script>\n<!-- \/ Yoast SEO plugin. -->","yoast_head_json":{"title":"Sellos | Productos para extremos de rueda | STEMCO\u00ae","description":"STEMCO\u00ae ha dise\u00f1ado un men\u00fa de opciones de sellado dise\u00f1adas para satisfacer las diferentes expectativas de rendimiento de cada flota para maximizar el rendimiento y el valor.","robots":{"index":"index","follow":"follow","max-snippet":"max-snippet:-1","max-image-preview":"max-image-preview:large","max-video-preview":"max-video-preview:-1"},"canonical":"https:\/\/www.stemco.com\/es\/product\/wheel-end\/seals\/","og_locale":"es_MX","og_type":"article","og_title":"Seals | Wheel End Products | STEMCO\u00ae","og_description":"STEMCO\u00ae has engineered a menu of sealing options designed to meet the varying performance expectations of each fleet to maximize performance and value.","og_url":"https:\/\/www.stemco.com\/es\/product\/wheel-end\/seals\/","og_site_name":"Stemco","article_modified_time":"2020-08-13T14:00:24+00:00","twitter_card":"summary_large_image","schema":{"@context":"https:\/\/schema.org","@graph":[{"@type":"WebPage","@id":"https:\/\/www.stemco.com\/product\/wheel-end\/seals\/","url":"https:\/\/www.stemco.com\/product\/wheel-end\/seals\/","name":"Sellos | Productos para extremos de rueda | STEMCO\u00ae","isPartOf":{"@id":"https:\/\/www.stemco.com\/#website"},"datePublished":"2020-05-20T16:57:39+00:00","dateModified":"2020-08-13T14:00:24+00:00","description":"STEMCO\u00ae ha dise\u00f1ado un men\u00fa de opciones de sellado dise\u00f1adas para satisfacer las diferentes expectativas de rendimiento de cada flota para maximizar el rendimiento y el valor.","breadcrumb":{"@id":"https:\/\/www.stemco.com\/product\/wheel-end\/seals\/#breadcrumb"},"inLanguage":"es","potentialAction":[{"@type":"ReadAction","target":["https:\/\/www.stemco.com\/product\/wheel-end\/seals\/"]}]},{"@type":"BreadcrumbList","@id":"https:\/\/www.stemco.com\/product\/wheel-end\/seals\/#breadcrumb","itemListElement":[{"@type":"ListItem","position":1,"name":"Home","item":"https:\/\/www.stemco.com\/"},{"@type":"ListItem","position":2,"name":"Products","item":"https:\/\/www.stemco.com\/product\/"},{"@type":"ListItem","position":3,"name":"Wheel End","item":"https:\/\/www.stemco.com\/product\/wheel-end\/"},{"@type":"ListItem","position":4,"name":"Seals"}]},{"@type":"WebSite","@id":"https:\/\/www.stemco.com\/#website","url":"https:\/\/www.stemco.com\/","name":"Stemco","description":"Haciendo Las Carreteras M\u00e1s Seguras\u00ae","publisher":{"@id":"https:\/\/www.stemco.com\/#organization"},"potentialAction":[{"@type":"SearchAction","target":{"@type":"EntryPoint","urlTemplate":"https:\/\/www.stemco.com\/?s={search_term_string}"},"query-input":{"@type":"PropertyValueSpecification","valueRequired":true,"valueName":"search_term_string"}}],"inLanguage":"es"},{"@type":"Organization","@id":"https:\/\/www.stemco.com\/#organization","name":"Stemco","url":"https:\/\/www.stemco.com\/","logo":{"@type":"ImageObject","inLanguage":"es","@id":"https:\/\/www.stemco.com\/#\/schema\/logo\/image\/","url":"https:\/\/www.stemco.com\/wp-content\/uploads\/2025\/04\/stemco-logo-enpro.png","contentUrl":"https:\/\/www.stemco.com\/wp-content\/uploads\/2025\/04\/stemco-logo-enpro.png","width":245,"height":40,"caption":"Stemco"},"image":{"@id":"https:\/\/www.stemco.com\/#\/schema\/logo\/image\/"}}]}},"_links":{"self":[{"href":"https:\/\/www.stemco.com\/es\/wp-json\/wp\/v2\/product\/9","targetHints":{"allow":["GET"]}}],"collection":[{"href":"https:\/\/www.stemco.com\/es\/wp-json\/wp\/v2\/product"}],"about":[{"href":"https:\/\/www.stemco.com\/es\/wp-json\/wp\/v2\/types\/product"}],"up":[{"embeddable":true,"href":"https:\/\/www.stemco.com\/es\/wp-json\/wp\/v2\/product\/5"}],"wp:attachment":[{"href":"https:\/\/www.stemco.com\/es\/wp-json\/wp\/v2\/media?parent=9"}],"wp:term":[{"taxonomy":"category","embeddable":true,"href":"https:\/\/www.stemco.com\/es\/wp-json\/wp\/v2\/categories?post=9"},{"taxonomy":"post_tag","embeddable":true,"href":"https:\/\/www.stemco.com\/es\/wp-json\/wp\/v2\/tags?post=9"},{"taxonomy":"product-category","embeddable":true,"href":"https:\/\/www.stemco.com\/es\/wp-json\/wp\/v2\/product-category?post=9"},{"taxonomy":"product-page-type-category","embeddable":true,"href":"https:\/\/www.stemco.com\/es\/wp-json\/wp\/v2\/product-page-type-category?post=9"}],"curies":[{"name":"wp","href":"https:\/\/api.w.org\/{rel}","templated":true}]}}