{"id":8622,"date":"2022-01-24T17:50:45","date_gmt":"2022-01-24T17:50:45","guid":{"rendered":"https:\/\/www.stemco.com\/?post_type=product&#038;p=8622"},"modified":"2025-03-25T17:46:28","modified_gmt":"2025-03-25T17:46:28","slug":"discover-xr","status":"publish","type":"product","link":"https:\/\/www.stemco.com\/es\/product\/wheel-end\/seals\/discover-xr\/","title":{"rendered":"Descubrir <sup>\u00ae<\/sup> XR"},"content":{"rendered":"<p>Fabricados con un material de alta calidad resistente a la temperatura y con sellado multilaber\u00edntico para aplicaciones de larga duraci\u00f3n, estos sellos de alto rendimiento han sido equipados con la tecnolog\u00eda patentada GlideLock\u2122 para ofrecer el sello de rueda m\u00e1s avanzado disponible.<\/p>\n<p>Mira el video del anuncio <a href=\"https:\/\/www.stemco.com\/es\/resource\/discover-xr-announcement-video\/\">aqu\u00ed<\/a>.<\/p>","protected":false},"excerpt":{"rendered":"<p>Fabricados con un material de alta calidad resistente a la temperatura y con sellado multilaber\u00edntico para aplicaciones de larga duraci\u00f3n, estos sellos de alto rendimiento han sido equipados con la tecnolog\u00eda patentada GlideLock\u2122 para ofrecer el sello de rueda m\u00e1s avanzado disponible. Mira el v\u00eddeo del anuncio aqu\u00ed.<\/p>","protected":false},"featured_media":8633,"parent":9,"menu_order":0,"template":"","format":"standard","meta":{"_acf_changed":false,"content-type":""},"categories":[121],"tags":[],"product-category":[24],"product-page-type-category":[119,20],"class_list":["post-8622","product","type-product","status-publish","format-standard","has-post-thumbnail","hentry","category-exploded-view-page","product-category-seals","product-page-type-category-exploded-view-simple-product","product-page-type-category-simple-product-page"],"acf":[],"yoast_head":"<!-- This site is optimized with the Yoast SEO plugin v26.8 - https:\/\/yoast.com\/product\/yoast-seo-wordpress\/ -->\n<title>Discover\u00ae XR | Wheel End Products | STEMCO\u00ae<\/title>\n<meta name=\"description\" content=\"STEMCO\u00ae Discover\u00ae XR Seal features a high-grade temperature-resistant material, multi-labyrinth sealing features for long-life applications and patented GlideLock\u2122 technology\" \/>\n<meta name=\"robots\" content=\"index, follow, max-snippet:-1, max-image-preview:large, max-video-preview:-1\" \/>\n<link rel=\"canonical\" href=\"https:\/\/www.stemco.com\/es\/product\/wheel-end\/seals\/discover-xr\/\" \/>\n<meta property=\"og:locale\" content=\"es_MX\" \/>\n<meta property=\"og:type\" content=\"article\" \/>\n<meta property=\"og:title\" content=\"Discover\u00ae XR | Wheel End Products | STEMCO\u00ae\" \/>\n<meta property=\"og:description\" content=\"STEMCO\u00ae Discover\u00ae XR Seal features a high-grade temperature-resistant material, multi-labyrinth sealing features for long-life applications and patented GlideLock\u2122 technology\" \/>\n<meta property=\"og:url\" content=\"https:\/\/www.stemco.com\/es\/product\/wheel-end\/seals\/discover-xr\/\" \/>\n<meta property=\"og:site_name\" content=\"Stemco\" \/>\n<meta property=\"article:modified_time\" content=\"2025-03-25T17:46:28+00:00\" \/>\n<meta property=\"og:image\" content=\"https:\/\/www.stemco.com\/wp-content\/uploads\/2022\/01\/Discover_XR.png\" \/>\n\t<meta property=\"og:image:width\" content=\"675\" \/>\n\t<meta property=\"og:image:height\" content=\"250\" \/>\n\t<meta property=\"og:image:type\" content=\"image\/png\" \/>\n<meta name=\"twitter:card\" content=\"summary_large_image\" \/>\n<meta name=\"twitter:label1\" content=\"Tiempo de lectura\" \/>\n\t<meta name=\"twitter:data1\" content=\"2 minutos\" \/>\n<script type=\"application\/ld+json\" class=\"yoast-schema-graph\">{\"@context\":\"https:\/\/schema.org\",\"@graph\":[{\"@type\":\"WebPage\",\"@id\":\"https:\/\/www.stemco.com\/product\/wheel-end\/seals\/discover-xr\/\",\"url\":\"https:\/\/www.stemco.com\/product\/wheel-end\/seals\/discover-xr\/\",\"name\":\"Discover\u00ae XR | Wheel End Products | STEMCO\u00ae\",\"isPartOf\":{\"@id\":\"https:\/\/www.stemco.com\/#website\"},\"primaryImageOfPage\":{\"@id\":\"https:\/\/www.stemco.com\/product\/wheel-end\/seals\/discover-xr\/#primaryimage\"},\"image\":{\"@id\":\"https:\/\/www.stemco.com\/product\/wheel-end\/seals\/discover-xr\/#primaryimage\"},\"thumbnailUrl\":\"https:\/\/www.stemco.com\/wp-content\/uploads\/2022\/01\/Discover_XR.png\",\"datePublished\":\"2022-01-24T17:50:45+00:00\",\"dateModified\":\"2025-03-25T17:46:28+00:00\",\"description\":\"STEMCO\u00ae Discover\u00ae XR Seal features a high-grade temperature-resistant material, multi-labyrinth sealing features for long-life applications and patented GlideLock\u2122 technology\",\"breadcrumb\":{\"@id\":\"https:\/\/www.stemco.com\/product\/wheel-end\/seals\/discover-xr\/#breadcrumb\"},\"inLanguage\":\"es\",\"potentialAction\":[{\"@type\":\"ReadAction\",\"target\":[\"https:\/\/www.stemco.com\/product\/wheel-end\/seals\/discover-xr\/\"]}]},{\"@type\":\"ImageObject\",\"inLanguage\":\"es\",\"@id\":\"https:\/\/www.stemco.com\/product\/wheel-end\/seals\/discover-xr\/#primaryimage\",\"url\":\"https:\/\/www.stemco.com\/wp-content\/uploads\/2022\/01\/Discover_XR.png\",\"contentUrl\":\"https:\/\/www.stemco.com\/wp-content\/uploads\/2022\/01\/Discover_XR.png\",\"width\":675,\"height\":250,\"caption\":\"Voyager Wheel Seal\"},{\"@type\":\"BreadcrumbList\",\"@id\":\"https:\/\/www.stemco.com\/product\/wheel-end\/seals\/discover-xr\/#breadcrumb\",\"itemListElement\":[{\"@type\":\"ListItem\",\"position\":1,\"name\":\"Home\",\"item\":\"https:\/\/www.stemco.com\/\"},{\"@type\":\"ListItem\",\"position\":2,\"name\":\"Products\",\"item\":\"https:\/\/www.stemco.com\/product\/\"},{\"@type\":\"ListItem\",\"position\":3,\"name\":\"Wheel End\",\"item\":\"https:\/\/www.stemco.com\/product\/wheel-end\/\"},{\"@type\":\"ListItem\",\"position\":4,\"name\":\"Seals\",\"item\":\"https:\/\/www.stemco.com\/product\/wheel-end\/seals\/\"},{\"@type\":\"ListItem\",\"position\":5,\"name\":\"Discover &reg; XR\"}]},{\"@type\":\"WebSite\",\"@id\":\"https:\/\/www.stemco.com\/#website\",\"url\":\"https:\/\/www.stemco.com\/\",\"name\":\"Stemco\",\"description\":\"Making The Roadways Safer\u00ae\",\"publisher\":{\"@id\":\"https:\/\/www.stemco.com\/#organization\"},\"potentialAction\":[{\"@type\":\"SearchAction\",\"target\":{\"@type\":\"EntryPoint\",\"urlTemplate\":\"https:\/\/www.stemco.com\/?s={search_term_string}\"},\"query-input\":{\"@type\":\"PropertyValueSpecification\",\"valueRequired\":true,\"valueName\":\"search_term_string\"}}],\"inLanguage\":\"es\"},{\"@type\":\"Organization\",\"@id\":\"https:\/\/www.stemco.com\/#organization\",\"name\":\"Stemco\",\"url\":\"https:\/\/www.stemco.com\/\",\"logo\":{\"@type\":\"ImageObject\",\"inLanguage\":\"es\",\"@id\":\"https:\/\/www.stemco.com\/#\/schema\/logo\/image\/\",\"url\":\"https:\/\/www.stemco.com\/wp-content\/uploads\/2025\/04\/stemco-logo-enpro.png\",\"contentUrl\":\"https:\/\/www.stemco.com\/wp-content\/uploads\/2025\/04\/stemco-logo-enpro.png\",\"width\":245,\"height\":40,\"caption\":\"Stemco\"},\"image\":{\"@id\":\"https:\/\/www.stemco.com\/#\/schema\/logo\/image\/\"}}]}<\/script>\n<!-- \/ Yoast SEO plugin. -->","yoast_head_json":{"title":"Discover\u00ae XR | Productos para extremos de rueda | STEMCO\u00ae","description":"El sello STEMCO\u00ae Discover\u00ae XR cuenta con un material resistente a la temperatura de alto grado, caracter\u00edsticas de sellado de m\u00faltiples laberintos para aplicaciones de larga duraci\u00f3n y tecnolog\u00eda patentada GlideLock\u2122","robots":{"index":"index","follow":"follow","max-snippet":"max-snippet:-1","max-image-preview":"max-image-preview:large","max-video-preview":"max-video-preview:-1"},"canonical":"https:\/\/www.stemco.com\/es\/product\/wheel-end\/seals\/discover-xr\/","og_locale":"es_MX","og_type":"article","og_title":"Discover\u00ae XR | Wheel End Products | STEMCO\u00ae","og_description":"STEMCO\u00ae Discover\u00ae XR Seal features a high-grade temperature-resistant material, multi-labyrinth sealing features for long-life applications and patented GlideLock\u2122 technology","og_url":"https:\/\/www.stemco.com\/es\/product\/wheel-end\/seals\/discover-xr\/","og_site_name":"Stemco","article_modified_time":"2025-03-25T17:46:28+00:00","og_image":[{"width":675,"height":250,"url":"https:\/\/www.stemco.com\/wp-content\/uploads\/2022\/01\/Discover_XR.png","type":"image\/png"}],"twitter_card":"summary_large_image","twitter_misc":{"Tiempo de lectura":"2 minutos"},"schema":{"@context":"https:\/\/schema.org","@graph":[{"@type":"WebPage","@id":"https:\/\/www.stemco.com\/product\/wheel-end\/seals\/discover-xr\/","url":"https:\/\/www.stemco.com\/product\/wheel-end\/seals\/discover-xr\/","name":"Discover\u00ae XR | Productos para extremos de rueda | STEMCO\u00ae","isPartOf":{"@id":"https:\/\/www.stemco.com\/#website"},"primaryImageOfPage":{"@id":"https:\/\/www.stemco.com\/product\/wheel-end\/seals\/discover-xr\/#primaryimage"},"image":{"@id":"https:\/\/www.stemco.com\/product\/wheel-end\/seals\/discover-xr\/#primaryimage"},"thumbnailUrl":"https:\/\/www.stemco.com\/wp-content\/uploads\/2022\/01\/Discover_XR.png","datePublished":"2022-01-24T17:50:45+00:00","dateModified":"2025-03-25T17:46:28+00:00","description":"El sello STEMCO\u00ae Discover\u00ae XR cuenta con un material resistente a la temperatura de alto grado, caracter\u00edsticas de sellado de m\u00faltiples laberintos para aplicaciones de larga duraci\u00f3n y tecnolog\u00eda patentada GlideLock\u2122","breadcrumb":{"@id":"https:\/\/www.stemco.com\/product\/wheel-end\/seals\/discover-xr\/#breadcrumb"},"inLanguage":"es","potentialAction":[{"@type":"ReadAction","target":["https:\/\/www.stemco.com\/product\/wheel-end\/seals\/discover-xr\/"]}]},{"@type":"ImageObject","inLanguage":"es","@id":"https:\/\/www.stemco.com\/product\/wheel-end\/seals\/discover-xr\/#primaryimage","url":"https:\/\/www.stemco.com\/wp-content\/uploads\/2022\/01\/Discover_XR.png","contentUrl":"https:\/\/www.stemco.com\/wp-content\/uploads\/2022\/01\/Discover_XR.png","width":675,"height":250,"caption":"Voyager Wheel Seal"},{"@type":"BreadcrumbList","@id":"https:\/\/www.stemco.com\/product\/wheel-end\/seals\/discover-xr\/#breadcrumb","itemListElement":[{"@type":"ListItem","position":1,"name":"Home","item":"https:\/\/www.stemco.com\/"},{"@type":"ListItem","position":2,"name":"Products","item":"https:\/\/www.stemco.com\/product\/"},{"@type":"ListItem","position":3,"name":"Wheel End","item":"https:\/\/www.stemco.com\/product\/wheel-end\/"},{"@type":"ListItem","position":4,"name":"Seals","item":"https:\/\/www.stemco.com\/product\/wheel-end\/seals\/"},{"@type":"ListItem","position":5,"name":"Discover &reg; XR"}]},{"@type":"WebSite","@id":"https:\/\/www.stemco.com\/#website","url":"https:\/\/www.stemco.com\/","name":"Stemco","description":"Haciendo Las Carreteras M\u00e1s Seguras\u00ae","publisher":{"@id":"https:\/\/www.stemco.com\/#organization"},"potentialAction":[{"@type":"SearchAction","target":{"@type":"EntryPoint","urlTemplate":"https:\/\/www.stemco.com\/?s={search_term_string}"},"query-input":{"@type":"PropertyValueSpecification","valueRequired":true,"valueName":"search_term_string"}}],"inLanguage":"es"},{"@type":"Organization","@id":"https:\/\/www.stemco.com\/#organization","name":"Stemco","url":"https:\/\/www.stemco.com\/","logo":{"@type":"ImageObject","inLanguage":"es","@id":"https:\/\/www.stemco.com\/#\/schema\/logo\/image\/","url":"https:\/\/www.stemco.com\/wp-content\/uploads\/2025\/04\/stemco-logo-enpro.png","contentUrl":"https:\/\/www.stemco.com\/wp-content\/uploads\/2025\/04\/stemco-logo-enpro.png","width":245,"height":40,"caption":"Stemco"},"image":{"@id":"https:\/\/www.stemco.com\/#\/schema\/logo\/image\/"}}]}},"_links":{"self":[{"href":"https:\/\/www.stemco.com\/es\/wp-json\/wp\/v2\/product\/8622","targetHints":{"allow":["GET"]}}],"collection":[{"href":"https:\/\/www.stemco.com\/es\/wp-json\/wp\/v2\/product"}],"about":[{"href":"https:\/\/www.stemco.com\/es\/wp-json\/wp\/v2\/types\/product"}],"up":[{"embeddable":true,"href":"https:\/\/www.stemco.com\/es\/wp-json\/wp\/v2\/product\/9"}],"wp:featuredmedia":[{"embeddable":true,"href":"https:\/\/www.stemco.com\/es\/wp-json\/wp\/v2\/media\/8633"}],"wp:attachment":[{"href":"https:\/\/www.stemco.com\/es\/wp-json\/wp\/v2\/media?parent=8622"}],"wp:term":[{"taxonomy":"category","embeddable":true,"href":"https:\/\/www.stemco.com\/es\/wp-json\/wp\/v2\/categories?post=8622"},{"taxonomy":"post_tag","embeddable":true,"href":"https:\/\/www.stemco.com\/es\/wp-json\/wp\/v2\/tags?post=8622"},{"taxonomy":"product-category","embeddable":true,"href":"https:\/\/www.stemco.com\/es\/wp-json\/wp\/v2\/product-category?post=8622"},{"taxonomy":"product-page-type-category","embeddable":true,"href":"https:\/\/www.stemco.com\/es\/wp-json\/wp\/v2\/product-page-type-category?post=8622"}],"curies":[{"name":"wp","href":"https:\/\/api.w.org\/{rel}","templated":true}]}}