{"id":5722,"date":"2021-04-14T18:59:25","date_gmt":"2021-04-14T18:59:25","guid":{"rendered":"https:\/\/www.stemco.com\/?post_type=product&#038;p=5722"},"modified":"2025-05-06T13:36:34","modified_gmt":"2025-05-06T13:36:34","slug":"webportal-svt","status":"publish","type":"product","link":"https:\/\/www.stemco.com\/es\/product\/wheel-end\/hubodometers\/webportal-svt\/","title":{"rendered":"WebPortal SVT\u2122"},"content":{"rendered":"<p>Portal web para rastrear el kilometraje del veh\u00edculo y el combustible para el mantenimiento de la flota y\/o la facturaci\u00f3n del kilometraje de arrendamiento. Como una soluci\u00f3n para toda la empresa, incluye capacidad para m\u00faltiples ubicaciones de terminales, asignaciones de veh\u00edculos por terminal, descargas de informes, alertas de mantenimiento por correo electr\u00f3nico, a\u00f1os de lecturas hist\u00f3ricas y mucho m\u00e1s.<\/p>\n<p><small>*<em>Se requiere cuota de suscripci\u00f3n<\/em><\/small><\/p>","protected":false},"excerpt":{"rendered":"<p>Portal web para rastrear el kilometraje del veh\u00edculo y el combustible para el mantenimiento de la flota y\/o la facturaci\u00f3n del kilometraje de arrendamiento. Como una soluci\u00f3n para toda la empresa, incluye capacidad para m\u00faltiples ubicaciones de terminales, asignaciones de veh\u00edculos por terminal, descargas de informes, alertas de mantenimiento por correo electr\u00f3nico, a\u00f1os de lecturas hist\u00f3ricas y mucho m\u00e1s. *Se requiere cuota de suscripci\u00f3n<\/p>","protected":false},"featured_media":5729,"parent":13,"menu_order":7,"template":"","format":"standard","meta":{"_acf_changed":false,"content-type":""},"categories":[],"tags":[],"product-category":[28],"product-page-type-category":[20],"class_list":["post-5722","product","type-product","status-publish","format-standard","has-post-thumbnail","hentry","product-category-hubodometers","product-page-type-category-simple-product-page"],"acf":[],"yoast_head":"<!-- This site is optimized with the Yoast SEO plugin v26.8 - https:\/\/yoast.com\/product\/yoast-seo-wordpress\/ -->\n<title>WebPortal SVT\u2122 - Stemco<\/title>\n<meta name=\"robots\" content=\"index, follow, max-snippet:-1, max-image-preview:large, max-video-preview:-1\" \/>\n<link rel=\"canonical\" href=\"https:\/\/www.stemco.com\/es\/product\/wheel-end\/hubodometers\/webportal-svt\/\" \/>\n<meta property=\"og:locale\" content=\"es_MX\" \/>\n<meta property=\"og:type\" content=\"article\" \/>\n<meta property=\"og:title\" content=\"WebPortal SVT\u2122 - Stemco\" \/>\n<meta property=\"og:description\" content=\"Web portal to track vehicle mileage and fuel for fleet maintenance and\/or lease mileage billing. As an enterprise wide solution, it includes capability for multiple terminal locations, vehicle assignments by terminal, report downloads, maintenance email alerts, years of historical readings and much more. *Subscription fee is required\" \/>\n<meta property=\"og:url\" content=\"https:\/\/www.stemco.com\/es\/product\/wheel-end\/hubodometers\/webportal-svt\/\" \/>\n<meta property=\"og:site_name\" content=\"Stemco\" \/>\n<meta property=\"article:modified_time\" content=\"2025-05-06T13:36:34+00:00\" \/>\n<meta property=\"og:image\" content=\"https:\/\/www.stemco.com\/wp-content\/uploads\/2021\/04\/webportal-tm-header.png\" \/>\n\t<meta property=\"og:image:width\" content=\"675\" \/>\n\t<meta property=\"og:image:height\" content=\"250\" \/>\n\t<meta property=\"og:image:type\" content=\"image\/png\" \/>\n<meta name=\"twitter:card\" content=\"summary_large_image\" \/>\n<meta name=\"twitter:label1\" content=\"Tiempo de lectura\" \/>\n\t<meta name=\"twitter:data1\" content=\"1 minuto\" \/>\n<script type=\"application\/ld+json\" class=\"yoast-schema-graph\">{\"@context\":\"https:\/\/schema.org\",\"@graph\":[{\"@type\":\"WebPage\",\"@id\":\"https:\/\/www.stemco.com\/product\/wheel-end\/hubodometers\/webportal-svt\/\",\"url\":\"https:\/\/www.stemco.com\/product\/wheel-end\/hubodometers\/webportal-svt\/\",\"name\":\"WebPortal SVT\u2122 - Stemco\",\"isPartOf\":{\"@id\":\"https:\/\/www.stemco.com\/#website\"},\"primaryImageOfPage\":{\"@id\":\"https:\/\/www.stemco.com\/product\/wheel-end\/hubodometers\/webportal-svt\/#primaryimage\"},\"image\":{\"@id\":\"https:\/\/www.stemco.com\/product\/wheel-end\/hubodometers\/webportal-svt\/#primaryimage\"},\"thumbnailUrl\":\"https:\/\/www.stemco.com\/wp-content\/uploads\/2021\/04\/webportal-tm-header.png\",\"datePublished\":\"2021-04-14T18:59:25+00:00\",\"dateModified\":\"2025-05-06T13:36:34+00:00\",\"breadcrumb\":{\"@id\":\"https:\/\/www.stemco.com\/product\/wheel-end\/hubodometers\/webportal-svt\/#breadcrumb\"},\"inLanguage\":\"es\",\"potentialAction\":[{\"@type\":\"ReadAction\",\"target\":[\"https:\/\/www.stemco.com\/product\/wheel-end\/hubodometers\/webportal-svt\/\"]}]},{\"@type\":\"ImageObject\",\"inLanguage\":\"es\",\"@id\":\"https:\/\/www.stemco.com\/product\/wheel-end\/hubodometers\/webportal-svt\/#primaryimage\",\"url\":\"https:\/\/www.stemco.com\/wp-content\/uploads\/2021\/04\/webportal-tm-header.png\",\"contentUrl\":\"https:\/\/www.stemco.com\/wp-content\/uploads\/2021\/04\/webportal-tm-header.png\",\"width\":675,\"height\":250,\"caption\":\"Web Portal SVT\"},{\"@type\":\"BreadcrumbList\",\"@id\":\"https:\/\/www.stemco.com\/product\/wheel-end\/hubodometers\/webportal-svt\/#breadcrumb\",\"itemListElement\":[{\"@type\":\"ListItem\",\"position\":1,\"name\":\"Home\",\"item\":\"https:\/\/www.stemco.com\/\"},{\"@type\":\"ListItem\",\"position\":2,\"name\":\"Products\",\"item\":\"https:\/\/www.stemco.com\/product\/\"},{\"@type\":\"ListItem\",\"position\":3,\"name\":\"Wheel End\",\"item\":\"https:\/\/www.stemco.com\/product\/wheel-end\/\"},{\"@type\":\"ListItem\",\"position\":4,\"name\":\"Hubodometers\",\"item\":\"https:\/\/www.stemco.com\/product\/wheel-end\/hubodometers\/\"},{\"@type\":\"ListItem\",\"position\":5,\"name\":\"WebPortal SVT\u2122\"}]},{\"@type\":\"WebSite\",\"@id\":\"https:\/\/www.stemco.com\/#website\",\"url\":\"https:\/\/www.stemco.com\/\",\"name\":\"Stemco\",\"description\":\"Making The Roadways Safer\u00ae\",\"publisher\":{\"@id\":\"https:\/\/www.stemco.com\/#organization\"},\"potentialAction\":[{\"@type\":\"SearchAction\",\"target\":{\"@type\":\"EntryPoint\",\"urlTemplate\":\"https:\/\/www.stemco.com\/?s={search_term_string}\"},\"query-input\":{\"@type\":\"PropertyValueSpecification\",\"valueRequired\":true,\"valueName\":\"search_term_string\"}}],\"inLanguage\":\"es\"},{\"@type\":\"Organization\",\"@id\":\"https:\/\/www.stemco.com\/#organization\",\"name\":\"Stemco\",\"url\":\"https:\/\/www.stemco.com\/\",\"logo\":{\"@type\":\"ImageObject\",\"inLanguage\":\"es\",\"@id\":\"https:\/\/www.stemco.com\/#\/schema\/logo\/image\/\",\"url\":\"https:\/\/www.stemco.com\/wp-content\/uploads\/2025\/04\/stemco-logo-enpro.png\",\"contentUrl\":\"https:\/\/www.stemco.com\/wp-content\/uploads\/2025\/04\/stemco-logo-enpro.png\",\"width\":245,\"height\":40,\"caption\":\"Stemco\"},\"image\":{\"@id\":\"https:\/\/www.stemco.com\/#\/schema\/logo\/image\/\"}}]}<\/script>\n<!-- \/ Yoast SEO plugin. -->","yoast_head_json":{"title":"WebPortal SVT\u2122 - Stemco","robots":{"index":"index","follow":"follow","max-snippet":"max-snippet:-1","max-image-preview":"max-image-preview:large","max-video-preview":"max-video-preview:-1"},"canonical":"https:\/\/www.stemco.com\/es\/product\/wheel-end\/hubodometers\/webportal-svt\/","og_locale":"es_MX","og_type":"article","og_title":"WebPortal SVT\u2122 - Stemco","og_description":"Web portal to track vehicle mileage and fuel for fleet maintenance and\/or lease mileage billing. As an enterprise wide solution, it includes capability for multiple terminal locations, vehicle assignments by terminal, report downloads, maintenance email alerts, years of historical readings and much more. *Subscription fee is required","og_url":"https:\/\/www.stemco.com\/es\/product\/wheel-end\/hubodometers\/webportal-svt\/","og_site_name":"Stemco","article_modified_time":"2025-05-06T13:36:34+00:00","og_image":[{"width":675,"height":250,"url":"https:\/\/www.stemco.com\/wp-content\/uploads\/2021\/04\/webportal-tm-header.png","type":"image\/png"}],"twitter_card":"summary_large_image","twitter_misc":{"Tiempo de lectura":"1 minuto"},"schema":{"@context":"https:\/\/schema.org","@graph":[{"@type":"WebPage","@id":"https:\/\/www.stemco.com\/product\/wheel-end\/hubodometers\/webportal-svt\/","url":"https:\/\/www.stemco.com\/product\/wheel-end\/hubodometers\/webportal-svt\/","name":"WebPortal SVT\u2122 - Stemco","isPartOf":{"@id":"https:\/\/www.stemco.com\/#website"},"primaryImageOfPage":{"@id":"https:\/\/www.stemco.com\/product\/wheel-end\/hubodometers\/webportal-svt\/#primaryimage"},"image":{"@id":"https:\/\/www.stemco.com\/product\/wheel-end\/hubodometers\/webportal-svt\/#primaryimage"},"thumbnailUrl":"https:\/\/www.stemco.com\/wp-content\/uploads\/2021\/04\/webportal-tm-header.png","datePublished":"2021-04-14T18:59:25+00:00","dateModified":"2025-05-06T13:36:34+00:00","breadcrumb":{"@id":"https:\/\/www.stemco.com\/product\/wheel-end\/hubodometers\/webportal-svt\/#breadcrumb"},"inLanguage":"es","potentialAction":[{"@type":"ReadAction","target":["https:\/\/www.stemco.com\/product\/wheel-end\/hubodometers\/webportal-svt\/"]}]},{"@type":"ImageObject","inLanguage":"es","@id":"https:\/\/www.stemco.com\/product\/wheel-end\/hubodometers\/webportal-svt\/#primaryimage","url":"https:\/\/www.stemco.com\/wp-content\/uploads\/2021\/04\/webportal-tm-header.png","contentUrl":"https:\/\/www.stemco.com\/wp-content\/uploads\/2021\/04\/webportal-tm-header.png","width":675,"height":250,"caption":"Web Portal SVT"},{"@type":"BreadcrumbList","@id":"https:\/\/www.stemco.com\/product\/wheel-end\/hubodometers\/webportal-svt\/#breadcrumb","itemListElement":[{"@type":"ListItem","position":1,"name":"Home","item":"https:\/\/www.stemco.com\/"},{"@type":"ListItem","position":2,"name":"Products","item":"https:\/\/www.stemco.com\/product\/"},{"@type":"ListItem","position":3,"name":"Wheel End","item":"https:\/\/www.stemco.com\/product\/wheel-end\/"},{"@type":"ListItem","position":4,"name":"Hubodometers","item":"https:\/\/www.stemco.com\/product\/wheel-end\/hubodometers\/"},{"@type":"ListItem","position":5,"name":"WebPortal SVT\u2122"}]},{"@type":"WebSite","@id":"https:\/\/www.stemco.com\/#website","url":"https:\/\/www.stemco.com\/","name":"Stemco","description":"Haciendo Las Carreteras M\u00e1s Seguras\u00ae","publisher":{"@id":"https:\/\/www.stemco.com\/#organization"},"potentialAction":[{"@type":"SearchAction","target":{"@type":"EntryPoint","urlTemplate":"https:\/\/www.stemco.com\/?s={search_term_string}"},"query-input":{"@type":"PropertyValueSpecification","valueRequired":true,"valueName":"search_term_string"}}],"inLanguage":"es"},{"@type":"Organization","@id":"https:\/\/www.stemco.com\/#organization","name":"Stemco","url":"https:\/\/www.stemco.com\/","logo":{"@type":"ImageObject","inLanguage":"es","@id":"https:\/\/www.stemco.com\/#\/schema\/logo\/image\/","url":"https:\/\/www.stemco.com\/wp-content\/uploads\/2025\/04\/stemco-logo-enpro.png","contentUrl":"https:\/\/www.stemco.com\/wp-content\/uploads\/2025\/04\/stemco-logo-enpro.png","width":245,"height":40,"caption":"Stemco"},"image":{"@id":"https:\/\/www.stemco.com\/#\/schema\/logo\/image\/"}}]}},"_links":{"self":[{"href":"https:\/\/www.stemco.com\/es\/wp-json\/wp\/v2\/product\/5722","targetHints":{"allow":["GET"]}}],"collection":[{"href":"https:\/\/www.stemco.com\/es\/wp-json\/wp\/v2\/product"}],"about":[{"href":"https:\/\/www.stemco.com\/es\/wp-json\/wp\/v2\/types\/product"}],"up":[{"embeddable":true,"href":"https:\/\/www.stemco.com\/es\/wp-json\/wp\/v2\/product\/13"}],"wp:featuredmedia":[{"embeddable":true,"href":"https:\/\/www.stemco.com\/es\/wp-json\/wp\/v2\/media\/5729"}],"wp:attachment":[{"href":"https:\/\/www.stemco.com\/es\/wp-json\/wp\/v2\/media?parent=5722"}],"wp:term":[{"taxonomy":"category","embeddable":true,"href":"https:\/\/www.stemco.com\/es\/wp-json\/wp\/v2\/categories?post=5722"},{"taxonomy":"post_tag","embeddable":true,"href":"https:\/\/www.stemco.com\/es\/wp-json\/wp\/v2\/tags?post=5722"},{"taxonomy":"product-category","embeddable":true,"href":"https:\/\/www.stemco.com\/es\/wp-json\/wp\/v2\/product-category?post=5722"},{"taxonomy":"product-page-type-category","embeddable":true,"href":"https:\/\/www.stemco.com\/es\/wp-json\/wp\/v2\/product-page-type-category?post=5722"}],"curies":[{"name":"wp","href":"https:\/\/api.w.org\/{rel}","templated":true}]}}