{"id":5702,"date":"2021-04-14T18:58:39","date_gmt":"2021-04-14T18:58:39","guid":{"rendered":"https:\/\/www.stemco.com\/?post_type=product&#038;p=5702"},"modified":"2025-04-07T21:49:05","modified_gmt":"2025-04-07T21:49:05","slug":"datatrac-field-programmable","status":"publish","type":"product","link":"https:\/\/www.stemco.com\/es\/product\/wheel-end\/hubodometers\/datatrac-field-programmable\/","title":{"rendered":"Trac de datos<sup>\u00ae<\/sup> SVT\u2122: aplicaci\u00f3n de administrador de flota programable"},"content":{"rendered":"<p>El sensor electr\u00f3nico de kilometraje DataTrac SVT es un sensor que proporciona de forma inal\u00e1mbrica lecturas del od\u00f3metro del veh\u00edculo con una precisi\u00f3n de +\/-2%. Es programable para adaptarse a pr\u00e1cticamente todos los tama\u00f1os de neum\u00e1ticos, no contiene partes m\u00f3viles para una alta confiabilidad, es m\u00e1s peque\u00f1o y liviano que otras soluciones hubo y es f\u00e1cil de instalar.<\/p>\n<p>El DataTrac SVT se ofrece en dos versiones:<br \/>\n<b>Versi\u00f3n a prueba de manipulaciones<\/b> es utilizado principalmente por flotas de arrendamiento de remolques para capturar lecturas de od\u00f3metro con fines de facturaci\u00f3n.<br \/>\n<b>Versi\u00f3n reprogramable<\/b> es utilizado principalmente por flotas de autobuses o remolques para la gesti\u00f3n de mantenimiento basada en la distancia.<\/p>","protected":false},"excerpt":{"rendered":"<p>El sensor electr\u00f3nico de kilometraje DataTrac SVT es un sensor que proporciona de forma inal\u00e1mbrica lecturas del od\u00f3metro del veh\u00edculo con una precisi\u00f3n de +\/-2%. Es programable para adaptarse a pr\u00e1cticamente todos los tama\u00f1os de neum\u00e1ticos, no contiene partes m\u00f3viles para una alta confiabilidad, es m\u00e1s peque\u00f1o y liviano que otras soluciones hubo y es f\u00e1cil de instalar. El DataTrac SVT se ofrece en dos versiones: [\u2026]<\/p>","protected":false},"featured_media":15231,"parent":13,"menu_order":3,"template":"","format":"standard","meta":{"_acf_changed":false,"content-type":""},"categories":[],"tags":[],"product-category":[28],"product-page-type-category":[20],"class_list":["post-5702","product","type-product","status-publish","format-standard","has-post-thumbnail","hentry","product-category-hubodometers","product-page-type-category-simple-product-page"],"acf":[],"yoast_head":"<!-- This site is optimized with the Yoast SEO plugin v26.8 - https:\/\/yoast.com\/product\/yoast-seo-wordpress\/ -->\n<title>DataTrac\u00ae SVT\u2122 \u2013 Fleet Manager App Programmable - Stemco<\/title>\n<meta name=\"robots\" content=\"index, follow, max-snippet:-1, max-image-preview:large, max-video-preview:-1\" \/>\n<link rel=\"canonical\" href=\"https:\/\/www.stemco.com\/es\/product\/wheel-end\/hubodometers\/datatrac-field-programmable\/\" \/>\n<meta property=\"og:locale\" content=\"es_MX\" \/>\n<meta property=\"og:type\" content=\"article\" \/>\n<meta property=\"og:title\" content=\"DataTrac\u00ae SVT\u2122 \u2013 Fleet Manager App Programmable - Stemco\" \/>\n<meta property=\"og:description\" content=\"The DataTrac SVT Electronic Mileage Sensor is a sensor that wirelessly provides vehicle odometer readings within +\/-2% accuracy. It is programmable to fit virtually all tire sizes, contains no moving parts for high reliability, is smaller and lighter than other hubo solutions and is easy to install. The DataTrac SVT is offered in two versions: [&hellip;]\" \/>\n<meta property=\"og:url\" content=\"https:\/\/www.stemco.com\/es\/product\/wheel-end\/hubodometers\/datatrac-field-programmable\/\" \/>\n<meta property=\"og:site_name\" content=\"Stemco\" \/>\n<meta property=\"article:modified_time\" content=\"2025-04-07T21:49:05+00:00\" \/>\n<meta property=\"og:image\" content=\"https:\/\/www.stemco.com\/wp-content\/uploads\/2023\/11\/DataTracSVT_SideBySide_512x207.jpg\" \/>\n\t<meta property=\"og:image:width\" content=\"512\" \/>\n\t<meta property=\"og:image:height\" content=\"207\" \/>\n\t<meta property=\"og:image:type\" content=\"image\/jpeg\" \/>\n<meta name=\"twitter:card\" content=\"summary_large_image\" \/>\n<meta name=\"twitter:label1\" content=\"Tiempo de lectura\" \/>\n\t<meta name=\"twitter:data1\" content=\"1 minuto\" \/>\n<script type=\"application\/ld+json\" class=\"yoast-schema-graph\">{\"@context\":\"https:\/\/schema.org\",\"@graph\":[{\"@type\":\"WebPage\",\"@id\":\"https:\/\/www.stemco.com\/product\/wheel-end\/hubodometers\/datatrac-field-programmable\/\",\"url\":\"https:\/\/www.stemco.com\/product\/wheel-end\/hubodometers\/datatrac-field-programmable\/\",\"name\":\"DataTrac\u00ae SVT\u2122 \u2013 Fleet Manager App Programmable - Stemco\",\"isPartOf\":{\"@id\":\"https:\/\/www.stemco.com\/#website\"},\"primaryImageOfPage\":{\"@id\":\"https:\/\/www.stemco.com\/product\/wheel-end\/hubodometers\/datatrac-field-programmable\/#primaryimage\"},\"image\":{\"@id\":\"https:\/\/www.stemco.com\/product\/wheel-end\/hubodometers\/datatrac-field-programmable\/#primaryimage\"},\"thumbnailUrl\":\"https:\/\/www.stemco.com\/wp-content\/uploads\/2023\/11\/DataTracSVT_SideBySide_512x207.jpg\",\"datePublished\":\"2021-04-14T18:58:39+00:00\",\"dateModified\":\"2025-04-07T21:49:05+00:00\",\"breadcrumb\":{\"@id\":\"https:\/\/www.stemco.com\/product\/wheel-end\/hubodometers\/datatrac-field-programmable\/#breadcrumb\"},\"inLanguage\":\"es\",\"potentialAction\":[{\"@type\":\"ReadAction\",\"target\":[\"https:\/\/www.stemco.com\/product\/wheel-end\/hubodometers\/datatrac-field-programmable\/\"]}]},{\"@type\":\"ImageObject\",\"inLanguage\":\"es\",\"@id\":\"https:\/\/www.stemco.com\/product\/wheel-end\/hubodometers\/datatrac-field-programmable\/#primaryimage\",\"url\":\"https:\/\/www.stemco.com\/wp-content\/uploads\/2023\/11\/DataTracSVT_SideBySide_512x207.jpg\",\"contentUrl\":\"https:\/\/www.stemco.com\/wp-content\/uploads\/2023\/11\/DataTracSVT_SideBySide_512x207.jpg\",\"width\":512,\"height\":207,\"caption\":\"DataTrac SVT\"},{\"@type\":\"BreadcrumbList\",\"@id\":\"https:\/\/www.stemco.com\/product\/wheel-end\/hubodometers\/datatrac-field-programmable\/#breadcrumb\",\"itemListElement\":[{\"@type\":\"ListItem\",\"position\":1,\"name\":\"Home\",\"item\":\"https:\/\/www.stemco.com\/\"},{\"@type\":\"ListItem\",\"position\":2,\"name\":\"Products\",\"item\":\"https:\/\/www.stemco.com\/product\/\"},{\"@type\":\"ListItem\",\"position\":3,\"name\":\"Wheel End\",\"item\":\"https:\/\/www.stemco.com\/product\/wheel-end\/\"},{\"@type\":\"ListItem\",\"position\":4,\"name\":\"Hubodometers\",\"item\":\"https:\/\/www.stemco.com\/product\/wheel-end\/hubodometers\/\"},{\"@type\":\"ListItem\",\"position\":5,\"name\":\"DataTrac\u00ae SVT\u2122 \u2013 Fleet Manager App Programmable\"}]},{\"@type\":\"WebSite\",\"@id\":\"https:\/\/www.stemco.com\/#website\",\"url\":\"https:\/\/www.stemco.com\/\",\"name\":\"Stemco\",\"description\":\"Making The Roadways Safer\u00ae\",\"publisher\":{\"@id\":\"https:\/\/www.stemco.com\/#organization\"},\"potentialAction\":[{\"@type\":\"SearchAction\",\"target\":{\"@type\":\"EntryPoint\",\"urlTemplate\":\"https:\/\/www.stemco.com\/?s={search_term_string}\"},\"query-input\":{\"@type\":\"PropertyValueSpecification\",\"valueRequired\":true,\"valueName\":\"search_term_string\"}}],\"inLanguage\":\"es\"},{\"@type\":\"Organization\",\"@id\":\"https:\/\/www.stemco.com\/#organization\",\"name\":\"Stemco\",\"url\":\"https:\/\/www.stemco.com\/\",\"logo\":{\"@type\":\"ImageObject\",\"inLanguage\":\"es\",\"@id\":\"https:\/\/www.stemco.com\/#\/schema\/logo\/image\/\",\"url\":\"https:\/\/www.stemco.com\/wp-content\/uploads\/2025\/04\/stemco-logo-enpro.png\",\"contentUrl\":\"https:\/\/www.stemco.com\/wp-content\/uploads\/2025\/04\/stemco-logo-enpro.png\",\"width\":245,\"height\":40,\"caption\":\"Stemco\"},\"image\":{\"@id\":\"https:\/\/www.stemco.com\/#\/schema\/logo\/image\/\"}}]}<\/script>\n<!-- \/ Yoast SEO plugin. -->","yoast_head_json":{"title":"DataTrac\u00ae SVT\u2122 \u2013 Fleet Manager App Programmable - Stemco","robots":{"index":"index","follow":"follow","max-snippet":"max-snippet:-1","max-image-preview":"max-image-preview:large","max-video-preview":"max-video-preview:-1"},"canonical":"https:\/\/www.stemco.com\/es\/product\/wheel-end\/hubodometers\/datatrac-field-programmable\/","og_locale":"es_MX","og_type":"article","og_title":"DataTrac\u00ae SVT\u2122 \u2013 Fleet Manager App Programmable - Stemco","og_description":"The DataTrac SVT Electronic Mileage Sensor is a sensor that wirelessly provides vehicle odometer readings within +\/-2% accuracy. It is programmable to fit virtually all tire sizes, contains no moving parts for high reliability, is smaller and lighter than other hubo solutions and is easy to install. The DataTrac SVT is offered in two versions: [&hellip;]","og_url":"https:\/\/www.stemco.com\/es\/product\/wheel-end\/hubodometers\/datatrac-field-programmable\/","og_site_name":"Stemco","article_modified_time":"2025-04-07T21:49:05+00:00","og_image":[{"width":512,"height":207,"url":"https:\/\/www.stemco.com\/wp-content\/uploads\/2023\/11\/DataTracSVT_SideBySide_512x207.jpg","type":"image\/jpeg"}],"twitter_card":"summary_large_image","twitter_misc":{"Tiempo de lectura":"1 minuto"},"schema":{"@context":"https:\/\/schema.org","@graph":[{"@type":"WebPage","@id":"https:\/\/www.stemco.com\/product\/wheel-end\/hubodometers\/datatrac-field-programmable\/","url":"https:\/\/www.stemco.com\/product\/wheel-end\/hubodometers\/datatrac-field-programmable\/","name":"DataTrac\u00ae SVT\u2122 \u2013 Fleet Manager App Programmable - Stemco","isPartOf":{"@id":"https:\/\/www.stemco.com\/#website"},"primaryImageOfPage":{"@id":"https:\/\/www.stemco.com\/product\/wheel-end\/hubodometers\/datatrac-field-programmable\/#primaryimage"},"image":{"@id":"https:\/\/www.stemco.com\/product\/wheel-end\/hubodometers\/datatrac-field-programmable\/#primaryimage"},"thumbnailUrl":"https:\/\/www.stemco.com\/wp-content\/uploads\/2023\/11\/DataTracSVT_SideBySide_512x207.jpg","datePublished":"2021-04-14T18:58:39+00:00","dateModified":"2025-04-07T21:49:05+00:00","breadcrumb":{"@id":"https:\/\/www.stemco.com\/product\/wheel-end\/hubodometers\/datatrac-field-programmable\/#breadcrumb"},"inLanguage":"es","potentialAction":[{"@type":"ReadAction","target":["https:\/\/www.stemco.com\/product\/wheel-end\/hubodometers\/datatrac-field-programmable\/"]}]},{"@type":"ImageObject","inLanguage":"es","@id":"https:\/\/www.stemco.com\/product\/wheel-end\/hubodometers\/datatrac-field-programmable\/#primaryimage","url":"https:\/\/www.stemco.com\/wp-content\/uploads\/2023\/11\/DataTracSVT_SideBySide_512x207.jpg","contentUrl":"https:\/\/www.stemco.com\/wp-content\/uploads\/2023\/11\/DataTracSVT_SideBySide_512x207.jpg","width":512,"height":207,"caption":"DataTrac SVT"},{"@type":"BreadcrumbList","@id":"https:\/\/www.stemco.com\/product\/wheel-end\/hubodometers\/datatrac-field-programmable\/#breadcrumb","itemListElement":[{"@type":"ListItem","position":1,"name":"Home","item":"https:\/\/www.stemco.com\/"},{"@type":"ListItem","position":2,"name":"Products","item":"https:\/\/www.stemco.com\/product\/"},{"@type":"ListItem","position":3,"name":"Wheel End","item":"https:\/\/www.stemco.com\/product\/wheel-end\/"},{"@type":"ListItem","position":4,"name":"Hubodometers","item":"https:\/\/www.stemco.com\/product\/wheel-end\/hubodometers\/"},{"@type":"ListItem","position":5,"name":"DataTrac\u00ae SVT\u2122 \u2013 Fleet Manager App Programmable"}]},{"@type":"WebSite","@id":"https:\/\/www.stemco.com\/#website","url":"https:\/\/www.stemco.com\/","name":"Stemco","description":"Haciendo Las Carreteras M\u00e1s Seguras\u00ae","publisher":{"@id":"https:\/\/www.stemco.com\/#organization"},"potentialAction":[{"@type":"SearchAction","target":{"@type":"EntryPoint","urlTemplate":"https:\/\/www.stemco.com\/?s={search_term_string}"},"query-input":{"@type":"PropertyValueSpecification","valueRequired":true,"valueName":"search_term_string"}}],"inLanguage":"es"},{"@type":"Organization","@id":"https:\/\/www.stemco.com\/#organization","name":"Stemco","url":"https:\/\/www.stemco.com\/","logo":{"@type":"ImageObject","inLanguage":"es","@id":"https:\/\/www.stemco.com\/#\/schema\/logo\/image\/","url":"https:\/\/www.stemco.com\/wp-content\/uploads\/2025\/04\/stemco-logo-enpro.png","contentUrl":"https:\/\/www.stemco.com\/wp-content\/uploads\/2025\/04\/stemco-logo-enpro.png","width":245,"height":40,"caption":"Stemco"},"image":{"@id":"https:\/\/www.stemco.com\/#\/schema\/logo\/image\/"}}]}},"_links":{"self":[{"href":"https:\/\/www.stemco.com\/es\/wp-json\/wp\/v2\/product\/5702","targetHints":{"allow":["GET"]}}],"collection":[{"href":"https:\/\/www.stemco.com\/es\/wp-json\/wp\/v2\/product"}],"about":[{"href":"https:\/\/www.stemco.com\/es\/wp-json\/wp\/v2\/types\/product"}],"up":[{"embeddable":true,"href":"https:\/\/www.stemco.com\/es\/wp-json\/wp\/v2\/product\/13"}],"wp:featuredmedia":[{"embeddable":true,"href":"https:\/\/www.stemco.com\/es\/wp-json\/wp\/v2\/media\/15231"}],"wp:attachment":[{"href":"https:\/\/www.stemco.com\/es\/wp-json\/wp\/v2\/media?parent=5702"}],"wp:term":[{"taxonomy":"category","embeddable":true,"href":"https:\/\/www.stemco.com\/es\/wp-json\/wp\/v2\/categories?post=5702"},{"taxonomy":"post_tag","embeddable":true,"href":"https:\/\/www.stemco.com\/es\/wp-json\/wp\/v2\/tags?post=5702"},{"taxonomy":"product-category","embeddable":true,"href":"https:\/\/www.stemco.com\/es\/wp-json\/wp\/v2\/product-category?post=5702"},{"taxonomy":"product-page-type-category","embeddable":true,"href":"https:\/\/www.stemco.com\/es\/wp-json\/wp\/v2\/product-page-type-category?post=5702"}],"curies":[{"name":"wp","href":"https:\/\/api.w.org\/{rel}","templated":true}]}}