{"id":1322,"date":"2020-06-30T17:22:24","date_gmt":"2020-06-30T17:22:24","guid":{"rendered":"https:\/\/www.stemco.com?post_type=product&#038;p=1322"},"modified":"2024-07-30T15:50:11","modified_gmt":"2024-07-30T15:50:11","slug":"solid-aluminum-hub-caps","status":"publish","type":"product","link":"https:\/\/www.stemco.com\/es\/product\/wheel-end\/hub-caps\/solid-aluminum-hub-caps\/","title":{"rendered":"Solid Aluminum Hub Caps"},"content":{"rendered":"<p>Para apoyar a\u00fan m\u00e1s los extremos de las ruedas de grasa, STEMCO desarroll\u00f3 las tapas de cubo de aluminio s\u00f3lido de la serie 352 con un respiradero de pico de pato insertado en la cara de una tapa de cubo s\u00f3lida.<\/p>","protected":false},"excerpt":{"rendered":"<p>Para apoyar a\u00fan m\u00e1s los extremos de las ruedas de grasa, STEMCO desarroll\u00f3 las tapas de cubo de aluminio s\u00f3lido de la serie 352 con un respiradero de pico de pato insertado en la cara de una tapa de cubo s\u00f3lida.<\/p>","protected":false},"featured_media":1323,"parent":10,"menu_order":0,"template":"","format":"standard","meta":{"_acf_changed":false,"content-type":""},"categories":[],"tags":[],"product-category":[25],"product-page-type-category":[20],"class_list":["post-1322","product","type-product","status-publish","format-standard","has-post-thumbnail","hentry","product-category-hub-caps","product-page-type-category-simple-product-page"],"acf":[],"yoast_head":"<!-- This site is optimized with the Yoast SEO plugin v26.8 - https:\/\/yoast.com\/product\/yoast-seo-wordpress\/ -->\n<title>Solid Aluminum Hub Caps | Wheel End Products | STEMCO\u00ae<\/title>\n<meta name=\"description\" content=\"STEMCO\u00ae developed the 352 series Solid Aluminum hub caps with a duckbill vent inserted in the face of a solid hub cap. Learn more.\" \/>\n<meta name=\"robots\" content=\"index, follow, max-snippet:-1, max-image-preview:large, max-video-preview:-1\" \/>\n<link rel=\"canonical\" href=\"https:\/\/www.stemco.com\/es\/product\/wheel-end\/hub-caps\/solid-aluminum-hub-caps\/\" \/>\n<meta property=\"og:locale\" content=\"es_MX\" \/>\n<meta property=\"og:type\" content=\"article\" \/>\n<meta property=\"og:title\" content=\"Solid Aluminum Hub Caps | Wheel End Products | STEMCO\u00ae\" \/>\n<meta property=\"og:description\" content=\"STEMCO\u00ae developed the 352 series Solid Aluminum hub caps with a duckbill vent inserted in the face of a solid hub cap. Learn more.\" \/>\n<meta property=\"og:url\" content=\"https:\/\/www.stemco.com\/es\/product\/wheel-end\/hub-caps\/solid-aluminum-hub-caps\/\" \/>\n<meta property=\"og:site_name\" content=\"Stemco\" \/>\n<meta property=\"article:modified_time\" content=\"2024-07-30T15:50:11+00:00\" \/>\n<meta property=\"og:image\" content=\"https:\/\/www.stemco.com\/wp-content\/uploads\/2020\/06\/solid-aluminum-hub-caps.jpg\" \/>\n\t<meta property=\"og:image:width\" content=\"675\" \/>\n\t<meta property=\"og:image:height\" content=\"250\" \/>\n\t<meta property=\"og:image:type\" content=\"image\/jpeg\" \/>\n<meta name=\"twitter:card\" content=\"summary_large_image\" \/>\n<meta name=\"twitter:label1\" content=\"Tiempo de lectura\" \/>\n\t<meta name=\"twitter:data1\" content=\"1 minuto\" \/>\n<script type=\"application\/ld+json\" class=\"yoast-schema-graph\">{\"@context\":\"https:\/\/schema.org\",\"@graph\":[{\"@type\":\"WebPage\",\"@id\":\"https:\/\/www.stemco.com\/product\/wheel-end\/hub-caps\/solid-aluminum-hub-caps\/\",\"url\":\"https:\/\/www.stemco.com\/product\/wheel-end\/hub-caps\/solid-aluminum-hub-caps\/\",\"name\":\"Solid Aluminum Hub Caps | Wheel End Products | STEMCO\u00ae\",\"isPartOf\":{\"@id\":\"https:\/\/www.stemco.com\/#website\"},\"primaryImageOfPage\":{\"@id\":\"https:\/\/www.stemco.com\/product\/wheel-end\/hub-caps\/solid-aluminum-hub-caps\/#primaryimage\"},\"image\":{\"@id\":\"https:\/\/www.stemco.com\/product\/wheel-end\/hub-caps\/solid-aluminum-hub-caps\/#primaryimage\"},\"thumbnailUrl\":\"https:\/\/www.stemco.com\/wp-content\/uploads\/2020\/06\/solid-aluminum-hub-caps.jpg\",\"datePublished\":\"2020-06-30T17:22:24+00:00\",\"dateModified\":\"2024-07-30T15:50:11+00:00\",\"description\":\"STEMCO\u00ae developed the 352 series Solid Aluminum hub caps with a duckbill vent inserted in the face of a solid hub cap. Learn more.\",\"breadcrumb\":{\"@id\":\"https:\/\/www.stemco.com\/product\/wheel-end\/hub-caps\/solid-aluminum-hub-caps\/#breadcrumb\"},\"inLanguage\":\"es\",\"potentialAction\":[{\"@type\":\"ReadAction\",\"target\":[\"https:\/\/www.stemco.com\/product\/wheel-end\/hub-caps\/solid-aluminum-hub-caps\/\"]}]},{\"@type\":\"ImageObject\",\"inLanguage\":\"es\",\"@id\":\"https:\/\/www.stemco.com\/product\/wheel-end\/hub-caps\/solid-aluminum-hub-caps\/#primaryimage\",\"url\":\"https:\/\/www.stemco.com\/wp-content\/uploads\/2020\/06\/solid-aluminum-hub-caps.jpg\",\"contentUrl\":\"https:\/\/www.stemco.com\/wp-content\/uploads\/2020\/06\/solid-aluminum-hub-caps.jpg\",\"width\":675,\"height\":250,\"caption\":\"hub cap\"},{\"@type\":\"BreadcrumbList\",\"@id\":\"https:\/\/www.stemco.com\/product\/wheel-end\/hub-caps\/solid-aluminum-hub-caps\/#breadcrumb\",\"itemListElement\":[{\"@type\":\"ListItem\",\"position\":1,\"name\":\"Home\",\"item\":\"https:\/\/www.stemco.com\/\"},{\"@type\":\"ListItem\",\"position\":2,\"name\":\"Products\",\"item\":\"https:\/\/www.stemco.com\/product\/\"},{\"@type\":\"ListItem\",\"position\":3,\"name\":\"Wheel End\",\"item\":\"https:\/\/www.stemco.com\/product\/wheel-end\/\"},{\"@type\":\"ListItem\",\"position\":4,\"name\":\"Hub Caps\",\"item\":\"https:\/\/www.stemco.com\/product\/wheel-end\/hub-caps\/\"},{\"@type\":\"ListItem\",\"position\":5,\"name\":\"Solid Aluminum Hub Caps\"}]},{\"@type\":\"WebSite\",\"@id\":\"https:\/\/www.stemco.com\/#website\",\"url\":\"https:\/\/www.stemco.com\/\",\"name\":\"Stemco\",\"description\":\"Making The Roadways Safer\u00ae\",\"publisher\":{\"@id\":\"https:\/\/www.stemco.com\/#organization\"},\"potentialAction\":[{\"@type\":\"SearchAction\",\"target\":{\"@type\":\"EntryPoint\",\"urlTemplate\":\"https:\/\/www.stemco.com\/?s={search_term_string}\"},\"query-input\":{\"@type\":\"PropertyValueSpecification\",\"valueRequired\":true,\"valueName\":\"search_term_string\"}}],\"inLanguage\":\"es\"},{\"@type\":\"Organization\",\"@id\":\"https:\/\/www.stemco.com\/#organization\",\"name\":\"Stemco\",\"url\":\"https:\/\/www.stemco.com\/\",\"logo\":{\"@type\":\"ImageObject\",\"inLanguage\":\"es\",\"@id\":\"https:\/\/www.stemco.com\/#\/schema\/logo\/image\/\",\"url\":\"https:\/\/www.stemco.com\/wp-content\/uploads\/2025\/04\/stemco-logo-enpro.png\",\"contentUrl\":\"https:\/\/www.stemco.com\/wp-content\/uploads\/2025\/04\/stemco-logo-enpro.png\",\"width\":245,\"height\":40,\"caption\":\"Stemco\"},\"image\":{\"@id\":\"https:\/\/www.stemco.com\/#\/schema\/logo\/image\/\"}}]}<\/script>\n<!-- \/ Yoast SEO plugin. -->","yoast_head_json":{"title":"Solid Aluminum Hub Caps | Wheel End Products | STEMCO\u00ae","description":"STEMCO\u00ae developed the 352 series Solid Aluminum hub caps with a duckbill vent inserted in the face of a solid hub cap. Learn more.","robots":{"index":"index","follow":"follow","max-snippet":"max-snippet:-1","max-image-preview":"max-image-preview:large","max-video-preview":"max-video-preview:-1"},"canonical":"https:\/\/www.stemco.com\/es\/product\/wheel-end\/hub-caps\/solid-aluminum-hub-caps\/","og_locale":"es_MX","og_type":"article","og_title":"Solid Aluminum Hub Caps | Wheel End Products | STEMCO\u00ae","og_description":"STEMCO\u00ae developed the 352 series Solid Aluminum hub caps with a duckbill vent inserted in the face of a solid hub cap. Learn more.","og_url":"https:\/\/www.stemco.com\/es\/product\/wheel-end\/hub-caps\/solid-aluminum-hub-caps\/","og_site_name":"Stemco","article_modified_time":"2024-07-30T15:50:11+00:00","og_image":[{"width":675,"height":250,"url":"https:\/\/www.stemco.com\/wp-content\/uploads\/2020\/06\/solid-aluminum-hub-caps.jpg","type":"image\/jpeg"}],"twitter_card":"summary_large_image","twitter_misc":{"Tiempo de lectura":"1 minuto"},"schema":{"@context":"https:\/\/schema.org","@graph":[{"@type":"WebPage","@id":"https:\/\/www.stemco.com\/product\/wheel-end\/hub-caps\/solid-aluminum-hub-caps\/","url":"https:\/\/www.stemco.com\/product\/wheel-end\/hub-caps\/solid-aluminum-hub-caps\/","name":"Solid Aluminum Hub Caps | Wheel End Products | STEMCO\u00ae","isPartOf":{"@id":"https:\/\/www.stemco.com\/#website"},"primaryImageOfPage":{"@id":"https:\/\/www.stemco.com\/product\/wheel-end\/hub-caps\/solid-aluminum-hub-caps\/#primaryimage"},"image":{"@id":"https:\/\/www.stemco.com\/product\/wheel-end\/hub-caps\/solid-aluminum-hub-caps\/#primaryimage"},"thumbnailUrl":"https:\/\/www.stemco.com\/wp-content\/uploads\/2020\/06\/solid-aluminum-hub-caps.jpg","datePublished":"2020-06-30T17:22:24+00:00","dateModified":"2024-07-30T15:50:11+00:00","description":"STEMCO\u00ae developed the 352 series Solid Aluminum hub caps with a duckbill vent inserted in the face of a solid hub cap. Learn more.","breadcrumb":{"@id":"https:\/\/www.stemco.com\/product\/wheel-end\/hub-caps\/solid-aluminum-hub-caps\/#breadcrumb"},"inLanguage":"es","potentialAction":[{"@type":"ReadAction","target":["https:\/\/www.stemco.com\/product\/wheel-end\/hub-caps\/solid-aluminum-hub-caps\/"]}]},{"@type":"ImageObject","inLanguage":"es","@id":"https:\/\/www.stemco.com\/product\/wheel-end\/hub-caps\/solid-aluminum-hub-caps\/#primaryimage","url":"https:\/\/www.stemco.com\/wp-content\/uploads\/2020\/06\/solid-aluminum-hub-caps.jpg","contentUrl":"https:\/\/www.stemco.com\/wp-content\/uploads\/2020\/06\/solid-aluminum-hub-caps.jpg","width":675,"height":250,"caption":"hub cap"},{"@type":"BreadcrumbList","@id":"https:\/\/www.stemco.com\/product\/wheel-end\/hub-caps\/solid-aluminum-hub-caps\/#breadcrumb","itemListElement":[{"@type":"ListItem","position":1,"name":"Home","item":"https:\/\/www.stemco.com\/"},{"@type":"ListItem","position":2,"name":"Products","item":"https:\/\/www.stemco.com\/product\/"},{"@type":"ListItem","position":3,"name":"Wheel End","item":"https:\/\/www.stemco.com\/product\/wheel-end\/"},{"@type":"ListItem","position":4,"name":"Hub Caps","item":"https:\/\/www.stemco.com\/product\/wheel-end\/hub-caps\/"},{"@type":"ListItem","position":5,"name":"Solid Aluminum Hub Caps"}]},{"@type":"WebSite","@id":"https:\/\/www.stemco.com\/#website","url":"https:\/\/www.stemco.com\/","name":"Stemco","description":"Haciendo Las Carreteras M\u00e1s Seguras\u00ae","publisher":{"@id":"https:\/\/www.stemco.com\/#organization"},"potentialAction":[{"@type":"SearchAction","target":{"@type":"EntryPoint","urlTemplate":"https:\/\/www.stemco.com\/?s={search_term_string}"},"query-input":{"@type":"PropertyValueSpecification","valueRequired":true,"valueName":"search_term_string"}}],"inLanguage":"es"},{"@type":"Organization","@id":"https:\/\/www.stemco.com\/#organization","name":"Stemco","url":"https:\/\/www.stemco.com\/","logo":{"@type":"ImageObject","inLanguage":"es","@id":"https:\/\/www.stemco.com\/#\/schema\/logo\/image\/","url":"https:\/\/www.stemco.com\/wp-content\/uploads\/2025\/04\/stemco-logo-enpro.png","contentUrl":"https:\/\/www.stemco.com\/wp-content\/uploads\/2025\/04\/stemco-logo-enpro.png","width":245,"height":40,"caption":"Stemco"},"image":{"@id":"https:\/\/www.stemco.com\/#\/schema\/logo\/image\/"}}]}},"_links":{"self":[{"href":"https:\/\/www.stemco.com\/es\/wp-json\/wp\/v2\/product\/1322","targetHints":{"allow":["GET"]}}],"collection":[{"href":"https:\/\/www.stemco.com\/es\/wp-json\/wp\/v2\/product"}],"about":[{"href":"https:\/\/www.stemco.com\/es\/wp-json\/wp\/v2\/types\/product"}],"up":[{"embeddable":true,"href":"https:\/\/www.stemco.com\/es\/wp-json\/wp\/v2\/product\/10"}],"wp:featuredmedia":[{"embeddable":true,"href":"https:\/\/www.stemco.com\/es\/wp-json\/wp\/v2\/media\/1323"}],"wp:attachment":[{"href":"https:\/\/www.stemco.com\/es\/wp-json\/wp\/v2\/media?parent=1322"}],"wp:term":[{"taxonomy":"category","embeddable":true,"href":"https:\/\/www.stemco.com\/es\/wp-json\/wp\/v2\/categories?post=1322"},{"taxonomy":"post_tag","embeddable":true,"href":"https:\/\/www.stemco.com\/es\/wp-json\/wp\/v2\/tags?post=1322"},{"taxonomy":"product-category","embeddable":true,"href":"https:\/\/www.stemco.com\/es\/wp-json\/wp\/v2\/product-category?post=1322"},{"taxonomy":"product-page-type-category","embeddable":true,"href":"https:\/\/www.stemco.com\/es\/wp-json\/wp\/v2\/product-page-type-category?post=1322"}],"curies":[{"name":"wp","href":"https:\/\/api.w.org\/{rel}","templated":true}]}}