{"id":1314,"date":"2020-06-30T17:17:20","date_gmt":"2020-06-30T17:17:20","guid":{"rendered":"https:\/\/www.stemco.com?post_type=product&#038;p=1314"},"modified":"2024-07-30T15:50:18","modified_gmt":"2024-07-30T15:50:18","slug":"traditional-aluminum-hub-caps","status":"publish","type":"product","link":"https:\/\/www.stemco.com\/es\/product\/wheel-end\/hub-caps\/traditional-aluminum-hub-caps\/","title":{"rendered":"Traditional Aluminum Hub Caps"},"content":{"rendered":"<p>Las series tradicionales de aluminio 340 y 343 brindan durabilidad con el tap\u00f3n rojo caracter\u00edstico para permitir la ventilaci\u00f3n de la tapa del cubo. El uso de aluminio fundido para construir el cuerpo de la tapa del cubo evita la deformaci\u00f3n y brinda una durabilidad superior y propiedades de disipaci\u00f3n de calor. La industria del transporte por carretera reconoce los tapacubos de STEMCO como punto de referencia.<\/p>","protected":false},"excerpt":{"rendered":"<p>Las series tradicionales de aluminio 340 y 343 brindan durabilidad con el tap\u00f3n rojo caracter\u00edstico para permitir la ventilaci\u00f3n de la tapa del cubo. El uso de aluminio fundido para construir el cuerpo de la tapa del cubo evita la deformaci\u00f3n y brinda una durabilidad superior y propiedades de disipaci\u00f3n de calor. La industria del transporte por carretera reconoce los tapacubos de STEMCO como punto de referencia.<\/p>","protected":false},"featured_media":3795,"parent":10,"menu_order":0,"template":"","format":"standard","meta":{"_acf_changed":false,"content-type":""},"categories":[],"tags":[],"product-category":[25],"product-page-type-category":[20],"class_list":["post-1314","product","type-product","status-publish","format-standard","has-post-thumbnail","hentry","product-category-hub-caps","product-page-type-category-simple-product-page"],"acf":[],"yoast_head":"<!-- This site is optimized with the Yoast SEO plugin v26.8 - https:\/\/yoast.com\/product\/yoast-seo-wordpress\/ -->\n<title>Traditional Aluminum Hub Caps | Wheel End Products | STEMCO\u00ae<\/title>\n<meta name=\"description\" content=\"STEMCO\u00ae traditional aluminum series 340 and 343 provide durability with the trademark red plug to allow venting of the hub cap.\" \/>\n<meta name=\"robots\" content=\"index, follow, max-snippet:-1, max-image-preview:large, max-video-preview:-1\" \/>\n<link rel=\"canonical\" href=\"https:\/\/www.stemco.com\/es\/product\/wheel-end\/hub-caps\/traditional-aluminum-hub-caps\/\" \/>\n<meta property=\"og:locale\" content=\"es_MX\" \/>\n<meta property=\"og:type\" content=\"article\" \/>\n<meta property=\"og:title\" content=\"Traditional Aluminum Hub Caps | Wheel End Products | STEMCO\u00ae\" \/>\n<meta property=\"og:description\" content=\"STEMCO\u00ae traditional aluminum series 340 and 343 provide durability with the trademark red plug to allow venting of the hub cap.\" \/>\n<meta property=\"og:url\" content=\"https:\/\/www.stemco.com\/es\/product\/wheel-end\/hub-caps\/traditional-aluminum-hub-caps\/\" \/>\n<meta property=\"og:site_name\" content=\"Stemco\" \/>\n<meta property=\"article:modified_time\" content=\"2024-07-30T15:50:18+00:00\" \/>\n<meta property=\"og:image\" content=\"https:\/\/www.stemco.com\/wp-content\/uploads\/2020\/06\/Traditional-Aluminum.jpg\" \/>\n\t<meta property=\"og:image:width\" content=\"675\" \/>\n\t<meta property=\"og:image:height\" content=\"250\" \/>\n\t<meta property=\"og:image:type\" content=\"image\/jpeg\" \/>\n<meta name=\"twitter:card\" content=\"summary_large_image\" \/>\n<meta name=\"twitter:label1\" content=\"Tiempo de lectura\" \/>\n\t<meta name=\"twitter:data1\" content=\"1 minuto\" \/>\n<script type=\"application\/ld+json\" class=\"yoast-schema-graph\">{\"@context\":\"https:\/\/schema.org\",\"@graph\":[{\"@type\":\"WebPage\",\"@id\":\"https:\/\/www.stemco.com\/product\/wheel-end\/hub-caps\/traditional-aluminum-hub-caps\/\",\"url\":\"https:\/\/www.stemco.com\/product\/wheel-end\/hub-caps\/traditional-aluminum-hub-caps\/\",\"name\":\"Traditional Aluminum Hub Caps | Wheel End Products | STEMCO\u00ae\",\"isPartOf\":{\"@id\":\"https:\/\/www.stemco.com\/#website\"},\"primaryImageOfPage\":{\"@id\":\"https:\/\/www.stemco.com\/product\/wheel-end\/hub-caps\/traditional-aluminum-hub-caps\/#primaryimage\"},\"image\":{\"@id\":\"https:\/\/www.stemco.com\/product\/wheel-end\/hub-caps\/traditional-aluminum-hub-caps\/#primaryimage\"},\"thumbnailUrl\":\"https:\/\/www.stemco.com\/wp-content\/uploads\/2020\/06\/Traditional-Aluminum.jpg\",\"datePublished\":\"2020-06-30T17:17:20+00:00\",\"dateModified\":\"2024-07-30T15:50:18+00:00\",\"description\":\"STEMCO\u00ae traditional aluminum series 340 and 343 provide durability with the trademark red plug to allow venting of the hub cap.\",\"breadcrumb\":{\"@id\":\"https:\/\/www.stemco.com\/product\/wheel-end\/hub-caps\/traditional-aluminum-hub-caps\/#breadcrumb\"},\"inLanguage\":\"es\",\"potentialAction\":[{\"@type\":\"ReadAction\",\"target\":[\"https:\/\/www.stemco.com\/product\/wheel-end\/hub-caps\/traditional-aluminum-hub-caps\/\"]}]},{\"@type\":\"ImageObject\",\"inLanguage\":\"es\",\"@id\":\"https:\/\/www.stemco.com\/product\/wheel-end\/hub-caps\/traditional-aluminum-hub-caps\/#primaryimage\",\"url\":\"https:\/\/www.stemco.com\/wp-content\/uploads\/2020\/06\/Traditional-Aluminum.jpg\",\"contentUrl\":\"https:\/\/www.stemco.com\/wp-content\/uploads\/2020\/06\/Traditional-Aluminum.jpg\",\"width\":675,\"height\":250,\"caption\":\"a hub cap\"},{\"@type\":\"BreadcrumbList\",\"@id\":\"https:\/\/www.stemco.com\/product\/wheel-end\/hub-caps\/traditional-aluminum-hub-caps\/#breadcrumb\",\"itemListElement\":[{\"@type\":\"ListItem\",\"position\":1,\"name\":\"Home\",\"item\":\"https:\/\/www.stemco.com\/\"},{\"@type\":\"ListItem\",\"position\":2,\"name\":\"Products\",\"item\":\"https:\/\/www.stemco.com\/product\/\"},{\"@type\":\"ListItem\",\"position\":3,\"name\":\"Wheel End\",\"item\":\"https:\/\/www.stemco.com\/product\/wheel-end\/\"},{\"@type\":\"ListItem\",\"position\":4,\"name\":\"Hub Caps\",\"item\":\"https:\/\/www.stemco.com\/product\/wheel-end\/hub-caps\/\"},{\"@type\":\"ListItem\",\"position\":5,\"name\":\"Traditional Aluminum Hub Caps\"}]},{\"@type\":\"WebSite\",\"@id\":\"https:\/\/www.stemco.com\/#website\",\"url\":\"https:\/\/www.stemco.com\/\",\"name\":\"Stemco\",\"description\":\"Making The Roadways Safer\u00ae\",\"publisher\":{\"@id\":\"https:\/\/www.stemco.com\/#organization\"},\"potentialAction\":[{\"@type\":\"SearchAction\",\"target\":{\"@type\":\"EntryPoint\",\"urlTemplate\":\"https:\/\/www.stemco.com\/?s={search_term_string}\"},\"query-input\":{\"@type\":\"PropertyValueSpecification\",\"valueRequired\":true,\"valueName\":\"search_term_string\"}}],\"inLanguage\":\"es\"},{\"@type\":\"Organization\",\"@id\":\"https:\/\/www.stemco.com\/#organization\",\"name\":\"Stemco\",\"url\":\"https:\/\/www.stemco.com\/\",\"logo\":{\"@type\":\"ImageObject\",\"inLanguage\":\"es\",\"@id\":\"https:\/\/www.stemco.com\/#\/schema\/logo\/image\/\",\"url\":\"https:\/\/www.stemco.com\/wp-content\/uploads\/2025\/04\/stemco-logo-enpro.png\",\"contentUrl\":\"https:\/\/www.stemco.com\/wp-content\/uploads\/2025\/04\/stemco-logo-enpro.png\",\"width\":245,\"height\":40,\"caption\":\"Stemco\"},\"image\":{\"@id\":\"https:\/\/www.stemco.com\/#\/schema\/logo\/image\/\"}}]}<\/script>\n<!-- \/ Yoast SEO plugin. -->","yoast_head_json":{"title":"Traditional Aluminum Hub Caps | Productos para extremos de rueda | STEMCO\u00ae","description":"Las series tradicionales de aluminio 340 y 343 de STEMCO\u00ae brindan durabilidad con el tap\u00f3n rojo caracter\u00edstico para permitir la ventilaci\u00f3n de la tapa del cubo.","robots":{"index":"index","follow":"follow","max-snippet":"max-snippet:-1","max-image-preview":"max-image-preview:large","max-video-preview":"max-video-preview:-1"},"canonical":"https:\/\/www.stemco.com\/es\/product\/wheel-end\/hub-caps\/traditional-aluminum-hub-caps\/","og_locale":"es_MX","og_type":"article","og_title":"Traditional Aluminum Hub Caps | Wheel End Products | STEMCO\u00ae","og_description":"STEMCO\u00ae traditional aluminum series 340 and 343 provide durability with the trademark red plug to allow venting of the hub cap.","og_url":"https:\/\/www.stemco.com\/es\/product\/wheel-end\/hub-caps\/traditional-aluminum-hub-caps\/","og_site_name":"Stemco","article_modified_time":"2024-07-30T15:50:18+00:00","og_image":[{"width":675,"height":250,"url":"https:\/\/www.stemco.com\/wp-content\/uploads\/2020\/06\/Traditional-Aluminum.jpg","type":"image\/jpeg"}],"twitter_card":"summary_large_image","twitter_misc":{"Tiempo de lectura":"1 minuto"},"schema":{"@context":"https:\/\/schema.org","@graph":[{"@type":"WebPage","@id":"https:\/\/www.stemco.com\/product\/wheel-end\/hub-caps\/traditional-aluminum-hub-caps\/","url":"https:\/\/www.stemco.com\/product\/wheel-end\/hub-caps\/traditional-aluminum-hub-caps\/","name":"Traditional Aluminum Hub Caps | Productos para extremos de rueda | STEMCO\u00ae","isPartOf":{"@id":"https:\/\/www.stemco.com\/#website"},"primaryImageOfPage":{"@id":"https:\/\/www.stemco.com\/product\/wheel-end\/hub-caps\/traditional-aluminum-hub-caps\/#primaryimage"},"image":{"@id":"https:\/\/www.stemco.com\/product\/wheel-end\/hub-caps\/traditional-aluminum-hub-caps\/#primaryimage"},"thumbnailUrl":"https:\/\/www.stemco.com\/wp-content\/uploads\/2020\/06\/Traditional-Aluminum.jpg","datePublished":"2020-06-30T17:17:20+00:00","dateModified":"2024-07-30T15:50:18+00:00","description":"Las series tradicionales de aluminio 340 y 343 de STEMCO\u00ae brindan durabilidad con el tap\u00f3n rojo caracter\u00edstico para permitir la ventilaci\u00f3n de la tapa del cubo.","breadcrumb":{"@id":"https:\/\/www.stemco.com\/product\/wheel-end\/hub-caps\/traditional-aluminum-hub-caps\/#breadcrumb"},"inLanguage":"es","potentialAction":[{"@type":"ReadAction","target":["https:\/\/www.stemco.com\/product\/wheel-end\/hub-caps\/traditional-aluminum-hub-caps\/"]}]},{"@type":"ImageObject","inLanguage":"es","@id":"https:\/\/www.stemco.com\/product\/wheel-end\/hub-caps\/traditional-aluminum-hub-caps\/#primaryimage","url":"https:\/\/www.stemco.com\/wp-content\/uploads\/2020\/06\/Traditional-Aluminum.jpg","contentUrl":"https:\/\/www.stemco.com\/wp-content\/uploads\/2020\/06\/Traditional-Aluminum.jpg","width":675,"height":250,"caption":"a hub cap"},{"@type":"BreadcrumbList","@id":"https:\/\/www.stemco.com\/product\/wheel-end\/hub-caps\/traditional-aluminum-hub-caps\/#breadcrumb","itemListElement":[{"@type":"ListItem","position":1,"name":"Home","item":"https:\/\/www.stemco.com\/"},{"@type":"ListItem","position":2,"name":"Products","item":"https:\/\/www.stemco.com\/product\/"},{"@type":"ListItem","position":3,"name":"Wheel End","item":"https:\/\/www.stemco.com\/product\/wheel-end\/"},{"@type":"ListItem","position":4,"name":"Hub Caps","item":"https:\/\/www.stemco.com\/product\/wheel-end\/hub-caps\/"},{"@type":"ListItem","position":5,"name":"Traditional Aluminum Hub Caps"}]},{"@type":"WebSite","@id":"https:\/\/www.stemco.com\/#website","url":"https:\/\/www.stemco.com\/","name":"Stemco","description":"Haciendo Las Carreteras M\u00e1s Seguras\u00ae","publisher":{"@id":"https:\/\/www.stemco.com\/#organization"},"potentialAction":[{"@type":"SearchAction","target":{"@type":"EntryPoint","urlTemplate":"https:\/\/www.stemco.com\/?s={search_term_string}"},"query-input":{"@type":"PropertyValueSpecification","valueRequired":true,"valueName":"search_term_string"}}],"inLanguage":"es"},{"@type":"Organization","@id":"https:\/\/www.stemco.com\/#organization","name":"Stemco","url":"https:\/\/www.stemco.com\/","logo":{"@type":"ImageObject","inLanguage":"es","@id":"https:\/\/www.stemco.com\/#\/schema\/logo\/image\/","url":"https:\/\/www.stemco.com\/wp-content\/uploads\/2025\/04\/stemco-logo-enpro.png","contentUrl":"https:\/\/www.stemco.com\/wp-content\/uploads\/2025\/04\/stemco-logo-enpro.png","width":245,"height":40,"caption":"Stemco"},"image":{"@id":"https:\/\/www.stemco.com\/#\/schema\/logo\/image\/"}}]}},"_links":{"self":[{"href":"https:\/\/www.stemco.com\/es\/wp-json\/wp\/v2\/product\/1314","targetHints":{"allow":["GET"]}}],"collection":[{"href":"https:\/\/www.stemco.com\/es\/wp-json\/wp\/v2\/product"}],"about":[{"href":"https:\/\/www.stemco.com\/es\/wp-json\/wp\/v2\/types\/product"}],"up":[{"embeddable":true,"href":"https:\/\/www.stemco.com\/es\/wp-json\/wp\/v2\/product\/10"}],"wp:featuredmedia":[{"embeddable":true,"href":"https:\/\/www.stemco.com\/es\/wp-json\/wp\/v2\/media\/3795"}],"wp:attachment":[{"href":"https:\/\/www.stemco.com\/es\/wp-json\/wp\/v2\/media?parent=1314"}],"wp:term":[{"taxonomy":"category","embeddable":true,"href":"https:\/\/www.stemco.com\/es\/wp-json\/wp\/v2\/categories?post=1314"},{"taxonomy":"post_tag","embeddable":true,"href":"https:\/\/www.stemco.com\/es\/wp-json\/wp\/v2\/tags?post=1314"},{"taxonomy":"product-category","embeddable":true,"href":"https:\/\/www.stemco.com\/es\/wp-json\/wp\/v2\/product-category?post=1314"},{"taxonomy":"product-page-type-category","embeddable":true,"href":"https:\/\/www.stemco.com\/es\/wp-json\/wp\/v2\/product-page-type-category?post=1314"}],"curies":[{"name":"wp","href":"https:\/\/api.w.org\/{rel}","templated":true}]}}