{"id":1216,"date":"2020-06-26T21:13:16","date_gmt":"2020-06-26T21:13:16","guid":{"rendered":"https:\/\/www.stemco.com?post_type=product&#038;p=1216"},"modified":"2024-07-30T15:31:21","modified_gmt":"2024-07-30T15:31:21","slug":"qwikextract-system","status":"publish","type":"product","link":"https:\/\/www.stemco.com\/es\/product\/steering-products-parts\/equipment\/qwikextract-system\/","title":{"rendered":"QwikeXtract<sup>\u00ae<\/sup> Sistema"},"content":{"rendered":"<p>Dise\u00f1ado por mec\u00e1nicos, para mec\u00e1nicos, el nuevo STEMCO QwikeXtract<sup>\u00ae<\/sup> El sistema de extracci\u00f3n del perno rey combina la velocidad y la seguridad de una potente prensa de extracci\u00f3n autoalineable con un carro m\u00f3vil con extremo de rueda. El sistema de autoalineaci\u00f3n mantiene las varillas de empuje alineadas con el perno maestro para la remoci\u00f3n m\u00e1s r\u00e1pida y efectiva del perno maestro en la industria.<\/p>","protected":false},"excerpt":{"rendered":"<p>Dise\u00f1ado por mec\u00e1nicos, para mec\u00e1nicos, el nuevo sistema de extracci\u00f3n de perno rey QwikeXtract\u00ae de STEMCO combina la velocidad y la seguridad de una poderosa prensa de extracci\u00f3n autoalineable con un carro m\u00f3vil con extremo de rueda. El sistema de autoalineaci\u00f3n mantiene las varillas de empuje alineadas con el perno maestro para la remoci\u00f3n m\u00e1s r\u00e1pida y efectiva del perno maestro en la industria.<\/p>","protected":false},"featured_media":1224,"parent":27,"menu_order":0,"template":"","format":"standard","meta":{"_acf_changed":false,"content-type":""},"categories":[],"tags":[],"product-category":[40],"product-page-type-category":[20],"class_list":["post-1216","product","type-product","status-publish","format-standard","has-post-thumbnail","hentry","product-category-equipment","product-page-type-category-simple-product-page"],"acf":[],"yoast_head":"<!-- This site is optimized with the Yoast SEO plugin v26.8 - https:\/\/yoast.com\/product\/yoast-seo-wordpress\/ -->\n<title>QwikeXtract\u00ae System | Steering Products | STEMCO\u00ae<\/title>\n<meta name=\"description\" content=\"The all-new STEMCO QwikeXtract\u00ae king pin removal system combines the speed and safety of a self-aligning, powerful removal press with a mobile wheel-end cart.\" \/>\n<meta name=\"robots\" content=\"index, follow, max-snippet:-1, max-image-preview:large, max-video-preview:-1\" \/>\n<link rel=\"canonical\" href=\"https:\/\/www.stemco.com\/es\/product\/steering-products-parts\/equipment\/qwikextract-system\/\" \/>\n<meta property=\"og:locale\" content=\"es_MX\" \/>\n<meta property=\"og:type\" content=\"article\" \/>\n<meta property=\"og:title\" content=\"QwikeXtract\u00ae System | Steering Products | STEMCO\u00ae\" \/>\n<meta property=\"og:description\" content=\"The all-new STEMCO QwikeXtract\u00ae king pin removal system combines the speed and safety of a self-aligning, powerful removal press with a mobile wheel-end cart.\" \/>\n<meta property=\"og:url\" content=\"https:\/\/www.stemco.com\/es\/product\/steering-products-parts\/equipment\/qwikextract-system\/\" \/>\n<meta property=\"og:site_name\" content=\"Stemco\" \/>\n<meta property=\"article:modified_time\" content=\"2024-07-30T15:31:21+00:00\" \/>\n<meta property=\"og:image\" content=\"https:\/\/www.stemco.com\/wp-content\/uploads\/2020\/06\/qwikextract-system.jpg\" \/>\n\t<meta property=\"og:image:width\" content=\"675\" \/>\n\t<meta property=\"og:image:height\" content=\"250\" \/>\n\t<meta property=\"og:image:type\" content=\"image\/jpeg\" \/>\n<meta name=\"twitter:card\" content=\"summary_large_image\" \/>\n<meta name=\"twitter:label1\" content=\"Tiempo de lectura\" \/>\n\t<meta name=\"twitter:data1\" content=\"1 minuto\" \/>\n<script type=\"application\/ld+json\" class=\"yoast-schema-graph\">{\"@context\":\"https:\/\/schema.org\",\"@graph\":[{\"@type\":\"WebPage\",\"@id\":\"https:\/\/www.stemco.com\/product\/steering-products-parts\/equipment\/qwikextract-system\/\",\"url\":\"https:\/\/www.stemco.com\/product\/steering-products-parts\/equipment\/qwikextract-system\/\",\"name\":\"QwikeXtract\u00ae System | Steering Products | STEMCO\u00ae\",\"isPartOf\":{\"@id\":\"https:\/\/www.stemco.com\/#website\"},\"primaryImageOfPage\":{\"@id\":\"https:\/\/www.stemco.com\/product\/steering-products-parts\/equipment\/qwikextract-system\/#primaryimage\"},\"image\":{\"@id\":\"https:\/\/www.stemco.com\/product\/steering-products-parts\/equipment\/qwikextract-system\/#primaryimage\"},\"thumbnailUrl\":\"https:\/\/www.stemco.com\/wp-content\/uploads\/2020\/06\/qwikextract-system.jpg\",\"datePublished\":\"2020-06-26T21:13:16+00:00\",\"dateModified\":\"2024-07-30T15:31:21+00:00\",\"description\":\"The all-new STEMCO QwikeXtract\u00ae king pin removal system combines the speed and safety of a self-aligning, powerful removal press with a mobile wheel-end cart.\",\"breadcrumb\":{\"@id\":\"https:\/\/www.stemco.com\/product\/steering-products-parts\/equipment\/qwikextract-system\/#breadcrumb\"},\"inLanguage\":\"es\",\"potentialAction\":[{\"@type\":\"ReadAction\",\"target\":[\"https:\/\/www.stemco.com\/product\/steering-products-parts\/equipment\/qwikextract-system\/\"]}]},{\"@type\":\"ImageObject\",\"inLanguage\":\"es\",\"@id\":\"https:\/\/www.stemco.com\/product\/steering-products-parts\/equipment\/qwikextract-system\/#primaryimage\",\"url\":\"https:\/\/www.stemco.com\/wp-content\/uploads\/2020\/06\/qwikextract-system.jpg\",\"contentUrl\":\"https:\/\/www.stemco.com\/wp-content\/uploads\/2020\/06\/qwikextract-system.jpg\",\"width\":675,\"height\":250,\"caption\":\"Qwikextract system\"},{\"@type\":\"BreadcrumbList\",\"@id\":\"https:\/\/www.stemco.com\/product\/steering-products-parts\/equipment\/qwikextract-system\/#breadcrumb\",\"itemListElement\":[{\"@type\":\"ListItem\",\"position\":1,\"name\":\"Home\",\"item\":\"https:\/\/www.stemco.com\/\"},{\"@type\":\"ListItem\",\"position\":2,\"name\":\"Products\",\"item\":\"https:\/\/www.stemco.com\/product\/\"},{\"@type\":\"ListItem\",\"position\":3,\"name\":\"Steering\",\"item\":\"https:\/\/www.stemco.com\/product\/steering-products-parts\/\"},{\"@type\":\"ListItem\",\"position\":4,\"name\":\"Equipment\",\"item\":\"https:\/\/www.stemco.com\/product\/steering-products-parts\/equipment\/\"},{\"@type\":\"ListItem\",\"position\":5,\"name\":\"QwikeXtract\u00ae System\"}]},{\"@type\":\"WebSite\",\"@id\":\"https:\/\/www.stemco.com\/#website\",\"url\":\"https:\/\/www.stemco.com\/\",\"name\":\"Stemco\",\"description\":\"Making The Roadways Safer\u00ae\",\"publisher\":{\"@id\":\"https:\/\/www.stemco.com\/#organization\"},\"potentialAction\":[{\"@type\":\"SearchAction\",\"target\":{\"@type\":\"EntryPoint\",\"urlTemplate\":\"https:\/\/www.stemco.com\/?s={search_term_string}\"},\"query-input\":{\"@type\":\"PropertyValueSpecification\",\"valueRequired\":true,\"valueName\":\"search_term_string\"}}],\"inLanguage\":\"es\"},{\"@type\":\"Organization\",\"@id\":\"https:\/\/www.stemco.com\/#organization\",\"name\":\"Stemco\",\"url\":\"https:\/\/www.stemco.com\/\",\"logo\":{\"@type\":\"ImageObject\",\"inLanguage\":\"es\",\"@id\":\"https:\/\/www.stemco.com\/#\/schema\/logo\/image\/\",\"url\":\"https:\/\/www.stemco.com\/wp-content\/uploads\/2025\/04\/stemco-logo-enpro.png\",\"contentUrl\":\"https:\/\/www.stemco.com\/wp-content\/uploads\/2025\/04\/stemco-logo-enpro.png\",\"width\":245,\"height\":40,\"caption\":\"Stemco\"},\"image\":{\"@id\":\"https:\/\/www.stemco.com\/#\/schema\/logo\/image\/\"}}]}<\/script>\n<!-- \/ Yoast SEO plugin. -->","yoast_head_json":{"title":"QwikeXtract\u00ae System | Steering Products | STEMCO\u00ae","description":"The all-new STEMCO QwikeXtract\u00ae king pin removal system combines the speed and safety of a self-aligning, powerful removal press with a mobile wheel-end cart.","robots":{"index":"index","follow":"follow","max-snippet":"max-snippet:-1","max-image-preview":"max-image-preview:large","max-video-preview":"max-video-preview:-1"},"canonical":"https:\/\/www.stemco.com\/es\/product\/steering-products-parts\/equipment\/qwikextract-system\/","og_locale":"es_MX","og_type":"article","og_title":"QwikeXtract\u00ae System | Steering Products | STEMCO\u00ae","og_description":"The all-new STEMCO QwikeXtract\u00ae king pin removal system combines the speed and safety of a self-aligning, powerful removal press with a mobile wheel-end cart.","og_url":"https:\/\/www.stemco.com\/es\/product\/steering-products-parts\/equipment\/qwikextract-system\/","og_site_name":"Stemco","article_modified_time":"2024-07-30T15:31:21+00:00","og_image":[{"width":675,"height":250,"url":"https:\/\/www.stemco.com\/wp-content\/uploads\/2020\/06\/qwikextract-system.jpg","type":"image\/jpeg"}],"twitter_card":"summary_large_image","twitter_misc":{"Tiempo de lectura":"1 minuto"},"schema":{"@context":"https:\/\/schema.org","@graph":[{"@type":"WebPage","@id":"https:\/\/www.stemco.com\/product\/steering-products-parts\/equipment\/qwikextract-system\/","url":"https:\/\/www.stemco.com\/product\/steering-products-parts\/equipment\/qwikextract-system\/","name":"QwikeXtract\u00ae System | Steering Products | STEMCO\u00ae","isPartOf":{"@id":"https:\/\/www.stemco.com\/#website"},"primaryImageOfPage":{"@id":"https:\/\/www.stemco.com\/product\/steering-products-parts\/equipment\/qwikextract-system\/#primaryimage"},"image":{"@id":"https:\/\/www.stemco.com\/product\/steering-products-parts\/equipment\/qwikextract-system\/#primaryimage"},"thumbnailUrl":"https:\/\/www.stemco.com\/wp-content\/uploads\/2020\/06\/qwikextract-system.jpg","datePublished":"2020-06-26T21:13:16+00:00","dateModified":"2024-07-30T15:31:21+00:00","description":"The all-new STEMCO QwikeXtract\u00ae king pin removal system combines the speed and safety of a self-aligning, powerful removal press with a mobile wheel-end cart.","breadcrumb":{"@id":"https:\/\/www.stemco.com\/product\/steering-products-parts\/equipment\/qwikextract-system\/#breadcrumb"},"inLanguage":"es","potentialAction":[{"@type":"ReadAction","target":["https:\/\/www.stemco.com\/product\/steering-products-parts\/equipment\/qwikextract-system\/"]}]},{"@type":"ImageObject","inLanguage":"es","@id":"https:\/\/www.stemco.com\/product\/steering-products-parts\/equipment\/qwikextract-system\/#primaryimage","url":"https:\/\/www.stemco.com\/wp-content\/uploads\/2020\/06\/qwikextract-system.jpg","contentUrl":"https:\/\/www.stemco.com\/wp-content\/uploads\/2020\/06\/qwikextract-system.jpg","width":675,"height":250,"caption":"Qwikextract system"},{"@type":"BreadcrumbList","@id":"https:\/\/www.stemco.com\/product\/steering-products-parts\/equipment\/qwikextract-system\/#breadcrumb","itemListElement":[{"@type":"ListItem","position":1,"name":"Home","item":"https:\/\/www.stemco.com\/"},{"@type":"ListItem","position":2,"name":"Products","item":"https:\/\/www.stemco.com\/product\/"},{"@type":"ListItem","position":3,"name":"Steering","item":"https:\/\/www.stemco.com\/product\/steering-products-parts\/"},{"@type":"ListItem","position":4,"name":"Equipment","item":"https:\/\/www.stemco.com\/product\/steering-products-parts\/equipment\/"},{"@type":"ListItem","position":5,"name":"QwikeXtract\u00ae System"}]},{"@type":"WebSite","@id":"https:\/\/www.stemco.com\/#website","url":"https:\/\/www.stemco.com\/","name":"Stemco","description":"Haciendo Las Carreteras M\u00e1s Seguras\u00ae","publisher":{"@id":"https:\/\/www.stemco.com\/#organization"},"potentialAction":[{"@type":"SearchAction","target":{"@type":"EntryPoint","urlTemplate":"https:\/\/www.stemco.com\/?s={search_term_string}"},"query-input":{"@type":"PropertyValueSpecification","valueRequired":true,"valueName":"search_term_string"}}],"inLanguage":"es"},{"@type":"Organization","@id":"https:\/\/www.stemco.com\/#organization","name":"Stemco","url":"https:\/\/www.stemco.com\/","logo":{"@type":"ImageObject","inLanguage":"es","@id":"https:\/\/www.stemco.com\/#\/schema\/logo\/image\/","url":"https:\/\/www.stemco.com\/wp-content\/uploads\/2025\/04\/stemco-logo-enpro.png","contentUrl":"https:\/\/www.stemco.com\/wp-content\/uploads\/2025\/04\/stemco-logo-enpro.png","width":245,"height":40,"caption":"Stemco"},"image":{"@id":"https:\/\/www.stemco.com\/#\/schema\/logo\/image\/"}}]}},"_links":{"self":[{"href":"https:\/\/www.stemco.com\/es\/wp-json\/wp\/v2\/product\/1216","targetHints":{"allow":["GET"]}}],"collection":[{"href":"https:\/\/www.stemco.com\/es\/wp-json\/wp\/v2\/product"}],"about":[{"href":"https:\/\/www.stemco.com\/es\/wp-json\/wp\/v2\/types\/product"}],"up":[{"embeddable":true,"href":"https:\/\/www.stemco.com\/es\/wp-json\/wp\/v2\/product\/27"}],"wp:featuredmedia":[{"embeddable":true,"href":"https:\/\/www.stemco.com\/es\/wp-json\/wp\/v2\/media\/1224"}],"wp:attachment":[{"href":"https:\/\/www.stemco.com\/es\/wp-json\/wp\/v2\/media?parent=1216"}],"wp:term":[{"taxonomy":"category","embeddable":true,"href":"https:\/\/www.stemco.com\/es\/wp-json\/wp\/v2\/categories?post=1216"},{"taxonomy":"post_tag","embeddable":true,"href":"https:\/\/www.stemco.com\/es\/wp-json\/wp\/v2\/tags?post=1216"},{"taxonomy":"product-category","embeddable":true,"href":"https:\/\/www.stemco.com\/es\/wp-json\/wp\/v2\/product-category?post=1216"},{"taxonomy":"product-page-type-category","embeddable":true,"href":"https:\/\/www.stemco.com\/es\/wp-json\/wp\/v2\/product-page-type-category?post=1216"}],"curies":[{"name":"wp","href":"https:\/\/api.w.org\/{rel}","templated":true}]}}