{"id":1180,"date":"2020-06-26T20:36:18","date_gmt":"2020-06-26T20:36:18","guid":{"rendered":"https:\/\/www.stemco.com?post_type=product&#038;p=1180"},"modified":"2024-07-30T15:56:59","modified_gmt":"2024-07-30T15:56:59","slug":"king-pin-tools","status":"publish","type":"product","link":"https:\/\/www.stemco.com\/es\/product\/steering-products-parts\/king-pins\/king-pin-tools\/","title":{"rendered":"Herramientas de pivote rey"},"content":{"rendered":"<p>Herramientas de precisi\u00f3n que hacen que la instalaci\u00f3n sea confiable, r\u00e1pida y sencilla. Nuestras herramientas King Pin se fabrican con orgullo en los EE. UU. y son m\u00e1s sencillas de instalar que otros productos del mercado.<\/p>","protected":false},"excerpt":{"rendered":"<p>Herramientas de precisi\u00f3n que hacen que la instalaci\u00f3n sea confiable, r\u00e1pida y sencilla. Nuestras herramientas King Pin se fabrican con orgullo en los EE. UU. y son m\u00e1s sencillas de instalar que otros productos del mercado.<\/p>","protected":false},"featured_media":1183,"parent":24,"menu_order":7,"template":"","format":"standard","meta":{"_acf_changed":false,"content-type":""},"categories":[],"tags":[],"product-category":[37],"product-page-type-category":[20],"class_list":["post-1180","product","type-product","status-publish","format-standard","has-post-thumbnail","hentry","product-category-king-pins","product-page-type-category-simple-product-page"],"acf":[],"yoast_head":"<!-- This site is optimized with the Yoast SEO plugin v26.8 - https:\/\/yoast.com\/product\/yoast-seo-wordpress\/ -->\n<title>Find Stemco King Pin tools near you | Steering Products | STEMCO\u00ae<\/title>\n<meta name=\"description\" content=\"King Pin tools allow for easier installation of bushings. Our tools are proudly made in the USA and are simpler to install than others on the market.\" \/>\n<meta name=\"robots\" content=\"index, follow, max-snippet:-1, max-image-preview:large, max-video-preview:-1\" \/>\n<link rel=\"canonical\" href=\"https:\/\/www.stemco.com\/es\/product\/steering-products-parts\/king-pins\/king-pin-tools\/\" \/>\n<meta property=\"og:locale\" content=\"es_MX\" \/>\n<meta property=\"og:type\" content=\"article\" \/>\n<meta property=\"og:title\" content=\"Find Stemco king pin, spring pin, and brushing tools near you\" \/>\n<meta property=\"og:description\" content=\"King Pin and Spring Pin tools allow for easier installation of bushings. Our tools are proudly made in the USA and are simpler to install than others on the market.\" \/>\n<meta property=\"og:url\" content=\"https:\/\/www.stemco.com\/es\/product\/steering-products-parts\/king-pins\/king-pin-tools\/\" \/>\n<meta property=\"og:site_name\" content=\"Stemco\" \/>\n<meta property=\"article:modified_time\" content=\"2024-07-30T15:56:59+00:00\" \/>\n<meta property=\"og:image\" content=\"https:\/\/www.stemco.com\/wp-content\/uploads\/2020\/06\/king-pin-spring-pin-bushing-tools.jpg\" \/>\n\t<meta property=\"og:image:width\" content=\"675\" \/>\n\t<meta property=\"og:image:height\" content=\"250\" \/>\n\t<meta property=\"og:image:type\" content=\"image\/jpeg\" \/>\n<meta name=\"twitter:card\" content=\"summary_large_image\" \/>\n<meta name=\"twitter:title\" content=\"Find Stemco king pin, spring pin, and brushing tools near you\" \/>\n<meta name=\"twitter:description\" content=\"King Pin and Spring Pin tools allow for easier installation of bushings. Our tools are proudly made in the USA and are simpler to install than others on the market.\" \/>\n<meta name=\"twitter:label1\" content=\"Tiempo de lectura\" \/>\n\t<meta name=\"twitter:data1\" content=\"1 minuto\" \/>\n<script type=\"application\/ld+json\" class=\"yoast-schema-graph\">{\"@context\":\"https:\/\/schema.org\",\"@graph\":[{\"@type\":\"WebPage\",\"@id\":\"https:\/\/www.stemco.com\/product\/steering-products-parts\/king-pins\/king-pin-tools\/\",\"url\":\"https:\/\/www.stemco.com\/product\/steering-products-parts\/king-pins\/king-pin-tools\/\",\"name\":\"Find Stemco King Pin tools near you | Steering Products | STEMCO\u00ae\",\"isPartOf\":{\"@id\":\"https:\/\/www.stemco.com\/#website\"},\"primaryImageOfPage\":{\"@id\":\"https:\/\/www.stemco.com\/product\/steering-products-parts\/king-pins\/king-pin-tools\/#primaryimage\"},\"image\":{\"@id\":\"https:\/\/www.stemco.com\/product\/steering-products-parts\/king-pins\/king-pin-tools\/#primaryimage\"},\"thumbnailUrl\":\"https:\/\/www.stemco.com\/wp-content\/uploads\/2020\/06\/king-pin-spring-pin-bushing-tools.jpg\",\"datePublished\":\"2020-06-26T20:36:18+00:00\",\"dateModified\":\"2024-07-30T15:56:59+00:00\",\"description\":\"King Pin tools allow for easier installation of bushings. Our tools are proudly made in the USA and are simpler to install than others on the market.\",\"breadcrumb\":{\"@id\":\"https:\/\/www.stemco.com\/product\/steering-products-parts\/king-pins\/king-pin-tools\/#breadcrumb\"},\"inLanguage\":\"es\",\"potentialAction\":[{\"@type\":\"ReadAction\",\"target\":[\"https:\/\/www.stemco.com\/product\/steering-products-parts\/king-pins\/king-pin-tools\/\"]}]},{\"@type\":\"ImageObject\",\"inLanguage\":\"es\",\"@id\":\"https:\/\/www.stemco.com\/product\/steering-products-parts\/king-pins\/king-pin-tools\/#primaryimage\",\"url\":\"https:\/\/www.stemco.com\/wp-content\/uploads\/2020\/06\/king-pin-spring-pin-bushing-tools.jpg\",\"contentUrl\":\"https:\/\/www.stemco.com\/wp-content\/uploads\/2020\/06\/king-pin-spring-pin-bushing-tools.jpg\",\"width\":675,\"height\":250,\"caption\":\"King Pin Spring Pin Bushing Tools\"},{\"@type\":\"BreadcrumbList\",\"@id\":\"https:\/\/www.stemco.com\/product\/steering-products-parts\/king-pins\/king-pin-tools\/#breadcrumb\",\"itemListElement\":[{\"@type\":\"ListItem\",\"position\":1,\"name\":\"Home\",\"item\":\"https:\/\/www.stemco.com\/\"},{\"@type\":\"ListItem\",\"position\":2,\"name\":\"Products\",\"item\":\"https:\/\/www.stemco.com\/product\/\"},{\"@type\":\"ListItem\",\"position\":3,\"name\":\"Steering\",\"item\":\"https:\/\/www.stemco.com\/product\/steering-products-parts\/\"},{\"@type\":\"ListItem\",\"position\":4,\"name\":\"Kaiser King Pins\",\"item\":\"https:\/\/www.stemco.com\/product\/steering-products-parts\/king-pins\/\"},{\"@type\":\"ListItem\",\"position\":5,\"name\":\"King Pin Tools\"}]},{\"@type\":\"WebSite\",\"@id\":\"https:\/\/www.stemco.com\/#website\",\"url\":\"https:\/\/www.stemco.com\/\",\"name\":\"Stemco\",\"description\":\"Making The Roadways Safer\u00ae\",\"publisher\":{\"@id\":\"https:\/\/www.stemco.com\/#organization\"},\"potentialAction\":[{\"@type\":\"SearchAction\",\"target\":{\"@type\":\"EntryPoint\",\"urlTemplate\":\"https:\/\/www.stemco.com\/?s={search_term_string}\"},\"query-input\":{\"@type\":\"PropertyValueSpecification\",\"valueRequired\":true,\"valueName\":\"search_term_string\"}}],\"inLanguage\":\"es\"},{\"@type\":\"Organization\",\"@id\":\"https:\/\/www.stemco.com\/#organization\",\"name\":\"Stemco\",\"url\":\"https:\/\/www.stemco.com\/\",\"logo\":{\"@type\":\"ImageObject\",\"inLanguage\":\"es\",\"@id\":\"https:\/\/www.stemco.com\/#\/schema\/logo\/image\/\",\"url\":\"https:\/\/www.stemco.com\/wp-content\/uploads\/2025\/04\/stemco-logo-enpro.png\",\"contentUrl\":\"https:\/\/www.stemco.com\/wp-content\/uploads\/2025\/04\/stemco-logo-enpro.png\",\"width\":245,\"height\":40,\"caption\":\"Stemco\"},\"image\":{\"@id\":\"https:\/\/www.stemco.com\/#\/schema\/logo\/image\/\"}}]}<\/script>\n<!-- \/ Yoast SEO plugin. -->","yoast_head_json":{"title":"Encuentre herramientas para pivotes de direcci\u00f3n Stemco cerca de usted | Productos de direcci\u00f3n | STEMCO\u00ae","description":"Las herramientas King Pin facilitan la instalaci\u00f3n de bujes. Nuestras herramientas se fabrican con orgullo en EE. UU. y son m\u00e1s f\u00e1ciles de instalar que otras del mercado.","robots":{"index":"index","follow":"follow","max-snippet":"max-snippet:-1","max-image-preview":"max-image-preview:large","max-video-preview":"max-video-preview:-1"},"canonical":"https:\/\/www.stemco.com\/es\/product\/steering-products-parts\/king-pins\/king-pin-tools\/","og_locale":"es_MX","og_type":"article","og_title":"Find Stemco king pin, spring pin, and brushing tools near you","og_description":"King Pin and Spring Pin tools allow for easier installation of bushings. Our tools are proudly made in the USA and are simpler to install than others on the market.","og_url":"https:\/\/www.stemco.com\/es\/product\/steering-products-parts\/king-pins\/king-pin-tools\/","og_site_name":"Stemco","article_modified_time":"2024-07-30T15:56:59+00:00","og_image":[{"width":675,"height":250,"url":"https:\/\/www.stemco.com\/wp-content\/uploads\/2020\/06\/king-pin-spring-pin-bushing-tools.jpg","type":"image\/jpeg"}],"twitter_card":"summary_large_image","twitter_title":"Find Stemco king pin, spring pin, and brushing tools near you","twitter_description":"King Pin and Spring Pin tools allow for easier installation of bushings. Our tools are proudly made in the USA and are simpler to install than others on the market.","twitter_misc":{"Tiempo de lectura":"1 minuto"},"schema":{"@context":"https:\/\/schema.org","@graph":[{"@type":"WebPage","@id":"https:\/\/www.stemco.com\/product\/steering-products-parts\/king-pins\/king-pin-tools\/","url":"https:\/\/www.stemco.com\/product\/steering-products-parts\/king-pins\/king-pin-tools\/","name":"Encuentre herramientas para pivotes de direcci\u00f3n Stemco cerca de usted | Productos de direcci\u00f3n | STEMCO\u00ae","isPartOf":{"@id":"https:\/\/www.stemco.com\/#website"},"primaryImageOfPage":{"@id":"https:\/\/www.stemco.com\/product\/steering-products-parts\/king-pins\/king-pin-tools\/#primaryimage"},"image":{"@id":"https:\/\/www.stemco.com\/product\/steering-products-parts\/king-pins\/king-pin-tools\/#primaryimage"},"thumbnailUrl":"https:\/\/www.stemco.com\/wp-content\/uploads\/2020\/06\/king-pin-spring-pin-bushing-tools.jpg","datePublished":"2020-06-26T20:36:18+00:00","dateModified":"2024-07-30T15:56:59+00:00","description":"Las herramientas King Pin facilitan la instalaci\u00f3n de bujes. Nuestras herramientas se fabrican con orgullo en EE. UU. y son m\u00e1s f\u00e1ciles de instalar que otras del mercado.","breadcrumb":{"@id":"https:\/\/www.stemco.com\/product\/steering-products-parts\/king-pins\/king-pin-tools\/#breadcrumb"},"inLanguage":"es","potentialAction":[{"@type":"ReadAction","target":["https:\/\/www.stemco.com\/product\/steering-products-parts\/king-pins\/king-pin-tools\/"]}]},{"@type":"ImageObject","inLanguage":"es","@id":"https:\/\/www.stemco.com\/product\/steering-products-parts\/king-pins\/king-pin-tools\/#primaryimage","url":"https:\/\/www.stemco.com\/wp-content\/uploads\/2020\/06\/king-pin-spring-pin-bushing-tools.jpg","contentUrl":"https:\/\/www.stemco.com\/wp-content\/uploads\/2020\/06\/king-pin-spring-pin-bushing-tools.jpg","width":675,"height":250,"caption":"King Pin Spring Pin Bushing Tools"},{"@type":"BreadcrumbList","@id":"https:\/\/www.stemco.com\/product\/steering-products-parts\/king-pins\/king-pin-tools\/#breadcrumb","itemListElement":[{"@type":"ListItem","position":1,"name":"Home","item":"https:\/\/www.stemco.com\/"},{"@type":"ListItem","position":2,"name":"Products","item":"https:\/\/www.stemco.com\/product\/"},{"@type":"ListItem","position":3,"name":"Steering","item":"https:\/\/www.stemco.com\/product\/steering-products-parts\/"},{"@type":"ListItem","position":4,"name":"Kaiser King Pins","item":"https:\/\/www.stemco.com\/product\/steering-products-parts\/king-pins\/"},{"@type":"ListItem","position":5,"name":"King Pin Tools"}]},{"@type":"WebSite","@id":"https:\/\/www.stemco.com\/#website","url":"https:\/\/www.stemco.com\/","name":"Stemco","description":"Haciendo Las Carreteras M\u00e1s Seguras\u00ae","publisher":{"@id":"https:\/\/www.stemco.com\/#organization"},"potentialAction":[{"@type":"SearchAction","target":{"@type":"EntryPoint","urlTemplate":"https:\/\/www.stemco.com\/?s={search_term_string}"},"query-input":{"@type":"PropertyValueSpecification","valueRequired":true,"valueName":"search_term_string"}}],"inLanguage":"es"},{"@type":"Organization","@id":"https:\/\/www.stemco.com\/#organization","name":"Stemco","url":"https:\/\/www.stemco.com\/","logo":{"@type":"ImageObject","inLanguage":"es","@id":"https:\/\/www.stemco.com\/#\/schema\/logo\/image\/","url":"https:\/\/www.stemco.com\/wp-content\/uploads\/2025\/04\/stemco-logo-enpro.png","contentUrl":"https:\/\/www.stemco.com\/wp-content\/uploads\/2025\/04\/stemco-logo-enpro.png","width":245,"height":40,"caption":"Stemco"},"image":{"@id":"https:\/\/www.stemco.com\/#\/schema\/logo\/image\/"}}]}},"_links":{"self":[{"href":"https:\/\/www.stemco.com\/es\/wp-json\/wp\/v2\/product\/1180","targetHints":{"allow":["GET"]}}],"collection":[{"href":"https:\/\/www.stemco.com\/es\/wp-json\/wp\/v2\/product"}],"about":[{"href":"https:\/\/www.stemco.com\/es\/wp-json\/wp\/v2\/types\/product"}],"up":[{"embeddable":true,"href":"https:\/\/www.stemco.com\/es\/wp-json\/wp\/v2\/product\/24"}],"wp:featuredmedia":[{"embeddable":true,"href":"https:\/\/www.stemco.com\/es\/wp-json\/wp\/v2\/media\/1183"}],"wp:attachment":[{"href":"https:\/\/www.stemco.com\/es\/wp-json\/wp\/v2\/media?parent=1180"}],"wp:term":[{"taxonomy":"category","embeddable":true,"href":"https:\/\/www.stemco.com\/es\/wp-json\/wp\/v2\/categories?post=1180"},{"taxonomy":"post_tag","embeddable":true,"href":"https:\/\/www.stemco.com\/es\/wp-json\/wp\/v2\/tags?post=1180"},{"taxonomy":"product-category","embeddable":true,"href":"https:\/\/www.stemco.com\/es\/wp-json\/wp\/v2\/product-category?post=1180"},{"taxonomy":"product-page-type-category","embeddable":true,"href":"https:\/\/www.stemco.com\/es\/wp-json\/wp\/v2\/product-page-type-category?post=1180"}],"curies":[{"name":"wp","href":"https:\/\/api.w.org\/{rel}","templated":true}]}}