{"id":1153,"date":"2020-06-26T19:35:52","date_gmt":"2020-06-26T19:35:52","guid":{"rendered":"https:\/\/www.stemco.com?post_type=product&#038;p=1153"},"modified":"2025-09-11T19:27:28","modified_gmt":"2025-09-11T19:27:28","slug":"pluskit-king-pin-kit","status":"publish","type":"product","link":"https:\/\/www.stemco.com\/es\/product\/steering-products-parts\/king-pins\/pluskit-king-pin-kit\/","title":{"rendered":"PlusKit<sup>\u00ae<\/sup> Juego de pernos rey"},"content":{"rendered":"<p>Juego STEMCO Kaiser Plus<sup>\u00ae<\/sup> ha sido el juego de pin maestro bimet\u00e1lico premium &quot;sin escariado&quot;. Los casquillos de bronce bimet\u00e1licos predimensionados incluidos proporcionan el mismo ajuste que una instalaci\u00f3n de perno maestro bien escariada. El kit STEMCO Kaiser Plus hace realidad un reemplazo simple, preciso, confiable y seguro del perno maestro.<\/p>","protected":false},"excerpt":{"rendered":"<p>STEMCO Kaiser Plus Kit\u00ae ha sido el kit de pin maestro bimet\u00e1lico &quot;sin escariado&quot; de primera calidad. Los casquillos de bronce bimet\u00e1licos predimensionados incluidos proporcionan el mismo ajuste que una instalaci\u00f3n de perno maestro bien escariada. El kit STEMCO Kaiser Plus hace realidad un reemplazo simple, preciso, confiable y seguro del perno maestro.<\/p>","protected":false},"featured_media":30563,"parent":24,"menu_order":2,"template":"","format":"standard","meta":{"_acf_changed":false,"content-type":""},"categories":[],"tags":[],"product-category":[37],"product-page-type-category":[20],"class_list":["post-1153","product","type-product","status-publish","format-standard","has-post-thumbnail","hentry","product-category-king-pins","product-page-type-category-simple-product-page"],"acf":[],"yoast_head":"<!-- This site is optimized with the Yoast SEO plugin v26.8 - https:\/\/yoast.com\/product\/yoast-seo-wordpress\/ -->\n<title>PlusKit\u00ae King Pin Kit | Steering Products | STEMCO\u00ae<\/title>\n<meta name=\"description\" content=\"The STEMCO\u00ae Kaiser Plus Kit makes a simple, precision, reliable and safe king pin replacement a reality. Learn more.\" \/>\n<meta name=\"robots\" content=\"index, follow, max-snippet:-1, max-image-preview:large, max-video-preview:-1\" \/>\n<link rel=\"canonical\" href=\"https:\/\/www.stemco.com\/es\/product\/steering-products-parts\/king-pins\/pluskit-king-pin-kit\/\" \/>\n<meta property=\"og:locale\" content=\"es_MX\" \/>\n<meta property=\"og:type\" content=\"article\" \/>\n<meta property=\"og:title\" content=\"PlusKit\u00ae King Pin Kit | Steering Products | STEMCO\u00ae\" \/>\n<meta property=\"og:description\" content=\"The STEMCO\u00ae Kaiser Plus Kit makes a simple, precision, reliable and safe king pin replacement a reality. Learn more.\" \/>\n<meta property=\"og:url\" content=\"https:\/\/www.stemco.com\/es\/product\/steering-products-parts\/king-pins\/pluskit-king-pin-kit\/\" \/>\n<meta property=\"og:site_name\" content=\"Stemco\" \/>\n<meta property=\"article:modified_time\" content=\"2025-09-11T19:27:28+00:00\" \/>\n<meta property=\"og:image\" content=\"https:\/\/www.stemco.com\/wp-content\/uploads\/2020\/06\/Pluskit-king-pin-kit-updated.png\" \/>\n\t<meta property=\"og:image:width\" content=\"541\" \/>\n\t<meta property=\"og:image:height\" content=\"200\" \/>\n\t<meta property=\"og:image:type\" content=\"image\/png\" \/>\n<meta name=\"twitter:card\" content=\"summary_large_image\" \/>\n<meta name=\"twitter:label1\" content=\"Tiempo de lectura\" \/>\n\t<meta name=\"twitter:data1\" content=\"2 minutos\" \/>\n<script type=\"application\/ld+json\" class=\"yoast-schema-graph\">{\"@context\":\"https:\/\/schema.org\",\"@graph\":[{\"@type\":\"WebPage\",\"@id\":\"https:\/\/www.stemco.com\/product\/steering-products-parts\/king-pins\/pluskit-king-pin-kit\/\",\"url\":\"https:\/\/www.stemco.com\/product\/steering-products-parts\/king-pins\/pluskit-king-pin-kit\/\",\"name\":\"PlusKit\u00ae King Pin Kit | Steering Products | STEMCO\u00ae\",\"isPartOf\":{\"@id\":\"https:\/\/www.stemco.com\/#website\"},\"primaryImageOfPage\":{\"@id\":\"https:\/\/www.stemco.com\/product\/steering-products-parts\/king-pins\/pluskit-king-pin-kit\/#primaryimage\"},\"image\":{\"@id\":\"https:\/\/www.stemco.com\/product\/steering-products-parts\/king-pins\/pluskit-king-pin-kit\/#primaryimage\"},\"thumbnailUrl\":\"https:\/\/www.stemco.com\/wp-content\/uploads\/2020\/06\/Pluskit-king-pin-kit-updated.png\",\"datePublished\":\"2020-06-26T19:35:52+00:00\",\"dateModified\":\"2025-09-11T19:27:28+00:00\",\"description\":\"The STEMCO\u00ae Kaiser Plus Kit makes a simple, precision, reliable and safe king pin replacement a reality. Learn more.\",\"breadcrumb\":{\"@id\":\"https:\/\/www.stemco.com\/product\/steering-products-parts\/king-pins\/pluskit-king-pin-kit\/#breadcrumb\"},\"inLanguage\":\"es\",\"potentialAction\":[{\"@type\":\"ReadAction\",\"target\":[\"https:\/\/www.stemco.com\/product\/steering-products-parts\/king-pins\/pluskit-king-pin-kit\/\"]}]},{\"@type\":\"ImageObject\",\"inLanguage\":\"es\",\"@id\":\"https:\/\/www.stemco.com\/product\/steering-products-parts\/king-pins\/pluskit-king-pin-kit\/#primaryimage\",\"url\":\"https:\/\/www.stemco.com\/wp-content\/uploads\/2020\/06\/Pluskit-king-pin-kit-updated.png\",\"contentUrl\":\"https:\/\/www.stemco.com\/wp-content\/uploads\/2020\/06\/Pluskit-king-pin-kit-updated.png\",\"width\":541,\"height\":200},{\"@type\":\"BreadcrumbList\",\"@id\":\"https:\/\/www.stemco.com\/product\/steering-products-parts\/king-pins\/pluskit-king-pin-kit\/#breadcrumb\",\"itemListElement\":[{\"@type\":\"ListItem\",\"position\":1,\"name\":\"Home\",\"item\":\"https:\/\/www.stemco.com\/\"},{\"@type\":\"ListItem\",\"position\":2,\"name\":\"Products\",\"item\":\"https:\/\/www.stemco.com\/product\/\"},{\"@type\":\"ListItem\",\"position\":3,\"name\":\"Steering\",\"item\":\"https:\/\/www.stemco.com\/product\/steering-products-parts\/\"},{\"@type\":\"ListItem\",\"position\":4,\"name\":\"Kaiser King Pins\",\"item\":\"https:\/\/www.stemco.com\/product\/steering-products-parts\/king-pins\/\"},{\"@type\":\"ListItem\",\"position\":5,\"name\":\"PlusKit\u00ae King Pin Kit\"}]},{\"@type\":\"WebSite\",\"@id\":\"https:\/\/www.stemco.com\/#website\",\"url\":\"https:\/\/www.stemco.com\/\",\"name\":\"Stemco\",\"description\":\"Making The Roadways Safer\u00ae\",\"publisher\":{\"@id\":\"https:\/\/www.stemco.com\/#organization\"},\"potentialAction\":[{\"@type\":\"SearchAction\",\"target\":{\"@type\":\"EntryPoint\",\"urlTemplate\":\"https:\/\/www.stemco.com\/?s={search_term_string}\"},\"query-input\":{\"@type\":\"PropertyValueSpecification\",\"valueRequired\":true,\"valueName\":\"search_term_string\"}}],\"inLanguage\":\"es\"},{\"@type\":\"Organization\",\"@id\":\"https:\/\/www.stemco.com\/#organization\",\"name\":\"Stemco\",\"url\":\"https:\/\/www.stemco.com\/\",\"logo\":{\"@type\":\"ImageObject\",\"inLanguage\":\"es\",\"@id\":\"https:\/\/www.stemco.com\/#\/schema\/logo\/image\/\",\"url\":\"https:\/\/www.stemco.com\/wp-content\/uploads\/2025\/04\/stemco-logo-enpro.png\",\"contentUrl\":\"https:\/\/www.stemco.com\/wp-content\/uploads\/2025\/04\/stemco-logo-enpro.png\",\"width\":245,\"height\":40,\"caption\":\"Stemco\"},\"image\":{\"@id\":\"https:\/\/www.stemco.com\/#\/schema\/logo\/image\/\"}}]}<\/script>\n<!-- \/ Yoast SEO plugin. -->","yoast_head_json":{"title":"PlusKit\u00ae King Pin Kit | Productos de direcci\u00f3n | STEMCO\u00ae","description":"El kit STEMCO\u00ae Kaiser Plus hace posible un reemplazo del pivote central sencillo, preciso, fiable y seguro. M\u00e1s informaci\u00f3n.","robots":{"index":"index","follow":"follow","max-snippet":"max-snippet:-1","max-image-preview":"max-image-preview:large","max-video-preview":"max-video-preview:-1"},"canonical":"https:\/\/www.stemco.com\/es\/product\/steering-products-parts\/king-pins\/pluskit-king-pin-kit\/","og_locale":"es_MX","og_type":"article","og_title":"PlusKit\u00ae King Pin Kit | Steering Products | STEMCO\u00ae","og_description":"The STEMCO\u00ae Kaiser Plus Kit makes a simple, precision, reliable and safe king pin replacement a reality. Learn more.","og_url":"https:\/\/www.stemco.com\/es\/product\/steering-products-parts\/king-pins\/pluskit-king-pin-kit\/","og_site_name":"Stemco","article_modified_time":"2025-09-11T19:27:28+00:00","og_image":[{"width":541,"height":200,"url":"https:\/\/www.stemco.com\/wp-content\/uploads\/2020\/06\/Pluskit-king-pin-kit-updated.png","type":"image\/png"}],"twitter_card":"summary_large_image","twitter_misc":{"Tiempo de lectura":"2 minutos"},"schema":{"@context":"https:\/\/schema.org","@graph":[{"@type":"WebPage","@id":"https:\/\/www.stemco.com\/product\/steering-products-parts\/king-pins\/pluskit-king-pin-kit\/","url":"https:\/\/www.stemco.com\/product\/steering-products-parts\/king-pins\/pluskit-king-pin-kit\/","name":"PlusKit\u00ae King Pin Kit | Productos de direcci\u00f3n | STEMCO\u00ae","isPartOf":{"@id":"https:\/\/www.stemco.com\/#website"},"primaryImageOfPage":{"@id":"https:\/\/www.stemco.com\/product\/steering-products-parts\/king-pins\/pluskit-king-pin-kit\/#primaryimage"},"image":{"@id":"https:\/\/www.stemco.com\/product\/steering-products-parts\/king-pins\/pluskit-king-pin-kit\/#primaryimage"},"thumbnailUrl":"https:\/\/www.stemco.com\/wp-content\/uploads\/2020\/06\/Pluskit-king-pin-kit-updated.png","datePublished":"2020-06-26T19:35:52+00:00","dateModified":"2025-09-11T19:27:28+00:00","description":"El kit STEMCO\u00ae Kaiser Plus hace posible un reemplazo del pivote central sencillo, preciso, fiable y seguro. M\u00e1s informaci\u00f3n.","breadcrumb":{"@id":"https:\/\/www.stemco.com\/product\/steering-products-parts\/king-pins\/pluskit-king-pin-kit\/#breadcrumb"},"inLanguage":"es","potentialAction":[{"@type":"ReadAction","target":["https:\/\/www.stemco.com\/product\/steering-products-parts\/king-pins\/pluskit-king-pin-kit\/"]}]},{"@type":"ImageObject","inLanguage":"es","@id":"https:\/\/www.stemco.com\/product\/steering-products-parts\/king-pins\/pluskit-king-pin-kit\/#primaryimage","url":"https:\/\/www.stemco.com\/wp-content\/uploads\/2020\/06\/Pluskit-king-pin-kit-updated.png","contentUrl":"https:\/\/www.stemco.com\/wp-content\/uploads\/2020\/06\/Pluskit-king-pin-kit-updated.png","width":541,"height":200},{"@type":"BreadcrumbList","@id":"https:\/\/www.stemco.com\/product\/steering-products-parts\/king-pins\/pluskit-king-pin-kit\/#breadcrumb","itemListElement":[{"@type":"ListItem","position":1,"name":"Home","item":"https:\/\/www.stemco.com\/"},{"@type":"ListItem","position":2,"name":"Products","item":"https:\/\/www.stemco.com\/product\/"},{"@type":"ListItem","position":3,"name":"Steering","item":"https:\/\/www.stemco.com\/product\/steering-products-parts\/"},{"@type":"ListItem","position":4,"name":"Kaiser King Pins","item":"https:\/\/www.stemco.com\/product\/steering-products-parts\/king-pins\/"},{"@type":"ListItem","position":5,"name":"PlusKit\u00ae King Pin Kit"}]},{"@type":"WebSite","@id":"https:\/\/www.stemco.com\/#website","url":"https:\/\/www.stemco.com\/","name":"Stemco","description":"Haciendo Las Carreteras M\u00e1s Seguras\u00ae","publisher":{"@id":"https:\/\/www.stemco.com\/#organization"},"potentialAction":[{"@type":"SearchAction","target":{"@type":"EntryPoint","urlTemplate":"https:\/\/www.stemco.com\/?s={search_term_string}"},"query-input":{"@type":"PropertyValueSpecification","valueRequired":true,"valueName":"search_term_string"}}],"inLanguage":"es"},{"@type":"Organization","@id":"https:\/\/www.stemco.com\/#organization","name":"Stemco","url":"https:\/\/www.stemco.com\/","logo":{"@type":"ImageObject","inLanguage":"es","@id":"https:\/\/www.stemco.com\/#\/schema\/logo\/image\/","url":"https:\/\/www.stemco.com\/wp-content\/uploads\/2025\/04\/stemco-logo-enpro.png","contentUrl":"https:\/\/www.stemco.com\/wp-content\/uploads\/2025\/04\/stemco-logo-enpro.png","width":245,"height":40,"caption":"Stemco"},"image":{"@id":"https:\/\/www.stemco.com\/#\/schema\/logo\/image\/"}}]}},"_links":{"self":[{"href":"https:\/\/www.stemco.com\/es\/wp-json\/wp\/v2\/product\/1153","targetHints":{"allow":["GET"]}}],"collection":[{"href":"https:\/\/www.stemco.com\/es\/wp-json\/wp\/v2\/product"}],"about":[{"href":"https:\/\/www.stemco.com\/es\/wp-json\/wp\/v2\/types\/product"}],"up":[{"embeddable":true,"href":"https:\/\/www.stemco.com\/es\/wp-json\/wp\/v2\/product\/24"}],"wp:featuredmedia":[{"embeddable":true,"href":"https:\/\/www.stemco.com\/es\/wp-json\/wp\/v2\/media\/30563"}],"wp:attachment":[{"href":"https:\/\/www.stemco.com\/es\/wp-json\/wp\/v2\/media?parent=1153"}],"wp:term":[{"taxonomy":"category","embeddable":true,"href":"https:\/\/www.stemco.com\/es\/wp-json\/wp\/v2\/categories?post=1153"},{"taxonomy":"post_tag","embeddable":true,"href":"https:\/\/www.stemco.com\/es\/wp-json\/wp\/v2\/tags?post=1153"},{"taxonomy":"product-category","embeddable":true,"href":"https:\/\/www.stemco.com\/es\/wp-json\/wp\/v2\/product-category?post=1153"},{"taxonomy":"product-page-type-category","embeddable":true,"href":"https:\/\/www.stemco.com\/es\/wp-json\/wp\/v2\/product-page-type-category?post=1153"}],"curies":[{"name":"wp","href":"https:\/\/api.w.org\/{rel}","templated":true}]}}