{"id":1070,"date":"2020-06-26T16:36:03","date_gmt":"2020-06-26T16:36:03","guid":{"rendered":"https:\/\/www.stemco.com?post_type=product&#038;p=1070"},"modified":"2025-03-25T20:28:44","modified_gmt":"2025-03-25T20:28:44","slug":"heavy-duty-bearings","status":"publish","type":"product","link":"https:\/\/www.stemco.com\/es\/product\/wheel-end\/heavy-duty-bearings\/heavy-duty-bearings\/","title":{"rendered":"Heavy Duty Bearings"},"content":{"rendered":"<p>Los rodamientos est\u00e1n en el coraz\u00f3n de los camiones comerciales. La calidad inferior puede costar mucho m\u00e1s que el dinero que ahorra. STEMCO<sup>\u00ae<\/sup> Los rodamientos de servicio pesado brindan una calidad y confiabilidad inigualables y son parte de nuestra promesa de hacer que las carreteras sean m\u00e1s seguras.<sup>\u00ae<\/sup>.<\/p>","protected":false},"excerpt":{"rendered":"<p>Los rodamientos est\u00e1n en el coraz\u00f3n de los camiones comerciales. La calidad inferior puede costar mucho m\u00e1s que el dinero que ahorra. Los cojinetes de servicio pesado STEMCO\u00ae brindan una calidad y confiabilidad inigualables y son parte de nuestra promesa de Making the Roadways Safer\u00ae.<\/p>","protected":false},"featured_media":29636,"parent":15,"menu_order":0,"template":"","format":"standard","meta":{"_acf_changed":false,"content-type":""},"categories":[],"tags":[],"product-category":[21],"product-page-type-category":[20],"class_list":["post-1070","product","type-product","status-publish","format-standard","has-post-thumbnail","hentry","product-category-wheel-end","product-page-type-category-simple-product-page"],"acf":[],"yoast_head":"<!-- This site is optimized with the Yoast SEO plugin v26.8 - https:\/\/yoast.com\/product\/yoast-seo-wordpress\/ -->\n<title>Heavy Duty Bearing | Wheel End Products | STEMCO\u00ae<\/title>\n<meta name=\"description\" content=\"Our STEMCO\u00ae heavy-duty bearings deliver unmatched quality and reliability and are part of our promise of Making the Roadways Safer\u00ae.\" \/>\n<meta name=\"robots\" content=\"index, follow, max-snippet:-1, max-image-preview:large, max-video-preview:-1\" \/>\n<link rel=\"canonical\" href=\"https:\/\/www.stemco.com\/es\/product\/wheel-end\/heavy-duty-bearings\/heavy-duty-bearings\/\" \/>\n<meta property=\"og:locale\" content=\"es_MX\" \/>\n<meta property=\"og:type\" content=\"article\" \/>\n<meta property=\"og:title\" content=\"Heavy Duty Bearing | Wheel End Products | STEMCO\u00ae\" \/>\n<meta property=\"og:description\" content=\"Our STEMCO\u00ae heavy-duty bearings deliver unmatched quality and reliability and are part of our promise of Making the Roadways Safer\u00ae.\" \/>\n<meta property=\"og:url\" content=\"https:\/\/www.stemco.com\/es\/product\/wheel-end\/heavy-duty-bearings\/heavy-duty-bearings\/\" \/>\n<meta property=\"og:site_name\" content=\"Stemco\" \/>\n<meta property=\"article:modified_time\" content=\"2025-03-25T20:28:44+00:00\" \/>\n<meta property=\"og:image\" content=\"https:\/\/www.stemco.com\/wp-content\/uploads\/2020\/06\/heavy-duty-bearings-update.jpg\" \/>\n\t<meta property=\"og:image:width\" content=\"675\" \/>\n\t<meta property=\"og:image:height\" content=\"250\" \/>\n\t<meta property=\"og:image:type\" content=\"image\/jpeg\" \/>\n<meta name=\"twitter:card\" content=\"summary_large_image\" \/>\n<meta name=\"twitter:label1\" content=\"Tiempo de lectura\" \/>\n\t<meta name=\"twitter:data1\" content=\"1 minuto\" \/>\n<script type=\"application\/ld+json\" class=\"yoast-schema-graph\">{\"@context\":\"https:\/\/schema.org\",\"@graph\":[{\"@type\":\"WebPage\",\"@id\":\"https:\/\/www.stemco.com\/product\/wheel-end\/heavy-duty-bearings\/heavy-duty-bearings\/\",\"url\":\"https:\/\/www.stemco.com\/product\/wheel-end\/heavy-duty-bearings\/heavy-duty-bearings\/\",\"name\":\"Heavy Duty Bearing | Wheel End Products | STEMCO\u00ae\",\"isPartOf\":{\"@id\":\"https:\/\/www.stemco.com\/#website\"},\"primaryImageOfPage\":{\"@id\":\"https:\/\/www.stemco.com\/product\/wheel-end\/heavy-duty-bearings\/heavy-duty-bearings\/#primaryimage\"},\"image\":{\"@id\":\"https:\/\/www.stemco.com\/product\/wheel-end\/heavy-duty-bearings\/heavy-duty-bearings\/#primaryimage\"},\"thumbnailUrl\":\"https:\/\/www.stemco.com\/wp-content\/uploads\/2020\/06\/heavy-duty-bearings-update.jpg\",\"datePublished\":\"2020-06-26T16:36:03+00:00\",\"dateModified\":\"2025-03-25T20:28:44+00:00\",\"description\":\"Our STEMCO\u00ae heavy-duty bearings deliver unmatched quality and reliability and are part of our promise of Making the Roadways Safer\u00ae.\",\"breadcrumb\":{\"@id\":\"https:\/\/www.stemco.com\/product\/wheel-end\/heavy-duty-bearings\/heavy-duty-bearings\/#breadcrumb\"},\"inLanguage\":\"es\",\"potentialAction\":[{\"@type\":\"ReadAction\",\"target\":[\"https:\/\/www.stemco.com\/product\/wheel-end\/heavy-duty-bearings\/heavy-duty-bearings\/\"]}]},{\"@type\":\"ImageObject\",\"inLanguage\":\"es\",\"@id\":\"https:\/\/www.stemco.com\/product\/wheel-end\/heavy-duty-bearings\/heavy-duty-bearings\/#primaryimage\",\"url\":\"https:\/\/www.stemco.com\/wp-content\/uploads\/2020\/06\/heavy-duty-bearings-update.jpg\",\"contentUrl\":\"https:\/\/www.stemco.com\/wp-content\/uploads\/2020\/06\/heavy-duty-bearings-update.jpg\",\"width\":675,\"height\":250,\"caption\":\"Three heavy duty bearings.\"},{\"@type\":\"BreadcrumbList\",\"@id\":\"https:\/\/www.stemco.com\/product\/wheel-end\/heavy-duty-bearings\/heavy-duty-bearings\/#breadcrumb\",\"itemListElement\":[{\"@type\":\"ListItem\",\"position\":1,\"name\":\"Home\",\"item\":\"https:\/\/www.stemco.com\/\"},{\"@type\":\"ListItem\",\"position\":2,\"name\":\"Products\",\"item\":\"https:\/\/www.stemco.com\/product\/\"},{\"@type\":\"ListItem\",\"position\":3,\"name\":\"Wheel End\",\"item\":\"https:\/\/www.stemco.com\/product\/wheel-end\/\"},{\"@type\":\"ListItem\",\"position\":4,\"name\":\"Heavy Duty Bearings\",\"item\":\"https:\/\/www.stemco.com\/product\/wheel-end\/heavy-duty-bearings\/\"},{\"@type\":\"ListItem\",\"position\":5,\"name\":\"Heavy Duty Bearings\"}]},{\"@type\":\"WebSite\",\"@id\":\"https:\/\/www.stemco.com\/#website\",\"url\":\"https:\/\/www.stemco.com\/\",\"name\":\"Stemco\",\"description\":\"Making The Roadways Safer\u00ae\",\"publisher\":{\"@id\":\"https:\/\/www.stemco.com\/#organization\"},\"potentialAction\":[{\"@type\":\"SearchAction\",\"target\":{\"@type\":\"EntryPoint\",\"urlTemplate\":\"https:\/\/www.stemco.com\/?s={search_term_string}\"},\"query-input\":{\"@type\":\"PropertyValueSpecification\",\"valueRequired\":true,\"valueName\":\"search_term_string\"}}],\"inLanguage\":\"es\"},{\"@type\":\"Organization\",\"@id\":\"https:\/\/www.stemco.com\/#organization\",\"name\":\"Stemco\",\"url\":\"https:\/\/www.stemco.com\/\",\"logo\":{\"@type\":\"ImageObject\",\"inLanguage\":\"es\",\"@id\":\"https:\/\/www.stemco.com\/#\/schema\/logo\/image\/\",\"url\":\"https:\/\/www.stemco.com\/wp-content\/uploads\/2025\/04\/stemco-logo-enpro.png\",\"contentUrl\":\"https:\/\/www.stemco.com\/wp-content\/uploads\/2025\/04\/stemco-logo-enpro.png\",\"width\":245,\"height\":40,\"caption\":\"Stemco\"},\"image\":{\"@id\":\"https:\/\/www.stemco.com\/#\/schema\/logo\/image\/\"}}]}<\/script>\n<!-- \/ Yoast SEO plugin. -->","yoast_head_json":{"title":"Cojinete de alta resistencia | Productos para extremos de rueda | STEMCO\u00ae","description":"Nuestros cojinetes de servicio pesado STEMCO\u00ae brindan calidad y confiabilidad inigualables y son parte de nuestra promesa de hacer las carreteras m\u00e1s seguras\u00ae.","robots":{"index":"index","follow":"follow","max-snippet":"max-snippet:-1","max-image-preview":"max-image-preview:large","max-video-preview":"max-video-preview:-1"},"canonical":"https:\/\/www.stemco.com\/es\/product\/wheel-end\/heavy-duty-bearings\/heavy-duty-bearings\/","og_locale":"es_MX","og_type":"article","og_title":"Heavy Duty Bearing | Wheel End Products | STEMCO\u00ae","og_description":"Our STEMCO\u00ae heavy-duty bearings deliver unmatched quality and reliability and are part of our promise of Making the Roadways Safer\u00ae.","og_url":"https:\/\/www.stemco.com\/es\/product\/wheel-end\/heavy-duty-bearings\/heavy-duty-bearings\/","og_site_name":"Stemco","article_modified_time":"2025-03-25T20:28:44+00:00","og_image":[{"width":675,"height":250,"url":"https:\/\/www.stemco.com\/wp-content\/uploads\/2020\/06\/heavy-duty-bearings-update.jpg","type":"image\/jpeg"}],"twitter_card":"summary_large_image","twitter_misc":{"Tiempo de lectura":"1 minuto"},"schema":{"@context":"https:\/\/schema.org","@graph":[{"@type":"WebPage","@id":"https:\/\/www.stemco.com\/product\/wheel-end\/heavy-duty-bearings\/heavy-duty-bearings\/","url":"https:\/\/www.stemco.com\/product\/wheel-end\/heavy-duty-bearings\/heavy-duty-bearings\/","name":"Cojinete de alta resistencia | Productos para extremos de rueda | STEMCO\u00ae","isPartOf":{"@id":"https:\/\/www.stemco.com\/#website"},"primaryImageOfPage":{"@id":"https:\/\/www.stemco.com\/product\/wheel-end\/heavy-duty-bearings\/heavy-duty-bearings\/#primaryimage"},"image":{"@id":"https:\/\/www.stemco.com\/product\/wheel-end\/heavy-duty-bearings\/heavy-duty-bearings\/#primaryimage"},"thumbnailUrl":"https:\/\/www.stemco.com\/wp-content\/uploads\/2020\/06\/heavy-duty-bearings-update.jpg","datePublished":"2020-06-26T16:36:03+00:00","dateModified":"2025-03-25T20:28:44+00:00","description":"Nuestros cojinetes de servicio pesado STEMCO\u00ae brindan calidad y confiabilidad inigualables y son parte de nuestra promesa de hacer las carreteras m\u00e1s seguras\u00ae.","breadcrumb":{"@id":"https:\/\/www.stemco.com\/product\/wheel-end\/heavy-duty-bearings\/heavy-duty-bearings\/#breadcrumb"},"inLanguage":"es","potentialAction":[{"@type":"ReadAction","target":["https:\/\/www.stemco.com\/product\/wheel-end\/heavy-duty-bearings\/heavy-duty-bearings\/"]}]},{"@type":"ImageObject","inLanguage":"es","@id":"https:\/\/www.stemco.com\/product\/wheel-end\/heavy-duty-bearings\/heavy-duty-bearings\/#primaryimage","url":"https:\/\/www.stemco.com\/wp-content\/uploads\/2020\/06\/heavy-duty-bearings-update.jpg","contentUrl":"https:\/\/www.stemco.com\/wp-content\/uploads\/2020\/06\/heavy-duty-bearings-update.jpg","width":675,"height":250,"caption":"Three heavy duty bearings."},{"@type":"BreadcrumbList","@id":"https:\/\/www.stemco.com\/product\/wheel-end\/heavy-duty-bearings\/heavy-duty-bearings\/#breadcrumb","itemListElement":[{"@type":"ListItem","position":1,"name":"Home","item":"https:\/\/www.stemco.com\/"},{"@type":"ListItem","position":2,"name":"Products","item":"https:\/\/www.stemco.com\/product\/"},{"@type":"ListItem","position":3,"name":"Wheel End","item":"https:\/\/www.stemco.com\/product\/wheel-end\/"},{"@type":"ListItem","position":4,"name":"Heavy Duty Bearings","item":"https:\/\/www.stemco.com\/product\/wheel-end\/heavy-duty-bearings\/"},{"@type":"ListItem","position":5,"name":"Heavy Duty Bearings"}]},{"@type":"WebSite","@id":"https:\/\/www.stemco.com\/#website","url":"https:\/\/www.stemco.com\/","name":"Stemco","description":"Haciendo Las Carreteras M\u00e1s Seguras\u00ae","publisher":{"@id":"https:\/\/www.stemco.com\/#organization"},"potentialAction":[{"@type":"SearchAction","target":{"@type":"EntryPoint","urlTemplate":"https:\/\/www.stemco.com\/?s={search_term_string}"},"query-input":{"@type":"PropertyValueSpecification","valueRequired":true,"valueName":"search_term_string"}}],"inLanguage":"es"},{"@type":"Organization","@id":"https:\/\/www.stemco.com\/#organization","name":"Stemco","url":"https:\/\/www.stemco.com\/","logo":{"@type":"ImageObject","inLanguage":"es","@id":"https:\/\/www.stemco.com\/#\/schema\/logo\/image\/","url":"https:\/\/www.stemco.com\/wp-content\/uploads\/2025\/04\/stemco-logo-enpro.png","contentUrl":"https:\/\/www.stemco.com\/wp-content\/uploads\/2025\/04\/stemco-logo-enpro.png","width":245,"height":40,"caption":"Stemco"},"image":{"@id":"https:\/\/www.stemco.com\/#\/schema\/logo\/image\/"}}]}},"_links":{"self":[{"href":"https:\/\/www.stemco.com\/es\/wp-json\/wp\/v2\/product\/1070","targetHints":{"allow":["GET"]}}],"collection":[{"href":"https:\/\/www.stemco.com\/es\/wp-json\/wp\/v2\/product"}],"about":[{"href":"https:\/\/www.stemco.com\/es\/wp-json\/wp\/v2\/types\/product"}],"up":[{"embeddable":true,"href":"https:\/\/www.stemco.com\/es\/wp-json\/wp\/v2\/product\/15"}],"wp:featuredmedia":[{"embeddable":true,"href":"https:\/\/www.stemco.com\/es\/wp-json\/wp\/v2\/media\/29636"}],"wp:attachment":[{"href":"https:\/\/www.stemco.com\/es\/wp-json\/wp\/v2\/media?parent=1070"}],"wp:term":[{"taxonomy":"category","embeddable":true,"href":"https:\/\/www.stemco.com\/es\/wp-json\/wp\/v2\/categories?post=1070"},{"taxonomy":"post_tag","embeddable":true,"href":"https:\/\/www.stemco.com\/es\/wp-json\/wp\/v2\/tags?post=1070"},{"taxonomy":"product-category","embeddable":true,"href":"https:\/\/www.stemco.com\/es\/wp-json\/wp\/v2\/product-category?post=1070"},{"taxonomy":"product-page-type-category","embeddable":true,"href":"https:\/\/www.stemco.com\/es\/wp-json\/wp\/v2\/product-page-type-category?post=1070"}],"curies":[{"name":"wp","href":"https:\/\/api.w.org\/{rel}","templated":true}]}}