{"id":1060,"date":"2020-06-26T16:19:49","date_gmt":"2020-06-26T16:19:49","guid":{"rendered":"https:\/\/www.stemco.com?post_type=product&#038;p=1060"},"modified":"2026-01-22T22:59:57","modified_gmt":"2026-01-22T22:59:57","slug":"mechanical-hubodometer","status":"publish","type":"product","link":"https:\/\/www.stemco.com\/es\/product\/wheel-end\/hubodometers\/mechanical-hubodometer\/","title":{"rendered":"Mechanical Hubodometer<sup>\u00ae<\/sup>"},"content":{"rendered":"<p>Avanzar en la industria del transporte por carretera requiere informaci\u00f3n precisa y confiable, y nada la entrega como el hubod\u00f3metro STEMCO\u00ae<sup>\u00ae<\/sup>. Con un dise\u00f1o innovador, construido con materiales de grado militar y respaldado por una garant\u00eda que inspira confianza, el hubod\u00f3metro ayuda a garantizar la productividad y la rentabilidad a trav\u00e9s de datos superiores.<\/p>","protected":false},"excerpt":{"rendered":"<p>Avanzar en la industria del transporte por carretera requiere informaci\u00f3n precisa y confiable, y nada la entrega como el hubod\u00f3metro STEMCO\u00ae. Con un dise\u00f1o innovador, construido con materiales de grado militar y respaldado por una garant\u00eda que inspira confianza, el hubod\u00f3metro ayuda a garantizar la productividad y la rentabilidad a trav\u00e9s de datos superiores.<\/p>","protected":false},"featured_media":1069,"parent":13,"menu_order":1,"template":"","format":"standard","meta":{"_acf_changed":false,"content-type":""},"categories":[],"tags":[],"product-category":[28],"product-page-type-category":[20],"class_list":["post-1060","product","type-product","status-publish","format-standard","has-post-thumbnail","hentry","product-category-hubodometers","product-page-type-category-simple-product-page"],"acf":[],"yoast_head":"<!-- This site is optimized with the Yoast SEO plugin v26.8 - https:\/\/yoast.com\/product\/yoast-seo-wordpress\/ -->\n<title>Mechanical Hubodometer\u00ae | Wheel End Products | STEMCO\u00ae<\/title>\n<meta name=\"description\" content=\"STEMCO\u00ae Mechanical Hubodometer\u00ae features an innovative design, built with military-grade materials, helps ensure productivity through superior data.\" \/>\n<meta name=\"robots\" content=\"index, follow, max-snippet:-1, max-image-preview:large, max-video-preview:-1\" \/>\n<link rel=\"canonical\" href=\"https:\/\/www.stemco.com\/es\/product\/wheel-end\/hubodometers\/mechanical-hubodometer\/\" \/>\n<meta property=\"og:locale\" content=\"es_MX\" \/>\n<meta property=\"og:type\" content=\"article\" \/>\n<meta property=\"og:title\" content=\"Mechanical Hubodometer\u00ae | Wheel End Products | STEMCO\u00ae\" \/>\n<meta property=\"og:description\" content=\"STEMCO\u00ae Mechanical Hubodometer\u00ae features an innovative design, built with military-grade materials, helps ensure productivity through superior data.\" \/>\n<meta property=\"og:url\" content=\"https:\/\/www.stemco.com\/es\/product\/wheel-end\/hubodometers\/mechanical-hubodometer\/\" \/>\n<meta property=\"og:site_name\" content=\"Stemco\" \/>\n<meta property=\"article:modified_time\" content=\"2026-01-22T22:59:57+00:00\" \/>\n<meta property=\"og:image\" content=\"https:\/\/www.stemco.com\/wp-content\/uploads\/2020\/06\/standard-hubodometer.jpg\" \/>\n\t<meta property=\"og:image:width\" content=\"675\" \/>\n\t<meta property=\"og:image:height\" content=\"250\" \/>\n\t<meta property=\"og:image:type\" content=\"image\/jpeg\" \/>\n<meta name=\"twitter:card\" content=\"summary_large_image\" \/>\n<meta name=\"twitter:label1\" content=\"Tiempo de lectura\" \/>\n\t<meta name=\"twitter:data1\" content=\"1 minuto\" \/>\n<script type=\"application\/ld+json\" class=\"yoast-schema-graph\">{\"@context\":\"https:\/\/schema.org\",\"@graph\":[{\"@type\":\"WebPage\",\"@id\":\"https:\/\/www.stemco.com\/product\/wheel-end\/hubodometers\/mechanical-hubodometer\/\",\"url\":\"https:\/\/www.stemco.com\/product\/wheel-end\/hubodometers\/mechanical-hubodometer\/\",\"name\":\"Mechanical Hubodometer\u00ae | Wheel End Products | STEMCO\u00ae\",\"isPartOf\":{\"@id\":\"https:\/\/www.stemco.com\/#website\"},\"primaryImageOfPage\":{\"@id\":\"https:\/\/www.stemco.com\/product\/wheel-end\/hubodometers\/mechanical-hubodometer\/#primaryimage\"},\"image\":{\"@id\":\"https:\/\/www.stemco.com\/product\/wheel-end\/hubodometers\/mechanical-hubodometer\/#primaryimage\"},\"thumbnailUrl\":\"https:\/\/www.stemco.com\/wp-content\/uploads\/2020\/06\/standard-hubodometer.jpg\",\"datePublished\":\"2020-06-26T16:19:49+00:00\",\"dateModified\":\"2026-01-22T22:59:57+00:00\",\"description\":\"STEMCO\u00ae Mechanical Hubodometer\u00ae features an innovative design, built with military-grade materials, helps ensure productivity through superior data.\",\"breadcrumb\":{\"@id\":\"https:\/\/www.stemco.com\/product\/wheel-end\/hubodometers\/mechanical-hubodometer\/#breadcrumb\"},\"inLanguage\":\"es\",\"potentialAction\":[{\"@type\":\"ReadAction\",\"target\":[\"https:\/\/www.stemco.com\/product\/wheel-end\/hubodometers\/mechanical-hubodometer\/\"]}]},{\"@type\":\"ImageObject\",\"inLanguage\":\"es\",\"@id\":\"https:\/\/www.stemco.com\/product\/wheel-end\/hubodometers\/mechanical-hubodometer\/#primaryimage\",\"url\":\"https:\/\/www.stemco.com\/wp-content\/uploads\/2020\/06\/standard-hubodometer.jpg\",\"contentUrl\":\"https:\/\/www.stemco.com\/wp-content\/uploads\/2020\/06\/standard-hubodometer.jpg\",\"width\":675,\"height\":250,\"caption\":\"Mechanical Hubodometer\"},{\"@type\":\"BreadcrumbList\",\"@id\":\"https:\/\/www.stemco.com\/product\/wheel-end\/hubodometers\/mechanical-hubodometer\/#breadcrumb\",\"itemListElement\":[{\"@type\":\"ListItem\",\"position\":1,\"name\":\"Home\",\"item\":\"https:\/\/www.stemco.com\/\"},{\"@type\":\"ListItem\",\"position\":2,\"name\":\"Products\",\"item\":\"https:\/\/www.stemco.com\/product\/\"},{\"@type\":\"ListItem\",\"position\":3,\"name\":\"Wheel End\",\"item\":\"https:\/\/www.stemco.com\/product\/wheel-end\/\"},{\"@type\":\"ListItem\",\"position\":4,\"name\":\"Hubodometers\",\"item\":\"https:\/\/www.stemco.com\/product\/wheel-end\/hubodometers\/\"},{\"@type\":\"ListItem\",\"position\":5,\"name\":\"Mechanical Hubodometer\u00ae\"}]},{\"@type\":\"WebSite\",\"@id\":\"https:\/\/www.stemco.com\/#website\",\"url\":\"https:\/\/www.stemco.com\/\",\"name\":\"Stemco\",\"description\":\"Making The Roadways Safer\u00ae\",\"publisher\":{\"@id\":\"https:\/\/www.stemco.com\/#organization\"},\"potentialAction\":[{\"@type\":\"SearchAction\",\"target\":{\"@type\":\"EntryPoint\",\"urlTemplate\":\"https:\/\/www.stemco.com\/?s={search_term_string}\"},\"query-input\":{\"@type\":\"PropertyValueSpecification\",\"valueRequired\":true,\"valueName\":\"search_term_string\"}}],\"inLanguage\":\"es\"},{\"@type\":\"Organization\",\"@id\":\"https:\/\/www.stemco.com\/#organization\",\"name\":\"Stemco\",\"url\":\"https:\/\/www.stemco.com\/\",\"logo\":{\"@type\":\"ImageObject\",\"inLanguage\":\"es\",\"@id\":\"https:\/\/www.stemco.com\/#\/schema\/logo\/image\/\",\"url\":\"https:\/\/www.stemco.com\/wp-content\/uploads\/2025\/04\/stemco-logo-enpro.png\",\"contentUrl\":\"https:\/\/www.stemco.com\/wp-content\/uploads\/2025\/04\/stemco-logo-enpro.png\",\"width\":245,\"height\":40,\"caption\":\"Stemco\"},\"image\":{\"@id\":\"https:\/\/www.stemco.com\/#\/schema\/logo\/image\/\"}}]}<\/script>\n<!-- \/ Yoast SEO plugin. -->","yoast_head_json":{"title":"Mechanical Hubodometer\u00ae | Productos para extremos de rueda | STEMCO\u00ae","description":"STEMCO\u00ae Mechanical Hubodometer\u00ae presenta un dise\u00f1o innovador, construido con materiales de grado militar, que ayuda a garantizar la productividad a trav\u00e9s de datos superiores.","robots":{"index":"index","follow":"follow","max-snippet":"max-snippet:-1","max-image-preview":"max-image-preview:large","max-video-preview":"max-video-preview:-1"},"canonical":"https:\/\/www.stemco.com\/es\/product\/wheel-end\/hubodometers\/mechanical-hubodometer\/","og_locale":"es_MX","og_type":"article","og_title":"Mechanical Hubodometer\u00ae | Wheel End Products | STEMCO\u00ae","og_description":"STEMCO\u00ae Mechanical Hubodometer\u00ae features an innovative design, built with military-grade materials, helps ensure productivity through superior data.","og_url":"https:\/\/www.stemco.com\/es\/product\/wheel-end\/hubodometers\/mechanical-hubodometer\/","og_site_name":"Stemco","article_modified_time":"2026-01-22T22:59:57+00:00","og_image":[{"width":675,"height":250,"url":"https:\/\/www.stemco.com\/wp-content\/uploads\/2020\/06\/standard-hubodometer.jpg","type":"image\/jpeg"}],"twitter_card":"summary_large_image","twitter_misc":{"Tiempo de lectura":"1 minuto"},"schema":{"@context":"https:\/\/schema.org","@graph":[{"@type":"WebPage","@id":"https:\/\/www.stemco.com\/product\/wheel-end\/hubodometers\/mechanical-hubodometer\/","url":"https:\/\/www.stemco.com\/product\/wheel-end\/hubodometers\/mechanical-hubodometer\/","name":"Mechanical Hubodometer\u00ae | Productos para extremos de rueda | STEMCO\u00ae","isPartOf":{"@id":"https:\/\/www.stemco.com\/#website"},"primaryImageOfPage":{"@id":"https:\/\/www.stemco.com\/product\/wheel-end\/hubodometers\/mechanical-hubodometer\/#primaryimage"},"image":{"@id":"https:\/\/www.stemco.com\/product\/wheel-end\/hubodometers\/mechanical-hubodometer\/#primaryimage"},"thumbnailUrl":"https:\/\/www.stemco.com\/wp-content\/uploads\/2020\/06\/standard-hubodometer.jpg","datePublished":"2020-06-26T16:19:49+00:00","dateModified":"2026-01-22T22:59:57+00:00","description":"STEMCO\u00ae Mechanical Hubodometer\u00ae presenta un dise\u00f1o innovador, construido con materiales de grado militar, que ayuda a garantizar la productividad a trav\u00e9s de datos superiores.","breadcrumb":{"@id":"https:\/\/www.stemco.com\/product\/wheel-end\/hubodometers\/mechanical-hubodometer\/#breadcrumb"},"inLanguage":"es","potentialAction":[{"@type":"ReadAction","target":["https:\/\/www.stemco.com\/product\/wheel-end\/hubodometers\/mechanical-hubodometer\/"]}]},{"@type":"ImageObject","inLanguage":"es","@id":"https:\/\/www.stemco.com\/product\/wheel-end\/hubodometers\/mechanical-hubodometer\/#primaryimage","url":"https:\/\/www.stemco.com\/wp-content\/uploads\/2020\/06\/standard-hubodometer.jpg","contentUrl":"https:\/\/www.stemco.com\/wp-content\/uploads\/2020\/06\/standard-hubodometer.jpg","width":675,"height":250,"caption":"Mechanical Hubodometer"},{"@type":"BreadcrumbList","@id":"https:\/\/www.stemco.com\/product\/wheel-end\/hubodometers\/mechanical-hubodometer\/#breadcrumb","itemListElement":[{"@type":"ListItem","position":1,"name":"Home","item":"https:\/\/www.stemco.com\/"},{"@type":"ListItem","position":2,"name":"Products","item":"https:\/\/www.stemco.com\/product\/"},{"@type":"ListItem","position":3,"name":"Wheel End","item":"https:\/\/www.stemco.com\/product\/wheel-end\/"},{"@type":"ListItem","position":4,"name":"Hubodometers","item":"https:\/\/www.stemco.com\/product\/wheel-end\/hubodometers\/"},{"@type":"ListItem","position":5,"name":"Mechanical Hubodometer\u00ae"}]},{"@type":"WebSite","@id":"https:\/\/www.stemco.com\/#website","url":"https:\/\/www.stemco.com\/","name":"Stemco","description":"Haciendo Las Carreteras M\u00e1s Seguras\u00ae","publisher":{"@id":"https:\/\/www.stemco.com\/#organization"},"potentialAction":[{"@type":"SearchAction","target":{"@type":"EntryPoint","urlTemplate":"https:\/\/www.stemco.com\/?s={search_term_string}"},"query-input":{"@type":"PropertyValueSpecification","valueRequired":true,"valueName":"search_term_string"}}],"inLanguage":"es"},{"@type":"Organization","@id":"https:\/\/www.stemco.com\/#organization","name":"Stemco","url":"https:\/\/www.stemco.com\/","logo":{"@type":"ImageObject","inLanguage":"es","@id":"https:\/\/www.stemco.com\/#\/schema\/logo\/image\/","url":"https:\/\/www.stemco.com\/wp-content\/uploads\/2025\/04\/stemco-logo-enpro.png","contentUrl":"https:\/\/www.stemco.com\/wp-content\/uploads\/2025\/04\/stemco-logo-enpro.png","width":245,"height":40,"caption":"Stemco"},"image":{"@id":"https:\/\/www.stemco.com\/#\/schema\/logo\/image\/"}}]}},"_links":{"self":[{"href":"https:\/\/www.stemco.com\/es\/wp-json\/wp\/v2\/product\/1060","targetHints":{"allow":["GET"]}}],"collection":[{"href":"https:\/\/www.stemco.com\/es\/wp-json\/wp\/v2\/product"}],"about":[{"href":"https:\/\/www.stemco.com\/es\/wp-json\/wp\/v2\/types\/product"}],"up":[{"embeddable":true,"href":"https:\/\/www.stemco.com\/es\/wp-json\/wp\/v2\/product\/13"}],"wp:featuredmedia":[{"embeddable":true,"href":"https:\/\/www.stemco.com\/es\/wp-json\/wp\/v2\/media\/1069"}],"wp:attachment":[{"href":"https:\/\/www.stemco.com\/es\/wp-json\/wp\/v2\/media?parent=1060"}],"wp:term":[{"taxonomy":"category","embeddable":true,"href":"https:\/\/www.stemco.com\/es\/wp-json\/wp\/v2\/categories?post=1060"},{"taxonomy":"post_tag","embeddable":true,"href":"https:\/\/www.stemco.com\/es\/wp-json\/wp\/v2\/tags?post=1060"},{"taxonomy":"product-category","embeddable":true,"href":"https:\/\/www.stemco.com\/es\/wp-json\/wp\/v2\/product-category?post=1060"},{"taxonomy":"product-page-type-category","embeddable":true,"href":"https:\/\/www.stemco.com\/es\/wp-json\/wp\/v2\/product-page-type-category?post=1060"}],"curies":[{"name":"wp","href":"https:\/\/api.w.org\/{rel}","templated":true}]}}