{"id":10301,"date":"2023-03-15T15:58:43","date_gmt":"2023-03-15T15:58:43","guid":{"rendered":"https:\/\/www.stemco.com\/?post_type=product&#038;p=10301"},"modified":"2026-02-03T14:48:26","modified_gmt":"2026-02-03T14:48:26","slug":"auto-torq","status":"publish","type":"product","link":"https:\/\/www.stemco.com\/es\/product\/wheel-end\/axle-fasteners\/auto-torq\/","title":{"rendered":"Par autom\u00e1tico<sup>\u00ae<\/sup>"},"content":{"rendered":"<div class=\"mb-2\">\u00a1STEMCO vuelve a cambiar el juego de los extremos de las ruedas! El sujetador de eje Auto-Torq est\u00e1 dise\u00f1ado para agilizar la instalaci\u00f3n del extremo de la rueda al eliminar la necesidad de procesos complejos y herramientas especiales, sin necesidad de arandelas, clips, anillos el\u00e1sticos, tornillos ni retenedores. Auto-Torq, una soluci\u00f3n todo en uno compatible con cualquier fabricante de mazas de la industria, aplica de forma segura la carga de sujeci\u00f3n \u00f3ptima en los rodamientos en todo momento para minimizar el desgaste y maximizar la vida \u00fatil. En pocas palabras, la instalaci\u00f3n nunca ha sido tan f\u00e1cil.<\/div>\n<div class=\"mb-2\">Dado que la mayor\u00eda de los reemplazos de fijaciones de eje tambi\u00e9n implican el reemplazo de un sello, ofrecemos Auto-Torq como par compatible con cualquiera de nuestros sellos de rueda premium, lo que simplifica la compra y maximiza el rendimiento y la durabilidad de sus extremos de rueda. Encuentre el sello que mejor se adapte a sus necesidades a trav\u00e9s de los enlaces a continuaci\u00f3n o contacte a su representante de ventas de STEMCO para obtener m\u00e1s informaci\u00f3n sobre estos potentes pares.<\/div>\n<div class=\"col-12 col-sm-4 col-md-3 col-lg-5 col-xl-4 ml-4 mb-2\">\n<ul>\n<li class=\"mb-1\"><a href=\"\/es\/product\/wheel-end\/seals\/discover-xr\/\">Descubre XR<\/a><\/li>\n<li class=\"mb-1\"><a href=\"\/es\/product\/wheel-end\/seals\/voyager-wheel-seal\/\">Viajero\u00ae<\/a><\/li>\n<li class=\"mb-1\"><a href=\"https:\/\/www.stemco.com\/es\/product\/wheel-end\/seals\/guardian-hp-hub-seal\/\">Guardi\u00e1n\u00ae HP<\/a><\/li>\n<li><a href=\"\/es\/product\/wheel-end\/seals\/grit-guard-hub-seal\/\">Protector contra la arena\u00ae<\/a><\/li>\n<\/ul>\n<\/div>\n<div class=\"mb-2\">Auto-Torq tambi\u00e9n est\u00e1 disponible como componente individual, lo que permite a nuestros clientes llevar lo \u00faltimo en tecnolog\u00eda de fijaci\u00f3n de ejes a cualquier extremo de rueda de su flota.<\/div>\n<p><a href=\"\/wp-content\/uploads\/2024\/11\/STEM1344_AutoTorq_Sellsheet_Redesign_v5r1_FNL_LR.pdf\" target=\"_blank\" rel=\"noopener\">Hoja de venta de Auto-Torq<\/a><\/p>\n<h3 class=\"h3 upper oswald deep-blue mt-5 mb-4\">Premios<\/h3>\n<div class=\"row align-items-center\">\n<div class=\"col-12 col-sm-4 col-md-3 col-lg-5 col-xl-4\"><img fetchpriority=\"high\" decoding=\"async\" class=\"w-100\" src=\"https:\/\/www.stemco.com\/wp-content\/uploads\/2023\/03\/HDT-TOP20-LOGO-2024.png\" alt=\"HDT Top 20 Products 2024 award\" width=\"500\" height=\"336\" \/><\/div>\n<div><img decoding=\"async\" class=\"alignnone wp-image-30221 lazyload\" data-src=\"https:\/\/www.stemco.com\/wp-content\/uploads\/2023\/03\/PACE-Award_Winner-update-300x77.png\" alt=\"\" width=\"316\" height=\"81\" data-srcset=\"https:\/\/www.stemco.com\/wp-content\/uploads\/2023\/03\/PACE-Award_Winner-update-300x77.png 300w, https:\/\/www.stemco.com\/wp-content\/uploads\/2023\/03\/PACE-Award_Winner-update-18x5.png 18w, https:\/\/www.stemco.com\/wp-content\/uploads\/2023\/03\/PACE-Award_Winner-update.png 500w\" data-sizes=\"(max-width: 316px) 100vw, 316px\" src=\"data:image\/svg+xml;base64,PHN2ZyB3aWR0aD0iMSIgaGVpZ2h0PSIxIiB4bWxucz0iaHR0cDovL3d3dy53My5vcmcvMjAwMC9zdmciPjwvc3ZnPg==\" style=\"--smush-placeholder-width: 316px; --smush-placeholder-aspect-ratio: 316\/81;\" \/><\/div>\n<\/div>","protected":false},"excerpt":{"rendered":"<p>\u00a1STEMCO vuelve a cambiar el juego de los extremos de las ruedas! El sujetador de eje Auto-Torq est\u00e1 dise\u00f1ado para agilizar la instalaci\u00f3n del extremo de la rueda al eliminar la necesidad de procesos complejos y herramientas especiales, sin necesidad de arandelas, clips, anillos el\u00e1sticos, tornillos ni retenedores. Auto-Torq, una soluci\u00f3n todo en uno que es compatible con cualquier fabricante de bujes de la industria, aplica de forma segura la carga de sujeci\u00f3n \u00f3ptima [\u2026]<\/p>","protected":false},"featured_media":10302,"parent":8,"menu_order":1,"template":"","format":"standard","meta":{"_acf_changed":false,"content-type":""},"categories":[],"tags":[],"product-category":[23],"product-page-type-category":[20],"class_list":["post-10301","product","type-product","status-publish","format-standard","has-post-thumbnail","hentry","product-category-axle-fasteners","product-page-type-category-simple-product-page"],"acf":[],"yoast_head":"<!-- This site is optimized with the Yoast SEO plugin v26.8 - https:\/\/yoast.com\/product\/yoast-seo-wordpress\/ -->\n<title>Auto-Torq\u00ae - Stemco<\/title>\n<meta name=\"description\" content=\"The Auto-Torq axle fastener is designed to streamline wheel end installation by eliminating the need for complex processes and specialty tools.\" \/>\n<meta name=\"robots\" content=\"index, follow, max-snippet:-1, max-image-preview:large, max-video-preview:-1\" \/>\n<link rel=\"canonical\" href=\"https:\/\/www.stemco.com\/es\/product\/wheel-end\/axle-fasteners\/auto-torq\/\" \/>\n<meta property=\"og:locale\" content=\"es_MX\" \/>\n<meta property=\"og:type\" content=\"article\" \/>\n<meta property=\"og:title\" content=\"Auto-Torq\u00ae - Stemco\" \/>\n<meta property=\"og:description\" content=\"The Auto-Torq axle fastener is designed to streamline wheel end installation by eliminating the need for complex processes and specialty tools.\" \/>\n<meta property=\"og:url\" content=\"https:\/\/www.stemco.com\/es\/product\/wheel-end\/axle-fasteners\/auto-torq\/\" \/>\n<meta property=\"og:site_name\" content=\"Stemco\" \/>\n<meta property=\"article:modified_time\" content=\"2026-02-03T14:48:26+00:00\" \/>\n<meta property=\"og:image\" content=\"https:\/\/www.stemco.com\/wp-content\/uploads\/2023\/03\/AutoTorq_product_image_BW.jpg\" \/>\n\t<meta property=\"og:image:width\" content=\"675\" \/>\n\t<meta property=\"og:image:height\" content=\"250\" \/>\n\t<meta property=\"og:image:type\" content=\"image\/jpeg\" \/>\n<meta name=\"twitter:card\" content=\"summary_large_image\" \/>\n<meta name=\"twitter:label1\" content=\"Tiempo de lectura\" \/>\n\t<meta name=\"twitter:data1\" content=\"3 minutos\" \/>\n<script type=\"application\/ld+json\" class=\"yoast-schema-graph\">{\"@context\":\"https:\/\/schema.org\",\"@graph\":[{\"@type\":\"WebPage\",\"@id\":\"https:\/\/www.stemco.com\/product\/wheel-end\/axle-fasteners\/auto-torq\/\",\"url\":\"https:\/\/www.stemco.com\/product\/wheel-end\/axle-fasteners\/auto-torq\/\",\"name\":\"Auto-Torq\u00ae - Stemco\",\"isPartOf\":{\"@id\":\"https:\/\/www.stemco.com\/#website\"},\"primaryImageOfPage\":{\"@id\":\"https:\/\/www.stemco.com\/product\/wheel-end\/axle-fasteners\/auto-torq\/#primaryimage\"},\"image\":{\"@id\":\"https:\/\/www.stemco.com\/product\/wheel-end\/axle-fasteners\/auto-torq\/#primaryimage\"},\"thumbnailUrl\":\"https:\/\/www.stemco.com\/wp-content\/uploads\/2023\/03\/AutoTorq_product_image_BW.jpg\",\"datePublished\":\"2023-03-15T15:58:43+00:00\",\"dateModified\":\"2026-02-03T14:48:26+00:00\",\"description\":\"The Auto-Torq axle fastener is designed to streamline wheel end installation by eliminating the need for complex processes and specialty tools.\",\"breadcrumb\":{\"@id\":\"https:\/\/www.stemco.com\/product\/wheel-end\/axle-fasteners\/auto-torq\/#breadcrumb\"},\"inLanguage\":\"es\",\"potentialAction\":[{\"@type\":\"ReadAction\",\"target\":[\"https:\/\/www.stemco.com\/product\/wheel-end\/axle-fasteners\/auto-torq\/\"]}]},{\"@type\":\"ImageObject\",\"inLanguage\":\"es\",\"@id\":\"https:\/\/www.stemco.com\/product\/wheel-end\/axle-fasteners\/auto-torq\/#primaryimage\",\"url\":\"https:\/\/www.stemco.com\/wp-content\/uploads\/2023\/03\/AutoTorq_product_image_BW.jpg\",\"contentUrl\":\"https:\/\/www.stemco.com\/wp-content\/uploads\/2023\/03\/AutoTorq_product_image_BW.jpg\",\"width\":675,\"height\":250,\"caption\":\"Heavy Duty Bearing\"},{\"@type\":\"BreadcrumbList\",\"@id\":\"https:\/\/www.stemco.com\/product\/wheel-end\/axle-fasteners\/auto-torq\/#breadcrumb\",\"itemListElement\":[{\"@type\":\"ListItem\",\"position\":1,\"name\":\"Home\",\"item\":\"https:\/\/www.stemco.com\/\"},{\"@type\":\"ListItem\",\"position\":2,\"name\":\"Products\",\"item\":\"https:\/\/www.stemco.com\/product\/\"},{\"@type\":\"ListItem\",\"position\":3,\"name\":\"Wheel End\",\"item\":\"https:\/\/www.stemco.com\/product\/wheel-end\/\"},{\"@type\":\"ListItem\",\"position\":4,\"name\":\"Axle Fasteners\",\"item\":\"https:\/\/www.stemco.com\/product\/wheel-end\/axle-fasteners\/\"},{\"@type\":\"ListItem\",\"position\":5,\"name\":\"Auto-Torq\u00ae\"}]},{\"@type\":\"WebSite\",\"@id\":\"https:\/\/www.stemco.com\/#website\",\"url\":\"https:\/\/www.stemco.com\/\",\"name\":\"Stemco\",\"description\":\"Making The Roadways Safer\u00ae\",\"publisher\":{\"@id\":\"https:\/\/www.stemco.com\/#organization\"},\"potentialAction\":[{\"@type\":\"SearchAction\",\"target\":{\"@type\":\"EntryPoint\",\"urlTemplate\":\"https:\/\/www.stemco.com\/?s={search_term_string}\"},\"query-input\":{\"@type\":\"PropertyValueSpecification\",\"valueRequired\":true,\"valueName\":\"search_term_string\"}}],\"inLanguage\":\"es\"},{\"@type\":\"Organization\",\"@id\":\"https:\/\/www.stemco.com\/#organization\",\"name\":\"Stemco\",\"url\":\"https:\/\/www.stemco.com\/\",\"logo\":{\"@type\":\"ImageObject\",\"inLanguage\":\"es\",\"@id\":\"https:\/\/www.stemco.com\/#\/schema\/logo\/image\/\",\"url\":\"https:\/\/www.stemco.com\/wp-content\/uploads\/2025\/04\/stemco-logo-enpro.png\",\"contentUrl\":\"https:\/\/www.stemco.com\/wp-content\/uploads\/2025\/04\/stemco-logo-enpro.png\",\"width\":245,\"height\":40,\"caption\":\"Stemco\"},\"image\":{\"@id\":\"https:\/\/www.stemco.com\/#\/schema\/logo\/image\/\"}}]}<\/script>\n<!-- \/ Yoast SEO plugin. -->","yoast_head_json":{"title":"Auto-Torq\u00ae - Stemco","description":"El sujetador de eje Auto-Torq est\u00e1 dise\u00f1ado para agilizar la instalaci\u00f3n del extremo de la rueda al eliminar la necesidad de procesos complejos y herramientas especiales.","robots":{"index":"index","follow":"follow","max-snippet":"max-snippet:-1","max-image-preview":"max-image-preview:large","max-video-preview":"max-video-preview:-1"},"canonical":"https:\/\/www.stemco.com\/es\/product\/wheel-end\/axle-fasteners\/auto-torq\/","og_locale":"es_MX","og_type":"article","og_title":"Auto-Torq\u00ae - Stemco","og_description":"The Auto-Torq axle fastener is designed to streamline wheel end installation by eliminating the need for complex processes and specialty tools.","og_url":"https:\/\/www.stemco.com\/es\/product\/wheel-end\/axle-fasteners\/auto-torq\/","og_site_name":"Stemco","article_modified_time":"2026-02-03T14:48:26+00:00","og_image":[{"width":675,"height":250,"url":"https:\/\/www.stemco.com\/wp-content\/uploads\/2023\/03\/AutoTorq_product_image_BW.jpg","type":"image\/jpeg"}],"twitter_card":"summary_large_image","twitter_misc":{"Tiempo de lectura":"3 minutos"},"schema":{"@context":"https:\/\/schema.org","@graph":[{"@type":"WebPage","@id":"https:\/\/www.stemco.com\/product\/wheel-end\/axle-fasteners\/auto-torq\/","url":"https:\/\/www.stemco.com\/product\/wheel-end\/axle-fasteners\/auto-torq\/","name":"Auto-Torq\u00ae - Stemco","isPartOf":{"@id":"https:\/\/www.stemco.com\/#website"},"primaryImageOfPage":{"@id":"https:\/\/www.stemco.com\/product\/wheel-end\/axle-fasteners\/auto-torq\/#primaryimage"},"image":{"@id":"https:\/\/www.stemco.com\/product\/wheel-end\/axle-fasteners\/auto-torq\/#primaryimage"},"thumbnailUrl":"https:\/\/www.stemco.com\/wp-content\/uploads\/2023\/03\/AutoTorq_product_image_BW.jpg","datePublished":"2023-03-15T15:58:43+00:00","dateModified":"2026-02-03T14:48:26+00:00","description":"El sujetador de eje Auto-Torq est\u00e1 dise\u00f1ado para agilizar la instalaci\u00f3n del extremo de la rueda al eliminar la necesidad de procesos complejos y herramientas especiales.","breadcrumb":{"@id":"https:\/\/www.stemco.com\/product\/wheel-end\/axle-fasteners\/auto-torq\/#breadcrumb"},"inLanguage":"es","potentialAction":[{"@type":"ReadAction","target":["https:\/\/www.stemco.com\/product\/wheel-end\/axle-fasteners\/auto-torq\/"]}]},{"@type":"ImageObject","inLanguage":"es","@id":"https:\/\/www.stemco.com\/product\/wheel-end\/axle-fasteners\/auto-torq\/#primaryimage","url":"https:\/\/www.stemco.com\/wp-content\/uploads\/2023\/03\/AutoTorq_product_image_BW.jpg","contentUrl":"https:\/\/www.stemco.com\/wp-content\/uploads\/2023\/03\/AutoTorq_product_image_BW.jpg","width":675,"height":250,"caption":"Heavy Duty Bearing"},{"@type":"BreadcrumbList","@id":"https:\/\/www.stemco.com\/product\/wheel-end\/axle-fasteners\/auto-torq\/#breadcrumb","itemListElement":[{"@type":"ListItem","position":1,"name":"Home","item":"https:\/\/www.stemco.com\/"},{"@type":"ListItem","position":2,"name":"Products","item":"https:\/\/www.stemco.com\/product\/"},{"@type":"ListItem","position":3,"name":"Wheel End","item":"https:\/\/www.stemco.com\/product\/wheel-end\/"},{"@type":"ListItem","position":4,"name":"Axle Fasteners","item":"https:\/\/www.stemco.com\/product\/wheel-end\/axle-fasteners\/"},{"@type":"ListItem","position":5,"name":"Auto-Torq\u00ae"}]},{"@type":"WebSite","@id":"https:\/\/www.stemco.com\/#website","url":"https:\/\/www.stemco.com\/","name":"Stemco","description":"Haciendo Las Carreteras M\u00e1s Seguras\u00ae","publisher":{"@id":"https:\/\/www.stemco.com\/#organization"},"potentialAction":[{"@type":"SearchAction","target":{"@type":"EntryPoint","urlTemplate":"https:\/\/www.stemco.com\/?s={search_term_string}"},"query-input":{"@type":"PropertyValueSpecification","valueRequired":true,"valueName":"search_term_string"}}],"inLanguage":"es"},{"@type":"Organization","@id":"https:\/\/www.stemco.com\/#organization","name":"Stemco","url":"https:\/\/www.stemco.com\/","logo":{"@type":"ImageObject","inLanguage":"es","@id":"https:\/\/www.stemco.com\/#\/schema\/logo\/image\/","url":"https:\/\/www.stemco.com\/wp-content\/uploads\/2025\/04\/stemco-logo-enpro.png","contentUrl":"https:\/\/www.stemco.com\/wp-content\/uploads\/2025\/04\/stemco-logo-enpro.png","width":245,"height":40,"caption":"Stemco"},"image":{"@id":"https:\/\/www.stemco.com\/#\/schema\/logo\/image\/"}}]}},"_links":{"self":[{"href":"https:\/\/www.stemco.com\/es\/wp-json\/wp\/v2\/product\/10301","targetHints":{"allow":["GET"]}}],"collection":[{"href":"https:\/\/www.stemco.com\/es\/wp-json\/wp\/v2\/product"}],"about":[{"href":"https:\/\/www.stemco.com\/es\/wp-json\/wp\/v2\/types\/product"}],"up":[{"embeddable":true,"href":"https:\/\/www.stemco.com\/es\/wp-json\/wp\/v2\/product\/8"}],"wp:featuredmedia":[{"embeddable":true,"href":"https:\/\/www.stemco.com\/es\/wp-json\/wp\/v2\/media\/10302"}],"wp:attachment":[{"href":"https:\/\/www.stemco.com\/es\/wp-json\/wp\/v2\/media?parent=10301"}],"wp:term":[{"taxonomy":"category","embeddable":true,"href":"https:\/\/www.stemco.com\/es\/wp-json\/wp\/v2\/categories?post=10301"},{"taxonomy":"post_tag","embeddable":true,"href":"https:\/\/www.stemco.com\/es\/wp-json\/wp\/v2\/tags?post=10301"},{"taxonomy":"product-category","embeddable":true,"href":"https:\/\/www.stemco.com\/es\/wp-json\/wp\/v2\/product-category?post=10301"},{"taxonomy":"product-page-type-category","embeddable":true,"href":"https:\/\/www.stemco.com\/es\/wp-json\/wp\/v2\/product-page-type-category?post=10301"}],"curies":[{"name":"wp","href":"https:\/\/api.w.org\/{rel}","templated":true}]}}