{"id":1011,"date":"2020-06-25T21:56:47","date_gmt":"2020-06-25T21:56:47","guid":{"rendered":"https:\/\/www.stemco.com?post_type=product&#038;p=1011"},"modified":"2024-07-30T15:50:14","modified_gmt":"2024-07-30T15:50:14","slug":"dirt-exclusion-hub-caps","status":"publish","type":"product","link":"https:\/\/www.stemco.com\/es\/product\/wheel-end\/hub-caps\/dirt-exclusion-hub-caps\/","title":{"rendered":"Dirt Exclusion Hub Caps"},"content":{"rendered":"<p>Para aplicaciones de grasa, las tapas de cubo Dirt Exclusion de la serie 342 brindan la misma fundici\u00f3n 340 sin un tap\u00f3n de llenado lateral, adem\u00e1s de una ventana s\u00f3lida con un respiradero de metal sinterizado para fines de ventilaci\u00f3n. Para apoyar a\u00fan m\u00e1s los extremos de las ruedas de grasa, STEMCO desarroll\u00f3 las tapas de cubo de aluminio s\u00f3lido de la serie 352 con un respiradero de pico de pato insertado en la cara de una tapa de cubo s\u00f3lida.<\/p>","protected":false},"excerpt":{"rendered":"<p>Para aplicaciones de grasa, las tapas de cubo Dirt Exclusion de la serie 342 brindan la misma fundici\u00f3n 340 sin un tap\u00f3n de llenado lateral, adem\u00e1s de una ventana s\u00f3lida con un respiradero de metal sinterizado para fines de ventilaci\u00f3n. Para apoyar a\u00fan m\u00e1s los extremos de las ruedas de grasa, STEMCO desarroll\u00f3 las tapas de cubo de aluminio s\u00f3lido de la serie 352 con un respiradero de pico de pato insertado en la cara [\u2026]<\/p>","protected":false},"featured_media":1012,"parent":10,"menu_order":0,"template":"","format":"standard","meta":{"_acf_changed":false,"content-type":""},"categories":[],"tags":[],"product-category":[25],"product-page-type-category":[20],"class_list":["post-1011","product","type-product","status-publish","format-standard","has-post-thumbnail","hentry","product-category-hub-caps","product-page-type-category-simple-product-page"],"acf":[],"yoast_head":"<!-- This site is optimized with the Yoast SEO plugin v26.8 - https:\/\/yoast.com\/product\/yoast-seo-wordpress\/ -->\n<title>Dirt Exclusion Hub Caps | Wheel End Products | STEMCO\u00ae<\/title>\n<meta name=\"description\" content=\"STEMCO\u00ae 342 series Dirt Exclusion hub caps provide the same 340 casting without a side fill plug, plus a solid window with a sintered metal vent for venting purposes.\" \/>\n<meta name=\"robots\" content=\"index, follow, max-snippet:-1, max-image-preview:large, max-video-preview:-1\" \/>\n<link rel=\"canonical\" href=\"https:\/\/www.stemco.com\/es\/product\/wheel-end\/hub-caps\/dirt-exclusion-hub-caps\/\" \/>\n<meta property=\"og:locale\" content=\"es_MX\" \/>\n<meta property=\"og:type\" content=\"article\" \/>\n<meta property=\"og:title\" content=\"Dirt Exclusion Hub Caps | Wheel End Products | STEMCO\u00ae\" \/>\n<meta property=\"og:description\" content=\"STEMCO\u00ae 342 series Dirt Exclusion hub caps provide the same 340 casting without a side fill plug, plus a solid window with a sintered metal vent for venting purposes.\" \/>\n<meta property=\"og:url\" content=\"https:\/\/www.stemco.com\/es\/product\/wheel-end\/hub-caps\/dirt-exclusion-hub-caps\/\" \/>\n<meta property=\"og:site_name\" content=\"Stemco\" \/>\n<meta property=\"article:modified_time\" content=\"2024-07-30T15:50:14+00:00\" \/>\n<meta property=\"og:image\" content=\"https:\/\/www.stemco.com\/wp-content\/uploads\/2020\/06\/dirt-exclusion-hub-cabs.jpg\" \/>\n\t<meta property=\"og:image:width\" content=\"675\" \/>\n\t<meta property=\"og:image:height\" content=\"250\" \/>\n\t<meta property=\"og:image:type\" content=\"image\/jpeg\" \/>\n<meta name=\"twitter:card\" content=\"summary_large_image\" \/>\n<meta name=\"twitter:label1\" content=\"Tiempo de lectura\" \/>\n\t<meta name=\"twitter:data1\" content=\"1 minuto\" \/>\n<script type=\"application\/ld+json\" class=\"yoast-schema-graph\">{\"@context\":\"https:\/\/schema.org\",\"@graph\":[{\"@type\":\"WebPage\",\"@id\":\"https:\/\/www.stemco.com\/product\/wheel-end\/hub-caps\/dirt-exclusion-hub-caps\/\",\"url\":\"https:\/\/www.stemco.com\/product\/wheel-end\/hub-caps\/dirt-exclusion-hub-caps\/\",\"name\":\"Dirt Exclusion Hub Caps | Wheel End Products | STEMCO\u00ae\",\"isPartOf\":{\"@id\":\"https:\/\/www.stemco.com\/#website\"},\"primaryImageOfPage\":{\"@id\":\"https:\/\/www.stemco.com\/product\/wheel-end\/hub-caps\/dirt-exclusion-hub-caps\/#primaryimage\"},\"image\":{\"@id\":\"https:\/\/www.stemco.com\/product\/wheel-end\/hub-caps\/dirt-exclusion-hub-caps\/#primaryimage\"},\"thumbnailUrl\":\"https:\/\/www.stemco.com\/wp-content\/uploads\/2020\/06\/dirt-exclusion-hub-cabs.jpg\",\"datePublished\":\"2020-06-25T21:56:47+00:00\",\"dateModified\":\"2024-07-30T15:50:14+00:00\",\"description\":\"STEMCO\u00ae 342 series Dirt Exclusion hub caps provide the same 340 casting without a side fill plug, plus a solid window with a sintered metal vent for venting purposes.\",\"breadcrumb\":{\"@id\":\"https:\/\/www.stemco.com\/product\/wheel-end\/hub-caps\/dirt-exclusion-hub-caps\/#breadcrumb\"},\"inLanguage\":\"es\",\"potentialAction\":[{\"@type\":\"ReadAction\",\"target\":[\"https:\/\/www.stemco.com\/product\/wheel-end\/hub-caps\/dirt-exclusion-hub-caps\/\"]}]},{\"@type\":\"ImageObject\",\"inLanguage\":\"es\",\"@id\":\"https:\/\/www.stemco.com\/product\/wheel-end\/hub-caps\/dirt-exclusion-hub-caps\/#primaryimage\",\"url\":\"https:\/\/www.stemco.com\/wp-content\/uploads\/2020\/06\/dirt-exclusion-hub-cabs.jpg\",\"contentUrl\":\"https:\/\/www.stemco.com\/wp-content\/uploads\/2020\/06\/dirt-exclusion-hub-cabs.jpg\",\"width\":675,\"height\":250,\"caption\":\"Dirt exclusion hub cap\"},{\"@type\":\"BreadcrumbList\",\"@id\":\"https:\/\/www.stemco.com\/product\/wheel-end\/hub-caps\/dirt-exclusion-hub-caps\/#breadcrumb\",\"itemListElement\":[{\"@type\":\"ListItem\",\"position\":1,\"name\":\"Home\",\"item\":\"https:\/\/www.stemco.com\/\"},{\"@type\":\"ListItem\",\"position\":2,\"name\":\"Products\",\"item\":\"https:\/\/www.stemco.com\/product\/\"},{\"@type\":\"ListItem\",\"position\":3,\"name\":\"Wheel End\",\"item\":\"https:\/\/www.stemco.com\/product\/wheel-end\/\"},{\"@type\":\"ListItem\",\"position\":4,\"name\":\"Hub Caps\",\"item\":\"https:\/\/www.stemco.com\/product\/wheel-end\/hub-caps\/\"},{\"@type\":\"ListItem\",\"position\":5,\"name\":\"Dirt Exclusion Hub Caps\"}]},{\"@type\":\"WebSite\",\"@id\":\"https:\/\/www.stemco.com\/#website\",\"url\":\"https:\/\/www.stemco.com\/\",\"name\":\"Stemco\",\"description\":\"Making The Roadways Safer\u00ae\",\"publisher\":{\"@id\":\"https:\/\/www.stemco.com\/#organization\"},\"potentialAction\":[{\"@type\":\"SearchAction\",\"target\":{\"@type\":\"EntryPoint\",\"urlTemplate\":\"https:\/\/www.stemco.com\/?s={search_term_string}\"},\"query-input\":{\"@type\":\"PropertyValueSpecification\",\"valueRequired\":true,\"valueName\":\"search_term_string\"}}],\"inLanguage\":\"es\"},{\"@type\":\"Organization\",\"@id\":\"https:\/\/www.stemco.com\/#organization\",\"name\":\"Stemco\",\"url\":\"https:\/\/www.stemco.com\/\",\"logo\":{\"@type\":\"ImageObject\",\"inLanguage\":\"es\",\"@id\":\"https:\/\/www.stemco.com\/#\/schema\/logo\/image\/\",\"url\":\"https:\/\/www.stemco.com\/wp-content\/uploads\/2025\/04\/stemco-logo-enpro.png\",\"contentUrl\":\"https:\/\/www.stemco.com\/wp-content\/uploads\/2025\/04\/stemco-logo-enpro.png\",\"width\":245,\"height\":40,\"caption\":\"Stemco\"},\"image\":{\"@id\":\"https:\/\/www.stemco.com\/#\/schema\/logo\/image\/\"}}]}<\/script>\n<!-- \/ Yoast SEO plugin. -->","yoast_head_json":{"title":"Dirt Exclusion Hub Caps | Productos para extremos de rueda | STEMCO\u00ae","description":"Los tapacubos Dirt Exclusion de la serie 342 de STEMCO\u00ae brindan la misma fundici\u00f3n 340 sin un tap\u00f3n de llenado lateral, adem\u00e1s de una ventana s\u00f3lida con un respiradero de metal sinterizado para fines de ventilaci\u00f3n.","robots":{"index":"index","follow":"follow","max-snippet":"max-snippet:-1","max-image-preview":"max-image-preview:large","max-video-preview":"max-video-preview:-1"},"canonical":"https:\/\/www.stemco.com\/es\/product\/wheel-end\/hub-caps\/dirt-exclusion-hub-caps\/","og_locale":"es_MX","og_type":"article","og_title":"Dirt Exclusion Hub Caps | Wheel End Products | STEMCO\u00ae","og_description":"STEMCO\u00ae 342 series Dirt Exclusion hub caps provide the same 340 casting without a side fill plug, plus a solid window with a sintered metal vent for venting purposes.","og_url":"https:\/\/www.stemco.com\/es\/product\/wheel-end\/hub-caps\/dirt-exclusion-hub-caps\/","og_site_name":"Stemco","article_modified_time":"2024-07-30T15:50:14+00:00","og_image":[{"width":675,"height":250,"url":"https:\/\/www.stemco.com\/wp-content\/uploads\/2020\/06\/dirt-exclusion-hub-cabs.jpg","type":"image\/jpeg"}],"twitter_card":"summary_large_image","twitter_misc":{"Tiempo de lectura":"1 minuto"},"schema":{"@context":"https:\/\/schema.org","@graph":[{"@type":"WebPage","@id":"https:\/\/www.stemco.com\/product\/wheel-end\/hub-caps\/dirt-exclusion-hub-caps\/","url":"https:\/\/www.stemco.com\/product\/wheel-end\/hub-caps\/dirt-exclusion-hub-caps\/","name":"Dirt Exclusion Hub Caps | Productos para extremos de rueda | STEMCO\u00ae","isPartOf":{"@id":"https:\/\/www.stemco.com\/#website"},"primaryImageOfPage":{"@id":"https:\/\/www.stemco.com\/product\/wheel-end\/hub-caps\/dirt-exclusion-hub-caps\/#primaryimage"},"image":{"@id":"https:\/\/www.stemco.com\/product\/wheel-end\/hub-caps\/dirt-exclusion-hub-caps\/#primaryimage"},"thumbnailUrl":"https:\/\/www.stemco.com\/wp-content\/uploads\/2020\/06\/dirt-exclusion-hub-cabs.jpg","datePublished":"2020-06-25T21:56:47+00:00","dateModified":"2024-07-30T15:50:14+00:00","description":"Los tapacubos Dirt Exclusion de la serie 342 de STEMCO\u00ae brindan la misma fundici\u00f3n 340 sin un tap\u00f3n de llenado lateral, adem\u00e1s de una ventana s\u00f3lida con un respiradero de metal sinterizado para fines de ventilaci\u00f3n.","breadcrumb":{"@id":"https:\/\/www.stemco.com\/product\/wheel-end\/hub-caps\/dirt-exclusion-hub-caps\/#breadcrumb"},"inLanguage":"es","potentialAction":[{"@type":"ReadAction","target":["https:\/\/www.stemco.com\/product\/wheel-end\/hub-caps\/dirt-exclusion-hub-caps\/"]}]},{"@type":"ImageObject","inLanguage":"es","@id":"https:\/\/www.stemco.com\/product\/wheel-end\/hub-caps\/dirt-exclusion-hub-caps\/#primaryimage","url":"https:\/\/www.stemco.com\/wp-content\/uploads\/2020\/06\/dirt-exclusion-hub-cabs.jpg","contentUrl":"https:\/\/www.stemco.com\/wp-content\/uploads\/2020\/06\/dirt-exclusion-hub-cabs.jpg","width":675,"height":250,"caption":"Dirt exclusion hub cap"},{"@type":"BreadcrumbList","@id":"https:\/\/www.stemco.com\/product\/wheel-end\/hub-caps\/dirt-exclusion-hub-caps\/#breadcrumb","itemListElement":[{"@type":"ListItem","position":1,"name":"Home","item":"https:\/\/www.stemco.com\/"},{"@type":"ListItem","position":2,"name":"Products","item":"https:\/\/www.stemco.com\/product\/"},{"@type":"ListItem","position":3,"name":"Wheel End","item":"https:\/\/www.stemco.com\/product\/wheel-end\/"},{"@type":"ListItem","position":4,"name":"Hub Caps","item":"https:\/\/www.stemco.com\/product\/wheel-end\/hub-caps\/"},{"@type":"ListItem","position":5,"name":"Dirt Exclusion Hub Caps"}]},{"@type":"WebSite","@id":"https:\/\/www.stemco.com\/#website","url":"https:\/\/www.stemco.com\/","name":"Stemco","description":"Haciendo Las Carreteras M\u00e1s Seguras\u00ae","publisher":{"@id":"https:\/\/www.stemco.com\/#organization"},"potentialAction":[{"@type":"SearchAction","target":{"@type":"EntryPoint","urlTemplate":"https:\/\/www.stemco.com\/?s={search_term_string}"},"query-input":{"@type":"PropertyValueSpecification","valueRequired":true,"valueName":"search_term_string"}}],"inLanguage":"es"},{"@type":"Organization","@id":"https:\/\/www.stemco.com\/#organization","name":"Stemco","url":"https:\/\/www.stemco.com\/","logo":{"@type":"ImageObject","inLanguage":"es","@id":"https:\/\/www.stemco.com\/#\/schema\/logo\/image\/","url":"https:\/\/www.stemco.com\/wp-content\/uploads\/2025\/04\/stemco-logo-enpro.png","contentUrl":"https:\/\/www.stemco.com\/wp-content\/uploads\/2025\/04\/stemco-logo-enpro.png","width":245,"height":40,"caption":"Stemco"},"image":{"@id":"https:\/\/www.stemco.com\/#\/schema\/logo\/image\/"}}]}},"_links":{"self":[{"href":"https:\/\/www.stemco.com\/es\/wp-json\/wp\/v2\/product\/1011","targetHints":{"allow":["GET"]}}],"collection":[{"href":"https:\/\/www.stemco.com\/es\/wp-json\/wp\/v2\/product"}],"about":[{"href":"https:\/\/www.stemco.com\/es\/wp-json\/wp\/v2\/types\/product"}],"up":[{"embeddable":true,"href":"https:\/\/www.stemco.com\/es\/wp-json\/wp\/v2\/product\/10"}],"wp:featuredmedia":[{"embeddable":true,"href":"https:\/\/www.stemco.com\/es\/wp-json\/wp\/v2\/media\/1012"}],"wp:attachment":[{"href":"https:\/\/www.stemco.com\/es\/wp-json\/wp\/v2\/media?parent=1011"}],"wp:term":[{"taxonomy":"category","embeddable":true,"href":"https:\/\/www.stemco.com\/es\/wp-json\/wp\/v2\/categories?post=1011"},{"taxonomy":"post_tag","embeddable":true,"href":"https:\/\/www.stemco.com\/es\/wp-json\/wp\/v2\/tags?post=1011"},{"taxonomy":"product-category","embeddable":true,"href":"https:\/\/www.stemco.com\/es\/wp-json\/wp\/v2\/product-category?post=1011"},{"taxonomy":"product-page-type-category","embeddable":true,"href":"https:\/\/www.stemco.com\/es\/wp-json\/wp\/v2\/product-page-type-category?post=1011"}],"curies":[{"name":"wp","href":"https:\/\/api.w.org\/{rel}","templated":true}]}}