{"id":87,"date":"2020-05-21T16:35:47","date_gmt":"2020-05-21T16:35:47","guid":{"rendered":"http:\/\/stemco.local\/?page_id=87"},"modified":"2023-01-05T13:20:25","modified_gmt":"2023-01-05T13:20:25","slug":"disclaimer","status":"publish","type":"page","link":"https:\/\/www.stemco.com\/es\/legal\/disclaimer\/","title":{"rendered":"Descargo de responsabilidad"},"content":{"rendered":"<div data-elementor-type=\"wp-page\" data-elementor-id=\"87\" class=\"elementor elementor-87\" data-elementor-post-type=\"page\">\n\t\t\t\t\t\t<section class=\"elementor-section elementor-top-section elementor-element elementor-element-cc94baa blue-gradient-header elementor-section-boxed elementor-section-height-default elementor-section-height-default\" data-id=\"cc94baa\" data-element_type=\"section\" data-e-type=\"section\">\n\t\t\t\t\t\t<div class=\"elementor-container elementor-column-gap-default\">\n\t\t\t\t\t<div class=\"elementor-column elementor-col-100 elementor-top-column elementor-element elementor-element-745e3b1\" data-id=\"745e3b1\" data-element_type=\"column\" data-e-type=\"column\">\n\t\t\t<div class=\"elementor-widget-wrap elementor-element-populated\">\n\t\t\t\t\t\t<div class=\"elementor-element elementor-element-60d9a9b white elementor-widget elementor-widget-heading\" data-id=\"60d9a9b\" data-element_type=\"widget\" data-e-type=\"widget\" data-widget_type=\"heading.default\">\n\t\t\t\t<div class=\"elementor-widget-container\">\n\t\t\t\t\t<h1 class=\"elementor-heading-title elementor-size-default\">Legal<\/h1>\t\t\t\t<\/div>\n\t\t\t\t<\/div>\n\t\t\t\t\t<\/div>\n\t\t<\/div>\n\t\t\t\t\t<\/div>\n\t\t<\/section>\n\t\t\t\t<section class=\"elementor-section elementor-top-section elementor-element elementor-element-69342dfc elementor-section-boxed elementor-section-height-default elementor-section-height-default\" data-id=\"69342dfc\" data-element_type=\"section\" data-e-type=\"section\">\n\t\t\t\t\t\t<div class=\"elementor-container elementor-column-gap-default\">\n\t\t\t\t\t<div class=\"elementor-column elementor-col-100 elementor-top-column elementor-element elementor-element-2494d949\" data-id=\"2494d949\" data-element_type=\"column\" data-e-type=\"column\">\n\t\t\t<div class=\"elementor-widget-wrap elementor-element-populated\">\n\t\t\t\t\t\t<div class=\"elementor-element elementor-element-5e731376 elementor-widget elementor-widget-text-editor\" data-id=\"5e731376\" data-element_type=\"widget\" data-e-type=\"widget\" data-widget_type=\"text-editor.default\">\n\t\t\t\t<div class=\"elementor-widget-container\">\n\t\t\t\t\t\t\t\t\t<p><strong>Aviso Legal<\/strong><br \/>STEMCO Products Inc. (&quot;STEMCO&quot;) ofrece este sitio web, incluida toda la informaci\u00f3n y los servicios disponibles en este sitio web u ofrecidos como parte de este sitio web o en conjunto con este (el &quot;Sitio web&quot;), a usted, el usuario, condicionado a su aceptaci\u00f3n. de todos los t\u00e9rminos, condiciones, pol\u00edticas y avisos establecidos a continuaci\u00f3n (&quot;T\u00e9rminos y Condiciones&quot;). Su uso continuado del sitio web constituye su aceptaci\u00f3n de estar sujeto a los T\u00e9rminos y condiciones.<\/p><p><strong>T\u00e9rminos y condiciones Sin garant\u00edas<\/strong><br \/>La informaci\u00f3n contenida en este sitio web se proporciona sin garant\u00edas ni representaciones en cuanto a la precisi\u00f3n, integridad o puntualidad. STEMCO no garantiza que el sitio web o su funcionamiento sean precisos, confiables, ininterrumpidos o libres de errores. STEMCO no asume responsabilidad alguna por errores u omisiones en el contenido o el funcionamiento del sitio web. STEMCO se reserva el derecho de modificar la informaci\u00f3n contenida en este sitio web sin previo aviso, y no se compromete a actualizar la informaci\u00f3n contenida en este sitio web. USE EL SITIO WEB BAJO SU PROPIO RIESGO. ESTE SITIO WEB SE LE PROPORCIONA &quot;TAL CUAL&quot;, SIN GARANT\u00cdA DE NING\u00daN TIPO, YA SEA EXPRESA O IMPL\u00cdCITA, INCLUYENDO, ENTRE OTRAS, LAS GARANT\u00cdAS IMPL\u00cdCITAS DE COMERCIABILIDAD, IDONEIDAD PARA UN FIN DETERMINADO O NO VIOLACI\u00d3N. Tenga en cuenta que es posible que algunas jurisdicciones no permitan la exclusi\u00f3n de garant\u00edas impl\u00edcitas, por lo que es posible que algunas de las exclusiones anteriores no se apliquen. STEMCO tampoco asume ninguna responsabilidad y no ser\u00e1 responsable de ning\u00fan da\u00f1o o virus que pueda infectar su equipo inform\u00e1tico u otra propiedad como resultado de su acceso, uso o navegaci\u00f3n en el sitio web o su descarga de cualquier archivo, imagen, texto u otro material del sitio web.<\/p><p><strong>Exclusi\u00f3n de responsabilidad<\/strong><br \/>EN NING\u00daN CASO STEMCO O CUALQUIERA DE SUS AFILIADOS SER\u00c1N RESPONSABLES DE CUALQUIER DA\u00d1O DIRECTO, INDIRECTO, ESPECIAL, CONSECUENTE, PUNITIVO, EJEMPLAR O DE OTRO TIPO QUE SURJA DEL USO DE ESTE SITIO WEB, INCLUYENDO, SIN LIMITACI\u00d3N, LUCRO CESANTE, INTERRUPCI\u00d3N DEL NEGOCIO Y P\u00c9RDIDA DE PROGRAMAS U OTROS DATOS.<\/p><p><strong>derechos de autor<\/strong><br \/>Todo el material contenido en el sitio web (incluido todo el software, el c\u00f3digo HTML, los subprogramas de Java, los controles Active X y otro c\u00f3digo) est\u00e1 protegido por las leyes de derechos de autor de los Estados Unidos y otros pa\u00edses. Salvo que se indique expresamente lo contrario en estos t\u00e9rminos y condiciones, no puede copiar, distribuir, transmitir, mostrar, realizar, reproducir, publicar, licenciar, modificar, reescribir, crear trabajos derivados, transferir o vender cualquier material contenido en el sitio web sin el consentimiento previo de STEMCO. Puede hacer copias individuales de los materiales que se muestran en el sitio web solo para su propio uso, siempre que las copias incluyan los derechos de autor y otros avisos que se muestran con los materiales en el sitio web. No puede distribuir tales copias a otros, ya sea por un cargo u otra consideraci\u00f3n, sin el permiso previo por escrito de STEMCO. Cualquier uso no autorizado de cualquier material en el sitio web puede violar las leyes de derechos de autor, las leyes de marcas registradas, las leyes de privacidad y publicidad, y los reglamentos y estatutos de comunicaciones. La violaci\u00f3n de esta disposici\u00f3n puede dar lugar a importantes sanciones civiles y penales.<\/p><p><strong>Marcas registradas<\/strong><br \/>Las marcas comerciales, los logotipos y las marcas de servicio (colectivamente, las &quot;Marcas comerciales&quot;) que se muestran en el sitio web son marcas comerciales de STEMCO y sus afiliados. Otras marcas comerciales aparecen en el sitio web con el permiso de sus respectivos propietarios. Nada de lo contenido en el sitio web debe interpretarse como una concesi\u00f3n de licencia o derecho de uso de cualquier marca comercial que se muestre en el sitio web. El uso no autorizado de las Marcas registradas est\u00e1 estrictamente prohibido y puede constituir una infracci\u00f3n de la marca registrada, lo que podr\u00eda exponerlo a importantes sanciones civiles y penales. STEMCO har\u00e1 cumplir en\u00e9rgicamente sus derechos de marca registrada en la mayor medida permitida por la ley, incluida la b\u00fasqueda de un proceso penal.<\/p><p><strong>Env\u00edos de usuarios<\/strong><br \/>Cualquier comunicaci\u00f3n o material que transmita a STEMCO utilizando el sitio web o por correo electr\u00f3nico a cualquier direcci\u00f3n que figure en el sitio web, incluidos los datos, preguntas, comentarios, sugerencias o similares, es y ser\u00e1 tratado como no confidencial y no patentado. pasar\u00e1 a ser propiedad de STEMCO o sus afiliadas, y podr\u00e1 ser utilizado por STEMCO para cualquier prop\u00f3sito.<\/p><p><strong>Enlaces y enlaces<\/strong><br \/>Este sitio web puede contener hiperv\u00ednculos a otros sitios web. Dichos enlaces est\u00e1n destinados \u00fanicamente a la comodidad del usuario. STEMCO no tiene control ni es responsable del contenido que se encuentra en los sitios web externos. Los enlaces a dichos sitios web de terceros no constituyen patrocinio, respaldo o aprobaci\u00f3n de dichos sitios web o su contenido. Puede establecer un enlace a este sitio web, siempre que (i) no elimine ni oculte el aviso de derechos de autor u otros avisos en este sitio web, (ii) notifique a STEMCO sobre dicho enlace enviando un correo electr\u00f3nico a info@stemco .com, proporcionando la URL de la(s) p\u00e1gina(s) donde aparecer\u00e1 el enlace y la informaci\u00f3n sobre el propietario de la URL, y (iii) deja de proporcionar un enlace a este sitio web si STEMCO o sus afiliados as\u00ed lo solicitan. STEMCO se reserva el derecho de revocar esta licencia en general, o su derecho a usar enlaces espec\u00edficos, en cualquier momento. Bajo ninguna circunstancia puede &quot;enmarcar&quot; el sitio web o cualquiera de sus contenidos o copiar partes del sitio web a un servidor, excepto como parte del almacenamiento en cach\u00e9 incidental de p\u00e1ginas de un proveedor de servicios de Internet. Cada p\u00e1gina dentro del sitio web debe mostrarse en su totalidad (incluidas todas las marcas comerciales, la marca, la publicidad y los materiales promocionales), sin ning\u00fan marco, borde, margen, dise\u00f1o, marca, marca comercial, publicidad o materiales promocionales que no se muestren originalmente en la p\u00e1gina dentro del Sitio web.<\/p><p><strong>Privacidad<\/strong><br \/>Por favor <a href=\"https:\/\/www.enproindustries.com\/privacy-policy\/default.aspx\">haga clic aqu\u00ed<\/a> para ver la Pol\u00edtica de Privacidad de Enpro\u00a0<\/p><p><strong>Galletas<\/strong><br \/>Por favor <a href=\"https:\/\/www.enproindustries.com\/Cookie-Policy\/default.aspx\">haga clic aqu\u00ed<\/a> para ver la Pol\u00edtica de Cookies de Enpro\u00a0<\/p><p><strong>Terminaci\u00f3n de privilegios<\/strong><br \/>STEMCO se reserva el derecho de rescindir su privilegio de usar todo o parte del sitio web si incumple alguno de estos T\u00e9rminos y condiciones.<\/p><p><strong>Ley aplicable y jurisdicci\u00f3n<\/strong><br \/>El sitio web es controlado y operado por STEMCO desde su oficina principal en el Estado de Texas. STEMCO no garantiza que los materiales en el sitio web sean apropiados o est\u00e9n disponibles para su uso en otros lugares. Quienes elijan acceder al sitio web desde otros lugares lo hacen por iniciativa propia y son responsables del cumplimiento de todas las leyes, normas y reglamentos locales aplicables, incluidas, entre otras, las leyes y reglamentos de exportaci\u00f3n. El sitio web no pretende someter a STEMCO a las leyes o jurisdicci\u00f3n de ning\u00fan estado, pa\u00eds o territorio que no sea el estado de Texas. Las leyes del estado de Texas regir\u00e1n la aplicaci\u00f3n de estos T\u00e9rminos y condiciones y cualquier disputa que pueda surgir en virtud del presente o que resulte de su uso de este sitio web, y usted acepta someterse a la jurisdicci\u00f3n y competencia personal exclusiva de cualquier tribunal estatal o federal. ubicado en el mismo.<\/p><p><strong>Acuerdo completo<\/strong><br \/>Estos T\u00e9rminos y condiciones constituyen el acuerdo completo y el entendimiento entre usted y STEMCO con respecto al uso del sitio web, reemplazando todas las comunicaciones y\/o propuestas anteriores o contempor\u00e1neas. STEMCO se reserva el derecho de realizar cambios a estos T\u00e9rminos y condiciones inmediatamente mediante la publicaci\u00f3n de los T\u00e9rminos y condiciones modificados en este lugar. Al continuar utilizando el sitio web, acepta todos los cambios realizados por STEMCO. Una versi\u00f3n impresa de estos T\u00e9rminos y condiciones ser\u00e1 admisible en procedimientos judiciales o administrativos basados en o relacionados con el uso del sitio web en la misma medida y sujeto a las mismas condiciones que otros documentos comerciales y registros originalmente generados y mantenidos en forma impresa. .<\/p>\t\t\t\t\t\t\t\t<\/div>\n\t\t\t\t<\/div>\n\t\t\t\t\t<\/div>\n\t\t<\/div>\n\t\t\t\t\t<\/div>\n\t\t<\/section>\n\t\t\t\t<\/div>","protected":false},"excerpt":{"rendered":"<p>Legal Aviso Legal STEMCO Products Inc. (\u201cSTEMCO\u201d) ofrece este sitio web, incluyendo toda la informaci\u00f3n y los servicios disponibles en este sitio web u ofrecidos como parte de o en conjunto con este sitio web (el \u201cSitio Web\u201d), a usted, el usuario, con la condici\u00f3n de su aceptaci\u00f3n de todos los t\u00e9rminos, condiciones, pol\u00edticas y avisos establecidos a continuaci\u00f3n (&quot;T\u00e9rminos y Condiciones&quot;). Su [\u2026]<\/p>","protected":false},"author":1,"featured_media":0,"parent":89,"menu_order":0,"comment_status":"closed","ping_status":"closed","template":"elementor_header_footer","meta":{"_acf_changed":false,"content-type":"","footnotes":""},"page-category":[],"class_list":["post-87","page","type-page","status-publish","hentry"],"acf":[],"yoast_head":"<!-- This site is optimized with the Yoast SEO plugin v26.8 - https:\/\/yoast.com\/product\/yoast-seo-wordpress\/ -->\n<title>Disclaimer - Stemco<\/title>\n<meta name=\"robots\" content=\"index, follow, max-snippet:-1, max-image-preview:large, max-video-preview:-1\" \/>\n<link rel=\"canonical\" href=\"https:\/\/www.stemco.com\/es\/legal\/disclaimer\/\" \/>\n<meta property=\"og:locale\" content=\"es_MX\" \/>\n<meta property=\"og:type\" content=\"article\" \/>\n<meta property=\"og:title\" content=\"Disclaimer - Stemco\" \/>\n<meta property=\"og:description\" content=\"Legal Legal NoticeSTEMCO Products Inc. (\u201cSTEMCO\u201d) offers this website, including all information and services available from this website or offered as part of or in conjunction with this website (the \u201cWebsite\u201d), to you, the user, conditioned upon your acceptance of all of the terms, conditions, policies and notices set forth below (\u201cTerms and Conditions\u201d). Your [&hellip;]\" \/>\n<meta property=\"og:url\" content=\"https:\/\/www.stemco.com\/es\/legal\/disclaimer\/\" \/>\n<meta property=\"og:site_name\" content=\"Stemco\" \/>\n<meta property=\"article:modified_time\" content=\"2023-01-05T13:20:25+00:00\" \/>\n<meta name=\"twitter:card\" content=\"summary_large_image\" \/>\n<meta name=\"twitter:label1\" content=\"Tiempo de lectura\" \/>\n\t<meta name=\"twitter:data1\" content=\"6 minutos\" \/>\n<script type=\"application\/ld+json\" class=\"yoast-schema-graph\">{\"@context\":\"https:\/\/schema.org\",\"@graph\":[{\"@type\":\"WebPage\",\"@id\":\"https:\/\/www.stemco.com\/legal\/disclaimer\/\",\"url\":\"https:\/\/www.stemco.com\/legal\/disclaimer\/\",\"name\":\"Disclaimer - Stemco\",\"isPartOf\":{\"@id\":\"https:\/\/www.stemco.com\/#website\"},\"datePublished\":\"2020-05-21T16:35:47+00:00\",\"dateModified\":\"2023-01-05T13:20:25+00:00\",\"breadcrumb\":{\"@id\":\"https:\/\/www.stemco.com\/legal\/disclaimer\/#breadcrumb\"},\"inLanguage\":\"es\",\"potentialAction\":[{\"@type\":\"ReadAction\",\"target\":[\"https:\/\/www.stemco.com\/legal\/disclaimer\/\"]}]},{\"@type\":\"BreadcrumbList\",\"@id\":\"https:\/\/www.stemco.com\/legal\/disclaimer\/#breadcrumb\",\"itemListElement\":[{\"@type\":\"ListItem\",\"position\":1,\"name\":\"Home\",\"item\":\"https:\/\/www.stemco.com\/\"},{\"@type\":\"ListItem\",\"position\":2,\"name\":\"Legal\",\"item\":\"https:\/\/www.stemco.com\/legal\/\"},{\"@type\":\"ListItem\",\"position\":3,\"name\":\"Disclaimer\"}]},{\"@type\":\"WebSite\",\"@id\":\"https:\/\/www.stemco.com\/#website\",\"url\":\"https:\/\/www.stemco.com\/\",\"name\":\"Stemco\",\"description\":\"Making The Roadways Safer\u00ae\",\"publisher\":{\"@id\":\"https:\/\/www.stemco.com\/#organization\"},\"potentialAction\":[{\"@type\":\"SearchAction\",\"target\":{\"@type\":\"EntryPoint\",\"urlTemplate\":\"https:\/\/www.stemco.com\/?s={search_term_string}\"},\"query-input\":{\"@type\":\"PropertyValueSpecification\",\"valueRequired\":true,\"valueName\":\"search_term_string\"}}],\"inLanguage\":\"es\"},{\"@type\":\"Organization\",\"@id\":\"https:\/\/www.stemco.com\/#organization\",\"name\":\"Stemco\",\"url\":\"https:\/\/www.stemco.com\/\",\"logo\":{\"@type\":\"ImageObject\",\"inLanguage\":\"es\",\"@id\":\"https:\/\/www.stemco.com\/#\/schema\/logo\/image\/\",\"url\":\"https:\/\/www.stemco.com\/wp-content\/uploads\/2025\/04\/stemco-logo-enpro.png\",\"contentUrl\":\"https:\/\/www.stemco.com\/wp-content\/uploads\/2025\/04\/stemco-logo-enpro.png\",\"width\":245,\"height\":40,\"caption\":\"Stemco\"},\"image\":{\"@id\":\"https:\/\/www.stemco.com\/#\/schema\/logo\/image\/\"}}]}<\/script>\n<!-- \/ Yoast SEO plugin. -->","yoast_head_json":{"title":"Descargo de responsabilidad - Stemco","robots":{"index":"index","follow":"follow","max-snippet":"max-snippet:-1","max-image-preview":"max-image-preview:large","max-video-preview":"max-video-preview:-1"},"canonical":"https:\/\/www.stemco.com\/es\/legal\/disclaimer\/","og_locale":"es_MX","og_type":"article","og_title":"Disclaimer - Stemco","og_description":"Legal Legal NoticeSTEMCO Products Inc. (\u201cSTEMCO\u201d) offers this website, including all information and services available from this website or offered as part of or in conjunction with this website (the \u201cWebsite\u201d), to you, the user, conditioned upon your acceptance of all of the terms, conditions, policies and notices set forth below (\u201cTerms and Conditions\u201d). Your [&hellip;]","og_url":"https:\/\/www.stemco.com\/es\/legal\/disclaimer\/","og_site_name":"Stemco","article_modified_time":"2023-01-05T13:20:25+00:00","twitter_card":"summary_large_image","twitter_misc":{"Tiempo de lectura":"6 minutos"},"schema":{"@context":"https:\/\/schema.org","@graph":[{"@type":"WebPage","@id":"https:\/\/www.stemco.com\/legal\/disclaimer\/","url":"https:\/\/www.stemco.com\/legal\/disclaimer\/","name":"Descargo de responsabilidad - Stemco","isPartOf":{"@id":"https:\/\/www.stemco.com\/#website"},"datePublished":"2020-05-21T16:35:47+00:00","dateModified":"2023-01-05T13:20:25+00:00","breadcrumb":{"@id":"https:\/\/www.stemco.com\/legal\/disclaimer\/#breadcrumb"},"inLanguage":"es","potentialAction":[{"@type":"ReadAction","target":["https:\/\/www.stemco.com\/legal\/disclaimer\/"]}]},{"@type":"BreadcrumbList","@id":"https:\/\/www.stemco.com\/legal\/disclaimer\/#breadcrumb","itemListElement":[{"@type":"ListItem","position":1,"name":"Home","item":"https:\/\/www.stemco.com\/"},{"@type":"ListItem","position":2,"name":"Legal","item":"https:\/\/www.stemco.com\/legal\/"},{"@type":"ListItem","position":3,"name":"Disclaimer"}]},{"@type":"WebSite","@id":"https:\/\/www.stemco.com\/#website","url":"https:\/\/www.stemco.com\/","name":"Stemco","description":"Haciendo Las Carreteras M\u00e1s Seguras\u00ae","publisher":{"@id":"https:\/\/www.stemco.com\/#organization"},"potentialAction":[{"@type":"SearchAction","target":{"@type":"EntryPoint","urlTemplate":"https:\/\/www.stemco.com\/?s={search_term_string}"},"query-input":{"@type":"PropertyValueSpecification","valueRequired":true,"valueName":"search_term_string"}}],"inLanguage":"es"},{"@type":"Organization","@id":"https:\/\/www.stemco.com\/#organization","name":"Stemco","url":"https:\/\/www.stemco.com\/","logo":{"@type":"ImageObject","inLanguage":"es","@id":"https:\/\/www.stemco.com\/#\/schema\/logo\/image\/","url":"https:\/\/www.stemco.com\/wp-content\/uploads\/2025\/04\/stemco-logo-enpro.png","contentUrl":"https:\/\/www.stemco.com\/wp-content\/uploads\/2025\/04\/stemco-logo-enpro.png","width":245,"height":40,"caption":"Stemco"},"image":{"@id":"https:\/\/www.stemco.com\/#\/schema\/logo\/image\/"}}]}},"_links":{"self":[{"href":"https:\/\/www.stemco.com\/es\/wp-json\/wp\/v2\/pages\/87","targetHints":{"allow":["GET"]}}],"collection":[{"href":"https:\/\/www.stemco.com\/es\/wp-json\/wp\/v2\/pages"}],"about":[{"href":"https:\/\/www.stemco.com\/es\/wp-json\/wp\/v2\/types\/page"}],"author":[{"embeddable":true,"href":"https:\/\/www.stemco.com\/es\/wp-json\/wp\/v2\/users\/1"}],"replies":[{"embeddable":true,"href":"https:\/\/www.stemco.com\/es\/wp-json\/wp\/v2\/comments?post=87"}],"version-history":[{"count":11,"href":"https:\/\/www.stemco.com\/es\/wp-json\/wp\/v2\/pages\/87\/revisions"}],"predecessor-version":[{"id":9616,"href":"https:\/\/www.stemco.com\/es\/wp-json\/wp\/v2\/pages\/87\/revisions\/9616"}],"up":[{"embeddable":true,"href":"https:\/\/www.stemco.com\/es\/wp-json\/wp\/v2\/pages\/89"}],"wp:attachment":[{"href":"https:\/\/www.stemco.com\/es\/wp-json\/wp\/v2\/media?parent=87"}],"wp:term":[{"taxonomy":"page-category","embeddable":true,"href":"https:\/\/www.stemco.com\/es\/wp-json\/wp\/v2\/page-category?post=87"}],"curies":[{"name":"wp","href":"https:\/\/api.w.org\/{rel}","templated":true}]}}