{"id":5362,"date":"2020-12-02T23:43:26","date_gmt":"2020-12-02T23:43:26","guid":{"rendered":"https:\/\/www.stemco.com\/?page_id=5362"},"modified":"2021-06-17T05:44:40","modified_gmt":"2021-06-17T05:44:40","slug":"tech-talk-certificate-2021","status":"publish","type":"page","link":"https:\/\/www.stemco.com\/es\/tech-talk-certificate-2021\/","title":{"rendered":"Certificado de charla t\u00e9cnica"},"content":{"rendered":"<div data-elementor-type=\"wp-page\" data-elementor-id=\"5362\" class=\"elementor elementor-5362\" data-elementor-post-type=\"page\">\n\t\t\t\t\t\t<section class=\"elementor-section elementor-top-section elementor-element elementor-element-824398d elementor-section-boxed elementor-section-height-default elementor-section-height-default\" data-id=\"824398d\" data-element_type=\"section\" data-e-type=\"section\">\n\t\t\t\t\t\t<div class=\"elementor-container elementor-column-gap-default\">\n\t\t\t\t\t<div class=\"elementor-column elementor-col-100 elementor-top-column elementor-element elementor-element-366c9f5\" data-id=\"366c9f5\" data-element_type=\"column\" data-e-type=\"column\">\n\t\t\t<div class=\"elementor-widget-wrap elementor-element-populated\">\n\t\t\t\t\t\t<div class=\"elementor-element elementor-element-7091d64 elementor-widget elementor-widget-spacer\" data-id=\"7091d64\" data-element_type=\"widget\" data-e-type=\"widget\" data-widget_type=\"spacer.default\">\n\t\t\t\t<div class=\"elementor-widget-container\">\n\t\t\t\t\t\t\t<div class=\"elementor-spacer\">\n\t\t\t<div class=\"elementor-spacer-inner\"><\/div>\n\t\t<\/div>\n\t\t\t\t\t\t<\/div>\n\t\t\t\t<\/div>\n\t\t\t\t<div class=\"elementor-element elementor-element-6782c7a elementor-widget elementor-widget-heading\" data-id=\"6782c7a\" data-element_type=\"widget\" data-e-type=\"widget\" data-widget_type=\"heading.default\">\n\t\t\t\t<div class=\"elementor-widget-container\">\n\t\t\t\t\t<h2 class=\"elementor-heading-title elementor-size-default\">\u00a1Gracias por asistir a la charla t\u00e9cnica sobre el ajuste del cojinete del extremo de la rueda!<\/h2>\t\t\t\t<\/div>\n\t\t\t\t<\/div>\n\t\t\t\t<div class=\"elementor-element elementor-element-7fc740d elementor-widget elementor-widget-text-editor\" data-id=\"7fc740d\" data-element_type=\"widget\" data-e-type=\"widget\" data-widget_type=\"text-editor.default\">\n\t\t\t\t<div class=\"elementor-widget-container\">\n\t\t\t\t\t\t\t\t\t<p>Ingrese su nombre y correo electr\u00f3nico para descargar su certificado.<\/p>\t\t\t\t\t\t\t\t<\/div>\n\t\t\t\t<\/div>\n\t\t\t\t<div class=\"elementor-element elementor-element-11558c3 eael-gravity-form-button-custom elementor-widget elementor-widget-eael-gravity-form\" data-id=\"11558c3\" data-element_type=\"widget\" data-e-type=\"widget\" data-widget_type=\"eael-gravity-form.default\">\n\t\t\t\t<div class=\"elementor-widget-container\">\n\t\t\t\t\t\t\t\t<div class=\"eael-contact-form eael-gravity-form eael-contact-form-align-default\">\n\t\t        \t\t\t<\/div>\n            \t\t\t\t<\/div>\n\t\t\t\t<\/div>\n\t\t\t\t<div class=\"elementor-element elementor-element-b0f0a5b elementor-widget elementor-widget-spacer\" data-id=\"b0f0a5b\" data-element_type=\"widget\" data-e-type=\"widget\" data-widget_type=\"spacer.default\">\n\t\t\t\t<div class=\"elementor-widget-container\">\n\t\t\t\t\t\t\t<div class=\"elementor-spacer\">\n\t\t\t<div class=\"elementor-spacer-inner\"><\/div>\n\t\t<\/div>\n\t\t\t\t\t\t<\/div>\n\t\t\t\t<\/div>\n\t\t\t\t\t<\/div>\n\t\t<\/div>\n\t\t\t\t\t<\/div>\n\t\t<\/section>\n\t\t\t\t<\/div>","protected":false},"excerpt":{"rendered":"<p>\u00a1Gracias por asistir a la charla t\u00e9cnica sobre el ajuste del cojinete del extremo de la rueda! Ingrese su nombre y correo electr\u00f3nico para descargar su certificado. Nombre* Inscripci\u00f3n de marketing por correo electr\u00f3nico S\u00ed, me gustar\u00eda recibir correos electr\u00f3nicos promocionales, de ventas y de marketing de STEMCO.<\/p>","protected":false},"author":1,"featured_media":0,"parent":0,"menu_order":0,"comment_status":"closed","ping_status":"closed","template":"elementor_header_footer","meta":{"_acf_changed":false,"content-type":"","footnotes":""},"page-category":[48],"class_list":["post-5362","page","type-page","status-publish","hentry","page-category-basic-page-template"],"acf":[],"yoast_head":"<!-- This site is optimized with the Yoast SEO plugin v26.8 - https:\/\/yoast.com\/product\/yoast-seo-wordpress\/ -->\n<title>Tech Talk Certificate - Stemco<\/title>\n<meta name=\"robots\" content=\"index, follow, max-snippet:-1, max-image-preview:large, max-video-preview:-1\" \/>\n<link rel=\"canonical\" href=\"https:\/\/www.stemco.com\/es\/tech-talk-certificate-2021\/\" \/>\n<meta property=\"og:locale\" content=\"es_MX\" \/>\n<meta property=\"og:type\" content=\"article\" \/>\n<meta property=\"og:title\" content=\"Tech Talk Certificate - Stemco\" \/>\n<meta property=\"og:description\" content=\"Thank you for attending the Tech Talk on Wheel End Bearing Adjustment! Please enter your name and email to download your certificate. Name* Email Marketing Opt-In Yes, I would like promotional, sales, and marketing emails from STEMCO!\" \/>\n<meta property=\"og:url\" content=\"https:\/\/www.stemco.com\/es\/tech-talk-certificate-2021\/\" \/>\n<meta property=\"og:site_name\" content=\"Stemco\" \/>\n<meta property=\"article:modified_time\" content=\"2021-06-17T05:44:40+00:00\" \/>\n<meta name=\"twitter:card\" content=\"summary_large_image\" \/>\n<script type=\"application\/ld+json\" class=\"yoast-schema-graph\">{\"@context\":\"https:\/\/schema.org\",\"@graph\":[{\"@type\":\"WebPage\",\"@id\":\"https:\/\/www.stemco.com\/tech-talk-certificate-2021\/\",\"url\":\"https:\/\/www.stemco.com\/tech-talk-certificate-2021\/\",\"name\":\"Tech Talk Certificate - Stemco\",\"isPartOf\":{\"@id\":\"https:\/\/www.stemco.com\/#website\"},\"datePublished\":\"2020-12-02T23:43:26+00:00\",\"dateModified\":\"2021-06-17T05:44:40+00:00\",\"breadcrumb\":{\"@id\":\"https:\/\/www.stemco.com\/tech-talk-certificate-2021\/#breadcrumb\"},\"inLanguage\":\"es\",\"potentialAction\":[{\"@type\":\"ReadAction\",\"target\":[\"https:\/\/www.stemco.com\/tech-talk-certificate-2021\/\"]}]},{\"@type\":\"BreadcrumbList\",\"@id\":\"https:\/\/www.stemco.com\/tech-talk-certificate-2021\/#breadcrumb\",\"itemListElement\":[{\"@type\":\"ListItem\",\"position\":1,\"name\":\"Home\",\"item\":\"https:\/\/www.stemco.com\/\"},{\"@type\":\"ListItem\",\"position\":2,\"name\":\"Tech Talk Certificate\"}]},{\"@type\":\"WebSite\",\"@id\":\"https:\/\/www.stemco.com\/#website\",\"url\":\"https:\/\/www.stemco.com\/\",\"name\":\"Stemco\",\"description\":\"Making The Roadways Safer\u00ae\",\"publisher\":{\"@id\":\"https:\/\/www.stemco.com\/#organization\"},\"potentialAction\":[{\"@type\":\"SearchAction\",\"target\":{\"@type\":\"EntryPoint\",\"urlTemplate\":\"https:\/\/www.stemco.com\/?s={search_term_string}\"},\"query-input\":{\"@type\":\"PropertyValueSpecification\",\"valueRequired\":true,\"valueName\":\"search_term_string\"}}],\"inLanguage\":\"es\"},{\"@type\":\"Organization\",\"@id\":\"https:\/\/www.stemco.com\/#organization\",\"name\":\"Stemco\",\"url\":\"https:\/\/www.stemco.com\/\",\"logo\":{\"@type\":\"ImageObject\",\"inLanguage\":\"es\",\"@id\":\"https:\/\/www.stemco.com\/#\/schema\/logo\/image\/\",\"url\":\"https:\/\/www.stemco.com\/wp-content\/uploads\/2025\/04\/stemco-logo-enpro.png\",\"contentUrl\":\"https:\/\/www.stemco.com\/wp-content\/uploads\/2025\/04\/stemco-logo-enpro.png\",\"width\":245,\"height\":40,\"caption\":\"Stemco\"},\"image\":{\"@id\":\"https:\/\/www.stemco.com\/#\/schema\/logo\/image\/\"}}]}<\/script>\n<!-- \/ Yoast SEO plugin. -->","yoast_head_json":{"title":"Tech Talk Certificate - Stemco","robots":{"index":"index","follow":"follow","max-snippet":"max-snippet:-1","max-image-preview":"max-image-preview:large","max-video-preview":"max-video-preview:-1"},"canonical":"https:\/\/www.stemco.com\/es\/tech-talk-certificate-2021\/","og_locale":"es_MX","og_type":"article","og_title":"Tech Talk Certificate - Stemco","og_description":"Thank you for attending the Tech Talk on Wheel End Bearing Adjustment! Please enter your name and email to download your certificate. Name* Email Marketing Opt-In Yes, I would like promotional, sales, and marketing emails from STEMCO!","og_url":"https:\/\/www.stemco.com\/es\/tech-talk-certificate-2021\/","og_site_name":"Stemco","article_modified_time":"2021-06-17T05:44:40+00:00","twitter_card":"summary_large_image","schema":{"@context":"https:\/\/schema.org","@graph":[{"@type":"WebPage","@id":"https:\/\/www.stemco.com\/tech-talk-certificate-2021\/","url":"https:\/\/www.stemco.com\/tech-talk-certificate-2021\/","name":"Tech Talk Certificate - Stemco","isPartOf":{"@id":"https:\/\/www.stemco.com\/#website"},"datePublished":"2020-12-02T23:43:26+00:00","dateModified":"2021-06-17T05:44:40+00:00","breadcrumb":{"@id":"https:\/\/www.stemco.com\/tech-talk-certificate-2021\/#breadcrumb"},"inLanguage":"es","potentialAction":[{"@type":"ReadAction","target":["https:\/\/www.stemco.com\/tech-talk-certificate-2021\/"]}]},{"@type":"BreadcrumbList","@id":"https:\/\/www.stemco.com\/tech-talk-certificate-2021\/#breadcrumb","itemListElement":[{"@type":"ListItem","position":1,"name":"Home","item":"https:\/\/www.stemco.com\/"},{"@type":"ListItem","position":2,"name":"Tech Talk Certificate"}]},{"@type":"WebSite","@id":"https:\/\/www.stemco.com\/#website","url":"https:\/\/www.stemco.com\/","name":"Stemco","description":"Haciendo Las Carreteras M\u00e1s Seguras\u00ae","publisher":{"@id":"https:\/\/www.stemco.com\/#organization"},"potentialAction":[{"@type":"SearchAction","target":{"@type":"EntryPoint","urlTemplate":"https:\/\/www.stemco.com\/?s={search_term_string}"},"query-input":{"@type":"PropertyValueSpecification","valueRequired":true,"valueName":"search_term_string"}}],"inLanguage":"es"},{"@type":"Organization","@id":"https:\/\/www.stemco.com\/#organization","name":"Stemco","url":"https:\/\/www.stemco.com\/","logo":{"@type":"ImageObject","inLanguage":"es","@id":"https:\/\/www.stemco.com\/#\/schema\/logo\/image\/","url":"https:\/\/www.stemco.com\/wp-content\/uploads\/2025\/04\/stemco-logo-enpro.png","contentUrl":"https:\/\/www.stemco.com\/wp-content\/uploads\/2025\/04\/stemco-logo-enpro.png","width":245,"height":40,"caption":"Stemco"},"image":{"@id":"https:\/\/www.stemco.com\/#\/schema\/logo\/image\/"}}]}},"_links":{"self":[{"href":"https:\/\/www.stemco.com\/es\/wp-json\/wp\/v2\/pages\/5362","targetHints":{"allow":["GET"]}}],"collection":[{"href":"https:\/\/www.stemco.com\/es\/wp-json\/wp\/v2\/pages"}],"about":[{"href":"https:\/\/www.stemco.com\/es\/wp-json\/wp\/v2\/types\/page"}],"author":[{"embeddable":true,"href":"https:\/\/www.stemco.com\/es\/wp-json\/wp\/v2\/users\/1"}],"replies":[{"embeddable":true,"href":"https:\/\/www.stemco.com\/es\/wp-json\/wp\/v2\/comments?post=5362"}],"version-history":[{"count":7,"href":"https:\/\/www.stemco.com\/es\/wp-json\/wp\/v2\/pages\/5362\/revisions"}],"predecessor-version":[{"id":5841,"href":"https:\/\/www.stemco.com\/es\/wp-json\/wp\/v2\/pages\/5362\/revisions\/5841"}],"wp:attachment":[{"href":"https:\/\/www.stemco.com\/es\/wp-json\/wp\/v2\/media?parent=5362"}],"wp:term":[{"taxonomy":"page-category","embeddable":true,"href":"https:\/\/www.stemco.com\/es\/wp-json\/wp\/v2\/page-category?post=5362"}],"curies":[{"name":"wp","href":"https:\/\/api.w.org\/{rel}","templated":true}]}}