{"id":5143,"date":"2020-09-24T19:59:23","date_gmt":"2020-09-24T19:59:23","guid":{"rendered":"https:\/\/www.stemco.com\/?page_id=5143"},"modified":"2020-09-24T21:08:07","modified_gmt":"2020-09-24T21:08:07","slug":"currently-unavailable","status":"publish","type":"page","link":"https:\/\/www.stemco.com\/es\/currently-unavailable\/","title":{"rendered":"Actualmente no disponible"},"content":{"rendered":"<div data-elementor-type=\"wp-page\" data-elementor-id=\"5143\" class=\"elementor elementor-5143\" data-elementor-post-type=\"page\">\n\t\t\t\t\t\t<section class=\"elementor-section elementor-top-section elementor-element elementor-element-f77b9f1 blue-gradient-header elementor-section-boxed elementor-section-height-default elementor-section-height-default\" data-id=\"f77b9f1\" data-element_type=\"section\" data-e-type=\"section\">\n\t\t\t\t\t\t<div class=\"elementor-container elementor-column-gap-default\">\n\t\t\t\t\t<div class=\"elementor-column elementor-col-100 elementor-top-column elementor-element elementor-element-2518b87\" data-id=\"2518b87\" data-element_type=\"column\" data-e-type=\"column\">\n\t\t\t<div class=\"elementor-widget-wrap elementor-element-populated\">\n\t\t\t\t\t\t<div class=\"elementor-element elementor-element-1a6dc8c elementor-widget elementor-widget-spacer\" data-id=\"1a6dc8c\" data-element_type=\"widget\" data-e-type=\"widget\" data-widget_type=\"spacer.default\">\n\t\t\t\t<div class=\"elementor-widget-container\">\n\t\t\t\t\t\t\t<div class=\"elementor-spacer\">\n\t\t\t<div class=\"elementor-spacer-inner\"><\/div>\n\t\t<\/div>\n\t\t\t\t\t\t<\/div>\n\t\t\t\t<\/div>\n\t\t\t\t<div class=\"elementor-element elementor-element-17d57d8 white elementor-widget elementor-widget-heading\" data-id=\"17d57d8\" data-element_type=\"widget\" data-e-type=\"widget\" data-widget_type=\"heading.default\">\n\t\t\t\t<div class=\"elementor-widget-container\">\n\t\t\t\t\t<h1 class=\"elementor-heading-title elementor-size-default\"><br \/>\nNo disponible mientras est\u00e1s desconectado\n<br \/>\n<\/h1>\t\t\t\t<\/div>\n\t\t\t\t<\/div>\n\t\t\t\t<div class=\"elementor-element elementor-element-b5594c0 elementor-widget elementor-widget-spacer\" data-id=\"b5594c0\" data-element_type=\"widget\" data-e-type=\"widget\" data-widget_type=\"spacer.default\">\n\t\t\t\t<div class=\"elementor-widget-container\">\n\t\t\t\t\t\t\t<div class=\"elementor-spacer\">\n\t\t\t<div class=\"elementor-spacer-inner\"><\/div>\n\t\t<\/div>\n\t\t\t\t\t\t<\/div>\n\t\t\t\t<\/div>\n\t\t\t\t\t<\/div>\n\t\t<\/div>\n\t\t\t\t\t<\/div>\n\t\t<\/section>\n\t\t\t\t<section class=\"elementor-section elementor-top-section elementor-element elementor-element-3708140 elementor-section-boxed elementor-section-height-default elementor-section-height-default\" data-id=\"3708140\" data-element_type=\"section\" data-e-type=\"section\">\n\t\t\t\t\t\t<div class=\"elementor-container elementor-column-gap-default\">\n\t\t\t\t\t<div class=\"elementor-column elementor-col-100 elementor-top-column elementor-element elementor-element-4092b8c\" data-id=\"4092b8c\" data-element_type=\"column\" data-e-type=\"column\">\n\t\t\t<div class=\"elementor-widget-wrap elementor-element-populated\">\n\t\t\t\t\t\t<div class=\"elementor-element elementor-element-f9e50c2 elementor-widget elementor-widget-spacer\" data-id=\"f9e50c2\" data-element_type=\"widget\" data-e-type=\"widget\" data-widget_type=\"spacer.default\">\n\t\t\t\t<div class=\"elementor-widget-container\">\n\t\t\t\t\t\t\t<div class=\"elementor-spacer\">\n\t\t\t<div class=\"elementor-spacer-inner\"><\/div>\n\t\t<\/div>\n\t\t\t\t\t\t<\/div>\n\t\t\t\t<\/div>\n\t\t\t\t<div class=\"elementor-element elementor-element-631bcc2 lead elementor-widget elementor-widget-text-editor\" data-id=\"631bcc2\" data-element_type=\"widget\" data-e-type=\"widget\" data-widget_type=\"text-editor.default\">\n\t\t\t\t<div class=\"elementor-widget-container\">\n\t\t\t\t\t\t\t\t\t<p>Ha solicitado una p\u00e1gina sin conexi\u00f3n que no ha visto mientras estaba en l\u00ednea, o se ha borrado del almacenamiento de su navegador. Esta aplicaci\u00f3n almacenar\u00e1 contenido de las p\u00e1ginas que haya visitado mientras estaba en l\u00ednea. Cualquier conexi\u00f3n a p\u00e1ginas, recursos o p\u00e1ginas externas que a\u00fan no haya visto no estar\u00e1 disponible.<\/p>\n\n<p>Vuelva a conectarse a Internet y visite la p\u00e1gina para almacenar el contenido para verlo sin conexi\u00f3n. Algunos elementos interactivos pueden estar limitados sin conexi\u00f3n a Internet.<\/p>\t\t\t\t\t\t\t\t<\/div>\n\t\t\t\t<\/div>\n\t\t\t\t<div class=\"elementor-element elementor-element-02194ac elementor-widget elementor-widget-spacer\" data-id=\"02194ac\" data-element_type=\"widget\" data-e-type=\"widget\" data-widget_type=\"spacer.default\">\n\t\t\t\t<div class=\"elementor-widget-container\">\n\t\t\t\t\t\t\t<div class=\"elementor-spacer\">\n\t\t\t<div class=\"elementor-spacer-inner\"><\/div>\n\t\t<\/div>\n\t\t\t\t\t\t<\/div>\n\t\t\t\t<\/div>\n\t\t\t\t\t<\/div>\n\t\t<\/div>\n\t\t\t\t\t<\/div>\n\t\t<\/section>\n\t\t\t\t<\/div>","protected":false},"excerpt":{"rendered":"<p>No disponible sin conexi\u00f3n. Has solicitado una p\u00e1gina sin conexi\u00f3n que no has visto mientras estabas conectado, o se ha borrado del almacenamiento de tu navegador. Esta aplicaci\u00f3n almacenar\u00e1 el contenido de las p\u00e1ginas que has visitado mientras estabas conectado. Cualquier conexi\u00f3n a p\u00e1ginas externas, recursos o p\u00e1ginas que a\u00fan no hayas visto no estar\u00e1 disponible. Vuelve a conectarte [\u2026]<\/p>","protected":false},"author":1,"featured_media":0,"parent":0,"menu_order":0,"comment_status":"closed","ping_status":"closed","template":"elementor_header_footer","meta":{"_acf_changed":false,"content-type":"","footnotes":""},"page-category":[],"class_list":["post-5143","page","type-page","status-publish","hentry"],"acf":[],"yoast_head":"<!-- This site is optimized with the Yoast SEO plugin v26.8 - https:\/\/yoast.com\/product\/yoast-seo-wordpress\/ -->\n<title>Currently Unavailable - Stemco<\/title>\n<meta name=\"robots\" content=\"index, follow, max-snippet:-1, max-image-preview:large, max-video-preview:-1\" \/>\n<link rel=\"canonical\" href=\"https:\/\/www.stemco.com\/es\/currently-unavailable\/\" \/>\n<meta property=\"og:locale\" content=\"es_MX\" \/>\n<meta property=\"og:type\" content=\"article\" \/>\n<meta property=\"og:title\" content=\"Currently Unavailable - Stemco\" \/>\n<meta property=\"og:description\" content=\"Unavailable While Offline You have requested a page offline that you have not viewed while online, or it has been cleared within your browser storage. This application will store content from pages you have visited while online. Any connection to outside pages, resources, or pages you have not yet viewed, will be unavailable. Please re-connect [&hellip;]\" \/>\n<meta property=\"og:url\" content=\"https:\/\/www.stemco.com\/es\/currently-unavailable\/\" \/>\n<meta property=\"og:site_name\" content=\"Stemco\" \/>\n<meta property=\"article:modified_time\" content=\"2020-09-24T21:08:07+00:00\" \/>\n<meta name=\"twitter:card\" content=\"summary_large_image\" \/>\n<script type=\"application\/ld+json\" class=\"yoast-schema-graph\">{\"@context\":\"https:\/\/schema.org\",\"@graph\":[{\"@type\":\"WebPage\",\"@id\":\"https:\/\/www.stemco.com\/currently-unavailable\/\",\"url\":\"https:\/\/www.stemco.com\/currently-unavailable\/\",\"name\":\"Currently Unavailable - Stemco\",\"isPartOf\":{\"@id\":\"https:\/\/www.stemco.com\/#website\"},\"datePublished\":\"2020-09-24T19:59:23+00:00\",\"dateModified\":\"2020-09-24T21:08:07+00:00\",\"breadcrumb\":{\"@id\":\"https:\/\/www.stemco.com\/currently-unavailable\/#breadcrumb\"},\"inLanguage\":\"es\",\"potentialAction\":[{\"@type\":\"ReadAction\",\"target\":[\"https:\/\/www.stemco.com\/currently-unavailable\/\"]}]},{\"@type\":\"BreadcrumbList\",\"@id\":\"https:\/\/www.stemco.com\/currently-unavailable\/#breadcrumb\",\"itemListElement\":[{\"@type\":\"ListItem\",\"position\":1,\"name\":\"Home\",\"item\":\"https:\/\/www.stemco.com\/\"},{\"@type\":\"ListItem\",\"position\":2,\"name\":\"Currently Unavailable\"}]},{\"@type\":\"WebSite\",\"@id\":\"https:\/\/www.stemco.com\/#website\",\"url\":\"https:\/\/www.stemco.com\/\",\"name\":\"Stemco\",\"description\":\"Making The Roadways Safer\u00ae\",\"publisher\":{\"@id\":\"https:\/\/www.stemco.com\/#organization\"},\"potentialAction\":[{\"@type\":\"SearchAction\",\"target\":{\"@type\":\"EntryPoint\",\"urlTemplate\":\"https:\/\/www.stemco.com\/?s={search_term_string}\"},\"query-input\":{\"@type\":\"PropertyValueSpecification\",\"valueRequired\":true,\"valueName\":\"search_term_string\"}}],\"inLanguage\":\"es\"},{\"@type\":\"Organization\",\"@id\":\"https:\/\/www.stemco.com\/#organization\",\"name\":\"Stemco\",\"url\":\"https:\/\/www.stemco.com\/\",\"logo\":{\"@type\":\"ImageObject\",\"inLanguage\":\"es\",\"@id\":\"https:\/\/www.stemco.com\/#\/schema\/logo\/image\/\",\"url\":\"https:\/\/www.stemco.com\/wp-content\/uploads\/2025\/04\/stemco-logo-enpro.png\",\"contentUrl\":\"https:\/\/www.stemco.com\/wp-content\/uploads\/2025\/04\/stemco-logo-enpro.png\",\"width\":245,\"height\":40,\"caption\":\"Stemco\"},\"image\":{\"@id\":\"https:\/\/www.stemco.com\/#\/schema\/logo\/image\/\"}}]}<\/script>\n<!-- \/ Yoast SEO plugin. -->","yoast_head_json":{"title":"Currently Unavailable - Stemco","robots":{"index":"index","follow":"follow","max-snippet":"max-snippet:-1","max-image-preview":"max-image-preview:large","max-video-preview":"max-video-preview:-1"},"canonical":"https:\/\/www.stemco.com\/es\/currently-unavailable\/","og_locale":"es_MX","og_type":"article","og_title":"Currently Unavailable - Stemco","og_description":"Unavailable While Offline You have requested a page offline that you have not viewed while online, or it has been cleared within your browser storage. This application will store content from pages you have visited while online. Any connection to outside pages, resources, or pages you have not yet viewed, will be unavailable. Please re-connect [&hellip;]","og_url":"https:\/\/www.stemco.com\/es\/currently-unavailable\/","og_site_name":"Stemco","article_modified_time":"2020-09-24T21:08:07+00:00","twitter_card":"summary_large_image","schema":{"@context":"https:\/\/schema.org","@graph":[{"@type":"WebPage","@id":"https:\/\/www.stemco.com\/currently-unavailable\/","url":"https:\/\/www.stemco.com\/currently-unavailable\/","name":"Currently Unavailable - Stemco","isPartOf":{"@id":"https:\/\/www.stemco.com\/#website"},"datePublished":"2020-09-24T19:59:23+00:00","dateModified":"2020-09-24T21:08:07+00:00","breadcrumb":{"@id":"https:\/\/www.stemco.com\/currently-unavailable\/#breadcrumb"},"inLanguage":"es","potentialAction":[{"@type":"ReadAction","target":["https:\/\/www.stemco.com\/currently-unavailable\/"]}]},{"@type":"BreadcrumbList","@id":"https:\/\/www.stemco.com\/currently-unavailable\/#breadcrumb","itemListElement":[{"@type":"ListItem","position":1,"name":"Home","item":"https:\/\/www.stemco.com\/"},{"@type":"ListItem","position":2,"name":"Currently Unavailable"}]},{"@type":"WebSite","@id":"https:\/\/www.stemco.com\/#website","url":"https:\/\/www.stemco.com\/","name":"Stemco","description":"Haciendo Las Carreteras M\u00e1s Seguras\u00ae","publisher":{"@id":"https:\/\/www.stemco.com\/#organization"},"potentialAction":[{"@type":"SearchAction","target":{"@type":"EntryPoint","urlTemplate":"https:\/\/www.stemco.com\/?s={search_term_string}"},"query-input":{"@type":"PropertyValueSpecification","valueRequired":true,"valueName":"search_term_string"}}],"inLanguage":"es"},{"@type":"Organization","@id":"https:\/\/www.stemco.com\/#organization","name":"Stemco","url":"https:\/\/www.stemco.com\/","logo":{"@type":"ImageObject","inLanguage":"es","@id":"https:\/\/www.stemco.com\/#\/schema\/logo\/image\/","url":"https:\/\/www.stemco.com\/wp-content\/uploads\/2025\/04\/stemco-logo-enpro.png","contentUrl":"https:\/\/www.stemco.com\/wp-content\/uploads\/2025\/04\/stemco-logo-enpro.png","width":245,"height":40,"caption":"Stemco"},"image":{"@id":"https:\/\/www.stemco.com\/#\/schema\/logo\/image\/"}}]}},"_links":{"self":[{"href":"https:\/\/www.stemco.com\/es\/wp-json\/wp\/v2\/pages\/5143","targetHints":{"allow":["GET"]}}],"collection":[{"href":"https:\/\/www.stemco.com\/es\/wp-json\/wp\/v2\/pages"}],"about":[{"href":"https:\/\/www.stemco.com\/es\/wp-json\/wp\/v2\/types\/page"}],"author":[{"embeddable":true,"href":"https:\/\/www.stemco.com\/es\/wp-json\/wp\/v2\/users\/1"}],"replies":[{"embeddable":true,"href":"https:\/\/www.stemco.com\/es\/wp-json\/wp\/v2\/comments?post=5143"}],"version-history":[{"count":8,"href":"https:\/\/www.stemco.com\/es\/wp-json\/wp\/v2\/pages\/5143\/revisions"}],"predecessor-version":[{"id":5152,"href":"https:\/\/www.stemco.com\/es\/wp-json\/wp\/v2\/pages\/5143\/revisions\/5152"}],"wp:attachment":[{"href":"https:\/\/www.stemco.com\/es\/wp-json\/wp\/v2\/media?parent=5143"}],"wp:term":[{"taxonomy":"page-category","embeddable":true,"href":"https:\/\/www.stemco.com\/es\/wp-json\/wp\/v2\/page-category?post=5143"}],"curies":[{"name":"wp","href":"https:\/\/api.w.org\/{rel}","templated":true}]}}