{"id":1891,"date":"2020-07-02T14:22:50","date_gmt":"2020-07-02T14:22:50","guid":{"rendered":"https:\/\/www.stemco.com?page_id=1891"},"modified":"2026-01-05T20:52:51","modified_gmt":"2026-01-05T20:52:51","slug":"holiday-shutdown-schedule","status":"publish","type":"page","link":"https:\/\/www.stemco.com\/es\/holiday-shutdown-schedule\/","title":{"rendered":"Horario de vacaciones\/cierre"},"content":{"rendered":"<div data-elementor-type=\"wp-page\" data-elementor-id=\"1891\" class=\"elementor elementor-1891\" data-elementor-post-type=\"page\">\n\t\t\t\t\t\t<section class=\"elementor-section elementor-top-section elementor-element elementor-element-b0cb7ac elementor-section-boxed elementor-section-height-default elementor-section-height-default\" data-id=\"b0cb7ac\" data-element_type=\"section\" data-e-type=\"section\">\n\t\t\t\t\t\t<div class=\"elementor-container elementor-column-gap-default\">\n\t\t\t\t\t<div class=\"elementor-column elementor-col-100 elementor-top-column elementor-element elementor-element-f5264fc\" data-id=\"f5264fc\" data-element_type=\"column\" data-e-type=\"column\">\n\t\t\t<div class=\"elementor-widget-wrap elementor-element-populated\">\n\t\t\t\t\t\t<div class=\"elementor-element elementor-element-def53f9 elementor-widget elementor-widget-heading\" data-id=\"def53f9\" data-element_type=\"widget\" data-e-type=\"widget\" data-widget_type=\"heading.default\">\n\t\t\t\t<div class=\"elementor-widget-container\">\n\t\t\t\t\t<h2 class=\"elementor-heading-title elementor-size-default\">Calendario de festivos y cierres de EE. UU. para 2026<\/h2>\t\t\t\t<\/div>\n\t\t\t\t<\/div>\n\t\t\t\t<div class=\"elementor-element elementor-element-e2cc282 elementor-widget elementor-widget-text-editor\" data-id=\"e2cc282\" data-element_type=\"widget\" data-e-type=\"widget\" data-widget_type=\"text-editor.default\">\n\t\t\t\t<div class=\"elementor-widget-container\">\n\t\t\t\t\t\t\t\t\t<p>Todos los sitios de fabricaci\u00f3n de STEMCO estar\u00e1n cerrados en las fechas festivas que se enumeran a continuaci\u00f3n. Los horarios de env\u00edo se ajustar\u00e1n para adaptarse.<\/p>\n<p>&nbsp;<\/p>\n<p>&nbsp;<\/p>\n\t\t\t\t\t\t\t\t<\/div>\n\t\t\t\t<\/div>\n\t\t\t\t<div class=\"elementor-element elementor-element-6b6a7cc elementor-widget elementor-widget-text-editor\" data-id=\"6b6a7cc\" data-element_type=\"widget\" data-e-type=\"widget\" data-widget_type=\"text-editor.default\">\n\t\t\t\t<div class=\"elementor-widget-container\">\n\t\t\t\t\t\t\t\t\t<ul><li><strong>D\u00eda de A\u00f1o Nuevo <\/strong>&#8211; Thursday, enero 1, 2026<\/li><li><strong>D\u00eda despu\u00e9s del A\u00f1o Nuevo <\/strong>&#8211; Friday, enero 2, 2026<\/li><li><strong>Buen viernes<\/strong> &#8211; Friday, abril 3, 2026<\/li><li><strong>D\u00eda Conmemorativo<\/strong> &#8211; Monday, mayo 25, 2026<\/li><li><strong>D\u00eda de la Independencia observado<\/strong> &#8211; Friday, julio 3, 2026<\/li><li><strong>D\u00eda laboral<\/strong> &#8211; Monday, septiembre 7, 2026<\/li><li><strong>d\u00eda de Gracias<\/strong> &#8211; Thursday, noviembre 26, 2026<\/li><li><strong>D\u00eda despu\u00e9s de acci\u00f3n de gracias<\/strong> &#8211; Friday, noviembre 27, 2026<\/li><li><strong>Nochebuena<\/strong> &#8211; Thursday, diciembre 24, 2026<\/li><li><strong>d\u00eda de Navidad<\/strong> &#8211; Friday, diciembre 25, 2026<\/li><li><strong>Nochevieja<\/strong> &#8211; Thursday, diciembre 31, 2026<\/li><\/ul>\t\t\t\t\t\t\t\t<\/div>\n\t\t\t\t<\/div>\n\t\t\t\t<div class=\"elementor-element elementor-element-0a17293 elementor-widget elementor-widget-spacer\" data-id=\"0a17293\" data-element_type=\"widget\" data-e-type=\"widget\" data-widget_type=\"spacer.default\">\n\t\t\t\t<div class=\"elementor-widget-container\">\n\t\t\t\t\t\t\t<div class=\"elementor-spacer\">\n\t\t\t<div class=\"elementor-spacer-inner\"><\/div>\n\t\t<\/div>\n\t\t\t\t\t\t<\/div>\n\t\t\t\t<\/div>\n\t\t\t\t<div class=\"elementor-element elementor-element-2b93c93 elementor-widget elementor-widget-heading\" data-id=\"2b93c93\" data-element_type=\"widget\" data-e-type=\"widget\" data-widget_type=\"heading.default\">\n\t\t\t\t<div class=\"elementor-widget-container\">\n\t\t\t\t\t<h2 class=\"elementor-heading-title elementor-size-default\">Calendario de festivos y cierres de Canad\u00e1 2026<\/h2>\t\t\t\t<\/div>\n\t\t\t\t<\/div>\n\t\t\t\t<div class=\"elementor-element elementor-element-1cc1b8f elementor-widget elementor-widget-text-editor\" data-id=\"1cc1b8f\" data-element_type=\"widget\" data-e-type=\"widget\" data-widget_type=\"text-editor.default\">\n\t\t\t\t<div class=\"elementor-widget-container\">\n\t\t\t\t\t\t\t\t\t<p>El Centro de Distribuci\u00f3n de STEMCO Canad\u00e1 permanecer\u00e1 cerrado durante los d\u00edas festivos que se indican a continuaci\u00f3n. Los horarios de env\u00edo se ajustar\u00e1n para adaptarlos.<\/p>\t\t\t\t\t\t\t\t<\/div>\n\t\t\t\t<\/div>\n\t\t\t\t<div class=\"elementor-element elementor-element-6aabfb9 elementor-widget elementor-widget-text-editor\" data-id=\"6aabfb9\" data-element_type=\"widget\" data-e-type=\"widget\" data-widget_type=\"text-editor.default\">\n\t\t\t\t<div class=\"elementor-widget-container\">\n\t\t\t\t\t\t\t\t\t<ul><li><strong>D\u00eda de A\u00f1o Nuevo<\/strong> &#8211; Thursday, enero 1, 2026<\/li><li><strong>D\u00eda de la Familia<\/strong> &#8211; Monday, febrero 16, 2026<\/li><li><strong>Buen viernes<\/strong> &#8211; Friday, abril 3, 2026<\/li><li><strong>D\u00eda Nacional del Patriota<\/strong> &#8211; Monday, mayo 18, 2026<\/li><li><strong>Fiesta Nacional de Quebec<\/strong>\u00a0 &#8211; Wednesday, junio 24, 2026<\/li><li><strong>D\u00eda de Canad\u00e1<\/strong> &#8211; Wednesday, julio 1, 2026<\/li><li><strong>D\u00eda festivo c\u00edvico<\/strong> &#8211; Monday, agosto 3, 2026<\/li><li><strong>D\u00eda del Trabajo<\/strong> &#8211; Monday, septiembre 7, 2026<\/li><li><strong>Acci\u00f3n de gracias<\/strong> &#8211; Monday, octubre 12, 2026<\/li><li><strong>d\u00eda de Navidad<\/strong> &#8211; Friday, diciembre 25, 2026<\/li><li><strong>D\u00eda de San Esteban<\/strong> &#8211; Monday, diciembre 28, 2026<\/li><\/ul>\t\t\t\t\t\t\t\t<\/div>\n\t\t\t\t<\/div>\n\t\t\t\t\t<\/div>\n\t\t<\/div>\n\t\t\t\t\t<\/div>\n\t\t<\/section>\n\t\t\t\t<\/div>","protected":false},"excerpt":{"rendered":"<p>US 2026 Holiday\/Shutdown Schedule New Year&#8217;s Day &#8211; Thursday, enero 1, 2026 Day After New Year&#8217;s Day &#8211; Friday, enero 2, 2026 Good Friday &#8211; Friday, abril 3, 2026 Memorial Day &#8211; Monday, mayo 25, 2026 Independence Day Observed &#8211; Friday, julio 3, 2026 Labor Day &#8211; Monday, septiembre 7, 2026 Thanksgiving Day &#8211; Thursday, [&hellip;]<\/p>","protected":false},"author":1,"featured_media":0,"parent":0,"menu_order":0,"comment_status":"closed","ping_status":"closed","template":"elementor_header_footer","meta":{"_acf_changed":false,"content-type":"","footnotes":""},"page-category":[],"class_list":["post-1891","page","type-page","status-publish","hentry"],"acf":[],"yoast_head":"<!-- This site is optimized with the Yoast SEO plugin v26.8 - https:\/\/yoast.com\/product\/yoast-seo-wordpress\/ -->\n<title>Holiday\/Shutdown Schedule | Resources | STEMCO\u00ae<\/title>\n<meta name=\"description\" content=\"All STEMCO\u00ae manufacturing sites closed on holiday dates, please view the listed here.\" \/>\n<meta name=\"robots\" content=\"index, follow, max-snippet:-1, max-image-preview:large, max-video-preview:-1\" \/>\n<link rel=\"canonical\" href=\"https:\/\/www.stemco.com\/es\/holiday-shutdown-schedule\/\" \/>\n<meta property=\"og:locale\" content=\"es_MX\" \/>\n<meta property=\"og:type\" content=\"article\" \/>\n<meta property=\"og:title\" content=\"Holiday\/Shutdown Schedule | Resources | STEMCO\u00ae\" \/>\n<meta property=\"og:description\" content=\"All STEMCO\u00ae manufacturing sites closed on holiday dates, please view the listed here.\" \/>\n<meta property=\"og:url\" content=\"https:\/\/www.stemco.com\/es\/holiday-shutdown-schedule\/\" \/>\n<meta property=\"og:site_name\" content=\"Stemco\" \/>\n<meta property=\"article:modified_time\" content=\"2026-01-05T20:52:51+00:00\" \/>\n<meta name=\"twitter:card\" content=\"summary_large_image\" \/>\n<meta name=\"twitter:label1\" content=\"Tiempo de lectura\" \/>\n\t<meta name=\"twitter:data1\" content=\"1 minuto\" \/>\n<script type=\"application\/ld+json\" class=\"yoast-schema-graph\">{\"@context\":\"https:\/\/schema.org\",\"@graph\":[{\"@type\":\"WebPage\",\"@id\":\"https:\/\/www.stemco.com\/holiday-shutdown-schedule\/\",\"url\":\"https:\/\/www.stemco.com\/holiday-shutdown-schedule\/\",\"name\":\"Holiday\/Shutdown Schedule | Resources | STEMCO\u00ae\",\"isPartOf\":{\"@id\":\"https:\/\/www.stemco.com\/#website\"},\"datePublished\":\"2020-07-02T14:22:50+00:00\",\"dateModified\":\"2026-01-05T20:52:51+00:00\",\"description\":\"All STEMCO\u00ae manufacturing sites closed on holiday dates, please view the listed here.\",\"breadcrumb\":{\"@id\":\"https:\/\/www.stemco.com\/holiday-shutdown-schedule\/#breadcrumb\"},\"inLanguage\":\"es\",\"potentialAction\":[{\"@type\":\"ReadAction\",\"target\":[\"https:\/\/www.stemco.com\/holiday-shutdown-schedule\/\"]}]},{\"@type\":\"BreadcrumbList\",\"@id\":\"https:\/\/www.stemco.com\/holiday-shutdown-schedule\/#breadcrumb\",\"itemListElement\":[{\"@type\":\"ListItem\",\"position\":1,\"name\":\"Home\",\"item\":\"https:\/\/www.stemco.com\/\"},{\"@type\":\"ListItem\",\"position\":2,\"name\":\"Holiday\/Shutdown Schedule\"}]},{\"@type\":\"WebSite\",\"@id\":\"https:\/\/www.stemco.com\/#website\",\"url\":\"https:\/\/www.stemco.com\/\",\"name\":\"Stemco\",\"description\":\"Making The Roadways Safer\u00ae\",\"publisher\":{\"@id\":\"https:\/\/www.stemco.com\/#organization\"},\"potentialAction\":[{\"@type\":\"SearchAction\",\"target\":{\"@type\":\"EntryPoint\",\"urlTemplate\":\"https:\/\/www.stemco.com\/?s={search_term_string}\"},\"query-input\":{\"@type\":\"PropertyValueSpecification\",\"valueRequired\":true,\"valueName\":\"search_term_string\"}}],\"inLanguage\":\"es\"},{\"@type\":\"Organization\",\"@id\":\"https:\/\/www.stemco.com\/#organization\",\"name\":\"Stemco\",\"url\":\"https:\/\/www.stemco.com\/\",\"logo\":{\"@type\":\"ImageObject\",\"inLanguage\":\"es\",\"@id\":\"https:\/\/www.stemco.com\/#\/schema\/logo\/image\/\",\"url\":\"https:\/\/www.stemco.com\/wp-content\/uploads\/2025\/04\/stemco-logo-enpro.png\",\"contentUrl\":\"https:\/\/www.stemco.com\/wp-content\/uploads\/2025\/04\/stemco-logo-enpro.png\",\"width\":245,\"height\":40,\"caption\":\"Stemco\"},\"image\":{\"@id\":\"https:\/\/www.stemco.com\/#\/schema\/logo\/image\/\"}}]}<\/script>\n<!-- \/ Yoast SEO plugin. -->","yoast_head_json":{"title":"Holiday\/Shutdown Schedule | Resources | STEMCO\u00ae","description":"All STEMCO\u00ae manufacturing sites closed on holiday dates, please view the listed here.","robots":{"index":"index","follow":"follow","max-snippet":"max-snippet:-1","max-image-preview":"max-image-preview:large","max-video-preview":"max-video-preview:-1"},"canonical":"https:\/\/www.stemco.com\/es\/holiday-shutdown-schedule\/","og_locale":"es_MX","og_type":"article","og_title":"Holiday\/Shutdown Schedule | Resources | STEMCO\u00ae","og_description":"All STEMCO\u00ae manufacturing sites closed on holiday dates, please view the listed here.","og_url":"https:\/\/www.stemco.com\/es\/holiday-shutdown-schedule\/","og_site_name":"Stemco","article_modified_time":"2026-01-05T20:52:51+00:00","twitter_card":"summary_large_image","twitter_misc":{"Tiempo de lectura":"1 minuto"},"schema":{"@context":"https:\/\/schema.org","@graph":[{"@type":"WebPage","@id":"https:\/\/www.stemco.com\/holiday-shutdown-schedule\/","url":"https:\/\/www.stemco.com\/holiday-shutdown-schedule\/","name":"Holiday\/Shutdown Schedule | Resources | STEMCO\u00ae","isPartOf":{"@id":"https:\/\/www.stemco.com\/#website"},"datePublished":"2020-07-02T14:22:50+00:00","dateModified":"2026-01-05T20:52:51+00:00","description":"All STEMCO\u00ae manufacturing sites closed on holiday dates, please view the listed here.","breadcrumb":{"@id":"https:\/\/www.stemco.com\/holiday-shutdown-schedule\/#breadcrumb"},"inLanguage":"es","potentialAction":[{"@type":"ReadAction","target":["https:\/\/www.stemco.com\/holiday-shutdown-schedule\/"]}]},{"@type":"BreadcrumbList","@id":"https:\/\/www.stemco.com\/holiday-shutdown-schedule\/#breadcrumb","itemListElement":[{"@type":"ListItem","position":1,"name":"Home","item":"https:\/\/www.stemco.com\/"},{"@type":"ListItem","position":2,"name":"Holiday\/Shutdown Schedule"}]},{"@type":"WebSite","@id":"https:\/\/www.stemco.com\/#website","url":"https:\/\/www.stemco.com\/","name":"Stemco","description":"Haciendo Las Carreteras M\u00e1s Seguras\u00ae","publisher":{"@id":"https:\/\/www.stemco.com\/#organization"},"potentialAction":[{"@type":"SearchAction","target":{"@type":"EntryPoint","urlTemplate":"https:\/\/www.stemco.com\/?s={search_term_string}"},"query-input":{"@type":"PropertyValueSpecification","valueRequired":true,"valueName":"search_term_string"}}],"inLanguage":"es"},{"@type":"Organization","@id":"https:\/\/www.stemco.com\/#organization","name":"Stemco","url":"https:\/\/www.stemco.com\/","logo":{"@type":"ImageObject","inLanguage":"es","@id":"https:\/\/www.stemco.com\/#\/schema\/logo\/image\/","url":"https:\/\/www.stemco.com\/wp-content\/uploads\/2025\/04\/stemco-logo-enpro.png","contentUrl":"https:\/\/www.stemco.com\/wp-content\/uploads\/2025\/04\/stemco-logo-enpro.png","width":245,"height":40,"caption":"Stemco"},"image":{"@id":"https:\/\/www.stemco.com\/#\/schema\/logo\/image\/"}}]}},"_links":{"self":[{"href":"https:\/\/www.stemco.com\/es\/wp-json\/wp\/v2\/pages\/1891","targetHints":{"allow":["GET"]}}],"collection":[{"href":"https:\/\/www.stemco.com\/es\/wp-json\/wp\/v2\/pages"}],"about":[{"href":"https:\/\/www.stemco.com\/es\/wp-json\/wp\/v2\/types\/page"}],"author":[{"embeddable":true,"href":"https:\/\/www.stemco.com\/es\/wp-json\/wp\/v2\/users\/1"}],"replies":[{"embeddable":true,"href":"https:\/\/www.stemco.com\/es\/wp-json\/wp\/v2\/comments?post=1891"}],"version-history":[{"count":22,"href":"https:\/\/www.stemco.com\/es\/wp-json\/wp\/v2\/pages\/1891\/revisions"}],"predecessor-version":[{"id":30705,"href":"https:\/\/www.stemco.com\/es\/wp-json\/wp\/v2\/pages\/1891\/revisions\/30705"}],"wp:attachment":[{"href":"https:\/\/www.stemco.com\/es\/wp-json\/wp\/v2\/media?parent=1891"}],"wp:term":[{"taxonomy":"page-category","embeddable":true,"href":"https:\/\/www.stemco.com\/es\/wp-json\/wp\/v2\/page-category?post=1891"}],"curies":[{"name":"wp","href":"https:\/\/api.w.org\/{rel}","templated":true}]}}